{"id":6149,"date":"2021-06-15T15:00:20","date_gmt":"2021-06-15T13:00:20","guid":{"rendered":"https:\/\/biblioteca.umh.es\/?page_id=6149"},"modified":"2024-03-26T19:14:55","modified_gmt":"2024-03-26T18:14:55","slug":"buval","status":"publish","type":"page","link":"https:\/\/biblioteca.umh.es\/en\/servicios\/buval\/","title":{"rendered":"BUVAL Consortium"},"content":{"rendered":"<p><\/p>\n<p style=\"text-align: justify\"><img loading=\"lazy\" class=\"wp-image-6027 alignleft\" src=\"https:\/\/biblioteca.umh.es\/files\/2021\/06\/imagen-buval.png\" alt=\"\" width=\"258\" height=\"146\" srcset=\"https:\/\/biblioteca.umh.es\/files\/2021\/06\/imagen-buval.png 600w, https:\/\/biblioteca.umh.es\/files\/2021\/06\/imagen-buval-300x170.png 300w\" sizes=\"(max-width: 258px) 100vw, 258px\" \/><\/p>\n<p style=\"text-align: justify\">The five university libraries that make up the BUVAL Consortium &#8211; the libraries of the Universitat de Val\u00e8ncia, the Universitat Polit\u00e8cnica de Val\u00e8ncia, the Universitat de Alicante, the Universitat Jaume I, and the Universitat Miguel Hern\u00e1ndez &#8211; have approved the document <a href=\"https:\/\/biblioteca.umh.es\/files\/2023\/03\/PROPUESTA-NORMATIVA-PRESTAMO-BUVAL_cas.pdf\">lending regulations<\/a> that will allow their users to borrow documents from any of the Consortium&#8217;s libraries.<\/p>\n<p style=\"text-align: justify\">The BUVAL universities&#8217; <strong>teaching and research staff<\/strong> (PDI), BUVAL universities&#8217; <strong>administration and services staff<\/strong> (PAS) and BUVAL universities&#8217; <strong>undergraduate, postgraduate, master&#8217;s and doctoral students<\/strong> may use this service, which is completely free of charge.<\/p>\n<p style=\"text-align: justify\">Users of the BUVAL loan at UMH may request up to <strong>5 documents<\/strong> on loan during a maximum period of <strong>15 calendar days<\/strong>. In addition, loans may be renewed up to <strong>6 times or for a maximum period of 3 months<\/strong>, provided that they have not been reserved by another user and that the renewal is made within the loan period.<\/p>\n<p style=\"text-align: justify\">To request a loan, users must first identify themselves in accordance with their library&#8217;s regulations, and then go in person to any BUVAL library to make the loans. The documents will be returned to the borrowing library or to any BUVAL library.<\/p>\n<p style=\"text-align: justify\">The regulations also govern interlibrary loan, which includes the request for original documents and\/or their reproduction and will be free of charge between BUVAL libraries.<\/p>\n<p style=\"text-align: justify\">This service has two main objectives: on the one hand, to maximise the use of the bibliographic collections of the participating institutions, and on the other hand, to facilitate the circulation of the collections by simplifying administrative and economic procedures. This service will be active from 21 March 2023.<\/p>\n<h3>For more information&#8230;<\/h3>\n<p><img loading=\"lazy\" class=\"alignright\" src=\"https:\/\/biblioteca.umh.es\/files\/2022\/02\/logo-biblioteca.png\" width=\"223\" height=\"114\"><\/p>\n<ul>\n<li style=\"text-align: justify\"><a href=\"http:\/\/buval.es\/?page_id=619&amp;lang=es\">Access to the BUVAL page<\/a><\/li>\n<li><a href=\"https:\/\/biblioteca.umh.es\/files\/2021\/12\/CONVENIO-ESPECIFICO-5-UNIVERSIDADES.pdf\">BUVAL agreement<\/a><\/li>\n<li style=\"text-align: justify\"><a href=\"https:\/\/biblioteca.umh.es\/files\/2023\/03\/PROPUESTA-NORMATIVA-PRESTAMO-BUVAL_cas.pdf\">BUVAL lending regulations<\/a><\/li>\n<\/ul>\n<p>&nbsp;<\/p>\n<p>&nbsp;<\/p>\n<p>&nbsp;<\/p>\n<p>&nbsp;<\/p>\n<p>&nbsp;<\/p>\n<p>&nbsp;<\/p>","protected":false},"excerpt":{"rendered":"<p>The five university libraries that make up the BUVAL Consortium &#8211; the libraries of the Universitat de Val\u00e8ncia, the Universitat Polit\u00e8cnica de Val\u00e8ncia, the Universitat de Alicante, the Universitat Jaume I, and the Universitat Miguel Hern\u00e1ndez &#8211; have approved the document lending regulations that will allow their users to borrow documents from any of the [&#8230;]<\/p>\n","protected":false},"author":3622,"featured_media":0,"parent":11286,"menu_order":5,"comment_status":"closed","ping_status":"closed","template":"","meta":{"ngg_post_thumbnail":0,"_links_to":"","_links_to_target":""},"_links":{"self":[{"href":"https:\/\/biblioteca.umh.es\/en\/wp-json\/wp\/v2\/pages\/6149"}],"collection":[{"href":"https:\/\/biblioteca.umh.es\/en\/wp-json\/wp\/v2\/pages"}],"about":[{"href":"https:\/\/biblioteca.umh.es\/en\/wp-json\/wp\/v2\/types\/page"}],"author":[{"embeddable":true,"href":"https:\/\/biblioteca.umh.es\/en\/wp-json\/wp\/v2\/users\/3622"}],"replies":[{"embeddable":true,"href":"https:\/\/biblioteca.umh.es\/en\/wp-json\/wp\/v2\/comments?post=6149"}],"version-history":[{"count":0,"href":"https:\/\/biblioteca.umh.es\/en\/wp-json\/wp\/v2\/pages\/6149\/revisions"}],"up":[{"embeddable":true,"href":"https:\/\/biblioteca.umh.es\/en\/wp-json\/wp\/v2\/pages\/11286"}],"wp:attachment":[{"href":"https:\/\/biblioteca.umh.es\/en\/wp-json\/wp\/v2\/media?parent=6149"}],"curies":[{"name":"wp","href":"https:\/\/api.w.org\/{rel}","templated":true}]}}