{"id":4440,"date":"2019-10-18T12:20:20","date_gmt":"2019-10-18T10:20:20","guid":{"rendered":"http:\/\/biblioteca.umh.es\/?page_id=4440"},"modified":"2023-10-31T10:54:07","modified_gmt":"2023-10-31T09:54:07","slug":"acceso-abierto","status":"publish","type":"page","link":"https:\/\/biblioteca.umh.es\/en\/acceso-abierto\/","title":{"rendered":"Open Access"},"content":{"rendered":"<p><img loading=\"lazy\" class=\"size-medium wp-image-14195 alignleft\" src=\"https:\/\/biblioteca.umh.es\/files\/2023\/10\/OpenAcc2-300x215.png\" alt=\"\" width=\"300\" height=\"215\" srcset=\"https:\/\/biblioteca.umh.es\/files\/2023\/10\/OpenAcc2-300x215.png 300w, https:\/\/biblioteca.umh.es\/files\/2023\/10\/OpenAcc2-1024x734.png 1024w, https:\/\/biblioteca.umh.es\/files\/2023\/10\/OpenAcc2-768x550.png 768w, https:\/\/biblioteca.umh.es\/files\/2023\/10\/OpenAcc2.png 1100w\" sizes=\"(max-width: 300px) 100vw, 300px\" \/><\/p>\n<ul>\n<li style=\"list-style-type: none\">\n<ul>\n<li style=\"list-style-type: none\">\n<ul>\n<li style=\"list-style-type: none\">\n<ul>\n<li style=\"list-style-type: none\">\n<ul>\n<li style=\"list-style-type: none\">\n<ul>\n<li style=\"list-style-type: none\">\n<ul>\n<li style=\"list-style-type: none\">\n<ul>\n<li>&nbsp; &nbsp; <a href=\"https:\/\/biblioteca.umh.es\/servicios-al-investigador\/ciencia-abierta\/semana-internacional-del-acceso-abierto-2023\/\">Semana Internacional del Acceso Abierto 2023<\/a><\/li>\n<\/ul>\n<\/li>\n<\/ul>\n<\/li>\n<\/ul>\n<\/li>\n<\/ul>\n<\/li>\n<\/ul>\n<\/li>\n<\/ul>\n<\/li>\n<\/ul>\n<\/li>\n<\/ul>\n<p>&nbsp;<\/p>\n<ul>\n<li style=\"list-style-type: none\">&nbsp;\n<ul>\n<li style=\"list-style-type: none\">\n<ul>\n<li>&nbsp; &nbsp; <a href=\"https:\/\/biblioteca.umh.es\/servicios-al-investigador\/ciencia-abierta\/resuelve-tu-duda-sobre-acceso-abierto\/\">Resuelve tu duda sobre acceso abierto<\/a><\/li>\n<\/ul>\n<\/li>\n<\/ul>\n<\/li>\n<\/ul>\n<p>&nbsp;<\/p>\n<p style=\"text-align: justify\"><strong>\u00bfQu\u00e9 es el acceso abierto?<\/strong> Actualmente se entiende por acceso abierto (Open Access) un acceso en l\u00ednea, gratuito, inmediato y permanente al texto completo de un art\u00edculo cient\u00edfico o acad\u00e9mico. Esto significa que cualquier persona en cualquier parte del mundo puede acceder al contenido de un art\u00edculo con el \u00fanico requerimiento de tener acceso a la red.<\/p>\n<ul>\n<li style=\"text-align: left\"><a href=\"http:\/\/dspace.umh.es\/\">Accede al repositorio RediUMH<\/a><\/li>\n<li><a href=\"https:\/\/biblioteca.umh.es\/files\/2021\/10\/Como-buscar-en-RediUMH.pdf\">Bibliogu\u00eda: c\u00f3mo buscar en RediUMH<\/a><\/li>\n<li style=\"text-align: left\"><a href=\"https:\/\/biblioteca.umh.es\/files\/2021\/10\/medicion_acceso_abierto_REBIUN_2021.pdf\">Informe sobre la medici\u00f3n del acceso abierto en la Universidad Miguel Hern\u00e1ndez 2021<\/a><\/li>\n<li><a href=\"https:\/\/biblioteca.umh.es\/files\/2017\/06\/JORNADAS-SOBRE-PUBLICACI\u00d3N-EN-ABIERTO.pdf\">Jornadas sobre publicaci\u00f3n en&nbsp; abierto<\/a><\/li>\n<li><a href=\"https:\/\/biblioteca.umh.es\/files\/2019\/11\/Infograf\u00edas-Acceso-Abierto.pdf\">Infograf\u00edas de inter\u00e9s sobre acceso abierto<\/a><\/li>\n<\/ul>\n<p style=\"text-align: center\"><iframe  style=\"display: block; margin: 0px auto;\"  id=\"_ytid_39715\"  width=\"480\" height=\"270\"  data-origwidth=\"480\" data-origheight=\"270\" src=\"https:\/\/www.youtube.com\/embed\/soQbA-MgAzE?enablejsapi=1&autoplay=0&cc_load_policy=0&cc_lang_pref=&iv_load_policy=1&loop=0&modestbranding=0&rel=1&fs=1&playsinline=0&autohide=2&theme=dark&color=red&controls=1&\" class=\"__youtube_prefs__  no-lazyload\" title=\"YouTube player\"  allow=\"accelerometer; autoplay; clipboard-write; encrypted-media; gyroscope; picture-in-picture\" allowfullscreen data-no-lazy=\"1\" data-skipgform_ajax_framebjll=\"\"><\/iframe><\/p>\n<div style=\"width: 1920px;\" class=\"wp-video\"><video class=\"wp-video-shortcode\" id=\"video-4440-3\" width=\"1920\" height=\"1080\" poster=\"https:\/\/biblioteca.umh.es\/files\/2022\/10\/PortadaRediUMH.jpg\" preload=\"metadata\" controls=\"controls\"><source type=\"video\/mp4\" src=\"https:\/\/biblioteca.umh.es\/files\/2022\/10\/RediUMH-definitivo.mp4?_=3\" \/><a href=\"https:\/\/biblioteca.umh.es\/files\/2022\/10\/RediUMH-definitivo.mp4\">https:\/\/biblioteca.umh.es\/files\/2022\/10\/RediUMH-definitivo.mp4<\/a><\/video><\/div>\n<h2>&nbsp;<\/h2>\n<h2>Eventos\u2026<\/h2>\n<ul>\n<li><a href=\"https:\/\/biblioteca.umh.es\/2023\/10\/18\/semana-internacional-del-acceso-abierto-2023\/\">Semana del acceso abierto 2023<\/a><\/li>\n<li><a href=\"https:\/\/biblioteca.umh.es\/2022\/10\/24\/la-biblioteca-de-la-umh-con-la-semana-del-acceso-abierto\/\">Semana del acceso abierto 2022<\/a><\/li>\n<li><a href=\"https:\/\/biblioteca.umh.es\/files\/2021\/10\/SEMANA-ACCESO-ABIERTO-2021.docx\">Semana del acceso abierto 2021<\/a><\/li>\n<li><a href=\"https:\/\/biblioteca.umh.es\/2020\/10\/19\/semana-del-acceso-abierto-del-19-al-25-de-octubre-de-2020\/\">Semana del acceso abierto 2020<\/a><\/li>\n<\/ul>\n<p><\/p>","protected":false},"excerpt":{"rendered":"<p>&nbsp; &nbsp; Semana Internacional del Acceso Abierto 2023<\/p>\n<p>&nbsp;<\/p>\n<p>&nbsp;<\/p>\n<p>&nbsp; &nbsp; Resuelve tu duda sobre acceso abierto<\/p>\n<p>&nbsp;<br \/>\n\u00bfQu\u00e9 es el acceso abierto? Actualmente se entiende por acceso abierto (Open Access) un acceso en l\u00ednea, gratuito, inmediato y permanente al texto completo de un art\u00edculo cient\u00edfico o acad\u00e9mico. Esto significa que cualquier persona en cualquier parte del mundo puede [&#8230;]<\/p>\n","protected":false},"author":3622,"featured_media":0,"parent":0,"menu_order":8,"comment_status":"closed","ping_status":"closed","template":"","meta":{"ngg_post_thumbnail":0,"_links_to":"","_links_to_target":""},"_links":{"self":[{"href":"https:\/\/biblioteca.umh.es\/en\/wp-json\/wp\/v2\/pages\/4440"}],"collection":[{"href":"https:\/\/biblioteca.umh.es\/en\/wp-json\/wp\/v2\/pages"}],"about":[{"href":"https:\/\/biblioteca.umh.es\/en\/wp-json\/wp\/v2\/types\/page"}],"author":[{"embeddable":true,"href":"https:\/\/biblioteca.umh.es\/en\/wp-json\/wp\/v2\/users\/3622"}],"replies":[{"embeddable":true,"href":"https:\/\/biblioteca.umh.es\/en\/wp-json\/wp\/v2\/comments?post=4440"}],"version-history":[{"count":0,"href":"https:\/\/biblioteca.umh.es\/en\/wp-json\/wp\/v2\/pages\/4440\/revisions"}],"wp:attachment":[{"href":"https:\/\/biblioteca.umh.es\/en\/wp-json\/wp\/v2\/media?parent=4440"}],"curies":[{"name":"wp","href":"https:\/\/api.w.org\/{rel}","templated":true}]}}