{"id":16948,"date":"2025-12-04T16:28:27","date_gmt":"2025-12-04T15:28:27","guid":{"rendered":"https:\/\/biblioteca.umh.es\/?page_id=16948"},"modified":"2026-01-28T18:29:03","modified_gmt":"2026-01-28T17:29:03","slug":"sexenios-de-investigacion","status":"publish","type":"page","link":"https:\/\/biblioteca.umh.es\/en\/servicios-al-investigador\/ayuda-al-investigador\/sexenios-de-investigacion\/","title":{"rendered":"Six-year periods of research"},"content":{"rendered":"<p><\/p>\n<p style=\"text-align: justify\"><img loading=\"lazy\" class=\"size-medium wp-image-3821 alignleft\" src=\"https:\/\/biblioteca.umh.es\/files\/2019\/05\/SEXENIOS1-300x188.jpg\" alt=\"\" width=\"300\" height=\"188\" srcset=\"https:\/\/biblioteca.umh.es\/files\/2019\/05\/SEXENIOS1-300x188.jpg 300w, https:\/\/biblioteca.umh.es\/files\/2019\/05\/SEXENIOS1-768x482.jpg 768w, https:\/\/biblioteca.umh.es\/files\/2019\/05\/SEXENIOS1.jpg 980w\" sizes=\"(max-width: 300px) 100vw, 300px\" \/><\/p>\n<p><strong>Six-year periods of research<\/strong> are an official recognition that evaluates the quality and impact of the research work carried out by teaching and research staff. Through the National Commission for the Evaluation of Research Activity (CNEAI), ANECA evaluates applications for research periods, analysing the most relevant contributions of each researcher to determine their contribution to the advancement of knowledge in their field.<\/p>\n<p><strong><i>Call for applications<\/i><\/strong><\/p>\n<p>This call for applications establishes <strong>two different submission periods<\/strong>:<\/p>\n<p><strong>Civil servants<\/strong>: from <strong>9 to 30 January<\/strong> 2026.<\/p>\n<p><strong>Contract staff<\/strong>: from<strong> 9 February to 2 March<\/strong> 2026.<\/p>\n<ul>\n<li><a href=\"https:\/\/biblioteca.umh.es\/files\/2025\/12\/Resolucion_criterios_CNEAI_10122025_BOE.pdf\" target=\"_blank\" rel=\"noopener\">Criterios para la evaluaci\u00f3n de la actividad investigadora. Sexenios de investigaci\u00f3n 2025.<\/a><strong><i>&nbsp;<\/i><\/strong><\/li>\n<li><a title=\"Ver convocatoria\" href=\"https:\/\/biblioteca.umh.es\/files\/2025\/12\/BAREMO_091225_web.pdf\" target=\"_blank\" rel=\"noopener\">Baremo de aplicaci\u00f3n en la evaluaci\u00f3n de la actividad investigadora. Sexenios de investigaci\u00f3n 2025.<\/a><\/li>\n<\/ul>\n<ul>\n<li><a href=\"https:\/\/www.aneca.es\/sexenios\" target=\"_blank\" rel=\"noopener\">Web ANECA &#8211; Sexenios<\/a><\/li>\n<li><a href=\"https:\/\/urldefense.com\/v3\/__https:\/youtu.be\/mOpVB7FyFWc__;!!D9dNQwwGXtA!WnJ_QWCirpmiEhhoElhMk7GZxVOkJ2_q9EF3_3avHHsh5x2-n31yqO7sIcmt6okzxs1Sja1pHp_PIdSdy5w5$\" target=\"_blank\" rel=\"noopener\">Implementaci\u00f3n pr\u00e1ctica de los principios y compromisos de CoARA en ANECA<\/a>.<\/li>\n<\/ul>\n<p>&nbsp;<\/p>\n<p><strong><i>Support materials produced by the Library<\/i><\/strong><\/p>\n<p style=\"text-align: justify\">The library aims to facilitate this process by offering support in locating publications, consulting databases, verifying impact indicators, and using specialised tools. Here you will find guides, useful links, and practical advice designed to make your journey easier.<\/p>\n<ul>\n<li><a href=\"https:\/\/biblioteca.umh.es\/files\/2025\/12\/Ciencias-e-Ingenierias-Campos-0-1-2-3-4-5-6.pdf\" target=\"_blank\" rel=\"noopener\">Ciencias e Ingenier\u00edas, Campos (0-1-2-3-4-5-6)<\/a><\/li>\n<li><a href=\"https:\/\/biblioteca.umh.es\/files\/2025\/12\/Ciencias-Sociales-Campos-0-7-8-9-11.pdf\" target=\"_blank\" rel=\"noopener\">Ciencias Sociales, Campos (0-7-8-9-11)<\/a><\/li>\n<li><a href=\"https:\/\/biblioteca.umh.es\/files\/2025\/12\/Historia-y-Artes-Campo-10.pdf\" target=\"_blank\" rel=\"noopener\">Historia y Artes, Campo (10)<\/a><\/li>\n<li><a href=\"https:\/\/biblioteca.umh.es\/files\/2025\/12\/Localizacion-de-metricas-Biblioteca-Universidad-de-Oviedo.pdf\" target=\"_blank\" rel=\"noopener\">Localizaci\u00f3n de m\u00e9tricas. Biblioteca Universidad de Oviedo.<\/a><\/li>\n<\/ul>\n<p>&nbsp;<\/p>\n<p><strong><i>Examples of narratives<\/i><\/strong><\/p>\n<p style=\"text-align: justify\">Narrative bibliometrics is a tool for explaining in detail and meaningfully the data that show how research carried out during the period evaluated has been disseminated and what impact it has had. Following CoARA principles, the information provided must be contextualised, multidimensional and subject to objective verification.<\/p>\n<ul>\n<li><a href=\"https:\/\/biblioteca.umh.es\/files\/2025\/12\/Ejemplos_de_bibliometria_narrativa_Sexenio_2023.pdf\" target=\"_blank\" rel=\"noopener\">Recopilaci\u00f3n de narrativas de varias universidades realizada por la Universidad de Murcia.<\/a><\/li>\n<li><a href=\"https:\/\/biblioteca.umh.es\/files\/2025\/12\/Ejemplos_de_narrativa_para_indicadores_bibliometricos_abril-Universidad-de-Oviedo.pdf\" target=\"_blank\" rel=\"noopener\">Ejemplos de narrativa para indicadores bibliom\u00e9tricos. Universidad de Oviedo.<\/a><\/li>\n<\/ul>\n<p>Examples of defences of contributions from the Complutense University.<\/p>\n<ul>\n<li><a href=\"https:\/\/hdl.handle.net\/20.500.14352\/124032\" target=\"_blank\" rel=\"noopener\" data-saferedirecturl=\"https:\/\/www.google.com\/url?q=https:\/\/hdl.handle.net\/20.500.14352\/124032&amp;source=gmail&amp;ust=1764959237531000&amp;usg=AOvVaw1qdyuo4KITQG1mulSihR_P\">Defensas de aportaciones para sexenios: ejemplos del \u00e1rea de Ciencias de la Informaci\u00f3n (convocatoria 2024)<\/a><\/li>\n<li><a href=\"https:\/\/hdl.handle.net\/20.500.14352\/125677\" target=\"_blank\" rel=\"noopener\">Defensas de aportaciones para sexenios: ejemplos del \u00e1rea de Ciencias Pol\u00edticas (Convocatoria 2024)&nbsp;<\/a><\/li>\n<li><a href=\"https:\/\/hdl.handle.net\/20.500.14352\/115716\" target=\"_blank\" rel=\"noopener\" data-saferedirecturl=\"https:\/\/www.google.com\/url?q=https:\/\/hdl.handle.net\/20.500.14352\/115716&amp;source=gmail&amp;ust=1764959237531000&amp;usg=AOvVaw0vo4cfvB6mEnihvpBUP9ty\">Defensas de aportaciones para sexenios: ejemplos del \u00e1rea de Enfermer\u00eda, Fisioterapia y Podolog\u00eda (Convocatoria 2023)<\/a><\/li>\n<li><a href=\"https:\/\/digibug.ugr.es\/handle\/10481\/99416\" target=\"_blank\" rel=\"noopener\" data-saferedirecturl=\"https:\/\/www.google.com\/url?q=https:\/\/digibug.ugr.es\/handle\/10481\/99416&amp;source=gmail&amp;ust=1764959237531000&amp;usg=AOvVaw2ddq59bPFoJh6KVbBae8NJ\">Mi sexenio de investigaci\u00f3n: un modelo de defensa de cinco aportaciones con sus narrativas e indicadores.<\/a><\/li>\n<\/ul>\n<p>&nbsp;<\/p>\n<p><strong><i>Frequently asked questions<\/i><\/strong><\/p>\n<div class=\"n_p_l_h_pa row\">\n<ul>\n<li><a href=\"https:\/\/biblioteca.umh.es\/servicios-al-investigador\/ayuda-al-investigador\/apoyo-al-investigador-1\/preguntas-frecuentes\/\" target=\"_blank\" rel=\"noopener\">Preguntas frecuentes<\/a><\/li>\n<li><a href=\"https:\/\/biblioteca.umh.es\/files\/2026\/01\/2025-sexenios-faq-maq2.pdf\" target=\"_blank\" rel=\"noopener\">Preguntas frecuentes ANECA &#8211; Sexenios 2025<\/a><\/li>\n<\/ul>\n<div>&nbsp;<\/div>\n<div>&nbsp;<\/div>\n<\/div>\n<p>&nbsp;<\/p>\n<p>&nbsp;<\/p>","protected":false},"excerpt":{"rendered":"<p>Six-year periods of research are an official recognition that evaluates the quality and impact of the research work carried out by teaching and research staff. Through the National Commission for the Evaluation of Research Activity (CNEAI), ANECA evaluates applications for research periods, analysing the most relevant contributions of each researcher to determine their contribution to [&#8230;]<\/p>\n","protected":false},"author":6155,"featured_media":0,"parent":828,"menu_order":0,"comment_status":"closed","ping_status":"closed","template":"","meta":{"ngg_post_thumbnail":0,"_links_to":"","_links_to_target":""},"_links":{"self":[{"href":"https:\/\/biblioteca.umh.es\/en\/wp-json\/wp\/v2\/pages\/16948"}],"collection":[{"href":"https:\/\/biblioteca.umh.es\/en\/wp-json\/wp\/v2\/pages"}],"about":[{"href":"https:\/\/biblioteca.umh.es\/en\/wp-json\/wp\/v2\/types\/page"}],"author":[{"embeddable":true,"href":"https:\/\/biblioteca.umh.es\/en\/wp-json\/wp\/v2\/users\/6155"}],"replies":[{"embeddable":true,"href":"https:\/\/biblioteca.umh.es\/en\/wp-json\/wp\/v2\/comments?post=16948"}],"version-history":[{"count":0,"href":"https:\/\/biblioteca.umh.es\/en\/wp-json\/wp\/v2\/pages\/16948\/revisions"}],"up":[{"embeddable":true,"href":"https:\/\/biblioteca.umh.es\/en\/wp-json\/wp\/v2\/pages\/828"}],"wp:attachment":[{"href":"https:\/\/biblioteca.umh.es\/en\/wp-json\/wp\/v2\/media?parent=16948"}],"curies":[{"name":"wp","href":"https:\/\/api.w.org\/{rel}","templated":true}]}}