{"id":14127,"date":"2023-10-18T11:20:22","date_gmt":"2023-10-18T09:20:22","guid":{"rendered":"https:\/\/biblioteca.umh.es\/?page_id=14127"},"modified":"2023-10-18T20:02:52","modified_gmt":"2023-10-18T18:02:52","slug":"conferencia-innovacion-en-practicas-de-revision-por-pares","status":"publish","type":"page","link":"https:\/\/biblioteca.umh.es\/en\/acceso-abierto\/conferencia-innovacion-en-practicas-de-revision-por-pares\/","title":{"rendered":"Conference : Innovaci\u00f3n en pr\u00e1cticas de revisi\u00f3n por pares"},"content":{"rendered":"<p><a href=\"https:\/\/biblioteca.umh.es\/files\/2023\/10\/Imagen1.png\"><img loading=\"lazy\" class=\"aligncenter wp-image-14130\" src=\"https:\/\/biblioteca.umh.es\/files\/2023\/10\/Imagen1.png\" alt=\"\" width=\"682\" height=\"383\" srcset=\"https:\/\/biblioteca.umh.es\/files\/2023\/10\/Imagen1.png 607w, https:\/\/biblioteca.umh.es\/files\/2023\/10\/Imagen1-300x169.png 300w\" sizes=\"(max-width: 682px) 100vw, 682px\" \/><\/a><\/p>\n<p><strong>Title:<\/strong> &#8220;Innovaci\u00f3n en pr\u00e1cticas de revisi\u00f3n por pares&#8221;.<\/p>\n<p><strong>Day:<\/strong> Thursday 26 October<\/p>\n<p><strong>Time:<\/strong> From 12 to 13:30h<\/p>\n<p><strong>Speakers:<\/strong> Pandelis Perakakis. Hired Doctor in the Department of Social, Work and Differential Psychology at the Complutense University of Madrid.<\/p>\n<p><strong>Objective:<\/strong> To promote open science approaches that prioritise the best interests of the public, REBIUN is organising a conference entitled: &#8220;<strong>Innovaci\u00f3n en pr\u00e1cticas de revisi\u00f3n por pares<\/strong>&#8220;, given by <strong>Pandelis Perakakis<\/strong>, PhD in the Department of Social, Work and Differential Psychology at the Complutense University of Madrid. Dr Perakakis will address innovations in the peer review process driven by international bodies and the emerging role of libraries and repositories in the future of scholarly publishing and evaluation. The role of reviewers in the taxonomy of authorship roles &#8211; CREDIT &#8211; will be showcased.<\/p>\n<p><strong>Target audience:<\/strong> Library staff involved in repositories and research management.<\/p>\n<p><strong>Mode:<\/strong> Distance learning through the Zoom platform.<\/p>\n<p><strong>Language:<\/strong> Spanish<\/p>\n<p><strong>Organised by:<\/strong> REBIUN. Repositories Working Group<\/p>\n<p><u>You can register<\/u> at <a href=\"https:\/\/urldefense.com\/v3\/__http:\/bit.ly\/WeekOA__;!!D9dNQwwGXtA!TlTEB3vxmUyAFjQ3FIbjZWdJ1W51bDeS_2Z3LNmJTTD49H2Uw7DhzO3ejlzZTkVw2A0Lpp_u3fEZUKy2o6Gp$\">http:\/\/bit.ly\/WeekOA<\/a><\/p>","protected":false},"excerpt":{"rendered":"<p>Title: &#8220;Innovaci\u00f3n en pr\u00e1cticas de revisi\u00f3n por pares&#8221;.<br \/>\nDay: Thursday 26 October<br \/>\nTime: From 12 to 13:30h<br \/>\nSpeakers: Pandelis Perakakis. Hired Doctor in the Department of Social, Work and Differential Psychology at the Complutense University of Madrid.<br \/>\nObjective: To promote open science approaches that prioritise the best interests of the public, REBIUN is organising a conference entitled: &#8220;Innovaci\u00f3n en [&#8230;]<\/p>\n","protected":false},"author":3622,"featured_media":0,"parent":4440,"menu_order":2,"comment_status":"closed","ping_status":"closed","template":"","meta":{"ngg_post_thumbnail":0,"_links_to":"","_links_to_target":""},"_links":{"self":[{"href":"https:\/\/biblioteca.umh.es\/en\/wp-json\/wp\/v2\/pages\/14127"}],"collection":[{"href":"https:\/\/biblioteca.umh.es\/en\/wp-json\/wp\/v2\/pages"}],"about":[{"href":"https:\/\/biblioteca.umh.es\/en\/wp-json\/wp\/v2\/types\/page"}],"author":[{"embeddable":true,"href":"https:\/\/biblioteca.umh.es\/en\/wp-json\/wp\/v2\/users\/3622"}],"replies":[{"embeddable":true,"href":"https:\/\/biblioteca.umh.es\/en\/wp-json\/wp\/v2\/comments?post=14127"}],"version-history":[{"count":0,"href":"https:\/\/biblioteca.umh.es\/en\/wp-json\/wp\/v2\/pages\/14127\/revisions"}],"up":[{"embeddable":true,"href":"https:\/\/biblioteca.umh.es\/en\/wp-json\/wp\/v2\/pages\/4440"}],"wp:attachment":[{"href":"https:\/\/biblioteca.umh.es\/en\/wp-json\/wp\/v2\/media?parent=14127"}],"curies":[{"name":"wp","href":"https:\/\/api.w.org\/{rel}","templated":true}]}}