{"id":990,"date":"2015-10-30T13:44:27","date_gmt":"2015-10-30T12:44:27","guid":{"rendered":"http:\/\/biblioteca.umh.es\/?page_id=990"},"modified":"2024-11-27T16:48:14","modified_gmt":"2024-11-27T15:48:14","slug":"biblioteca-electronica","status":"publish","type":"page","link":"https:\/\/biblioteca.umh.es\/ca\/servicios-al-investigador\/biblioteca-electronica\/","title":{"rendered":"Editorial electr\u00f2nica"},"content":{"rendered":"<p><\/p>\n<p style=\"text-align: justify\">La Universitat Miguel Hern\u00e1ndez posa a la disposici\u00f3 de la Comunitat Universit\u00e0ria (professors) la possibilitat de publicar llibres que reflectisquen l&#8217;activitat docent i investigadora de la mateixa, contribuint a la difusi\u00f3 del coneixement generat en el seu si.<\/p>\n<p style=\"text-align: justify\">L&#8217;Editorial Electr\u00f2nica de la UMH est\u00e0 coordinada per diversos serveis als quals pots dirigir-te per a qualsevol dubte o q\u00fcesti\u00f3, a trav\u00e9s d&#8217;<a href=\"mailto:editorial@umh.es\">editorial@umh.es<\/a><\/p>\n<p style=\"text-align: justify\"><strong>BIBLIOTECA:<\/strong> coordina sol\u00b7licituds, documentaci\u00f3 a presentar, breu informe original de l&#8217;obra, enviament per a la seua valoraci\u00f3 a la Comissi\u00f3 de Propietat Intel\u00b7lectual de la UMH, assignaci\u00f3 i altes d&#8217;ISBN.<\/p>\n<p style=\"text-align: justify\"><strong>SIADIC:<\/strong> coordina i efectua tot el proc\u00e9s de maquetaci\u00f3, pujada a les plataformes de vendes i assignaci\u00f3 d&#8217;ajudes econ\u00f2miques als autors (pla edita).<\/p>\n<p style=\"text-align: justify\"><strong>OTRI:<\/strong> convoca i eleva a la comissi\u00f3 de propietat intel\u00b7lectual els llibres a valorar, protecci\u00f3 de resultats.<\/p>\n<div id=\"accordions-tabs-13340\" class=\"accordions-tabs-13340 accordions-tabs accordions\">\r\n                    <style type='text\/css'>\r\n        @media only screen and (min-width: 1024px ){\r\n            #accordions-tabs-13340 {\r\n                            width: 100%;\r\n                        }\r\n        }\r\n        @media only screen and ( min-width: 768px ) and ( max-width: 1023px ) {\r\n            #accordions-tabs-13340 {\r\n                            width: 100%;\r\n                        }\r\n        }\r\n        @media only screen and ( min-width: 0px ) and ( max-width: 767px ){\r\n            #accordions-tabs-13340 {\r\n                            width: 100%;\r\n                        }\r\n        }\r\n        #accordions-tabs-13340{\r\n                    text-align: left;\r\n                }\r\n        #accordions-tabs-13340{\r\n                    background-color:#ffffff;\r\n                \r\n                }\r\n        #accordions-tabs-13340 .tabs-nav{\r\n                    background-color:#c5dde0;\r\n                            margin:0px !important;\r\n                            padding:8px 15px !important;\r\n                            float:left !important;\r\n                    border: none;\r\n        }\r\n        #accordions-tabs-13340 .tabs-nav:hover{\r\n                    background-color: #becee0;\r\n                }\r\n        #accordions-tabs-13340 .ui-tabs-anchor{\r\n                    color:#000000;\r\n                            margin:0px !important;\r\n            padding:0px !important;\r\n        }\r\n        #accordions-tabs-13340 .accordions-head-title{\r\n                    color:#000000;\r\n                }\r\n        #accordions-tabs-13340 .ui-tabs-active{\r\n                    background-color: #becee0;\r\n                }\r\n        #accordions-tabs-13340 .accordion-icons{\r\n                                                }\r\n        #accordions-tabs-13340 .tabs-nav:hover .accordion-icons span{\r\n                }\r\n        #accordions-tabs-13340 .tabs-content{\r\n                    background-color:#ffffff;\r\n                                color:#191919;\r\n                                        }\r\n        #accordions-tabs-13340 .accordion-icons span{\r\n                        }\r\n            <\/style>\r\n    \r\n    <ul>\r\n                        <li post_id=\"13340\" header_id=\"header-1682085795493\" id=\"header-1682085795493\" style=\"\" class=\"tabs-nav head1682085795493 border-none\" toggle-text=\"\" main-text=\"Procediment per a la publicaci\u00f3 de llibres\">\r\n\r\n                    \r\n                    <a style=\"\" class=\"accordions-tab-head\" href=\"#tabs-1682085795493\">\r\n                        <span id=\"accordion-icons-1682085795493\" class=\"accordion-icons\">\r\n                            <span class=\"accordion-icon-active accordion-plus\"><i class=\"fas fa-chevron-up\"><\/i><\/span>\r\n                            <span class=\"accordion-icon-inactive accordion-minus\"><i class=\"fas fa-chevron-right\"><\/i><\/span>\r\n                        <\/span>\r\n                        <span id=\"header-text-1682085795493\" class=\"accordions-head-title\">Procediment per a la publicaci\u00f3 de llibres<\/span>\r\n                    <\/a>\r\n                        \r\n\r\n                <\/li>\r\n\r\n                                <li post_id=\"13340\" header_id=\"header-1682086350724\" id=\"header-1682086350724\" style=\"\" class=\"tabs-nav head1682086350724 border-none\" toggle-text=\"\" main-text=\"Cat\u00e0leg editorial-e UMH\">\r\n\r\n                    \r\n                    <a style=\"\" class=\"accordions-tab-head\" href=\"#tabs-1682086350724\">\r\n                        <span id=\"accordion-icons-1682086350724\" class=\"accordion-icons\">\r\n                            <span class=\"accordion-icon-active accordion-plus\"><i class=\"fas fa-chevron-up\"><\/i><\/span>\r\n                            <span class=\"accordion-icon-inactive accordion-minus\"><i class=\"fas fa-chevron-right\"><\/i><\/span>\r\n                        <\/span>\r\n                        <span id=\"header-text-1682086350724\" class=\"accordions-head-title\">Cat\u00e0leg editorial-e UMH<\/span>\r\n                    <\/a>\r\n                        \r\n\r\n                <\/li>\r\n\r\n                    <\/ul>\r\n    \r\n\r\n                <div class=\"tabs-content tabs-content1682085795493 \" id=\"tabs-1682085795493\">\r\n                    <p><a href=\"https:\/\/biblioteca.umh.es\/ca\/servicios-al-investigador\/biblioteca-electronica\/\">Procediment per a la publicaci\u00f3 de llibres<\/a><\/p>\n                <\/div>\r\n\r\n                \r\n\r\n                <div class=\"tabs-content tabs-content1682086350724 \" id=\"tabs-1682086350724\">\r\n                    <p style=\"padding-left: 400px\"><a href=\"https:\/\/editorial.umh.es\/catalogo\/\">Cat\u00e0leg editorial-e UMH<\/a><\/p>\n                <\/div>\r\n\r\n                    <script>\r\n        jQuery(document).ready(function($){\r\n                                accordions_tabs_active_index_13340 = [];\r\n                            })\r\n    <\/script>\r\n        <script>\r\n        jQuery(document).ready(function($){\r\n                        $(\"#accordions-tabs-13340\" ).tabs({\r\n                collapsible: true,\r\n                event: \"click\",\r\n                active: 1,\r\n            });\r\n            if(typeof accordions_tabs_active_index_13340 != 'undefined'){\r\n                $(\"#accordions-tabs-13340\").tabs(\"option\", \"active\", accordions_tabs_active_index_13340);\r\n            }\r\n        })\r\n    <\/script>\r\n                <\/div>\n<h4>Relacionats\u2026<\/h4>\n<ul>\n<li><a href=\"https:\/\/biblioteca.umh.es\/files\/2016\/04\/NORMATIVA-PROPIEDAD-INTELECTUAL-UMH.pdf\">Normativa sobre els Drets de Propietat Industrial e&nbsp; Intel\u00b7lectual de la Universitat Miguel Hern\u00e1ndez d\u00b4Elx<\/a><\/li>\n<li><span style=\"color: #099cd6\"><a style=\"color: #099cd6\" href=\"https:\/\/biblioteca.umh.es\/ca\/servicios-al-investigador\/propiedad-intelectual-2\/\">Propietat Intel\u00b7lectual i Drets d\u00b4Autor<\/a><\/span><\/li>\n<li><a href=\"https:\/\/biblioteca.umh.es\/files\/2022\/11\/2-Convocatoria-INDICO-UMH-2022-Final.pdf\">INDICO UMH 2022 (Convocat\u00f2ria del programa EDITA-LIBROS DOCENTES-oberta)<\/a><\/li>\n<li><span style=\"color: #000000\"><a style=\"color: #000000\" href=\"https:\/\/sgi.umh.es\/ca\/proteccion-resultados\/procedimiento\/\" target=\"_blank\" rel=\"noopener\">Protecci\u00f3 de resultats (OTRI)<\/a><\/span><\/li>\n<\/ul>\n<p>&nbsp;<\/p>\n<p>&nbsp;<\/p>\n<p>&nbsp;<\/p>\n<p>&nbsp;<\/p>\n<p>&nbsp;<\/p>","protected":false},"excerpt":{"rendered":"<p>La Universitat Miguel Hern\u00e1ndez posa a la disposici\u00f3 de la Comunitat Universit\u00e0ria (professors) la possibilitat de publicar llibres que reflectisquen l&#8217;activitat docent i investigadora de la mateixa, contribuint a la difusi\u00f3 del coneixement generat en el seu si.<br \/>\nL&#8217;Editorial Electr\u00f2nica de la UMH est\u00e0 coordinada per diversos serveis als quals pots dirigir-te per a qualsevol dubte [&#8230;]<\/p>\n","protected":false},"author":3622,"featured_media":0,"parent":827,"menu_order":8,"comment_status":"closed","ping_status":"open","template":"","meta":{"ngg_post_thumbnail":0,"_links_to":"","_links_to_target":""},"_links":{"self":[{"href":"https:\/\/biblioteca.umh.es\/ca\/wp-json\/wp\/v2\/pages\/990"}],"collection":[{"href":"https:\/\/biblioteca.umh.es\/ca\/wp-json\/wp\/v2\/pages"}],"about":[{"href":"https:\/\/biblioteca.umh.es\/ca\/wp-json\/wp\/v2\/types\/page"}],"author":[{"embeddable":true,"href":"https:\/\/biblioteca.umh.es\/ca\/wp-json\/wp\/v2\/users\/3622"}],"replies":[{"embeddable":true,"href":"https:\/\/biblioteca.umh.es\/ca\/wp-json\/wp\/v2\/comments?post=990"}],"version-history":[{"count":0,"href":"https:\/\/biblioteca.umh.es\/ca\/wp-json\/wp\/v2\/pages\/990\/revisions"}],"up":[{"embeddable":true,"href":"https:\/\/biblioteca.umh.es\/ca\/wp-json\/wp\/v2\/pages\/827"}],"wp:attachment":[{"href":"https:\/\/biblioteca.umh.es\/ca\/wp-json\/wp\/v2\/media?parent=990"}],"curies":[{"name":"wp","href":"https:\/\/api.w.org\/{rel}","templated":true}]}}