{"id":9817,"date":"2022-12-21T12:14:45","date_gmt":"2022-12-21T11:14:45","guid":{"rendered":"https:\/\/biblioteca.umh.es\/?page_id=9817"},"modified":"2025-02-25T18:19:17","modified_gmt":"2025-02-25T17:19:17","slug":"faqs-recursos-e","status":"publish","type":"page","link":"https:\/\/biblioteca.umh.es\/ca\/busca-informacion\/faqs-recursos-e\/","title":{"rendered":"FAQS Recursos-e"},"content":{"rendered":"<p><\/p>\n<p style=\"text-align: justify\"><span style=\"font-size: small\"><strong>1. Quin tipus de recursos electr\u00f2nics ofereix la Biblioteca?<\/strong><br \/>\nPodem trobar diccionaris, enciclop\u00e8dies, bases de dades, llibres electr\u00f2nics, revistes, tesis doctorals, etc.&nbsp;<br \/>\n<\/span><\/p>\n<p style=\"text-align: justify\"><span style=\"font-size: small\"><strong>2. Com puc accedir als recursos-e de la Biblioteca?<\/strong><br \/>\nL&#8217;acc\u00e9s a tots els recursos de la Biblioteca es realitza a trav\u00e9s del nostre Cercador DAMA, que et localitzar\u00e0 aquests recursos realitzant una \u00fanica i senzilla cerca, similar als cercadors d&#8217;Internet com Google. Pots entrar a Dama des de la p\u00e0gina web de la Biblioteca o posant en el teu navegador <a href=\"https:\/\/dama.umh.es\/discovery\/search?vid=34CVA_UMH:VU1&amp;lang=ca\">dama.umh.es<\/a>.<br \/>\n<\/span><\/p>\n<p style=\"text-align: justify\"><span style=\"font-size: small\"><strong>3. \u00c9s necessari que m&#8217;identifique per a accedir a tots els recursos-e?<\/strong><br \/>\nPer a accedir als recursos electr\u00f2nics d&#8217;acc\u00e9s restringit o subscrits per la Biblioteca s\u00ed que \u00e9s necessari que t&#8217;identifiques en DAMA amb les teues&nbsp; credencials d&#8217;usuari de la UHM.<br \/>\n<\/span><\/p>\n<p style=\"text-align: justify\"><span style=\"font-size: small\"><strong>4. Qui t\u00e9 acc\u00e9s als recursos-e?<\/strong><br \/>\nAlguns dels recursos-e han sigut adquirits per la biblioteca mitjan\u00e7ant subscripci\u00f3, per la qual cosa l&#8217;acc\u00e9s als seus continguts nom\u00e9s est\u00e0 perm\u00e9s als membres de la comunitat universit\u00e0ria.&nbsp; Encara que tamb\u00e9 comptem amb altres <a href=\"https:\/\/biblioteca.umh.es\/biblioteca-digital\/recursos-e\/revistas-en-acceso-abierto\/\">recursos-e d&#8217;acc\u00e9s obert<\/a> per a la consulta del qual no \u00e9s necessari pert\u00e0nyer a la comunitat universit\u00e0ria.&nbsp;<br \/>\n<\/span><\/p>\n<p style=\"text-align: justify\"><span style=\"font-size: small\"><strong>5. Puc accedir als recursos-e subscrits per la Biblioteca des de fora de la Universitat?<\/strong><br \/>\nS\u00ed, a trav\u00e9s de <a href=\"https:\/\/dama.umh.es\/discovery\/search?vid=34CVA_UMH:VU1\">DAMA<\/a>, identificant-te amb les teues credencials institucionals de la *UMH.<br \/>\n<\/span><\/p>\n<p style=\"text-align: justify\"><span style=\"font-size: small\"><strong>6. Com puc saber si una revista o un llibre estan en format electr\u00f2nic?<\/strong><br \/>\nEn el nostre cercador DAMA ha d&#8217;apar\u00e9ixer &#8220;Disponible en l\u00ednia&#8221;.<br \/>\n<\/span><\/p>\n<p style=\"text-align: justify\"><span style=\"font-size: small\"><strong>7. Com puc buscar una determinada revista?<\/strong><br \/>\nEl cercador de <a href=\"https:\/\/dama.umh.es\/discovery\/jsearch?vid=34CVA_UMH:VU1\">Revistes<\/a> de DAMA permet buscar per ISSN o t\u00edtol de revista.<br \/>\n<\/span><\/p>\n<p style=\"text-align: justify\"><span style=\"font-size: small\"><strong>8. Com puc localitzar un article de revista?<\/strong><br \/>\nEls articles es busquen en <a href=\"https:\/\/dama.umh.es\/discovery\/jsearch?vid=34CVA_UMH:VU1\">DAMA<\/a>, en el repositori de revistes <a href=\"https:\/\/dialnet.unirioja.es\/\">Dialnet<\/a>, en els sumaris de les revistes, o dins de cadascuna de les revistes-e subscrites per la Biblioteca de la UMH.<br \/>\n<\/span><\/p>\n<p style=\"text-align: justify\"><span style=\"font-size: small\"><strong>9. Puc saber quines revistes hi ha sobre una determinada mat\u00e8ria?<\/strong><br \/>\nS\u00ed, pots buscar en DAMA <a href=\"https:\/\/dama.umh.es\/discovery\/jsearch?vid=34CVA_UMH:VU1\">revistes per categoria tem\u00e0tica<\/a>.<br \/>\n<\/span><\/p>\n<p style=\"text-align: justify\"><span style=\"font-size: small\"><strong>10. La Biblioteca posseeix alguna revista electr\u00f2nica en espanyol?<\/strong><br \/>\nS\u00ed, tenim diverses col\u00b7leccions de <a href=\"https:\/\/biblioteca.umh.es\/biblioteca-digital\/recursos-e\/revistas-en-acceso-abierto\/\">revistes-e<\/a> en espanyol, sobretot de l&#8217;\u00e0rea d&#8217;Humanitats i Ci\u00e8ncies Socials.<\/span><\/p>\n<p style=\"text-align: justify\"><span style=\"font-size: small\"><strong>11. Puc saber quines bases de dades tenim sobre una mat\u00e8ria?<\/strong><br \/>\nS\u00ed, pots buscar en DAMA <a href=\"https:\/\/dama.umh.es\/discovery\/dbsearch?vid=34CVA_UMH:VU1\">bases de dades per categoria<\/a>.<br \/>\n<\/span><\/p>\n<p style=\"text-align: justify\"><span style=\"font-size: small\"><strong>12. He trobat la revista-e que m&#8217;interessa en DAMA, per\u00f2 hi ha diferents enlla\u00e7os, quin he d&#8217;utilitzar?<\/strong><br \/>\nEn moltes ocasions l&#8217;acc\u00e9s electr\u00f2nic a un t\u00edtol est\u00e0 disponible a trav\u00e9s de diferents portals. Tria aquell que s&#8217;ajuste als fons que desitges, o aquell amb el qual m\u00e9s familiaritzat estigues en el seu \u00fas.<br \/>\n<\/span><\/p>\n<p style=\"text-align: justify\"><span style=\"font-size: small\"><b>13. En intentar entrar en una base de dades o en una revista-e em retorna un missatge dient que els accessos s\u00f3n limitats, qu\u00e8 \u00e9s el que ocorre?<\/b><br \/>\nA determinades bases de dades o revistes-e tenim un acc\u00e9s limitat a un nombre d&#8217;usuaris i no podem connectar-nos m\u00e9s alhora. Tamb\u00e9 pot oc\u00f3rrer que alg\u00fa s&#8217;haja connectat i no haja tancat la sessi\u00f3. En aquests casos cal esperar un temps per a poder connectar-se. Les sessions inactives es desconnectaran autom\u00e0ticament.<br \/>\n<\/span><\/p>\n<p style=\"text-align: justify\"><span style=\"font-size: small\"><strong>14. Puc descarregar-me un llibre electr\u00f2nic complet?<\/strong><br \/>\nNo poden descarregar-se els llibres complets, encara que sempre es poden visualitzar en l\u00ednia mitjan\u00e7ant els visors que incorporen les plataformes de llibres electr\u00f2nics. Algunes d&#8217;aquestes plataformes tamb\u00e9 disposen de programes propis que permeten realitzar una desc\u00e0rrega d&#8217;\u00fas per un temps determinat i visualitzar el llibre offline.<br \/>\n<\/span><\/p>\n<p style=\"text-align: justify\"><span style=\"font-size: small\"><strong>15. Qu\u00e8 faig si no puc accedir al text complet d&#8217;una revista electr\u00f2nica o no funciona un recurs electr\u00f2nic (base de dades, llibre-e, etc.)?<\/strong><br \/>\nPosa&#8217;t en contacte amb el servei d&#8217;assessorament, consultes i incid\u00e8ncies en revistes-e, bases de dades i llibres electr\u00f2nics a trav\u00e9s del correu electr\u00f2nic: <a href=\"mailto:biblioteca-e@umh.es\">biblioteca-e@umh.es<\/a>.<br \/>\n<\/span><\/p>\n<p style=\"text-align: justify\">&nbsp;<\/p>\n<p style=\"text-align: justify\"><span style=\"font-size: small\">Per a m\u00e9s informaci\u00f3, consulta nostra biblioguia <a href=\"https:\/\/biblioteca.umh.es\/files\/2021\/12\/Biblioguia.-FAQs-4-Catalogo-y-recursos-e.pdf\">Cat\u00e0leg i Recursos-e<\/a>.<\/span><\/p>\n<p><\/p>","protected":false},"excerpt":{"rendered":"<p>1. Quin tipus de recursos electr\u00f2nics ofereix la Biblioteca?<br \/>\nPodem trobar diccionaris, enciclop\u00e8dies, bases de dades, llibres electr\u00f2nics, revistes, tesis doctorals, etc.&nbsp;<\/p>\n<p>2. Com puc accedir als recursos-e de la Biblioteca?<br \/>\nL&#8217;acc\u00e9s a tots els recursos de la Biblioteca es realitza a trav\u00e9s del nostre Cercador DAMA, que et localitzar\u00e0 aquests recursos realitzant una \u00fanica i senzilla cerca, [&#8230;]<\/p>\n","protected":false},"author":3644,"featured_media":0,"parent":11650,"menu_order":4,"comment_status":"closed","ping_status":"closed","template":"","meta":{"ngg_post_thumbnail":0,"_links_to":"","_links_to_target":""},"_links":{"self":[{"href":"https:\/\/biblioteca.umh.es\/ca\/wp-json\/wp\/v2\/pages\/9817"}],"collection":[{"href":"https:\/\/biblioteca.umh.es\/ca\/wp-json\/wp\/v2\/pages"}],"about":[{"href":"https:\/\/biblioteca.umh.es\/ca\/wp-json\/wp\/v2\/types\/page"}],"author":[{"embeddable":true,"href":"https:\/\/biblioteca.umh.es\/ca\/wp-json\/wp\/v2\/users\/3644"}],"replies":[{"embeddable":true,"href":"https:\/\/biblioteca.umh.es\/ca\/wp-json\/wp\/v2\/comments?post=9817"}],"version-history":[{"count":0,"href":"https:\/\/biblioteca.umh.es\/ca\/wp-json\/wp\/v2\/pages\/9817\/revisions"}],"up":[{"embeddable":true,"href":"https:\/\/biblioteca.umh.es\/ca\/wp-json\/wp\/v2\/pages\/11650"}],"wp:attachment":[{"href":"https:\/\/biblioteca.umh.es\/ca\/wp-json\/wp\/v2\/media?parent=9817"}],"curies":[{"name":"wp","href":"https:\/\/api.w.org\/{rel}","templated":true}]}}