{"id":9787,"date":"2022-06-03T19:28:39","date_gmt":"2022-06-03T17:28:39","guid":{"rendered":"https:\/\/biblioteca.umh.es\/?page_id=9787"},"modified":"2023-05-18T17:00:18","modified_gmt":"2023-05-18T15:00:18","slug":"perfil-del-investigador-prueba","status":"publish","type":"page","link":"https:\/\/biblioteca.umh.es\/ca\/servicios-al-investigador\/ayuda-al-investigador\/perfil-del-investigador-prueba\/","title":{"rendered":"Perfil de l&#8217;investigador"},"content":{"rendered":"<p><\/p>\n<p style=\"text-align: justify\"><strong>Identificadors d&#8217;Autor<\/strong>: Es tracta d&#8217;identificadors \u00fanics que permeten gestionar la identitat professional de cada investigador, distingint-lo d&#8217;altres investigadors i associant-lo de manera inequ\u00edvoca al seu treball cient\u00edfic. Els identificadors d&#8217;autor enllacen les dades personals de l&#8217;investigador amb la seua producci\u00f3 cient\u00edfica i amb les activitats professionals dutes a terme en diferents grups d&#8217;investigaci\u00f3 o institucions.<\/p>\n<p style=\"text-align: justify\">Els identificadors d&#8217;autor, entre altres coses, permeten:<\/p>\n<ul>\n<li style=\"text-align: justify\">Normalitzar el nom i filiaci\u00f3.<\/li>\n<li style=\"text-align: justify\">Corregir errors d&#8217;identificaci\u00f3 en noms d&#8217;autor o d&#8217;instituci\u00f3.<\/li>\n<li style=\"text-align: justify\">Agrupar totes les publicacions d&#8217;un mateix autor.<\/li>\n<li style=\"text-align: justify\">Facilitar la recuperaci\u00f3 i difusi\u00f3 de les publicacions.<\/li>\n<li style=\"text-align: justify\">Augmentar la visibilitat.<\/li>\n<li style=\"text-align: justify\">Obtindre estad\u00edstiques de la producci\u00f3 cient\u00edfica.<\/li>\n<\/ul>\n<h4>&nbsp;<\/h4>\n<p style=\"text-align: justify\"><strong>Principals identificadors i perfils d&#8217;autor:<\/strong><\/p>\n<table class=\"tipo4\" style=\"margin-left: auto;margin-right: auto;width: 100%;border: hidden\" summary=\"piv\">\n<tbody>\n<tr>\n<td width=\"25%\"><strong><img loading=\"lazy\" class=\"alignleft wp-image-3602\" src=\"https:\/\/biblioteca.umh.es\/files\/2019\/02\/PERFIL-INVESTIGADOR-2.png\" alt=\"\" width=\"198\" height=\"89\" srcset=\"https:\/\/biblioteca.umh.es\/files\/2019\/02\/PERFIL-INVESTIGADOR-2.png 335w, https:\/\/biblioteca.umh.es\/files\/2019\/02\/PERFIL-INVESTIGADOR-2-300x134.png 300w\" sizes=\"(max-width: 198px) 100vw, 198px\" \/><\/strong><\/td>\n<td style=\"text-align: justify\" width=\"75%\"><a href=\"https:\/\/orcid.org\/\"><strong>ORCID <\/strong><\/a>\u00e9s un projecte obert, comunitari i sense \u00e0nim de lucre. Ofereix un sistema per a crear i mantindre un registre \u00fanic d&#8217;investigadors i un m\u00e8tode clar per a vincular les activitats d&#8217;investigaci\u00f3 i els productes d&#8217;aquests identificadors.<\/td>\n<\/tr>\n<\/tbody>\n<\/table>\n<table class=\"tipo4\" style=\"margin-left: auto;margin-right: auto;width: 100%;border: hidden\" summary=\"piv\">\n<tbody>\n<tr>\n<td width=\"25%\"><img loading=\"lazy\" class=\"alignleft wp-image-3605\" src=\"https:\/\/biblioteca.umh.es\/files\/2019\/02\/PERFIL-INVESTIGADOR-3.png\" alt=\"\" width=\"200\" height=\"57\" srcset=\"https:\/\/biblioteca.umh.es\/files\/2019\/02\/PERFIL-INVESTIGADOR-3.png 312w, https:\/\/biblioteca.umh.es\/files\/2019\/02\/PERFIL-INVESTIGADOR-3-300x86.png 300w\" sizes=\"(max-width: 200px) 100vw, 200px\" \/><\/td>\n<td style=\"text-align: justify\" width=\"75%\">&nbsp;<\/p>\n<p style=\"text-align: justify\">\u00c9s un identificador de autor i perfil integrat en la Base de dades Scopus. Es crea autom\u00e0ticament per a qualsevol autor l&#8217;obra del qual estiga inclosa en Scopus. Scopus Author Identifier agrupa els diferents noms sota els quals puga apar\u00e9ixer un autor en els documents de la seua autoria recollits en Scopus.<\/p>\n<\/td>\n<\/tr>\n<\/tbody>\n<\/table>\n<table class=\"tipo4\" style=\"margin-left: auto;margin-right: auto;width: 100%;border: hidden\" summary=\"piv\">\n<tbody>\n<tr>\n<td width=\"25%\"><a href=\"https:\/\/publons.com\/wos-op\/\"><img loading=\"lazy\" class=\"alignnone wp-image-10844 size-medium\" src=\"https:\/\/biblioteca.umh.es\/files\/2022\/06\/Publons3-300x225.jpg\" alt=\"\" width=\"300\" height=\"225\" srcset=\"https:\/\/biblioteca.umh.es\/files\/2022\/06\/Publons3-300x225.jpg 300w, https:\/\/biblioteca.umh.es\/files\/2022\/06\/Publons3.jpg 480w\" sizes=\"(max-width: 300px) 100vw, 300px\" \/><\/a> <img loading=\"lazy\" class=\"alignnone size-medium wp-image-10853\" src=\"https:\/\/biblioteca.umh.es\/files\/2022\/06\/Blanco2-300x240.png\" alt=\"\" width=\"300\" height=\"240\" srcset=\"https:\/\/biblioteca.umh.es\/files\/2022\/06\/Blanco2-300x240.png 300w, https:\/\/biblioteca.umh.es\/files\/2022\/06\/Blanco2.png 638w\" sizes=\"(max-width: 300px) 100vw, 300px\" \/> <img loading=\"lazy\" class=\"alignnone size-medium wp-image-10856\" src=\"https:\/\/biblioteca.umh.es\/files\/2022\/06\/Blanco-3-300x240.png\" alt=\"\" width=\"300\" height=\"240\" srcset=\"https:\/\/biblioteca.umh.es\/files\/2022\/06\/Blanco-3-300x240.png 300w, https:\/\/biblioteca.umh.es\/files\/2022\/06\/Blanco-3.png 638w\" sizes=\"(max-width: 300px) 100vw, 300px\" \/><\/td>\n<td style=\"text-align: left\" width=\"75%\">\n<p style=\"text-align: justify\"><a href=\"https:\/\/publons.com\/wos-op\/\">Publons<\/a> \u00e9s una plataforma web gratu\u00efta que pret\u00e9n registrar, validar, recon\u00e9ixer i verificar el treball de revisi\u00f3 en la comunicaci\u00f3 cient\u00edfica i dotar de major transpar\u00e8ncia a l&#8217;activitat investigadora, permetent a revisors i revistes crear els seus propis perfils. Des de Clarivate ens informen que des de de el 15 d&#8217;abril de 2019, la plataforma de <strong>ResearcherID deix\u00e0 d&#8217;existir<\/strong> i tots els perfils p\u00fablics continguts en <a href=\"http:\/\/www.researcherid.com\/\">www.researcherid.com<\/a>, van passar a formar part de <strong>Publons<\/strong>, la qual cosa permetr\u00e0 tindre funcions addicionals com:<\/p>\n<ul>\n<li>Importar les seues publicacions des de la WoS, ORCID o amb el gestor de refer\u00e8ncies bibliogr\u00e0fiques habitual.<\/li>\n<li>Actualitzaci\u00f3 autom\u00e0tica de m\u00e8triques de cites en funci\u00f3 de la Core Collection de WoS.<\/li>\n<li>Impuls del seu historial verificat de revisi\u00f3 per parells i edici\u00f3 de revistes.<\/li>\n<li>Desc\u00e0rrega del seu expedient acad\u00e8mic que inclou el seu impacte acad\u00e8mic (autor, editor, revisor\u2026).<\/li>\n<\/ul>\n<p>Si ja disposa d&#8217;un perfil en Publons, els comptes de ResearcherID i Publons es fusionaran de manera autom\u00e0tica i els usuaris no hauran de fer cap&nbsp; &nbsp;acci\u00f3 per a dur-lo a terme.<\/td>\n<\/tr>\n<\/tbody>\n<\/table>\n<table class=\"tipo4\" style=\"margin-left: auto;margin-right: auto;width: 100%;border: hidden\" summary=\"piv\">\n<tbody>\n<tr>\n<td width=\"25%\"><strong><img loading=\"lazy\" class=\"alignleft wp-image-3611\" src=\"https:\/\/biblioteca.umh.es\/files\/2019\/02\/PERFIL-INVESTIGADOR-5.png\" alt=\"\" width=\"210\" height=\"60\" srcset=\"https:\/\/biblioteca.umh.es\/files\/2019\/02\/PERFIL-INVESTIGADOR-5.png 356w, https:\/\/biblioteca.umh.es\/files\/2019\/02\/PERFIL-INVESTIGADOR-5-300x86.png 300w\" sizes=\"(max-width: 210px) 100vw, 210px\" \/><\/strong><\/td>\n<td style=\"text-align: left\" width=\"75%\">\n<p style=\"text-align: justify\"><strong><a href=\"https:\/\/dialnet.unirioja.es\/info\/ayuda\/paginaautor\">Codi d\u00b4autor Dialnet<\/a><\/strong><strong>. <\/strong>Tots els autors de Dialnet compten amb un <strong>identificador \u00fanic<\/strong> (codi d&#8217;autor Dialnet) i amb la seua pr\u00f2pia p\u00e0gina d&#8217;autor on es recull tota la informaci\u00f3 sobre ell disponible en Dialnet.<\/p>\n<\/td>\n<\/tr>\n<\/tbody>\n<\/table>\n<table class=\"tipo4\" style=\"margin-left: auto;margin-right: auto;width: 100%;border: hidden\" summary=\"piv\">\n<tbody>\n<tr>\n<td width=\"25%\"><img loading=\"lazy\" class=\"alignleft wp-image-3614\" src=\"https:\/\/biblioteca.umh.es\/files\/2019\/02\/PERFIL-INVESTIGADOR-6.png\" alt=\"\" width=\"207\" height=\"207\" srcset=\"https:\/\/biblioteca.umh.es\/files\/2019\/02\/PERFIL-INVESTIGADOR-6.png 225w, https:\/\/biblioteca.umh.es\/files\/2019\/02\/PERFIL-INVESTIGADOR-6-150x150.png 150w\" sizes=\"(max-width: 207px) 100vw, 207px\" \/><\/td>\n<td style=\"text-align: left\" width=\"75%\">\n<p style=\"text-align: justify\">Crear un perfil d&#8217;investigador en <a href=\"https:\/\/scholar.google.es\/\"><strong>Google Scholar<\/strong><\/a> (o Google Acad\u00e8mic) t\u00e9 molts avantatges, tant per a l&#8217;investigador com per a la seua instituci\u00f3. \u00c9s f\u00e0cil de crear i actualitzar. Permet fer un seguiment de les cites rebudes i dels <strong>\u00edndexs h<\/strong>.<\/p>\n<\/td>\n<\/tr>\n<\/tbody>\n<\/table>\n<table class=\"tipo4\" style=\"margin-left: auto;margin-right: auto;width: 100%;border: hidden\" summary=\"piv\">\n<tbody>\n<tr>\n<td width=\"25%\"><img loading=\"lazy\" class=\"alignleft wp-image-3617\" src=\"https:\/\/biblioteca.umh.es\/files\/2019\/02\/PERFIL-INVESTIGADOR-7.png\" alt=\"\" width=\"195\" height=\"67\" srcset=\"https:\/\/biblioteca.umh.es\/files\/2019\/02\/PERFIL-INVESTIGADOR-7.png 383w, https:\/\/biblioteca.umh.es\/files\/2019\/02\/PERFIL-INVESTIGADOR-7-300x103.png 300w\" sizes=\"(max-width: 195px) 100vw, 195px\" \/><\/td>\n<td style=\"text-align: justify\" width=\"75%\"><span style=\"color: #333333\"><a href=\"https:\/\/www.researchgate.net\/\">ResearchGate<\/a>, \u00e9s una xarxa social en Internet i una eina de col\u00b7laboraci\u00f3 dirigida a persones que fan ci\u00e8ncia de qualsevol disciplina. La plataforma \u00e9s d&#8217;acc\u00e9s gratu\u00eft.<\/span><\/td>\n<\/tr>\n<\/tbody>\n<\/table>\n<p><\/p>","protected":false},"excerpt":{"rendered":"<p>Identificadors d&#8217;Autor: Es tracta d&#8217;identificadors \u00fanics que permeten gestionar la identitat professional de cada investigador, distingint-lo d&#8217;altres investigadors i associant-lo de manera inequ\u00edvoca al seu treball cient\u00edfic. Els identificadors d&#8217;autor enllacen les dades personals de l&#8217;investigador amb la seua producci\u00f3 cient\u00edfica i amb les activitats professionals dutes a terme en diferents grups d&#8217;investigaci\u00f3 o institucions.<br \/>\nEls [&#8230;]<\/p>\n","protected":false},"author":6155,"featured_media":0,"parent":828,"menu_order":1,"comment_status":"closed","ping_status":"closed","template":"","meta":{"ngg_post_thumbnail":0,"_links_to":"","_links_to_target":""},"_links":{"self":[{"href":"https:\/\/biblioteca.umh.es\/ca\/wp-json\/wp\/v2\/pages\/9787"}],"collection":[{"href":"https:\/\/biblioteca.umh.es\/ca\/wp-json\/wp\/v2\/pages"}],"about":[{"href":"https:\/\/biblioteca.umh.es\/ca\/wp-json\/wp\/v2\/types\/page"}],"author":[{"embeddable":true,"href":"https:\/\/biblioteca.umh.es\/ca\/wp-json\/wp\/v2\/users\/6155"}],"replies":[{"embeddable":true,"href":"https:\/\/biblioteca.umh.es\/ca\/wp-json\/wp\/v2\/comments?post=9787"}],"version-history":[{"count":0,"href":"https:\/\/biblioteca.umh.es\/ca\/wp-json\/wp\/v2\/pages\/9787\/revisions"}],"up":[{"embeddable":true,"href":"https:\/\/biblioteca.umh.es\/ca\/wp-json\/wp\/v2\/pages\/828"}],"wp:attachment":[{"href":"https:\/\/biblioteca.umh.es\/ca\/wp-json\/wp\/v2\/media?parent=9787"}],"curies":[{"name":"wp","href":"https:\/\/api.w.org\/{rel}","templated":true}]}}