{"id":9784,"date":"2022-12-21T12:01:09","date_gmt":"2022-12-21T11:01:09","guid":{"rendered":"https:\/\/biblioteca.umh.es\/?page_id=9784"},"modified":"2026-01-28T19:59:19","modified_gmt":"2026-01-28T18:59:19","slug":"conectate-a-la-red-umh","status":"publish","type":"page","link":"https:\/\/biblioteca.umh.es\/ca\/busca-informacion\/conectate-a-la-red-umh\/","title":{"rendered":"Connecta&#8217;t a la Xarxa UMH"},"content":{"rendered":"<p><\/p>\n<p style=\"text-align: justify\">Tens 3 maneres de connectar-te a Internet per a accedir als recursos-e (llibres, revistes i bases de dades) que formen la col\u00b7lecci\u00f3 de la Biblioteca de la Universitat Miguel Hern\u00e1ndez d&#8217;Elx:<\/p>\n<ol style=\"text-align: justify\">\n<li>Des de qualsevol ordinador connectat a la xarxa de la Universitat Miguel Hern\u00e1ndez (biblioteca, sales d&#8217;inform\u00e0tica, despatxos, etc.), mitjan\u00e7ant les teues credencials institucionals de la UMH.<\/li>\n<li>Connectant-te a la xarxa wifi de la Universitat des de qualsevol dispositiu m\u00f2bil (port\u00e0til, tauleta, tel\u00e8fon, etc.). Per a aix\u00f2 \u00e9s necessari tindre un compte de correu de la Universitat Miguel Hern\u00e1ndez o d&#8217;aquelles institucions o universitats que participen d&#8217;aquesta xarxa:<\/li>\n<\/ol>\n<ul style=\"text-align: justify\">\n<li style=\"list-style-type: none\">\n<ul>\n<li style=\"text-align: justify\">Si eres <strong>personal de la UMH<\/strong> (<strong>PAS<\/strong> o <strong>PDI<\/strong>), has de posar en el camp usuari el teu correu complet de la universitat (usuario@umh.es) i com a contrasenya la vinculada a aquest correu.<\/li>\n<li>Si eres <strong>estudiant<\/strong>, en el camp \u201cIdentitat\u201d o usuari, escriu el teu n\u00famero de <strong>DNI sense lletra<\/strong>, seguit de \u201c@umh.es\u201d (exemple: 12345678@umh.es) i la \u201cContrasenya\u201d \u00e9s el teu Pin.<\/li>\n<li style=\"text-align: justify\">Si eres d&#8217;una <strong>altra instituci\u00f3 membre de la xarxa (RedIRIS, Eduroam, etc.)<\/strong> has de posar en el camp usuari el correu complet de la teua entitat (usuario@universidad.es) i com a contrasenya la vinculada a aquest correu.<\/li>\n<\/ul>\n<\/li>\n<\/ul>\n<ol style=\"text-align: justify\" start=\"3\">\n<li style=\"text-align: justify\"><strong>Visitants<\/strong>: Si no pertanys a una instituci\u00f3 adscrita a *eduroam, pots obtindre una clau (v\u00e0lida per a 7 dies):<\/li>\n<\/ol>\n<ul style=\"text-align: justify\">\n<li style=\"list-style-type: none\">\n<ul>\n<li>Opci\u00f3 1: T&#8217;enviem un sms amb la teua clau. En ajustos de wifi, selecciona la xarxa \u201ciumhweb\u201d i obri el navegador. Accepta les normes d&#8217;\u00fas marcant la casella de verificaci\u00f3 i prem \u201cObtindre una clau\u201d.<\/li>\n<li>Opci\u00f3 2: Envia un SMS amb el text \u201ciumh\u201d al n\u00famero 669 385 000.<\/li>\n<\/ul>\n<\/li>\n<\/ul>\n<p style=\"padding-left: 40px;text-align: justify\">El teu usuari ser\u00e0 el teu n\u00famero de m\u00f2bil seguit de \u201c@umh.es\u201d. Exemple: 123456789@umh.es<\/p>\n<p style=\"padding-left: 40px;text-align: justify\">Recorda que en aquest cas, nom\u00e9s tindr\u00e0s acc\u00e9s als <strong>recursos d&#8217;acc\u00e9s lliure<\/strong>, per als quals no es necessita ser membre de la comunitat universit\u00e0ria per a ser consultats.<\/p>\n<p style=\"text-align: center\">Existeixen tres tipus de connexions disponibles:<br \/>\nConnexi\u00f3 segura: Iumhnet<br \/>\nConnexi\u00f3 en obert: Iumhweb<br \/>\nConexin segura: Eduroam<\/p>\n<p style=\"text-align: center\">Pots trobar tota la informaci\u00f3 sobre la configuraci\u00f3 i acc\u00e9s a la xarxa sense fil de la UMH en el seg\u00fcent <a href=\"https:\/\/si.umh.es\/files\/2016\/05\/Conexi%C3%B3n-a-la-red-Wifi-UMH.pdf\">document<\/a>.<\/p>\n<p style=\"padding-left: 40px;text-align: justify\">&nbsp;<\/p>\n<p><\/p>","protected":false},"excerpt":{"rendered":"<p>Tens 3 maneres de connectar-te a Internet per a accedir als recursos-e (llibres, revistes i bases de dades) que formen la col\u00b7lecci\u00f3 de la Biblioteca de la Universitat Miguel Hern\u00e1ndez d&#8217;Elx:<\/p>\n<p>Des de qualsevol ordinador connectat a la xarxa de la Universitat Miguel Hern\u00e1ndez (biblioteca, sales d&#8217;inform\u00e0tica, despatxos, etc.), mitjan\u00e7ant les teues credencials institucionals de la [&#8230;]<\/p>\n","protected":false},"author":3644,"featured_media":0,"parent":11650,"menu_order":1,"comment_status":"closed","ping_status":"closed","template":"","meta":{"ngg_post_thumbnail":0,"_links_to":"","_links_to_target":""},"_links":{"self":[{"href":"https:\/\/biblioteca.umh.es\/ca\/wp-json\/wp\/v2\/pages\/9784"}],"collection":[{"href":"https:\/\/biblioteca.umh.es\/ca\/wp-json\/wp\/v2\/pages"}],"about":[{"href":"https:\/\/biblioteca.umh.es\/ca\/wp-json\/wp\/v2\/types\/page"}],"author":[{"embeddable":true,"href":"https:\/\/biblioteca.umh.es\/ca\/wp-json\/wp\/v2\/users\/3644"}],"replies":[{"embeddable":true,"href":"https:\/\/biblioteca.umh.es\/ca\/wp-json\/wp\/v2\/comments?post=9784"}],"version-history":[{"count":0,"href":"https:\/\/biblioteca.umh.es\/ca\/wp-json\/wp\/v2\/pages\/9784\/revisions"}],"up":[{"embeddable":true,"href":"https:\/\/biblioteca.umh.es\/ca\/wp-json\/wp\/v2\/pages\/11650"}],"wp:attachment":[{"href":"https:\/\/biblioteca.umh.es\/ca\/wp-json\/wp\/v2\/media?parent=9784"}],"curies":[{"name":"wp","href":"https:\/\/api.w.org\/{rel}","templated":true}]}}