{"id":9655,"date":"2022-03-14T13:38:38","date_gmt":"2022-03-14T12:38:38","guid":{"rendered":"https:\/\/biblioteca.umh.es\/?page_id=9655"},"modified":"2025-12-03T15:30:43","modified_gmt":"2025-12-03T14:30:43","slug":"solicitud-revistas-y-bases-de-datos","status":"publish","type":"page","link":"https:\/\/biblioteca.umh.es\/ca\/servicios-al-investigador\/solicitud-revistas-y-bases-de-datos\/","title":{"rendered":"Sol\u00b7licitud Revistes i Bases de dades"},"content":{"rendered":"<p><strong>Procediment per a sol\u00b7licitar Subscripcions Institucionals de Revistes i Bases de dades per part dels Departaments, Instituts Universitaris i Centres d&#8217;Investigaci\u00f3.<\/strong><\/p>\n<p>Enviament d&#8217;un informe, exposant la necessitat de subscripci\u00f3 al producte, per part del Director del departament, institut universitari o centre d&#8217;investigaci\u00f3 al Vicerector d&#8217;Investigaci\u00f3.<\/p>\n<p>Es remet per a la seua valoraci\u00f3 a la Biblioteca, on es tindr\u00e0 en compte diversos \u00edtems (preu, inter\u00e9s, usuaris\u2026). En el cas que la biblioteca emeta informe positiu per a la subscripci\u00f3:<\/p>\n<ul>\n<li>La biblioteca sol\u00b7licitar\u00e0 pressupost del recurs que enviar\u00e0 al Departament sol\u00b7licitant.<\/li>\n<li>El primer any de la nova subscripci\u00f3 el departament sol\u00b7licitant haur\u00e0 d&#8217;assumir el 100% del finan\u00e7ament, cas que s&#8217;hagen tancat els pressupostos i renovacions de les revistes UMH any en curs.<\/li>\n<li>Transcorregut un any, la Biblioteca valorar\u00e0 la seua renovaci\u00f3 en funci\u00f3 de l&#8217;\u00fas del producte, de tal manera que si ha sigut positiu el seu \u00fas la biblioteca l&#8217;incorporar\u00e0 a la resta dels productes subscrits i ser\u00e0 cofinan\u00e7at pel Vicerectorat d&#8217;Investigaci\u00f3.<\/li>\n<\/ul>\n<p><a href=\"https:\/\/biblioteca.umh.es\/files\/2022\/02\/logo-biblioteca.png\"><img loading=\"lazy\" class=\"alignnone wp-image-8941\" src=\"https:\/\/biblioteca.umh.es\/files\/2022\/02\/logo-biblioteca-300x153.png\" alt=\"\" width=\"359\" height=\"183\" srcset=\"https:\/\/biblioteca.umh.es\/files\/2022\/02\/logo-biblioteca-300x153.png 300w, https:\/\/biblioteca.umh.es\/files\/2022\/02\/logo-biblioteca.png 390w\" sizes=\"(max-width: 359px) 100vw, 359px\" \/><\/a><\/p>","protected":false},"excerpt":{"rendered":"<p>Procediment per a sol\u00b7licitar Subscripcions Institucionals de Revistes i Bases de dades per part dels Departaments, Instituts Universitaris i Centres d&#8217;Investigaci\u00f3.<br \/>\nEnviament d&#8217;un informe, exposant la necessitat de subscripci\u00f3 al producte, per part del Director del departament, institut universitari o centre d&#8217;investigaci\u00f3 al Vicerector d&#8217;Investigaci\u00f3.<br \/>\nEs remet per a la seua valoraci\u00f3 a la Biblioteca, on es [&#8230;]<\/p>\n","protected":false},"author":3622,"featured_media":0,"parent":827,"menu_order":4,"comment_status":"closed","ping_status":"closed","template":"","meta":{"ngg_post_thumbnail":0,"_links_to":"","_links_to_target":""},"_links":{"self":[{"href":"https:\/\/biblioteca.umh.es\/ca\/wp-json\/wp\/v2\/pages\/9655"}],"collection":[{"href":"https:\/\/biblioteca.umh.es\/ca\/wp-json\/wp\/v2\/pages"}],"about":[{"href":"https:\/\/biblioteca.umh.es\/ca\/wp-json\/wp\/v2\/types\/page"}],"author":[{"embeddable":true,"href":"https:\/\/biblioteca.umh.es\/ca\/wp-json\/wp\/v2\/users\/3622"}],"replies":[{"embeddable":true,"href":"https:\/\/biblioteca.umh.es\/ca\/wp-json\/wp\/v2\/comments?post=9655"}],"version-history":[{"count":0,"href":"https:\/\/biblioteca.umh.es\/ca\/wp-json\/wp\/v2\/pages\/9655\/revisions"}],"up":[{"embeddable":true,"href":"https:\/\/biblioteca.umh.es\/ca\/wp-json\/wp\/v2\/pages\/827"}],"wp:attachment":[{"href":"https:\/\/biblioteca.umh.es\/ca\/wp-json\/wp\/v2\/media?parent=9655"}],"curies":[{"name":"wp","href":"https:\/\/api.w.org\/{rel}","templated":true}]}}