{"id":8818,"date":"2022-02-03T19:05:30","date_gmt":"2022-02-03T18:05:30","guid":{"rendered":"https:\/\/biblioteca.umh.es\/?page_id=8818"},"modified":"2025-01-20T15:28:35","modified_gmt":"2025-01-20T14:28:35","slug":"objetivos-desarrollo-sostenible","status":"publish","type":"page","link":"https:\/\/biblioteca.umh.es\/ca\/presentacion\/objetivos-desarrollo-sostenible\/","title":{"rendered":"Objectius Desenvolupament Sostenible"},"content":{"rendered":"<p><\/p>\n<p style=\"text-align: justify\">La UMH ha de ser un lloc cada vegada m\u00e9s sostenible, en el qual es treballa activament per respectar el Medi Ambient, la qual cosa queda reflectit en la seua<a href=\"https:\/\/biblioteca.umh.es\/files\/2025\/01\/POLITICA.AAyDS_.UMH_.04.pdf\" target=\"_blank\" rel=\"noopener\">&nbsp;Pol\u00edtica Ambiental<\/a>. En la busca constant d&#8217;un entorn universitari m\u00e9s comprom\u00e9s i respectu\u00f3s amb el medi ambient, la Universitat Miguel Hern\u00e1ndez d&#8217;Elx implementa&nbsp;des de l&#8217;any 2009 el &#8220;<strong>Programa d&#8217;Objectius Ambientals<\/strong>&#8221; entre els Servicis.<\/p>\n<p style=\"text-align: justify\">La Biblioteca de la UMH es compromet a promoure els <a href=\"https:\/\/sdgs.un.org\/es\/goals\">Objectius de Desenvolupament Sostenible<\/a> com a part de l&#8217;Agenda 2030 mitjan\u00e7ant el comprom\u00eds amb els seg\u00fcents objectius lligats al nostre servei, portant&nbsp; a cap les seg\u00fcents accions vinculades a aquestos.<\/p>\n<p style=\"text-align: justify\"><a href=\"https:\/\/sdgs.un.org\/es\/goals\/goal3\">Objectiu 3<\/a> <strong>Salut i Benestar<\/strong><\/p>\n<p style=\"text-align: justify\">La biblioteca compta amb un ampli i variat fons especialitzat en Ci\u00e8ncies de la Salut, oferint serveis de suport a la investigaci\u00f3 i formaci\u00f3, a m\u00e9s publica peri\u00f2dicament en les seues xarxes socials not\u00edcies relacionades amb aquest \u00e0mbit. Aix\u00f2 contribueix a posicionar a la Universitat Miguel Hern\u00e1ndez com una de les universitats espanyoles amb major impacte en q\u00fcesti\u00f3 de salut i benestar.<\/p>\n<p style=\"text-align: justify\"><a href=\"https:\/\/sdgs.un.org\/es\/goals\/goal4\">Objectiu 4<\/a>&nbsp; <strong>Educaci\u00f3 de Qualitat<\/strong><\/p>\n<p style=\"text-align: justify\">La Biblioteca proporciona els <a href=\"https:\/\/biblioteca.umh.es\/ca\/biblioteca-digital\/recursos-e\/\">recursos<\/a>, la <a href=\"https:\/\/biblioteca.umh.es\/en\/category\/cursos-online\/\">formaci\u00f3<\/a> i els <a href=\"https:\/\/biblioteca.umh.es\/ca\/servicios\/\">serveis<\/a> necessaris per a la consecuci\u00f3 d&#8217;aquest objectiu.<\/p>\n<p style=\"text-align: justify\"><a href=\"https:\/\/sdgs.un.org\/es\/goals\/goal5\">Objectiu 5<\/a> <strong>Igualtat de G\u00e8nere<\/strong><\/p>\n<p style=\"text-align: justify\">La Biblioteca disposa d&#8217;una secci\u00f3 de llibres d&#8217;Estudis de G\u00e8nere i dona suport a la difusi\u00f3 d&#8217;actuacions com <a href=\"https:\/\/biblioteca.umh.es\/ca\/2021\/05\/05\/performance-el-peso-del-pensamiento\/\">El Pes del Pensament<\/a>, amb l&#8217;objectiu de donar visibilitat a la desigualtat de g\u00e8nere.<\/p>\n<p style=\"text-align: justify\"><a href=\"https:\/\/sdgs.un.org\/es\/goals\/goal12\">Objectiu 12<\/a> <strong>Producci\u00f3 i Consum Responsable<\/strong><\/p>\n<p style=\"text-align: justify\">La Biblioteca promou aquest objectiu mitjan\u00e7ant l&#8217;\u00fas responsable d&#8217;impressores, la digitalitzaci\u00f3 de documents, el reciclatge i la reutilitzaci\u00f3.<\/p>\n<p><\/p>","protected":false},"excerpt":{"rendered":"<p>La UMH ha de ser un lloc cada vegada m\u00e9s sostenible, en el qual es treballa activament per respectar el Medi Ambient, la qual cosa queda reflectit en la seua&nbsp;Pol\u00edtica Ambiental. En la busca constant d&#8217;un entorn universitari m\u00e9s comprom\u00e9s i respectu\u00f3s amb el medi ambient, la Universitat Miguel Hern\u00e1ndez d&#8217;Elx implementa&nbsp;des de l&#8217;any 2009 [&#8230;]<\/p>\n","protected":false},"author":6155,"featured_media":0,"parent":357,"menu_order":5,"comment_status":"closed","ping_status":"closed","template":"","meta":{"ngg_post_thumbnail":0,"_links_to":"","_links_to_target":""},"_links":{"self":[{"href":"https:\/\/biblioteca.umh.es\/ca\/wp-json\/wp\/v2\/pages\/8818"}],"collection":[{"href":"https:\/\/biblioteca.umh.es\/ca\/wp-json\/wp\/v2\/pages"}],"about":[{"href":"https:\/\/biblioteca.umh.es\/ca\/wp-json\/wp\/v2\/types\/page"}],"author":[{"embeddable":true,"href":"https:\/\/biblioteca.umh.es\/ca\/wp-json\/wp\/v2\/users\/6155"}],"replies":[{"embeddable":true,"href":"https:\/\/biblioteca.umh.es\/ca\/wp-json\/wp\/v2\/comments?post=8818"}],"version-history":[{"count":0,"href":"https:\/\/biblioteca.umh.es\/ca\/wp-json\/wp\/v2\/pages\/8818\/revisions"}],"up":[{"embeddable":true,"href":"https:\/\/biblioteca.umh.es\/ca\/wp-json\/wp\/v2\/pages\/357"}],"wp:attachment":[{"href":"https:\/\/biblioteca.umh.es\/ca\/wp-json\/wp\/v2\/media?parent=8818"}],"curies":[{"name":"wp","href":"https:\/\/api.w.org\/{rel}","templated":true}]}}