{"id":870,"date":"2015-02-06T11:43:43","date_gmt":"2015-02-06T10:43:43","guid":{"rendered":"http:\/\/biblioteca.umh.es\/?page_id=870"},"modified":"2023-01-18T15:51:38","modified_gmt":"2023-01-18T14:51:38","slug":"carta-de-servicios","status":"publish","type":"page","link":"https:\/\/biblioteca.umh.es\/ca\/presentacion\/carta-de-servicios\/","title":{"rendered":"Carta de Serveis de la Biblioteca"},"content":{"rendered":"<p><\/p>\n<p style=\"text-align: justify\">La <a href=\"https:\/\/cartadeservicios.umh.es\/cartas_servicio\/Biblioteca\/index.html\">Carta de Serveis de la Biblioteca<\/a> \u00e9s una eina utilitzada per les administracions p\u00fabliques i les empreses per a comunicar p\u00fablicament als seus usuaris els serveis que ofereixen, els compromisos que assumeixen en la prestaci\u00f3 dels seus serveis i els drets i obligacions que els assisteixen. L&#8217;establiment d&#8217;aquests compromisos \u00e9s una mesura de responsabilitat social amb la qual ens comprometem a mantenir el nostre nivell de qualitat.<\/p>\n<p><\/p>","protected":false},"excerpt":{"rendered":"<p>La Carta de Serveis de la Biblioteca \u00e9s una eina utilitzada per les administracions p\u00fabliques i les empreses per a comunicar p\u00fablicament als seus usuaris els serveis que ofereixen, els compromisos que assumeixen en la prestaci\u00f3 dels seus serveis i els drets i obligacions que els assisteixen. L&#8217;establiment d&#8217;aquests compromisos \u00e9s una mesura de responsabilitat [&#8230;]<\/p>\n","protected":false},"author":3622,"featured_media":0,"parent":357,"menu_order":8,"comment_status":"closed","ping_status":"open","template":"","meta":{"ngg_post_thumbnail":0,"_links_to":"","_links_to_target":""},"_links":{"self":[{"href":"https:\/\/biblioteca.umh.es\/ca\/wp-json\/wp\/v2\/pages\/870"}],"collection":[{"href":"https:\/\/biblioteca.umh.es\/ca\/wp-json\/wp\/v2\/pages"}],"about":[{"href":"https:\/\/biblioteca.umh.es\/ca\/wp-json\/wp\/v2\/types\/page"}],"author":[{"embeddable":true,"href":"https:\/\/biblioteca.umh.es\/ca\/wp-json\/wp\/v2\/users\/3622"}],"replies":[{"embeddable":true,"href":"https:\/\/biblioteca.umh.es\/ca\/wp-json\/wp\/v2\/comments?post=870"}],"version-history":[{"count":0,"href":"https:\/\/biblioteca.umh.es\/ca\/wp-json\/wp\/v2\/pages\/870\/revisions"}],"up":[{"embeddable":true,"href":"https:\/\/biblioteca.umh.es\/ca\/wp-json\/wp\/v2\/pages\/357"}],"wp:attachment":[{"href":"https:\/\/biblioteca.umh.es\/ca\/wp-json\/wp\/v2\/media?parent=870"}],"curies":[{"name":"wp","href":"https:\/\/api.w.org\/{rel}","templated":true}]}}