{"id":836,"date":"2014-11-03T15:40:01","date_gmt":"2014-11-03T14:40:01","guid":{"rendered":"http:\/\/biblioteca.umh.es\/?page_id=836"},"modified":"2024-11-20T14:07:03","modified_gmt":"2024-11-20T13:07:03","slug":"prestamo-interbibliotecario","status":"publish","type":"page","link":"https:\/\/biblioteca.umh.es\/ca\/servicios-al-investigador\/prestamo-interbibliotecario\/","title":{"rendered":"Pr\u00e9stec interbibliotecari"},"content":{"rendered":"<p><\/p>\n<p style=\"text-align: justify\">Aquest servei permet als usuaris de la UMH obtindre documents que no es troben en els fons de les seues Biblioteques, tant si es tracta d&#8217;originals en pr\u00e9stec com de fotoc\u00f2pies d&#8217;articles de revista o de cap\u00edtols d&#8217;un llibre. Tamb\u00e9 permet a altres biblioteques o centres externs sol\u00b7licitar material bibliogr\u00e0fic i documental disponible a les Biblioteques de la UMH. (Vegeu <a href=\"https:\/\/biblioteca.umh.es\/files\/2010\/04\/normativa-pib.pdf\">Normativa del Servei de Pr\u00e9stec Interbibliotecari<\/a>)<\/p>\n<div id=\"accordions-12517\" class=\"accordions-12517 accordions\">\r\n                <div id=\"accordions-lazy-12517\" class=\"accordions-lazy\">\r\n                    <\/div>\r\n        <script>\r\n            jQuery(window).load(function(){\r\n                jQuery('#accordions-lazy-12517').fadeOut();\r\n                jQuery('#accordions-12517 .items').fadeIn();\r\n            });\r\n        <\/script><style type='text\/css'>\r\n        @media only screen and (min-width: 1024px ){\r\n            #accordions-12517 {\r\n                            width: 100%;\r\n                        }\r\n        }\r\n        @media only screen and ( min-width: 768px ) and ( max-width: 1023px ) {\r\n            #accordions-12517 {\r\n                            width: 100%;\r\n                        }\r\n        }\r\n        @media only screen and ( min-width: 0px ) and ( max-width: 767px ){\r\n            #accordions-12517 {\r\n                            width: 100%;\r\n                        }\r\n        }\r\n                    #accordions-12517 .items {display: none;}\r\n            #accordions-12517 .accordions-lazy {\r\n                text-align: center;\r\n                position: absolute;\r\n                top: 50%;\r\n                left: 50%;\r\n                transform: translate(-50%, -50%);\r\n            }\r\n            #accordions-12517 {\r\n                            text-align: left;\r\n                                        background:#ffffff url() repeat scroll 0 0;\r\n                                    position: relative;\r\n        }\r\n        #accordions-12517 .accordions-head{\r\n                    background:#c5dde0 none repeat scroll 0 0;\r\n                                    outline: none;\r\n        }\r\n        #accordions-12517 .accordions-head-title{\r\n                            color:#000000;\r\n                            font-size:16px;\r\n                }\r\n        #accordions-12517 .accordions-head-title-toggle{\r\n                    color:#000000;\r\n                            font-size:16px;\r\n                }\r\n        #accordions-12517 .accordions-head:hover .accordions-head-title{\r\n                    color:#ffffff;\r\n                }\r\n        #accordions-12517 .ui-state-active{\r\n                    background: #becee0;\r\n                    border: none;\r\n        }\r\n        #accordions-12517 .accordion-content{\r\n                            background:#ffffff none repeat scroll 0 0;\r\n                            color:#191919;\r\n                                            border: none;\r\n        }\r\n        #accordions-12517 .accordion-icons{\r\n                                                                    }\r\n        #accordions-12517 .accordions-head:hover .accordion-icons span{\r\n                    }\r\n            <\/style>\r\n    <div class=\"items\">\r\n                        <div post_id=\"12517\" itemcount=\"0\" header_id=\"header-1674059011667\" id=\"header-1674059011667\" style=\"\" class=\"accordions-head head1674059011667 border-none\" toggle-text=\"\" main-text=\"Com sol\u00b7licitar documents segons el perfil d\u00b4usuari\">\r\n                                            <span id=\"accordion-icons-1674059011667\" class=\"accordion-icons\">\r\n                            <span class=\"accordion-icon-active accordion-plus\"><i class=\"fas fa-chevron-up\"><\/i><\/span>\r\n                            <span class=\"accordion-icon-inactive accordion-minus\"><i class=\"fas fa-chevron-right\"><\/i><\/span>\r\n                        <\/span>\r\n                        <span id=\"header-text-1674059011667\" class=\"accordions-head-title\">Com sol\u00b7licitar documents segons el perfil d\u00b4usuari<\/span>\r\n                                        <\/div>\r\n                <div class=\"accordion-content content1674059011667 \">\r\n                    <ul>\n<li><strong>PDI (Personal Docent Investigador) i PI (Personal d\u00b4Investigaci\u00f3):<\/strong><\/li>\n<\/ul>\n<p style=\"padding-left: 60px;text-align: justify\">Per a fer \u00fas del servei, es podr\u00e0 realitzar la sol\u00b7licitud a trav\u00e9s del <a href=\"https:\/\/umh.gtbib.net\/menu_usuario.php?centro=$UMH&amp;soy=u&amp;\">formulari electr\u00f2nic del Servei de Pr\u00e9stec Interbibliotecari,<\/a> sent necessari donar-se pr\u00e8viament d\u00b4 <a href=\"https:\/\/umh.gtbib.net\/menu_usuario.php?p=I0dUZFhOMVlYSnBiMTkxYzNWaGNtbHZjMTloYkhSaExuQm9jQT09&amp;centro=$UMH\">alta<\/a> abans de realitzar la seua primera sol\u00b7licitud. <span style=\"color: #993300\"><a style=\"color: #993300;text-decoration: underline\" href=\"http:\/\/biblioteca.umh.es\/servicios-al-profesorado\/prestamo-interbibliotecario\/guia-de-uso-paso-a-paso\/\">Consulta aquesta guia d\u00b4\u00fas.<\/a><\/span><\/p>\n<p style=\"padding-left: 60px;text-align: justify\">Excepcionalment, quan es produ\u00efsquen problemes t\u00e8cnics que impedisquen utilitzar aquest formulari es podran utilitzar altres mitjans per a la sol\u00b7licitud de documents com el correu electr\u00f2nic dirigit al Servei de Pr\u00e9stec Interbibliotecari.<\/p>\n<p style=\"padding-left: 90px\">Correu- e: <a href=\"mailto:spi@umh.es\">spi@umh.es<\/a><\/p>\n<p style=\"padding-left: 90px\">Tel. 965 91 9328<\/p>\n<ul>\n<li><strong><span style=\"color: #000000\">Alumnes, PAS (Personal d\u00b4Administraci\u00f3 i Serveis) i Usuaris Externs:<\/span><\/strong><\/li>\n<\/ul>\n<p style=\"padding-left: 60px;text-align: justify\">Es podr\u00e0 sol\u00b7licitar la prestaci\u00f3 d'aquest servei en el taulell d'informaci\u00f3 de qualsevol Biblioteca de la *UMH. La retirada dels documents obtinguts podr\u00e0 realitzar-se previ abonament de l'import estipulat, segons les tarifes referides. S'efectuar\u00e0 el pagament a trav\u00e9s del servei web de <a href=\"https:\/\/universite.umh.es\/recibos\/\" target=\"_blank\" rel=\"noopener\">\"Pago de recibos\"\u00a0seleccionando el TIPO de recibo \u201cOtros Servicios\u201d y el SUBTIPO \u201cServicio de Pr\u00e9stamo Interbibliotecario SPI\u201d<\/a><\/p>\n<p style=\"padding-left: 40px\"><a href=\"https:\/\/www.rebiun.org\/prestamo-interbibliotecario\/tarifas-de-prestamo-interbibliotecario-2024\" target=\"_blank\" rel=\"noopener\">Tarifes del Pr\u00e9stec Interbibliotecari-REBIUN<\/a><\/p>\n                <\/div>\r\n                    <\/div>\r\n    <script>\r\n        jQuery(document).ready(function($){accordions_active_index_12517 = [];        })\r\n    <\/script>    <script>\r\n        jQuery(document).ready(function($){\r\n            accordion_12517  = $(\"#accordions-12517 .items\").accordion({\r\n                event: \"click\",\r\n                collapsible:true,\r\n                heightStyle: \"content\",\r\n                animate: (\"swing\", 1000),\r\n                navigation: true,\r\n                active: 999,\r\n                            });\r\n        })\r\n    <\/script>\r\n                <\/div>\n<p><div id=\"accordions-12691\" class=\"accordions-12691 accordions\">\r\n                <div id=\"accordions-lazy-12691\" class=\"accordions-lazy\">\r\n                    <\/div>\r\n        <script>\r\n            jQuery(window).load(function(){\r\n                jQuery('#accordions-lazy-12691').fadeOut();\r\n                jQuery('#accordions-12691 .items').fadeIn();\r\n            });\r\n        <\/script><style type='text\/css'>\r\n        @media only screen and (min-width: 1024px ){\r\n            #accordions-12691 {\r\n                            width: 100%;\r\n                        }\r\n        }\r\n        @media only screen and ( min-width: 768px ) and ( max-width: 1023px ) {\r\n            #accordions-12691 {\r\n                            width: 100%;\r\n                        }\r\n        }\r\n        @media only screen and ( min-width: 0px ) and ( max-width: 767px ){\r\n            #accordions-12691 {\r\n                            width: 100%;\r\n                        }\r\n        }\r\n                    #accordions-12691 .items {display: none;}\r\n            #accordions-12691 .accordions-lazy {\r\n                text-align: center;\r\n                position: absolute;\r\n                top: 50%;\r\n                left: 50%;\r\n                transform: translate(-50%, -50%);\r\n            }\r\n            #accordions-12691 {\r\n                            text-align: left;\r\n                                        background:#ffffff url() repeat scroll 0 0;\r\n                                    position: relative;\r\n        }\r\n        #accordions-12691 .accordions-head{\r\n                    background:#c5dde0 none repeat scroll 0 0;\r\n                                    outline: none;\r\n        }\r\n        #accordions-12691 .accordions-head-title{\r\n                            color:#000000;\r\n                            font-size:16px;\r\n                }\r\n        #accordions-12691 .accordions-head-title-toggle{\r\n                    color:#000000;\r\n                            font-size:16px;\r\n                }\r\n        #accordions-12691 .accordions-head:hover .accordions-head-title{\r\n                    color:#ffffff;\r\n                }\r\n        #accordions-12691 .ui-state-active{\r\n                    background: #becee0;\r\n                    border: none;\r\n        }\r\n        #accordions-12691 .accordion-content{\r\n                            background:#ffffff none repeat scroll 0 0;\r\n                            color:#333333;\r\n                                            border: none;\r\n        }\r\n        #accordions-12691 .accordion-icons{\r\n                                                                    }\r\n        #accordions-12691 .accordions-head:hover .accordion-icons span{\r\n                    }\r\n            <\/style>\r\n    <div class=\"items\">\r\n                        <div post_id=\"12691\" itemcount=\"0\" header_id=\"header-1674243017279\" id=\"header-1674243017279\" style=\"\" class=\"accordions-head head1674243017279 border-none\" toggle-text=\"\" main-text=\"Sol\u00b7licitud de documents de la UMH per altres biblioteques o centres externs\">\r\n                                            <span id=\"accordion-icons-1674243017279\" class=\"accordion-icons\">\r\n                            <span class=\"accordion-icon-active accordion-plus\"><i class=\"fas fa-chevron-up\"><\/i><\/span>\r\n                            <span class=\"accordion-icon-inactive accordion-minus\"><i class=\"fas fa-chevron-right\"><\/i><\/span>\r\n                        <\/span>\r\n                        <span id=\"header-text-1674243017279\" class=\"accordions-head-title\">Sol\u00b7licitud de documents de la UMH per altres biblioteques o centres externs<\/span>\r\n                                        <\/div>\r\n                <div class=\"accordion-content content1674243017279 \">\r\n                    <p style=\"text-align: justify\">Les Biblioteques, Centres de Documentaci\u00f3, etc.. \u00a0de les institucions (no s'admetran sol\u00b7licituds cursades per particulars) que requerisquen documents disponibles a les Biblioteques de la Universitat Miguel Hern\u00e1ndez, poden sol\u00b7licitar-los de la seg\u00fcent manera:<\/p>\n<ul>\n<li style=\"list-style-type: none\">\n<ul>\n<li>Formulari EH a trav\u00e9s de Gtbib-SOD<\/li>\n<li>A trav\u00e9s del C17<\/li>\n<li>Correu electr\u00f2nic: spi@umh.es<\/li>\n<li>Tel\u00e8fon: 965919328<\/li>\n<li>Correu postal:<\/li>\n<\/ul>\n<\/li>\n<\/ul>\n<p style=\"padding-left: 120px\">UNIVERSITAT MIGUEL HERN\u00c1NDEZ D'ELX<br \/>\nBiblioteca. Servei de Pr\u00e9stec Interbibliotecari<br \/>\n03550 \u2013 Sant Joan d'Alacant (Alacant)<br \/>\nEspanya<\/p>\n<p style=\"text-align: justify\">Les <a href=\"https:\/\/www.rebiun.org\/tarifas-de-prestamo-interbibliotecario-2023\">tarifes<\/a> que s'aplicaran seran les vigents en la Xarxa REBIUN<\/p>\n                <\/div>\r\n                    <\/div>\r\n    <script>\r\n        jQuery(document).ready(function($){accordions_active_index_12691 = [];        })\r\n    <\/script>    <script>\r\n        jQuery(document).ready(function($){\r\n            accordion_12691  = $(\"#accordions-12691 .items\").accordion({\r\n                event: \"click\",\r\n                collapsible:true,\r\n                heightStyle: \"content\",\r\n                animate: (\"swing\", 1000),\r\n                navigation: true,\r\n                active: 999,\r\n                            });\r\n        })\r\n    <\/script>\r\n                <\/div><\/p>","protected":false},"excerpt":{"rendered":"<p>Aquest servei permet als usuaris de la UMH obtindre documents que no es troben en els fons de les seues Biblioteques, tant si es tracta d&#8217;originals en pr\u00e9stec com de fotoc\u00f2pies d&#8217;articles de revista o de cap\u00edtols d&#8217;un llibre. Tamb\u00e9 permet a altres biblioteques o centres externs sol\u00b7licitar material bibliogr\u00e0fic i documental disponible a les [&#8230;]<\/p>\n","protected":false},"author":3622,"featured_media":0,"parent":827,"menu_order":9,"comment_status":"closed","ping_status":"open","template":"","meta":{"ngg_post_thumbnail":0,"_links_to":"","_links_to_target":""},"_links":{"self":[{"href":"https:\/\/biblioteca.umh.es\/ca\/wp-json\/wp\/v2\/pages\/836"}],"collection":[{"href":"https:\/\/biblioteca.umh.es\/ca\/wp-json\/wp\/v2\/pages"}],"about":[{"href":"https:\/\/biblioteca.umh.es\/ca\/wp-json\/wp\/v2\/types\/page"}],"author":[{"embeddable":true,"href":"https:\/\/biblioteca.umh.es\/ca\/wp-json\/wp\/v2\/users\/3622"}],"replies":[{"embeddable":true,"href":"https:\/\/biblioteca.umh.es\/ca\/wp-json\/wp\/v2\/comments?post=836"}],"version-history":[{"count":0,"href":"https:\/\/biblioteca.umh.es\/ca\/wp-json\/wp\/v2\/pages\/836\/revisions"}],"up":[{"embeddable":true,"href":"https:\/\/biblioteca.umh.es\/ca\/wp-json\/wp\/v2\/pages\/827"}],"wp:attachment":[{"href":"https:\/\/biblioteca.umh.es\/ca\/wp-json\/wp\/v2\/media?parent=836"}],"curies":[{"name":"wp","href":"https:\/\/api.w.org\/{rel}","templated":true}]}}