{"id":828,"date":"2014-11-03T14:06:36","date_gmt":"2014-11-03T13:06:36","guid":{"rendered":"http:\/\/biblioteca.umh.es\/?page_id=828"},"modified":"2025-12-04T18:36:01","modified_gmt":"2025-12-04T17:36:01","slug":"ayuda-al-investigador","status":"publish","type":"page","link":"https:\/\/biblioteca.umh.es\/ca\/servicios-al-investigador\/ayuda-al-investigador\/","title":{"rendered":"Suport a la investigaci\u00f3"},"content":{"rendered":"<p><\/p>\n<div style=\"text-align: justify\">La Biblioteca de la UMH dona&nbsp;<em>suport a la investigaci\u00f3<\/em>, proporcionant als seus investigadors\/as el suport i les eines necess\u00e0ries per al desenvolupament, publicaci\u00f3 i posterior reconeixement dels seus treballs cient\u00edfics.<\/div>\n<div>&nbsp;<\/div>\n<div>\n<ul>\n<li><a href=\"https:\/\/biblioteca.umh.es\/ca\/servicios-al-investigador\/ayuda-al-investigador\/sexenios-de-investigacion\/\" target=\"_blank\" rel=\"noopener\">Sexennis d&#8217;investigaci\u00f3<\/a><\/li>\n<li><a href=\"https:\/\/biblioteca.umh.es\/ca\/servicios-al-investigador\/ayuda-al-investigador\/perfil-del-investigador-prueba\/\" target=\"_blank\" rel=\"noopener\">Perfil d&#8217;investigador<\/a><\/li>\n<li><a href=\"https:\/\/biblioteca.umh.es\/ca\/servicios-al-investigador\/ayuda-al-investigador\/datos-de-investigacion\/\" target=\"_blank\" rel=\"noopener\">Dades d&#8217;investigaci\u00f3<\/a><\/li>\n<li><a href=\"https:\/\/www.aneca.es\/documents\/20123\/53669\/report_PROCEDIMIENTO_ACADEMIA_270124.pdf\/9ccf5152-ba5b-9643-35a2-1e76be52ad0b?t=1706518997895\">Acreditacions 2024-ANECA: Procediment per a l&#8217;obtenci\u00f3 de l&#8217;acreditaci\u00f3 estatal per a l&#8217;acc\u00e9s als cossos docents universitaris.<\/a><\/li>\n<\/ul>\n<\/div>\n<div>&nbsp;<\/div>\n<div>&nbsp;<\/div>\n<div style=\"text-align: justify\">&nbsp;&nbsp;&nbsp;&nbsp;<\/div>\n<div>&nbsp;<\/div>\n<div>&nbsp;<\/div>\n<div style=\"text-align: right\">&nbsp;<\/div>\n<div>&nbsp;<\/div>\n<div style=\"text-align: right\">&nbsp;<\/div>\n<div>&nbsp;<\/div>\n<div>&nbsp;<\/div>\n<div>&nbsp;<\/div>\n<div>&nbsp;<\/div>\n<div>&nbsp;<\/div>\n<div>&nbsp;<\/div>\n<div>&nbsp;<\/div>\n<div>&nbsp;<\/div>\n<div>&nbsp;<\/div>\n<div>&nbsp;<\/div>\n<div><a href=\"mailto:biblio_inves@umh.es\"><img loading=\"lazy\" class=\"wp-image-3629 alignright\" src=\"https:\/\/biblioteca.umh.es\/files\/2019\/02\/email-1-298x300.png\" alt=\"\" width=\"161\" height=\"162\" srcset=\"https:\/\/biblioteca.umh.es\/files\/2019\/02\/email-1-298x300.png 298w, https:\/\/biblioteca.umh.es\/files\/2019\/02\/email-1-150x150.png 150w, https:\/\/biblioteca.umh.es\/files\/2019\/02\/email-1.png 378w\" sizes=\"(max-width: 161px) 100vw, 161px\" \/><\/a><\/div>\n<p><\/p>","protected":false},"excerpt":{"rendered":"<p>La Biblioteca de la UMH dona&nbsp;suport a la investigaci\u00f3, proporcionant als seus investigadors\/as el suport i les eines necess\u00e0ries per al desenvolupament, publicaci\u00f3 i posterior reconeixement dels seus treballs cient\u00edfics.<br \/>\n&nbsp;<\/p>\n<p>Sexennis d&#8217;investigaci\u00f3<br \/>\nPerfil d&#8217;investigador<br \/>\nDades d&#8217;investigaci\u00f3<br \/>\nAcreditacions 2024-ANECA: Procediment per a l&#8217;obtenci\u00f3 de l&#8217;acreditaci\u00f3 estatal per a l&#8217;acc\u00e9s als cossos docents universitaris.<\/p>\n<p>&nbsp;<br \/>\n&nbsp;<br \/>\n&nbsp;&nbsp;&nbsp;&nbsp;<br \/>\n&nbsp;<br \/>\n&nbsp;<br \/>\n&nbsp;<br \/>\n&nbsp;<br \/>\n&nbsp;<br \/>\n&nbsp;<br \/>\n&nbsp;<br \/>\n&nbsp;<br \/>\n&nbsp;<br \/>\n&nbsp;<br \/>\n&nbsp;<br \/>\n&nbsp;<br \/>\n&nbsp;<br \/>\n&nbsp;<br \/>\n&nbsp;<\/p>\n","protected":false},"author":3622,"featured_media":0,"parent":827,"menu_order":1,"comment_status":"closed","ping_status":"open","template":"","meta":{"ngg_post_thumbnail":0,"_links_to":"","_links_to_target":""},"_links":{"self":[{"href":"https:\/\/biblioteca.umh.es\/ca\/wp-json\/wp\/v2\/pages\/828"}],"collection":[{"href":"https:\/\/biblioteca.umh.es\/ca\/wp-json\/wp\/v2\/pages"}],"about":[{"href":"https:\/\/biblioteca.umh.es\/ca\/wp-json\/wp\/v2\/types\/page"}],"author":[{"embeddable":true,"href":"https:\/\/biblioteca.umh.es\/ca\/wp-json\/wp\/v2\/users\/3622"}],"replies":[{"embeddable":true,"href":"https:\/\/biblioteca.umh.es\/ca\/wp-json\/wp\/v2\/comments?post=828"}],"version-history":[{"count":0,"href":"https:\/\/biblioteca.umh.es\/ca\/wp-json\/wp\/v2\/pages\/828\/revisions"}],"up":[{"embeddable":true,"href":"https:\/\/biblioteca.umh.es\/ca\/wp-json\/wp\/v2\/pages\/827"}],"wp:attachment":[{"href":"https:\/\/biblioteca.umh.es\/ca\/wp-json\/wp\/v2\/media?parent=828"}],"curies":[{"name":"wp","href":"https:\/\/api.w.org\/{rel}","templated":true}]}}