{"id":8269,"date":"2021-12-14T17:08:40","date_gmt":"2021-12-14T16:08:40","guid":{"rendered":"https:\/\/biblioteca.umh.es\/?page_id=8269"},"modified":"2023-03-09T15:57:56","modified_gmt":"2023-03-09T14:57:56","slug":"tarjeta-solidaria","status":"publish","type":"page","link":"https:\/\/biblioteca.umh.es\/ca\/presentacion\/carnet\/tarjeta-solidaria\/","title":{"rendered":"Targeta solid\u00e0ria"},"content":{"rendered":"<p><\/p>\n<p style=\"text-align: justify\">Des de gener de 2020 als usuaris amb perfil de&nbsp;<strong><em>Targeta solid\u00e0ria<\/em><\/strong> se&#8217;ls dona d&#8217;alta en els propis serveis que vagen a utilitzar, en el nostre cas, la Biblioteca, per a pr\u00e9stec de llibres i amb les mateixes caracter\u00edstiques del Grup 4 (vegeu <a href=\"https:\/\/biblioteca.umh.es\/files\/2009\/09\/NOT.-MODIFICACION-DEL-REGLAMENTO-DE-REGIMEN-INTERNO-DE-LA-BIBLIOTECA.pdf\">Normativa del Servei de Pr\u00e9stec)<\/a>. Una vegada hages realitzat el pagament de la <a href=\"https:\/\/universite.umh.es\/recibos\/\">taxa<\/a> corresponent haur\u00e0s d\u00b4entregar en la biblioteca una c\u00f2pia del justificant de pagament i del teu DNI perqu\u00e8 et puguem donar d&#8217;alta en el nostre programa de gesti\u00f3 bibliotec\u00e0ria. Podr\u00e0s utilitzar el teu DNI com a targeta per a portar-te els llibres en pr\u00e9stec.<\/p>\n<p>&nbsp; &nbsp;<a href=\"http:\/\/universite.umh.es\/_web_rw\/boumh\/docs\/4649_NORMATIVA%20TARJETA%20UMH%20SOLIDARIA.pdf\"><img loading=\"lazy\" class=\"alignnone wp-image-8215 size-full\" src=\"https:\/\/biblioteca.umh.es\/files\/2021\/12\/Targeta_sol.png\" alt=\"\" width=\"275\" height=\"135\"><\/a><\/p>\n<p>&nbsp;<\/p>","protected":false},"excerpt":{"rendered":"<p>Des de gener de 2020 als usuaris amb perfil de&nbsp;Targeta solid\u00e0ria se&#8217;ls dona d&#8217;alta en els propis serveis que vagen a utilitzar, en el nostre cas, la Biblioteca, per a pr\u00e9stec de llibres i amb les mateixes caracter\u00edstiques del Grup 4 (vegeu Normativa del Servei de Pr\u00e9stec). Una vegada hages realitzat el pagament de la [&#8230;]<\/p>\n","protected":false},"author":3644,"featured_media":0,"parent":2576,"menu_order":3,"comment_status":"closed","ping_status":"closed","template":"","meta":{"ngg_post_thumbnail":0,"_links_to":"","_links_to_target":""},"_links":{"self":[{"href":"https:\/\/biblioteca.umh.es\/ca\/wp-json\/wp\/v2\/pages\/8269"}],"collection":[{"href":"https:\/\/biblioteca.umh.es\/ca\/wp-json\/wp\/v2\/pages"}],"about":[{"href":"https:\/\/biblioteca.umh.es\/ca\/wp-json\/wp\/v2\/types\/page"}],"author":[{"embeddable":true,"href":"https:\/\/biblioteca.umh.es\/ca\/wp-json\/wp\/v2\/users\/3644"}],"replies":[{"embeddable":true,"href":"https:\/\/biblioteca.umh.es\/ca\/wp-json\/wp\/v2\/comments?post=8269"}],"version-history":[{"count":0,"href":"https:\/\/biblioteca.umh.es\/ca\/wp-json\/wp\/v2\/pages\/8269\/revisions"}],"up":[{"embeddable":true,"href":"https:\/\/biblioteca.umh.es\/ca\/wp-json\/wp\/v2\/pages\/2576"}],"wp:attachment":[{"href":"https:\/\/biblioteca.umh.es\/ca\/wp-json\/wp\/v2\/media?parent=8269"}],"curies":[{"name":"wp","href":"https:\/\/api.w.org\/{rel}","templated":true}]}}