{"id":7966,"date":"2021-12-02T12:37:04","date_gmt":"2021-12-02T11:37:04","guid":{"rendered":"https:\/\/biblioteca.umh.es\/?page_id=7966"},"modified":"2023-01-12T18:01:07","modified_gmt":"2023-01-12T17:01:07","slug":"faqs-preguntas-frecuentes","status":"publish","type":"page","link":"https:\/\/biblioteca.umh.es\/ca\/presentacion\/biblioguias\/faqs-preguntas-frecuentes\/","title":{"rendered":"FAQs-Preguntes freq\u00fcents"},"content":{"rendered":"<p><a href=\"https:\/\/biblioteca.umh.es\/files\/2021\/12\/Biblioguia.-FAQs-3-Informacion-general-y-formacion.pdf\"><img loading=\"lazy\" class=\"alignleft wp-image-7969 size-medium\" src=\"https:\/\/biblioteca.umh.es\/files\/2021\/12\/FAQS-informacion-general-237x300.png\" alt=\"Acceso en pdf a la Bibliogu\u00eda de Informaci\u00f3n general y formaci\u00f3n.\" width=\"237\" height=\"300\" srcset=\"https:\/\/biblioteca.umh.es\/files\/2021\/12\/FAQS-informacion-general-237x300.png 237w, https:\/\/biblioteca.umh.es\/files\/2021\/12\/FAQS-informacion-general.png 702w\" sizes=\"(max-width: 237px) 100vw, 237px\" \/><\/a><a href=\"https:\/\/biblioteca.umh.es\/files\/2021\/12\/FAQs-PRESTAMO-Y-REPRODUCCION.png\"><img loading=\"lazy\" class=\"alignleft wp-image-7972 size-medium\" src=\"https:\/\/biblioteca.umh.es\/files\/2021\/12\/FAQs-PRESTAMO-Y-REPRODUCCION-233x300.png\" alt=\"Acceso en pdf a la Bibliogu\u00eda de Pr\u00e9stamo y reproducci\u00f3n de documentos.\" width=\"233\" height=\"300\" srcset=\"https:\/\/biblioteca.umh.es\/files\/2021\/12\/FAQs-PRESTAMO-Y-REPRODUCCION-233x300.png 233w, https:\/\/biblioteca.umh.es\/files\/2021\/12\/FAQs-PRESTAMO-Y-REPRODUCCION.png 681w\" sizes=\"(max-width: 233px) 100vw, 233px\" \/><\/a><a href=\"https:\/\/biblioteca.umh.es\/files\/2021\/12\/Biblioguia.-FAQs-4-Catalogo-y-recursos-e.pdf\"><img loading=\"lazy\" class=\"alignleft wp-image-7975 size-medium\" src=\"https:\/\/biblioteca.umh.es\/files\/2021\/12\/FAQs-catalogo-223x300.png\" alt=\"Acceso en pdf a la Bibliogu\u00eda del Cat\u00e1logo y recursos-e.\" width=\"223\" height=\"300\" srcset=\"https:\/\/biblioteca.umh.es\/files\/2021\/12\/FAQs-catalogo-223x300.png 223w, https:\/\/biblioteca.umh.es\/files\/2021\/12\/FAQs-catalogo.png 651w\" sizes=\"(max-width: 223px) 100vw, 223px\" \/><\/a><a href=\"https:\/\/biblioteca.umh.es\/files\/2021\/12\/Biblioguia.-FAQs-1-Docencia-e-Investigacion.pdf\"><img loading=\"lazy\" class=\"alignleft wp-image-7981 size-medium\" src=\"https:\/\/biblioteca.umh.es\/files\/2021\/12\/FAQs-docencia-e-investigacion-220x300.png\" alt=\"Acceso en pdf a la Bibliogu\u00eda de Docencia e investigaci\u00f3n.\" width=\"220\" height=\"300\" srcset=\"https:\/\/biblioteca.umh.es\/files\/2021\/12\/FAQs-docencia-e-investigacion-220x300.png 220w, https:\/\/biblioteca.umh.es\/files\/2021\/12\/FAQs-docencia-e-investigacion.png 672w\" sizes=\"(max-width: 220px) 100vw, 220px\" \/><\/a><a href=\"https:\/\/biblioteca.umh.es\/files\/2021\/12\/FAQs-INFORMACION-BIBLIOGRAFICA.png\"><img loading=\"lazy\" class=\"alignleft wp-image-7978 size-medium\" src=\"https:\/\/biblioteca.umh.es\/files\/2021\/12\/FAQs-INFORMACION-BIBLIOGRAFICA-234x300.png\" alt=\"Acceso en pdf a la Bibliogu\u00eda de Informaci\u00f3n bibliogr\u00e1fica y adquisiciones.\" width=\"234\" height=\"300\" srcset=\"https:\/\/biblioteca.umh.es\/files\/2021\/12\/FAQs-INFORMACION-BIBLIOGRAFICA-234x300.png 234w, https:\/\/biblioteca.umh.es\/files\/2021\/12\/FAQs-INFORMACION-BIBLIOGRAFICA.png 687w\" sizes=\"(max-width: 234px) 100vw, 234px\" \/><\/a><\/p>","protected":false},"excerpt":{"rendered":"","protected":false},"author":3622,"featured_media":0,"parent":7984,"menu_order":1,"comment_status":"closed","ping_status":"closed","template":"","meta":{"ngg_post_thumbnail":0,"_links_to":"","_links_to_target":""},"_links":{"self":[{"href":"https:\/\/biblioteca.umh.es\/ca\/wp-json\/wp\/v2\/pages\/7966"}],"collection":[{"href":"https:\/\/biblioteca.umh.es\/ca\/wp-json\/wp\/v2\/pages"}],"about":[{"href":"https:\/\/biblioteca.umh.es\/ca\/wp-json\/wp\/v2\/types\/page"}],"author":[{"embeddable":true,"href":"https:\/\/biblioteca.umh.es\/ca\/wp-json\/wp\/v2\/users\/3622"}],"replies":[{"embeddable":true,"href":"https:\/\/biblioteca.umh.es\/ca\/wp-json\/wp\/v2\/comments?post=7966"}],"version-history":[{"count":0,"href":"https:\/\/biblioteca.umh.es\/ca\/wp-json\/wp\/v2\/pages\/7966\/revisions"}],"up":[{"embeddable":true,"href":"https:\/\/biblioteca.umh.es\/ca\/wp-json\/wp\/v2\/pages\/7984"}],"wp:attachment":[{"href":"https:\/\/biblioteca.umh.es\/ca\/wp-json\/wp\/v2\/media?parent=7966"}],"curies":[{"name":"wp","href":"https:\/\/api.w.org\/{rel}","templated":true}]}}