{"id":7372,"date":"2021-11-16T13:01:48","date_gmt":"2021-11-16T12:01:48","guid":{"rendered":"https:\/\/biblioteca.umh.es\/?page_id=7372"},"modified":"2023-05-18T16:38:32","modified_gmt":"2023-05-18T14:38:32","slug":"proteccion-de-datos","status":"publish","type":"page","link":"https:\/\/biblioteca.umh.es\/ca\/servicios-al-investigador\/propiedad-intelectual-2\/proteccion-de-datos\/","title":{"rendered":"Protecci\u00f3 de dades"},"content":{"rendered":"<p><img loading=\"lazy\" class=\"alignleft wp-image-7369 size-medium\" src=\"https:\/\/biblioteca.umh.es\/files\/2021\/11\/proteccion-de-datos-imagen1-300x150.jpg\" alt=\"\" width=\"300\" height=\"150\" srcset=\"https:\/\/biblioteca.umh.es\/files\/2021\/11\/proteccion-de-datos-imagen1-300x150.jpg 300w, https:\/\/biblioteca.umh.es\/files\/2021\/11\/proteccion-de-datos-imagen1.jpg 563w\" sizes=\"(max-width: 300px) 100vw, 300px\" \/><\/p>\n<p style=\"text-align: justify\">El dret fonamental a la protecci\u00f3 de dades, (derivat de la nostra Constituci\u00f3) atribueix als ciutadans un poder de disposici\u00f3 sobre les seues dades, de manera que, puguen disposar d&#8217;aquests. El Reglament Europeu de protecci\u00f3 de dades reconeix espec\u00edficament als ciutadans els seg\u00fcents drets en mat\u00e8ria de protecci\u00f3 de dades:<\/p>\n<p><img loading=\"lazy\" class=\"aligncenter wp-image-7366\" src=\"https:\/\/biblioteca.umh.es\/files\/2021\/11\/proteccion-de-datos-imagen-2.png\" alt=\"\" width=\"930\" height=\"632\" srcset=\"https:\/\/biblioteca.umh.es\/files\/2021\/11\/proteccion-de-datos-imagen-2.png 562w, https:\/\/biblioteca.umh.es\/files\/2021\/11\/proteccion-de-datos-imagen-2-300x204.png 300w\" sizes=\"(max-width: 930px) 100vw, 930px\" \/><\/p>\n<p><strong>Aquests drets tenen les seg\u00fcents particularitats:<\/strong><\/p>\n<ul>\n<li style=\"text-align: justify\">Si les sol\u00b7licituds s\u00f3n manifestament infundades o excessives (p. ex., car\u00e0cter repetitiu) el responsable podr\u00e0:\n<ul>\n<li>Cobrar un c\u00e0non proporcional als costos administratius suportats.<\/li>\n<li>Negar-se a actuar.<\/li>\n<\/ul>\n<\/li>\n<li style=\"text-align: justify\">Les sol\u00b7licituds han de respondre&#8217;s en el termini d&#8217;un mes, encara que, si es t\u00e9 en compte la complexitat i nombre de sol\u00b7licituds, es pot prorrogar el termini altres dos mesos m\u00e9s.<\/li>\n<li style=\"text-align: justify\">Si la sol\u00b7licitud es presenta per mitjans electr\u00f2nics, la informaci\u00f3 es facilitar\u00e0 per aquests mitjans quan siga possible, llevat que la persona interessada sol\u00b7licite que siga d&#8217;una altra manera.<\/li>\n<li style=\"text-align: justify\">Si la persona responsable del tractament no dona curs a la sol\u00b7licitud, informar\u00e0 i a tot tardar en un mes, de les raons de la seua no actuaci\u00f3 i la possibilitat de reclamar davant una Autoritat de Control.<\/li>\n<li style=\"text-align: justify\">Es pot exercir els drets directament o per mitj\u00e0 d&#8217;un representant legal o voluntari.<\/li>\n<\/ul>\n<p><\/p>","protected":false},"excerpt":{"rendered":"<p>El dret fonamental a la protecci\u00f3 de dades, (derivat de la nostra Constituci\u00f3) atribueix als ciutadans un poder de disposici\u00f3 sobre les seues dades, de manera que, puguen disposar d&#8217;aquests. El Reglament Europeu de protecci\u00f3 de dades reconeix espec\u00edficament als ciutadans els seg\u00fcents drets en mat\u00e8ria de protecci\u00f3 de dades:<\/p>\n<p>Aquests drets tenen les seg\u00fcents particularitats:<\/p>\n<p>Si [&#8230;]<\/p>\n","protected":false},"author":3622,"featured_media":0,"parent":1869,"menu_order":5,"comment_status":"closed","ping_status":"closed","template":"","meta":{"ngg_post_thumbnail":0,"_links_to":"","_links_to_target":""},"_links":{"self":[{"href":"https:\/\/biblioteca.umh.es\/ca\/wp-json\/wp\/v2\/pages\/7372"}],"collection":[{"href":"https:\/\/biblioteca.umh.es\/ca\/wp-json\/wp\/v2\/pages"}],"about":[{"href":"https:\/\/biblioteca.umh.es\/ca\/wp-json\/wp\/v2\/types\/page"}],"author":[{"embeddable":true,"href":"https:\/\/biblioteca.umh.es\/ca\/wp-json\/wp\/v2\/users\/3622"}],"replies":[{"embeddable":true,"href":"https:\/\/biblioteca.umh.es\/ca\/wp-json\/wp\/v2\/comments?post=7372"}],"version-history":[{"count":0,"href":"https:\/\/biblioteca.umh.es\/ca\/wp-json\/wp\/v2\/pages\/7372\/revisions"}],"up":[{"embeddable":true,"href":"https:\/\/biblioteca.umh.es\/ca\/wp-json\/wp\/v2\/pages\/1869"}],"wp:attachment":[{"href":"https:\/\/biblioteca.umh.es\/ca\/wp-json\/wp\/v2\/media?parent=7372"}],"curies":[{"name":"wp","href":"https:\/\/api.w.org\/{rel}","templated":true}]}}