{"id":7351,"date":"2021-11-15T12:58:51","date_gmt":"2021-11-15T11:58:51","guid":{"rendered":"https:\/\/biblioteca.umh.es\/?page_id=7351"},"modified":"2022-02-24T17:41:53","modified_gmt":"2022-02-24T16:41:53","slug":"servicio-de-referencia-virtual","status":"publish","type":"page","link":"https:\/\/biblioteca.umh.es\/ca\/presentacion\/pregunta-a-la-biblioteca\/servicio-de-referencia-virtual\/","title":{"rendered":"Servei de Refer\u00e8ncia Virtual"},"content":{"rendered":"<p><\/p>\n<p style=\"text-align: justify\">El Servei de Refer\u00e8ncia Virtual pret\u00e9n donar assist\u00e8ncia personal a l&#8217;usuari, en el proc\u00e9s de cerca d&#8217;informaci\u00f3. La biblioteca vol garantir que qualsevol consulta o dubte dels usuaris siga recollida i atesa, b\u00e9 de manera immediata o a trav\u00e9s dels diferents serveis d&#8217;informaci\u00f3 que la biblioteca ofereix.<\/p>\n<p style=\"text-align: justify\"><a href=\"https:\/\/biblioteca.umh.es\/files\/2021\/11\/GUIA-Pregunta-a-la-biblioteca.pdf\">Gu\u00eda informativa &#8220;Pregunta a la biblioteca&#8221;<\/a><\/p>\n<p><\/p>","protected":false},"excerpt":{"rendered":"<p>El Servei de Refer\u00e8ncia Virtual pret\u00e9n donar assist\u00e8ncia personal a l&#8217;usuari, en el proc\u00e9s de cerca d&#8217;informaci\u00f3. La biblioteca vol garantir que qualsevol consulta o dubte dels usuaris siga recollida i atesa, b\u00e9 de manera immediata o a trav\u00e9s dels diferents serveis d&#8217;informaci\u00f3 que la biblioteca ofereix.<br \/>\nGu\u00eda informativa &#8220;Pregunta a la biblioteca&#8221;<\/p>\n","protected":false},"author":3622,"featured_media":0,"parent":6146,"menu_order":1,"comment_status":"closed","ping_status":"closed","template":"","meta":{"ngg_post_thumbnail":0,"_links_to":"","_links_to_target":""},"_links":{"self":[{"href":"https:\/\/biblioteca.umh.es\/ca\/wp-json\/wp\/v2\/pages\/7351"}],"collection":[{"href":"https:\/\/biblioteca.umh.es\/ca\/wp-json\/wp\/v2\/pages"}],"about":[{"href":"https:\/\/biblioteca.umh.es\/ca\/wp-json\/wp\/v2\/types\/page"}],"author":[{"embeddable":true,"href":"https:\/\/biblioteca.umh.es\/ca\/wp-json\/wp\/v2\/users\/3622"}],"replies":[{"embeddable":true,"href":"https:\/\/biblioteca.umh.es\/ca\/wp-json\/wp\/v2\/comments?post=7351"}],"version-history":[{"count":0,"href":"https:\/\/biblioteca.umh.es\/ca\/wp-json\/wp\/v2\/pages\/7351\/revisions"}],"up":[{"embeddable":true,"href":"https:\/\/biblioteca.umh.es\/ca\/wp-json\/wp\/v2\/pages\/6146"}],"wp:attachment":[{"href":"https:\/\/biblioteca.umh.es\/ca\/wp-json\/wp\/v2\/media?parent=7351"}],"curies":[{"name":"wp","href":"https:\/\/api.w.org\/{rel}","templated":true}]}}