{"id":7339,"date":"2021-11-15T12:29:08","date_gmt":"2021-11-15T11:29:08","guid":{"rendered":"https:\/\/biblioteca.umh.es\/?page_id=7339"},"modified":"2022-09-28T15:51:24","modified_gmt":"2022-09-28T13:51:24","slug":"formulario-de-contacto-2","status":"publish","type":"page","link":"https:\/\/biblioteca.umh.es\/ca\/presentacion\/pregunta-a-la-biblioteca\/formulario-de-contacto-2\/","title":{"rendered":"Formulari de contacte"},"content":{"rendered":"<p><\/p>\n<p style=\"text-align: justify\">Si vols manifestar algun tipus d&#8217;incid\u00e8ncia, queixa, suggeriment o agra\u00efment, per al millor funcionament dels Centres o Serveis de la Biblioteca de la Universitat Miguel Hern\u00e1ndez, pots fer-nos-la arribar a trav\u00e9s d&#8217;aquest formulari. Tamb\u00e9 pots formular una consulta, per al que disposes de la <a href=\"https:\/\/biblioteca.umh.es\/files\/2021\/10\/Gu\u00eda-Informativa-Pregunta-a-la-biblioteca.pdf\">Guia d&#8217;ajuda \u201cPregunta a la Biblioteca\u201d<\/a> que t&#8217;orientar\u00e0 sobre els serveis, consultes o informaci\u00f3 que pot facilitar-te la Biblioteca.<\/p>\n<p><div role=\"form\" class=\"wpcf7\" id=\"wpcf7-f8032-o2\" lang=\"es-ES\" dir=\"ltr\">\n<div class=\"screen-reader-response\"><p role=\"status\" aria-live=\"polite\" aria-atomic=\"true\"><\/p> <ul><\/ul><\/div>\n<form action=\"\/ca\/wp-json\/wp\/v2\/pages\/7339#wpcf7-f8032-o2\" method=\"post\" class=\"wpcf7-form init\" novalidate=\"novalidate\" data-status=\"init\">\n<div style=\"display: none;\">\n<input type=\"hidden\" name=\"_wpcf7\" value=\"8032\" \/>\n<input type=\"hidden\" name=\"_wpcf7_version\" value=\"5.5.2\" \/>\n<input type=\"hidden\" name=\"_wpcf7_locale\" value=\"es_ES\" \/>\n<input type=\"hidden\" name=\"_wpcf7_unit_tag\" value=\"wpcf7-f8032-o2\" \/>\n<input type=\"hidden\" name=\"_wpcf7_container_post\" value=\"0\" \/>\n<input type=\"hidden\" name=\"_wpcf7_posted_data_hash\" value=\"\" \/>\n<input type=\"hidden\" name=\"_wpcf7_recaptcha_response\" value=\"\" \/>\n<\/div>\n<p>DADES DEL SOL\u00b7LICITANT<\/p>\n<p>Nom i cognoms (obligatori)<br \/><span class=\"wpcf7-form-control-wrap nombre\"><input type=\"text\" name=\"nombre\" value=\"\" size=\"40\" class=\"wpcf7-form-control wpcf7-text wpcf7-validates-as-required\" aria-required=\"true\" aria-invalid=\"false\" \/><\/span><\/p>\n<p>Correu electr\u00f2nic (obligatori)<br \/>\n    <span class=\"wpcf7-form-control-wrap your-email\"><input type=\"email\" name=\"your-email\" value=\"\" size=\"40\" class=\"wpcf7-form-control wpcf7-text wpcf7-email wpcf7-validates-as-required wpcf7-validates-as-email\" aria-required=\"true\" aria-invalid=\"false\" \/><\/span> <\/p>\n<p>               <span class=\"wpcf7-form-control-wrap Seleccionaeltipodesolicitudquedeseasrealizar\"><select name=\"Seleccionaeltipodesolicitudquedeseasrealizar\" class=\"wpcf7-form-control wpcf7-select\" aria-invalid=\"false\"><option value=\"Selecciona una opci\u00f3\">Selecciona una opci\u00f3<\/option><option value=\"Consulta\">Consulta<\/option><option value=\"Incid\u00e8ncia\">Incid\u00e8ncia<\/option><option value=\"Queixa\">Queixa<\/option><option value=\"Suggeriment\">Suggeriment<\/option><option value=\"Agra\u00efment\">Agra\u00efment<\/option><\/select><\/span><\/p>\n<p>Tipus d\u00b4usuari<br \/>\n<span class=\"wpcf7-form-control-wrap Tipodeusuario\"><span class=\"wpcf7-form-control wpcf7-radio\"><span class=\"wpcf7-list-item first\"><input type=\"radio\" name=\"Tipodeusuario\" value=\"Estudiant de Grau\" \/><span class=\"wpcf7-list-item-label\">Estudiant de Grau<\/span><\/span><span class=\"wpcf7-list-item\"><input type=\"radio\" name=\"Tipodeusuario\" value=\"Estudiant de Postgrau\" \/><span class=\"wpcf7-list-item-label\">Estudiant de Postgrau<\/span><\/span><span class=\"wpcf7-list-item\"><input type=\"radio\" name=\"Tipodeusuario\" value=\"Personal Docent i Investigador\" \/><span class=\"wpcf7-list-item-label\">Personal Docent i Investigador<\/span><\/span><span class=\"wpcf7-list-item\"><input type=\"radio\" name=\"Tipodeusuario\" value=\"PAS\" \/><span class=\"wpcf7-list-item-label\">PAS<\/span><\/span><span class=\"wpcf7-list-item last\"><input type=\"radio\" name=\"Tipodeusuario\" value=\"Altres\" \/><span class=\"wpcf7-list-item-label\">Altres<\/span><\/span><\/span><\/span><\/p>\n<p><span class=\"wpcf7-form-control-wrap Asunto\"><select name=\"Asunto\" class=\"wpcf7-form-control wpcf7-select\" aria-invalid=\"false\"><option value=\"Selecciona una opci\u00f3\">Selecciona una opci\u00f3<\/option><option value=\"Assessorament: sexennis, DOI, Propietat intel\u00b7lectual, etc.\">Assessorament: sexennis, DOI, Propietat intel\u00b7lectual, etc.<\/option><option value=\"Cerques bibliogr\u00e0fiques\">Cerques bibliogr\u00e0fiques<\/option><option value=\"Com puc accedir a la biblioteca\">Com puc accedir a la biblioteca<\/option><option value=\"Cursos de formaci\u00f3 (recursos i serveis)\">Cursos de formaci\u00f3 (recursos i serveis)<\/option><option value=\"Horaris i normatives\">Horaris i normatives<\/option><option value=\"Infraestructures\">Infraestructures<\/option><option value=\"Pr\u00e9stec Interbibliotecari\">Pr\u00e9stec Interbibliotecari<\/option><option value=\"Pr\u00e9stec, renovacions i reserva de llibres\">Pr\u00e9stec, renovacions i reserva de llibres<\/option><option value=\"Recursos Electr\u00f2nics\">Recursos Electr\u00f2nics<\/option><option value=\"Repositori Institucional RediUMH: Tesis Doctorals, TFG i TFM\">Repositori Institucional RediUMH: Tesis Doctorals, TFG i TFM<\/option><option value=\"Reserva Sales de treball en grup, port\u00e0tils i dispositius inform\u00e0tics\">Reserva Sales de treball en grup, port\u00e0tils i dispositius inform\u00e0tics<\/option><option value=\"Altres (especificar)\">Altres (especificar)<\/option><\/select><\/span><\/p>\n<p>Per favor, descriu la teua consulta, incid\u00e8ncia, queixa, suggeriment o agra\u00efment.<br \/>\n<span class=\"wpcf7-form-control-wrap Datosconsulta\"><textarea name=\"Datosconsulta\" cols=\"40\" rows=\"10\" class=\"wpcf7-form-control wpcf7-textarea wpcf7-validates-as-required\" aria-required=\"true\" aria-invalid=\"false\"><\/textarea><\/span><\/p>\n<span class=\"wpcf7-form-control-wrap recaptcha\" data-name=\"recaptcha\"><span data-sitekey=\"6LdoYCckAAAAAPgmKlpU5rIrxI6dbPh9xkctj6p2\" class=\"wpcf7-form-control g-recaptcha wpcf7-recaptcha\"><\/span>\r\n<noscript>\r\n\t<div class=\"grecaptcha-noscript\">\r\n\t\t<iframe src=\"https:\/\/www.google.com\/recaptcha\/api\/fallback?k=6LdoYCckAAAAAPgmKlpU5rIrxI6dbPh9xkctj6p2\" frameborder=\"0\" scrolling=\"no\" width=\"310\" height=\"430\">\r\n\t\t<\/iframe>\r\n\t\t<textarea name=\"g-recaptcha-response\" rows=\"3\" cols=\"40\" placeholder=\"reCaptcha Response Here\">\r\n\t\t<\/textarea>\r\n\t<\/div>\r\n<\/noscript>\r\n<\/span>\n<p><input type=\"submit\" value=\"Enviar formulari\" class=\"wpcf7-form-control has-spinner wpcf7-submit\" \/><\/p>\n<p>La Biblioteca es posar\u00e0 en contacte a trav\u00e9s del correu electr\u00f2nic per a confirmar la recepci\u00f3 de la seua consulta<\/p>\n<div class=\"wpcf7-response-output\" aria-hidden=\"true\"><\/div><\/form><\/div><\/p>","protected":false},"excerpt":{"rendered":"<p>Si vols manifestar algun tipus d&#8217;incid\u00e8ncia, queixa, suggeriment o agra\u00efment, per al millor funcionament dels Centres o Serveis de la Biblioteca de la Universitat Miguel Hern\u00e1ndez, pots fer-nos-la arribar a trav\u00e9s d&#8217;aquest formulari. Tamb\u00e9 pots formular una consulta, per al que disposes de la Guia d&#8217;ajuda \u201cPregunta a la Biblioteca\u201d que t&#8217;orientar\u00e0 sobre els serveis, [&#8230;]<\/p>\n","protected":false},"author":3622,"featured_media":0,"parent":6146,"menu_order":2,"comment_status":"closed","ping_status":"closed","template":"","meta":{"ngg_post_thumbnail":0,"_links_to":"","_links_to_target":""},"_links":{"self":[{"href":"https:\/\/biblioteca.umh.es\/ca\/wp-json\/wp\/v2\/pages\/7339"}],"collection":[{"href":"https:\/\/biblioteca.umh.es\/ca\/wp-json\/wp\/v2\/pages"}],"about":[{"href":"https:\/\/biblioteca.umh.es\/ca\/wp-json\/wp\/v2\/types\/page"}],"author":[{"embeddable":true,"href":"https:\/\/biblioteca.umh.es\/ca\/wp-json\/wp\/v2\/users\/3622"}],"replies":[{"embeddable":true,"href":"https:\/\/biblioteca.umh.es\/ca\/wp-json\/wp\/v2\/comments?post=7339"}],"version-history":[{"count":0,"href":"https:\/\/biblioteca.umh.es\/ca\/wp-json\/wp\/v2\/pages\/7339\/revisions"}],"up":[{"embeddable":true,"href":"https:\/\/biblioteca.umh.es\/ca\/wp-json\/wp\/v2\/pages\/6146"}],"wp:attachment":[{"href":"https:\/\/biblioteca.umh.es\/ca\/wp-json\/wp\/v2\/media?parent=7339"}],"curies":[{"name":"wp","href":"https:\/\/api.w.org\/{rel}","templated":true}]}}