{"id":7151,"date":"2021-11-03T13:29:48","date_gmt":"2021-11-03T12:29:48","guid":{"rendered":"https:\/\/biblioteca.umh.es\/?page_id=7151"},"modified":"2023-03-09T16:00:08","modified_gmt":"2023-03-09T15:00:08","slug":"tarjeta-inteligente-universitaria-tiu","status":"publish","type":"page","link":"https:\/\/biblioteca.umh.es\/ca\/presentacion\/carnet\/tarjeta-inteligente-universitaria-tiu\/","title":{"rendered":"Targeta intel\u00b7ligent universit\u00e0ria (TIU)"},"content":{"rendered":"<p><\/p>\n<p style=\"text-align: justify\">La<strong> TIU<\/strong> \u00e9s el carnet que la Universitat Miguel Hern\u00e1ndez expedeix als seus estudiants, personal docent i investigador, personal d&#8217;administraci\u00f3 i serveis, becaris, visitants, etc. i que acredita la pertinen\u00e7a a la comunitat universit\u00e0ria de la UMH.<\/p>\n<p style=\"text-align: justify\">Per a poder utilitzar el servei de pr\u00e9stec de la biblioteca has de presentar-la en el taulell de pr\u00e9stec, en qualsevol de les seues dues versions, f\u00edsica o virtual. Aquesta \u00faltima compta amb un format m\u00e9s portable, podent-se mostrar mitjan\u00e7ant l&#8217;aplicaci\u00f3 m\u00f2bil UMHapp (disponible en Android i iOS).&nbsp;<\/p>\n<p style=\"text-align: justify\">Totes dues versions de la targeta tenen la mateixa validesa per a demostrar la pertinen\u00e7a a la comunitat UMH. Des de desembre de 2022, per a noves altes, nom\u00e9s s&#8217;expedeix la modalitat virtual.<\/p>\n<p style=\"text-align: justify\">Si no portes la TIU amb tu a l&#8217;hora d&#8217;utilitzar el servei de pr\u00e9stec a domicili, tamb\u00e9 pots presentar en el taulell de pr\u00e9stec qualsevol dels seg\u00fcents documents oficials: DNI, Perm\u00eds de Conduir o Passaport.&nbsp;<\/p>\n<p><img loading=\"lazy\" class=\"alignnone size-medium wp-image-7154\" src=\"https:\/\/biblioteca.umh.es\/files\/2021\/10\/TIU-300x189.png\" alt=\"\" width=\"300\" height=\"189\" srcset=\"https:\/\/biblioteca.umh.es\/files\/2021\/10\/TIU-300x189.png 300w, https:\/\/biblioteca.umh.es\/files\/2021\/10\/TIU.png 415w\" sizes=\"(max-width: 300px) 100vw, 300px\" \/>&nbsp; &nbsp; &nbsp; &nbsp;<img loading=\"lazy\" class=\"alignnone wp-image-7157\" src=\"https:\/\/biblioteca.umh.es\/files\/2021\/10\/TIU-2.png\" alt=\"\" width=\"295\" height=\"185\"><\/p>","protected":false},"excerpt":{"rendered":"<p>La TIU \u00e9s el carnet que la Universitat Miguel Hern\u00e1ndez expedeix als seus estudiants, personal docent i investigador, personal d&#8217;administraci\u00f3 i serveis, becaris, visitants, etc. i que acredita la pertinen\u00e7a a la comunitat universit\u00e0ria de la UMH.<br \/>\nPer a poder utilitzar el servei de pr\u00e9stec de la biblioteca has de presentar-la en el taulell de pr\u00e9stec, [&#8230;]<\/p>\n","protected":false},"author":3644,"featured_media":0,"parent":2576,"menu_order":1,"comment_status":"closed","ping_status":"closed","template":"","meta":{"ngg_post_thumbnail":0,"_links_to":"","_links_to_target":""},"_links":{"self":[{"href":"https:\/\/biblioteca.umh.es\/ca\/wp-json\/wp\/v2\/pages\/7151"}],"collection":[{"href":"https:\/\/biblioteca.umh.es\/ca\/wp-json\/wp\/v2\/pages"}],"about":[{"href":"https:\/\/biblioteca.umh.es\/ca\/wp-json\/wp\/v2\/types\/page"}],"author":[{"embeddable":true,"href":"https:\/\/biblioteca.umh.es\/ca\/wp-json\/wp\/v2\/users\/3644"}],"replies":[{"embeddable":true,"href":"https:\/\/biblioteca.umh.es\/ca\/wp-json\/wp\/v2\/comments?post=7151"}],"version-history":[{"count":0,"href":"https:\/\/biblioteca.umh.es\/ca\/wp-json\/wp\/v2\/pages\/7151\/revisions"}],"up":[{"embeddable":true,"href":"https:\/\/biblioteca.umh.es\/ca\/wp-json\/wp\/v2\/pages\/2576"}],"wp:attachment":[{"href":"https:\/\/biblioteca.umh.es\/ca\/wp-json\/wp\/v2\/media?parent=7151"}],"curies":[{"name":"wp","href":"https:\/\/api.w.org\/{rel}","templated":true}]}}