{"id":7090,"date":"2021-10-28T14:19:13","date_gmt":"2021-10-28T12:19:13","guid":{"rendered":"https:\/\/biblioteca.umh.es\/?page_id=7090"},"modified":"2025-12-09T17:34:13","modified_gmt":"2025-12-09T16:34:13","slug":"repositorio-rediumh","status":"publish","type":"page","link":"https:\/\/biblioteca.umh.es\/ca\/servicios-al-investigador\/repositorio-rediumh\/","title":{"rendered":"Repositori digital RediUMH"},"content":{"rendered":"<p><\/p>\n<p style=\"text-align: justify\"><span style=\"color: #000000\">Estimat usuari t\u00b4informem que des del 28 d&#8217;octubre de 2021 el nostre repositori RediUMH s&#8217;ha actualitzat a l&#8217;\u00faltima versi\u00f3 de dspace 6.3.<\/span><\/p>\n<p>Servici d&#8217;incid\u00e8ncies <a href=\"mailto:biblioteca.rediumh@umh.es\" target=\"_blank\" rel=\"noopener\">biblioteca.rediumh@umh.es<\/a><\/p>\n<ul>\n<li><a href=\"http:\/\/dspace.umh.es\/\">RediUMH repositori<\/a><\/li>\n<li><a href=\"http:\/\/dspace.umh.es\/handle\/11000\/537\">Tesis Doctorals<\/a><\/li>\n<li><a href=\"http:\/\/dspace.umh.es\/handle\/11000\/1142\">Treballs Fi de Grau<\/a><\/li>\n<li><a href=\"http:\/\/dspace.umh.es\/handle\/11000\/1144\">Treballs Fi de Master<\/a><\/li>\n<li><a href=\"https:\/\/biblioteca.umh.es\/files\/2021\/10\/Como-buscar-en-RediUMH.pdf\">Bibliogu\u00eda: Com buscar en RediUMH<\/a><\/li>\n<li><a href=\"https:\/\/biblioteca.umh.es\/files\/2025\/10\/MODELO-DE-AUTORIZACION-PARA-EL-DEPOSITO-DE-PUBLICACIONES-CIENTIFICAS.docx\" target=\"_blank\" rel=\"noopener\"><b>Model d&#8217;autoritzaci\u00f3 de sol\u00b7licitud per al dep\u00f2sit en repositori<\/b><\/a><\/li>\n<\/ul>\n<div style=\"width: 1920px;\" class=\"wp-video\"><video class=\"wp-video-shortcode\" id=\"video-7090-2\" width=\"1920\" height=\"1080\" poster=\"https:\/\/biblioteca.umh.es\/files\/2022\/10\/PortadaRediUMH.jpg\" preload=\"metadata\" controls=\"controls\"><source type=\"video\/mp4\" src=\"https:\/\/biblioteca.umh.es\/files\/2022\/10\/RediUMH-definitivo.mp4?_=2\" \/><a href=\"https:\/\/biblioteca.umh.es\/files\/2022\/10\/RediUMH-definitivo.mp4\">https:\/\/biblioteca.umh.es\/files\/2022\/10\/RediUMH-definitivo.mp4<\/a><\/video><\/div>\n<p style=\"text-align: justify\"><strong>RediUMH<\/strong> \u00e9s un dep\u00f2sit digital de documents amb la finalitat de recopilar, organitzar, difondre i preservar els documents digitals de car\u00e0cter cient\u00edfic, docent i institucional produ\u00efts per la nostra universitat.<\/p>\n<p style=\"text-align: justify\">En ell ja es depositen tesi, treballs fi de carrera, objectes docents, articles i altres resultats de la investigaci\u00f3, depositats per la Comunitat Universit\u00e0ria. Aix\u00ed, es podr\u00e0 accedir des d&#8217;ell a tota mena de materials digitals, tant preprints com papers i postprints, comunicacions a congressos, materials i objectes docents, revistes editades per la UMH i una altra documentaci\u00f3 institucional generada per aquesta.<\/p>\n<p style=\"text-align: justify\">Amb aix\u00f2 augmentem la visibilitat dels treballs produ\u00efts en la UMH, incrementant el seu impacte i assegurant la seua protecci\u00f3 contra plagis, aix\u00ed com la seua preservaci\u00f3. Gr\u00e0cies a la utilitzaci\u00f3 de protocols internacionals i del gestor dSpace, RediUMH est\u00e0 sent recol\u00b7lectat per eines com Recolecta, Google i altres similars.<\/p>\n<p style=\"text-align: justify\">Assessorament sobre Acc\u00e9s obert, RediUMH i Propietat intel\u00b7lectual:&nbsp;<a href=\"mailto:biblioteca.rediumh@umh.es\">biblioteca.rediumh@umh.es<\/a><\/p>\n<h2>Relacionats<\/h2>\n<ul>\n<li><a href=\"http:\/\/repositories.webometrics.info\">Ranking Web of Repositories<\/a> (El &nbsp;millor directori\/ranking de repositoris en acc\u00e9ss obert).<\/li>\n<\/ul>\n<p><\/p>","protected":false},"excerpt":{"rendered":"<p>Estimat usuari t\u00b4informem que des del 28 d&#8217;octubre de 2021 el nostre repositori RediUMH s&#8217;ha actualitzat a l&#8217;\u00faltima versi\u00f3 de dspace 6.3.<br \/>\nServici d&#8217;incid\u00e8ncies biblioteca.rediumh@umh.es<\/p>\n<p>RediUMH repositori<br \/>\nTesis Doctorals<br \/>\nTreballs Fi de Grau<br \/>\nTreballs Fi de Master<br \/>\nBibliogu\u00eda: Com buscar en RediUMH<br \/>\nModel d&#8217;autoritzaci\u00f3 de sol\u00b7licitud per al dep\u00f2sit en repositori<\/p>\n<p>https:\/\/biblioteca.umh.es\/files\/2022\/10\/RediUMH-definitivo.mp4<br \/>\nRediUMH \u00e9s un dep\u00f2sit digital de documents amb la finalitat de recopilar, [&#8230;]<\/p>\n","protected":false},"author":3622,"featured_media":0,"parent":827,"menu_order":6,"comment_status":"closed","ping_status":"closed","template":"","meta":{"ngg_post_thumbnail":0,"_links_to":"","_links_to_target":""},"_links":{"self":[{"href":"https:\/\/biblioteca.umh.es\/ca\/wp-json\/wp\/v2\/pages\/7090"}],"collection":[{"href":"https:\/\/biblioteca.umh.es\/ca\/wp-json\/wp\/v2\/pages"}],"about":[{"href":"https:\/\/biblioteca.umh.es\/ca\/wp-json\/wp\/v2\/types\/page"}],"author":[{"embeddable":true,"href":"https:\/\/biblioteca.umh.es\/ca\/wp-json\/wp\/v2\/users\/3622"}],"replies":[{"embeddable":true,"href":"https:\/\/biblioteca.umh.es\/ca\/wp-json\/wp\/v2\/comments?post=7090"}],"version-history":[{"count":0,"href":"https:\/\/biblioteca.umh.es\/ca\/wp-json\/wp\/v2\/pages\/7090\/revisions"}],"up":[{"embeddable":true,"href":"https:\/\/biblioteca.umh.es\/ca\/wp-json\/wp\/v2\/pages\/827"}],"wp:attachment":[{"href":"https:\/\/biblioteca.umh.es\/ca\/wp-json\/wp\/v2\/media?parent=7090"}],"curies":[{"name":"wp","href":"https:\/\/api.w.org\/{rel}","templated":true}]}}