{"id":7078,"date":"2021-10-28T09:46:21","date_gmt":"2021-10-28T07:46:21","guid":{"rendered":"https:\/\/biblioteca.umh.es\/?page_id=7078"},"modified":"2021-11-02T19:22:11","modified_gmt":"2021-11-02T18:22:11","slug":"renovar-mis-prestamos","status":"publish","type":"page","link":"https:\/\/biblioteca.umh.es\/ca\/presentacion\/conectate-a-la-red\/otros-servicios-en-linea\/renovar-mis-prestamos\/","title":{"rendered":"Renovar els meus pr\u00e9stecs"},"content":{"rendered":"<p><\/p>\n<p style=\"text-align: justify\">Per a renovar els teus pr\u00e9stecs has d&#8217;accedir al cat\u00e0leg de DAMA i&nbsp; <a href=\"https:\/\/dama.umh.es\/discovery\/login?vid=34CVA_UMH:VU1\">identificar-te com a usuari UMH.<\/a> Accedir\u00e0s a <strong>La meua fitxa d&#8217;usuari\/pestanya de pr\u00e9stecs, <\/strong>seguidament clica a renovar els pr\u00e9stecs pendents.<\/p>\n<p><\/p>","protected":false},"excerpt":{"rendered":"<p>Per a renovar els teus pr\u00e9stecs has d&#8217;accedir al cat\u00e0leg de DAMA i&nbsp; identificar-te com a usuari UMH. Accedir\u00e0s a La meua fitxa d&#8217;usuari\/pestanya de pr\u00e9stecs, seguidament clica a renovar els pr\u00e9stecs pendents.<\/p>\n","protected":false},"author":3622,"featured_media":0,"parent":6924,"menu_order":2,"comment_status":"closed","ping_status":"closed","template":"","meta":{"ngg_post_thumbnail":0,"_links_to":"","_links_to_target":""},"_links":{"self":[{"href":"https:\/\/biblioteca.umh.es\/ca\/wp-json\/wp\/v2\/pages\/7078"}],"collection":[{"href":"https:\/\/biblioteca.umh.es\/ca\/wp-json\/wp\/v2\/pages"}],"about":[{"href":"https:\/\/biblioteca.umh.es\/ca\/wp-json\/wp\/v2\/types\/page"}],"author":[{"embeddable":true,"href":"https:\/\/biblioteca.umh.es\/ca\/wp-json\/wp\/v2\/users\/3622"}],"replies":[{"embeddable":true,"href":"https:\/\/biblioteca.umh.es\/ca\/wp-json\/wp\/v2\/comments?post=7078"}],"version-history":[{"count":0,"href":"https:\/\/biblioteca.umh.es\/ca\/wp-json\/wp\/v2\/pages\/7078\/revisions"}],"up":[{"embeddable":true,"href":"https:\/\/biblioteca.umh.es\/ca\/wp-json\/wp\/v2\/pages\/6924"}],"wp:attachment":[{"href":"https:\/\/biblioteca.umh.es\/ca\/wp-json\/wp\/v2\/media?parent=7078"}],"curies":[{"name":"wp","href":"https:\/\/api.w.org\/{rel}","templated":true}]}}