{"id":6149,"date":"2021-06-15T15:00:20","date_gmt":"2021-06-15T13:00:20","guid":{"rendered":"https:\/\/biblioteca.umh.es\/?page_id=6149"},"modified":"2024-03-26T19:14:55","modified_gmt":"2024-03-26T18:14:55","slug":"buval","status":"publish","type":"page","link":"https:\/\/biblioteca.umh.es\/ca\/servicios\/buval\/","title":{"rendered":"Consorci BUVAL"},"content":{"rendered":"<p><img loading=\"lazy\" class=\"wp-image-6027 alignleft\" src=\"https:\/\/biblioteca.umh.es\/files\/2021\/06\/imagen-buval.png\" alt=\"\" width=\"258\" height=\"146\" srcset=\"https:\/\/biblioteca.umh.es\/files\/2021\/06\/imagen-buval.png 600w, https:\/\/biblioteca.umh.es\/files\/2021\/06\/imagen-buval-300x170.png 300w\" sizes=\"(max-width: 258px) 100vw, 258px\" \/><\/p>\n<p style=\"text-align: justify\">Les cinc biblioteques universit\u00e0ries que integren el Consorci BUVAL \u2013 les biblioteques de la Universitat de Val\u00e8ncia, la Universitat Polit\u00e8cnica de Val\u00e8ncia, la Universitat d&#8217;Alacant, la Universitat Jaume I, i la Universitat Miguel Hern\u00e1ndez \u2013 han aprovat la <a href=\"https:\/\/biblioteca.umh.es\/files\/2023\/03\/PROPUESTA-NORMATIVA-PRESTAMO-BUVAL_cas.pdf\">normativa de pr\u00e9stec de documents<\/a> que permetr\u00e0 als seus usuaris sol\u00b7licitar en pr\u00e9stec documents en qualsevol de les biblioteques del Consorci.&nbsp;<\/p>\n<p style=\"text-align: justify\">Podran fer \u00fas d&#8217;aquest servei, totalment gratu\u00eft, el <strong>personal docent i investigador<\/strong> de les universitats BUVAL (PDI), el <strong>personal d&#8217;administraci\u00f3 i serveis<\/strong> de les universitats BUVAL (PAS) i els <strong>estudiants de grau<\/strong>, <strong>postgrau<\/strong>, <strong>m\u00e0sters<\/strong> <strong>i<\/strong> <strong>doctorands<\/strong> de les universitats BUVAL.<\/p>\n<p style=\"text-align: justify\">Els usuaris del pr\u00e9stec BUVAL en la UMH podran sol\u00b7licitar fins a <strong>5 documents<\/strong> en pr\u00e9stec durant un <strong>per\u00edode m\u00e0xim de 15 dies naturals<\/strong>. A m\u00e9s, els pr\u00e9stecs podran renovar-se <strong>fins a 6 vegades o durant un<\/strong> <strong>per\u00edode m\u00e0xim de 3 mesos<\/strong>, sempre que no hagen sigut reservats per un altre usuari i que la renovaci\u00f3 es realitze dins del termini de pr\u00e9stec.<\/p>\n<p style=\"text-align: justify\">Per a sol\u00b7licitar un pr\u00e9stec, els usuaris s&#8217;identificaran pr\u00e8viament segons la normativa de la seua biblioteca, i despr\u00e9s acudiran presencialment a qualsevol biblioteca BUVAL per a realitzar els pr\u00e9stecs. La devoluci\u00f3 dels documents es realitzar\u00e0 a la biblioteca prestat\u00e0ria o en qualsevol biblioteca BUVAL.<\/p>\n<p style=\"text-align: justify\">Aix\u00ed mateix, la normativa regula el pr\u00e9stec interbibliotecari, que inclou la petici\u00f3 de documents originals i\/o la seua reproducci\u00f3 i ser\u00e0 gratu\u00eft entre biblioteques BUVAL.<\/p>\n<p style=\"text-align: justify\">Amb aquest servei, s&#8217;estableixen dos objectius preferents: d&#8217;una banda, maximitzar l&#8217;\u00fas de les col\u00b7leccions bibliogr\u00e0fiques de les institucions participants, i per un altre facilitar la circulaci\u00f3 dels fons, simplificant les gestions administratives i econ\u00f2miques. Aquest servei est\u00e0 actiu des del 21&nbsp;de mar\u00e7 de 2023.<\/p>\n<h3>Per a con\u00e8ixer m\u00e9s&#8230;<\/h3>\n<ul>\n<li style=\"text-align: justify\"><a href=\"http:\/\/buval.es\/?page_id=619&amp;lang=es\">Acc\u00e9s a la p\u00e0gina de BUVAL&nbsp;<\/a><\/li>\n<li style=\"text-align: justify\"><a href=\"https:\/\/biblioteca.umh.es\/files\/2021\/12\/CONVENIO-ESPECIFICO-5-UNIVERSIDADES.pdf\">Conveni BUVAL<br \/>\n<\/a><\/li>\n<li><a href=\"https:\/\/biblioteca.umh.es\/files\/2023\/03\/PROPUESTA-NORMATIVA-PRESTAMO-BUVAL_cas.pdf\">Normativa de pr\u00e9stec BUVAL<\/a><\/li>\n<\/ul>\n<p><img loading=\"lazy\" class=\"alignright\" src=\"https:\/\/biblioteca.umh.es\/files\/2022\/02\/logo-biblioteca.png\" width=\"223\" height=\"114\"><\/p>","protected":false},"excerpt":{"rendered":"<p>Les cinc biblioteques universit\u00e0ries que integren el Consorci BUVAL \u2013 les biblioteques de la Universitat de Val\u00e8ncia, la Universitat Polit\u00e8cnica de Val\u00e8ncia, la Universitat d&#8217;Alacant, la Universitat Jaume I, i la Universitat Miguel Hern\u00e1ndez \u2013 han aprovat la normativa de pr\u00e9stec de documents que permetr\u00e0 als seus usuaris sol\u00b7licitar en pr\u00e9stec documents en qualsevol de [&#8230;]<\/p>\n","protected":false},"author":3622,"featured_media":0,"parent":11286,"menu_order":5,"comment_status":"closed","ping_status":"closed","template":"","meta":{"ngg_post_thumbnail":0,"_links_to":"","_links_to_target":""},"_links":{"self":[{"href":"https:\/\/biblioteca.umh.es\/ca\/wp-json\/wp\/v2\/pages\/6149"}],"collection":[{"href":"https:\/\/biblioteca.umh.es\/ca\/wp-json\/wp\/v2\/pages"}],"about":[{"href":"https:\/\/biblioteca.umh.es\/ca\/wp-json\/wp\/v2\/types\/page"}],"author":[{"embeddable":true,"href":"https:\/\/biblioteca.umh.es\/ca\/wp-json\/wp\/v2\/users\/3622"}],"replies":[{"embeddable":true,"href":"https:\/\/biblioteca.umh.es\/ca\/wp-json\/wp\/v2\/comments?post=6149"}],"version-history":[{"count":0,"href":"https:\/\/biblioteca.umh.es\/ca\/wp-json\/wp\/v2\/pages\/6149\/revisions"}],"up":[{"embeddable":true,"href":"https:\/\/biblioteca.umh.es\/ca\/wp-json\/wp\/v2\/pages\/11286"}],"wp:attachment":[{"href":"https:\/\/biblioteca.umh.es\/ca\/wp-json\/wp\/v2\/media?parent=6149"}],"curies":[{"name":"wp","href":"https:\/\/api.w.org\/{rel}","templated":true}]}}