{"id":6146,"date":"2021-06-15T13:29:18","date_gmt":"2021-06-15T11:29:18","guid":{"rendered":"https:\/\/biblioteca.umh.es\/?page_id=6146"},"modified":"2023-03-29T16:19:18","modified_gmt":"2023-03-29T14:19:18","slug":"pregunta-a-la-biblioteca","status":"publish","type":"page","link":"https:\/\/biblioteca.umh.es\/ca\/presentacion\/pregunta-a-la-biblioteca\/","title":{"rendered":"Pregunta a la Biblioteca"},"content":{"rendered":"<p><\/p>\n<p style=\"text-align: justify\">Dins de <strong>Pregunta a la Biblioteca<\/strong> es troba el <strong><em>servei d\u00b4informaci\u00f3 i refer\u00e8ncia virtual<\/em><\/strong>, un <strong><em>formulari de contacte<\/em><\/strong> on pots fer suggeriments, consultes, mostrar agra\u00efments o queixes, un <em><strong>calendari<\/strong><\/em> amb acc\u00e9s a totes les activitats de <em><strong>formaci\u00f3<\/strong><\/em> i, a m\u00e9s, la secci\u00f3 de <strong><em>preguntes freq\u00fcents<\/em><\/strong>.<\/p>\n<table class=\"tipo4\" style=\"margin-left: auto;margin-right: auto;width: 100%;border: hidden\" summary=\"piv\">\n<tbody>\n<tr>\n<td><a href=\"https:\/\/biblioteca.umh.es\/ca\/presentacion\/pregunta-a-la-biblioteca\/servicio-de-referencia-virtual\/\"><img loading=\"lazy\" class=\"alignnone\" src=\"https:\/\/biblioteca.umh.es\/files\/2021\/12\/Servei_ref.png\" alt=\"Icona d'acc\u00e9s al Servei d'informaci\u00f3 i refer\u00e8ncia virtual\" width=\"275\" height=\"135\"><\/a><\/td>\n<td><a href=\"https:\/\/biblioteca.umh.es\/ca\/presentacion\/pregunta-a-la-biblioteca\/formulario-de-contacto-2\/\"><img loading=\"lazy\" class=\"alignnone\" src=\"https:\/\/biblioteca.umh.es\/files\/2021\/12\/Formulari.png\" alt=\"Icona d'acc\u00e9s al Formulari de contacte\" width=\"275\" height=\"135\"><\/a><\/td>\n<td><a href=\"https:\/\/biblioteca.umh.es\/ca\/presentacion\/pregunta-a-la-biblioteca\/calendario-de-formacion\/\"><img loading=\"lazy\" class=\"alignnone size-full wp-image-13213\" src=\"https:\/\/biblioteca.umh.es\/files\/2023\/03\/calendari-esdeveniments.png\" alt=\"\" width=\"275\" height=\"135\"><\/a><\/td>\n<td><a href=\"https:\/\/biblioteca.umh.es\/ca\/presentacion\/biblioguias\/faqs-preguntas-frecuentes\/\"><img loading=\"lazy\" class=\"alignnone\" src=\"https:\/\/biblioteca.umh.es\/files\/2021\/12\/FAQs.png\" alt=\"Icona d'acc\u00e9s a Preguntes freq\u00fcents\" width=\"275\" height=\"135\"><\/a><\/td>\n<\/tr>\n<\/tbody>\n<\/table>\n<p>&nbsp;<\/p>\n<p>&nbsp;<\/p>\n<p>&nbsp;<\/p>\n<p style=\"text-align: justify\">&nbsp;<\/p>\n<p><\/p>","protected":false},"excerpt":{"rendered":"<p>Dins de Pregunta a la Biblioteca es troba el servei d\u00b4informaci\u00f3 i refer\u00e8ncia virtual, un formulari de contacte on pots fer suggeriments, consultes, mostrar agra\u00efments o queixes, un calendari amb acc\u00e9s a totes les activitats de formaci\u00f3 i, a m\u00e9s, la secci\u00f3 de preguntes freq\u00fcents.<\/p>\n<p>&nbsp;<br \/>\n&nbsp;<br \/>\n&nbsp;<br \/>\n&nbsp;<\/p>\n","protected":false},"author":3622,"featured_media":0,"parent":357,"menu_order":4,"comment_status":"closed","ping_status":"closed","template":"","meta":{"ngg_post_thumbnail":0,"_links_to":"","_links_to_target":""},"_links":{"self":[{"href":"https:\/\/biblioteca.umh.es\/ca\/wp-json\/wp\/v2\/pages\/6146"}],"collection":[{"href":"https:\/\/biblioteca.umh.es\/ca\/wp-json\/wp\/v2\/pages"}],"about":[{"href":"https:\/\/biblioteca.umh.es\/ca\/wp-json\/wp\/v2\/types\/page"}],"author":[{"embeddable":true,"href":"https:\/\/biblioteca.umh.es\/ca\/wp-json\/wp\/v2\/users\/3622"}],"replies":[{"embeddable":true,"href":"https:\/\/biblioteca.umh.es\/ca\/wp-json\/wp\/v2\/comments?post=6146"}],"version-history":[{"count":0,"href":"https:\/\/biblioteca.umh.es\/ca\/wp-json\/wp\/v2\/pages\/6146\/revisions"}],"up":[{"embeddable":true,"href":"https:\/\/biblioteca.umh.es\/ca\/wp-json\/wp\/v2\/pages\/357"}],"wp:attachment":[{"href":"https:\/\/biblioteca.umh.es\/ca\/wp-json\/wp\/v2\/media?parent=6146"}],"curies":[{"name":"wp","href":"https:\/\/api.w.org\/{rel}","templated":true}]}}