{"id":5756,"date":"2021-05-03T20:45:00","date_gmt":"2021-05-03T18:45:00","guid":{"rendered":"https:\/\/biblioteca.umh.es\/?page_id=5756"},"modified":"2026-03-25T17:48:12","modified_gmt":"2026-03-25T16:48:12","slug":"prestamo-consorciado-valenciano-buval","status":"publish","type":"page","link":"https:\/\/biblioteca.umh.es\/ca\/servicios\/prestamo-2\/prestamo-consorciado-valenciano-buval\/","title":{"rendered":"Pr\u00e9stec BUVAL"},"content":{"rendered":"<p><\/p>\n<p style=\"text-align: justify\"><img loading=\"lazy\" class=\"aligncenter size-full wp-image-5726\" src=\"https:\/\/biblioteca.umh.es\/files\/2021\/05\/Logo-BUVAL-definitivo-web.jpg\" alt=\"\" width=\"660\" height=\"234\" srcset=\"https:\/\/biblioteca.umh.es\/files\/2021\/05\/Logo-BUVAL-definitivo-web.jpg 660w, https:\/\/biblioteca.umh.es\/files\/2021\/05\/Logo-BUVAL-definitivo-web-300x106.jpg 300w\" sizes=\"(max-width: 660px) 100vw, 660px\" \/><\/p>\n<p style=\"text-align: justify\">El passat 11 de maig de 2021, els rectors de les cinc universitats p\u00fabliques valencianes signaren un conveni per a la constituci\u00f3 del consorci de les cinc biblioteques institucionals valencianes, denominat <a href=\"https:\/\/buval.es\/\" target=\"_blank\" rel=\"noopener\">BUVAL<\/a>.&nbsp; Aquest consorci permet compartir pr\u00e9stec de fons bibliogr\u00e0fics, formaci\u00f3, recursos i serveis. <strong>El pr\u00e9stec BUVAL<\/strong> posa a la disposici\u00f3 del Personal Docent Investigador, del Personal d&#8217;Administraci\u00f3 i Serveis i els Estudiants de grau, postgrau, m\u00e0sters i doctorands, els&nbsp; fons bibliogr\u00e0fics de les cinc universitats.&nbsp;<\/p>\n<div id=\"accordions-5939\" class=\"accordions-5939 accordions\">\r\n                <div id=\"accordions-lazy-5939\" class=\"accordions-lazy\">\r\n                    <\/div>\r\n        <script>\r\n            jQuery(window).load(function(){\r\n                jQuery('#accordions-lazy-5939').fadeOut();\r\n                jQuery('#accordions-5939 .items').fadeIn();\r\n            });\r\n        <\/script><style type='text\/css'>\r\n        @media only screen and (min-width: 1024px ){\r\n            #accordions-5939 {\r\n                            width: 100%;\r\n                        }\r\n        }\r\n        @media only screen and ( min-width: 768px ) and ( max-width: 1023px ) {\r\n            #accordions-5939 {\r\n                            width: 100%;\r\n                        }\r\n        }\r\n        @media only screen and ( min-width: 0px ) and ( max-width: 767px ){\r\n            #accordions-5939 {\r\n                            width: 100%;\r\n                        }\r\n        }\r\n                    #accordions-5939 .items {display: none;}\r\n            #accordions-5939 .accordions-lazy {\r\n                text-align: center;\r\n                position: absolute;\r\n                top: 50%;\r\n                left: 50%;\r\n                transform: translate(-50%, -50%);\r\n            }\r\n            #accordions-5939 {\r\n                            text-align: left;\r\n                                        background:#ffffff url() repeat scroll 0 0;\r\n                                    position: relative;\r\n        }\r\n        #accordions-5939 .accordions-head{\r\n                    background:#c5dde0 none repeat scroll 0 0;\r\n                                    outline: none;\r\n        }\r\n        #accordions-5939 .accordions-head-title{\r\n                            color:#000000;\r\n                            font-size:16px;\r\n                }\r\n        #accordions-5939 .accordions-head-title-toggle{\r\n                    color:#000000;\r\n                            font-size:16px;\r\n                }\r\n        #accordions-5939 .accordions-head:hover .accordions-head-title{\r\n                    color:#ffffff;\r\n                }\r\n        #accordions-5939 .ui-state-active{\r\n                    background: #a0b0bf;\r\n                    border: none;\r\n        }\r\n        #accordions-5939 .accordion-content{\r\n                            background:#ffffff none repeat scroll 0 0;\r\n                                                    border: none;\r\n        }\r\n        #accordions-5939 .accordion-icons{\r\n                        color:#565656;\r\n                                                                    }\r\n        #accordions-5939 .accordions-head:hover .accordion-icons span{\r\n                    }\r\n            <\/style>\r\n    <div class=\"items\">\r\n                        <div post_id=\"5939\" itemcount=\"0\" header_id=\"header-1620404469833\" id=\"header-1620404469833\" style=\"\" class=\"accordions-head head1620404469833 border-none\" toggle-text=\"\" main-text=\"Condicions i procediment\">\r\n                                            <span id=\"accordion-icons-1620404469833\" class=\"accordion-icons\">\r\n                            <span class=\"accordion-icon-active accordion-plus\"><i class=\"fa fas fa-chevron-up\"><\/i><\/span>\r\n                            <span class=\"accordion-icon-inactive accordion-minus\"><i class=\"fa fas fa-chevron-down\"><\/i><\/span>\r\n                        <\/span>\r\n                        <span id=\"header-text-1620404469833\" class=\"accordions-head-title\">Condicions i procediment<\/span>\r\n                                        <\/div>\r\n                <div class=\"accordion-content content1620404469833 \">\r\n                    <p><strong>Condicions:<\/strong><\/p>\n<ol>\n<li style=\"text-align: justify\">Podran utilitzar aquest servei, de manera gratu\u00efta, el PDI, PAS i els Estudiants de grau, postgrau, m\u00e1sters i doctorands de les universitats p\u00fabliques valencianes (UV, UPV, UA, UJI i UMH) que pr\u00e8viament hagen sol\u00b7licitat l'alta en el servei a trav\u00e9s dels formularis de les seues respectives universitats. <a href=\"https:\/\/biblioteca.umh.es\/files\/2024\/11\/FORMULARIO-PRESTAMO-BUVAL-Nuevo.pdf\" target=\"_blank\" rel=\"noopener\">Formulari UMH BUVAL<\/a>.<\/li>\n<li>El nombre d'obres que es poden prestar i els terminis en la UMH s\u00f3n els seg\u00fcents:<\/li>\n<\/ol>\n<table class=\"aligncenter\" style=\"height: 100%\" border=\"1\" width=\"578\" cellspacing=\"10\" cellpadding=\"10\">\n<tbody>\n<tr>\n<td valign=\"middle\" width=\"192\">\n<p align=\"center\">\n<\/td>\n<td valign=\"middle\" width=\"192\">\n<p align=\"center\"><strong>PAS \/ PDI \/ Estudiants<\/strong><\/p>\n<\/td>\n<\/tr>\n<tr>\n<td valign=\"middle\" width=\"192\">\n<p style=\"text-align: left\" align=\"center\"><strong>M\u00e0xim d'exemplars<\/strong><\/p>\n<\/td>\n<td valign=\"middle\" width=\"192\">\n<p align=\"center\">5<\/p>\n<\/td>\n<\/tr>\n<tr>\n<td valign=\"middle\" width=\"192\">\n<p style=\"text-align: left\" align=\"center\"><strong>Termini de pr\u00e9stec<\/strong><\/p>\n<\/td>\n<td valign=\"middle\" width=\"192\">\n<p align=\"center\"><strong>Estudiants\u00a0 \u00a0 \u00a0\u00a0<\/strong> 7 dies<\/p>\n<p align=\"center\"><strong>PAS\/PDI<\/strong>\u00a0 \u00a0 \u00a0 \u00a0 \u00a015 dies<\/p>\n<\/td>\n<\/tr>\n<tr>\n<td valign=\"middle\" width=\"192\">\n<p style=\"text-align: left\" align=\"center\"><strong>Renovacions<\/strong><\/p>\n<\/td>\n<td valign=\"middle\" width=\"192\">\n<p align=\"center\">6<\/p>\n<\/td>\n<\/tr>\n<tr>\n<td valign=\"middle\" width=\"192\"><strong>Reserves<\/strong><\/td>\n<td valign=\"middle\" width=\"192\">\n<p align=\"center\">Si<\/p>\n<\/td>\n<\/tr>\n<tr>\n<td valign=\"middle\" width=\"192\"><strong>Tipus de material<\/strong><\/td>\n<td valign=\"middle\" width=\"384\">\n<p style=\"text-align: justify\" align=\"center\">Cada universitat podr\u00e0 excloure del pr\u00e9stec alguns materials: obres de consulta en sala, bibliografia molt demandada,\u00a0 ordinadors port\u00e0tils, docimoteca.<\/p>\n<\/td>\n<\/tr>\n<\/tbody>\n<\/table>\n<p style=\"text-align: justify\"><strong>Procediment:<\/strong><\/p>\n<ol>\n<li style=\"text-align: justify\">Una vegada la persona sol\u00b7licitant s'ha donat d'alta a trav\u00e9s del formulari de la seua universitat, rebr\u00e0 un correu electr\u00f2nic de conformitat.<\/li>\n<li style=\"text-align: justify\">A partir d'aquest moment podr\u00e0 acudir presencialment i pr\u00e8via identificaci\u00f3 a qualsevol de les cinc universitats p\u00fabliques del consorci valenci\u00e0 per a fer \u00fas d'aquest servei.<\/li>\n<li style=\"text-align: justify\">Abans de la visita es recomana consultar les condicions espec\u00edfiques del servei en cada biblioteca, els cat\u00e0legs de cada biblioteca i els horaris, aix\u00ed com els exemplars exclosos del pr\u00e9stec.<\/li>\n<li style=\"text-align: justify\">Amb la finalitat d'utilitzar el servei de pr\u00e9stec BUVAL, es recomana contacta pr\u00e8viament amb la biblioteca que tinga el document que desitja prendre en pr\u00e9stec.<\/li>\n<\/ol>\n<p style=\"padding-left: 40px\"><strong>Formes de contacte:<\/strong><\/p>\n<ul>\n<li style=\"list-style-type: none\">\n<ul>\n<li><strong>UV<\/strong>: Contactar amb la biblioteca que li interesse mitjan\u00e7ant\u00a0<a href=\"https:\/\/www.uv.es\/uvweb\/servei-biblioteques-documentacio\/ca\/ajuda\/biblioteca-respon\/contactar-1285867215066.html\"><strong>La Biblioteca Respon<\/strong><\/a><\/li>\n<li><strong>UPV<\/strong>: Sol\u00b7licitar\u00a0<a href=\"https:\/\/www.upv.es\/pls\/ufrm\/SIC_POLICITA.Seleccion_Cita?p_unidad=RG&amp;P_VISTA=normal&amp;P_IDIOMA=v\"><strong>cita pr\u00e8via<\/strong><\/a><\/li>\n<li><strong>UA<\/strong>: Formulari de\u00a0<a href=\"https:\/\/biblioteca.ua.es\/es\/utiliza-la-biblioteca\/prestamo\/prestamo-buval.html\"><strong>sol\u00b7licitud de pr\u00e9stec<\/strong><\/a><\/li>\n<li><strong>UJI<\/strong>: Enviar\u00a0 correu a <strong><a href=\"mailto:documentacio@uji.es\">documentacio@uji.es<\/a><\/strong><\/li>\n<li><strong>UMH<\/strong>: Enviar correu a <a href=\"mailto:buval@umh.es\">buval@umh.es<\/a><\/li>\n<\/ul>\n<\/li>\n<\/ul>\n<ol start=\"5\">\n<li style=\"text-align: justify\">El personal usuari d'aquest servei pot fer una cerca global en tots els cat\u00e0legs del consorci BUVAL que estar\u00e0 accessible en el desplegable del cercador del cat\u00e0leg de cadascuna de les 5 universitats. Excepcionalment i de manera transit\u00f2ria en el cas de la Universitat Polit\u00e8cnica de Val\u00e8ncia (UPV) no es podran recuperar els registres per aquest mitj\u00e0, podran fer-lo a trav\u00e9s del seu cat\u00e0leg.<\/li>\n<li style=\"text-align: justify\">La persona es compromet a tornar els pr\u00e9stecs en el termini indicat i en la universitat prestat\u00e0ria.<\/li>\n<li style=\"text-align: justify\">Per a renovar els pr\u00e9stecs ha d'entrar en la fitxa d'usuari de la universitat a la quel pertany (UJI, UMH, UPV o UV), on apareixeran els pr\u00e9stecs actius en qualsevol de les biblioteques de BUVAL.<\/li>\n<\/ol>\n<p style=\"padding-left: 40px\">\n                <\/div>\r\n                    <\/div>\r\n    <script>\r\n        jQuery(document).ready(function($){accordions_active_index_5939 = [];        })\r\n    <\/script>    <script>\r\n        jQuery(document).ready(function($){\r\n            accordion_5939  = $(\"#accordions-5939 .items\").accordion({\r\n                event: \"click\",\r\n                collapsible:true,\r\n                heightStyle: \"content\",\r\n                animate: (\"swing\", 1000),\r\n                navigation: true,\r\n                active: 999,\r\n                            });\r\n        })\r\n    <\/script>\r\n                <\/div>\n<div id=\"accordions-12550\" class=\"accordions-12550 accordions\">\r\n                <div id=\"accordions-lazy-12550\" class=\"accordions-lazy\">\r\n                    <\/div>\r\n        <script>\r\n            jQuery(window).load(function(){\r\n                jQuery('#accordions-lazy-12550').fadeOut();\r\n                jQuery('#accordions-12550 .items').fadeIn();\r\n            });\r\n        <\/script><style type='text\/css'>\r\n        @media only screen and (min-width: 1024px ){\r\n            #accordions-12550 {\r\n                            width: 100%;\r\n                        }\r\n        }\r\n        @media only screen and ( min-width: 768px ) and ( max-width: 1023px ) {\r\n            #accordions-12550 {\r\n                            width: 100%;\r\n                        }\r\n        }\r\n        @media only screen and ( min-width: 0px ) and ( max-width: 767px ){\r\n            #accordions-12550 {\r\n                            width: 100%;\r\n                        }\r\n        }\r\n                    #accordions-12550 .items {display: none;}\r\n            #accordions-12550 .accordions-lazy {\r\n                text-align: center;\r\n                position: absolute;\r\n                top: 50%;\r\n                left: 50%;\r\n                transform: translate(-50%, -50%);\r\n            }\r\n            #accordions-12550 {\r\n                            text-align: left;\r\n                                        background:#ffffff url() repeat scroll 0 0;\r\n                                    position: relative;\r\n        }\r\n        #accordions-12550 .accordions-head{\r\n                    background:#c5dde0 none repeat scroll 0 0;\r\n                                    outline: none;\r\n        }\r\n        #accordions-12550 .accordions-head-title{\r\n                            color:#000000;\r\n                            font-size:16px;\r\n                }\r\n        #accordions-12550 .accordions-head-title-toggle{\r\n                    color:#000000;\r\n                            font-size:16px;\r\n                }\r\n        #accordions-12550 .accordions-head:hover .accordions-head-title{\r\n                    color:#ffffff;\r\n                }\r\n        #accordions-12550 .ui-state-active{\r\n                    background: #becee0;\r\n                    border: none;\r\n        }\r\n        #accordions-12550 .accordion-content{\r\n                            background:#ffffff none repeat scroll 0 0;\r\n                            color:#191919;\r\n                                            border: none;\r\n        }\r\n        #accordions-12550 .accordion-icons{\r\n                                                                    }\r\n        #accordions-12550 .accordions-head:hover .accordion-icons span{\r\n                    }\r\n            <\/style>\r\n    <div class=\"items\">\r\n                        <div post_id=\"12550\" itemcount=\"0\" header_id=\"header-1674066490486\" id=\"header-1674066490486\" style=\"\" class=\"accordions-head head1674066490486 border-none\" toggle-text=\"\" main-text=\"Conveni BUVAL\">\r\n                                            <span id=\"accordion-icons-1674066490486\" class=\"accordion-icons\">\r\n                            <span class=\"accordion-icon-active accordion-plus\"><i class=\"fas fa-chevron-up\"><\/i><\/span>\r\n                            <span class=\"accordion-icon-inactive accordion-minus\"><i class=\"fas fa-chevron-right\"><\/i><\/span>\r\n                        <\/span>\r\n                        <span id=\"header-text-1674066490486\" class=\"accordions-head-title\">Conveni BUVAL<\/span>\r\n                                        <\/div>\r\n                <div class=\"accordion-content content1674066490486 \">\r\n                    <p><a href=\"https:\/\/biblioteca.umh.es\/files\/2021\/12\/CONVENIO-ESPECIFICO-5-UNIVERSIDADES.pdf\">Accedeix al Conveni BUVAL<\/a><\/p>\n<p><a href=\"https:\/\/biblioteca.umh.es\/files\/2023\/03\/NORMATIVA-PRESTEC-BUVal.pdf\">Accedeix a la Normativa BUVAL<\/a><\/p>\n<p>&nbsp;<\/p>\n                <\/div>\r\n                    <\/div>\r\n    <script>\r\n        jQuery(document).ready(function($){accordions_active_index_12550 = [];        })\r\n    <\/script>    <script>\r\n        jQuery(document).ready(function($){\r\n            accordion_12550  = $(\"#accordions-12550 .items\").accordion({\r\n                event: \"click\",\r\n                collapsible:true,\r\n                heightStyle: \"content\",\r\n                animate: (\"swing\", 1000),\r\n                navigation: true,\r\n                active: 999,\r\n                            });\r\n        })\r\n    <\/script>\r\n                <\/div>\n<p>Pots accedir als cat\u00e0legs de les cinc universitats valencianes punxant en:<\/p>\n<table class=\"tipo4\" style=\"margin-left: auto;margin-right: auto;width: 100%;height: 90px\" summary=\"piv\">\n<tbody>\n<tr>\n<td align=\"center\" valign=\"middle\" width=\"20%\" height=\"30px\"><a class=\"ventananueva\" title=\"cat\u00e1logo de la biblioteca de la UV\" href=\"https:\/\/trobes.uv.es\/discovery\/search?tab=All&amp;search_scope=All&amp;vid=34CVA_UV:VU1&amp;lang=es\" target=\"_blank\" rel=\"noopener ventananueva noreferrer\"><br \/>\n<img title=\"\" src=\"https:\/\/biblioteca.umh.es\/files\/2021\/05\/uv.gif\" alt=\"\"><br \/>\n<\/a><\/td>\n<td align=\"center\" valign=\"middle\" width=\"20%\" height=\"30px\"><a class=\"ventananueva\" title=\"cat\u00e1logo de la biblioteca de la UPV\" href=\"https:\/\/polibuscador.upv.es\/primo-explore\/search?vid=bibupv&amp;tab=default_tab&amp;search_scope=ALL&amp;pcAvailabiltyMode=false&amp;query=any,contains,&amp;queryTemp=\" target=\"_blank\" rel=\"noopener ventananueva noreferrer\"><br \/>\n<img title=\"\" src=\"https:\/\/biblioteca.umh.es\/files\/2021\/05\/upv.gif\" alt=\"\"><br \/>\n<\/a><\/td>\n<td align=\"center\" valign=\"middle\" width=\"20%\" height=\"30px\"><a title=\"ir a cat\u00e1logo de la biblioteca\" href=\"https:\/\/cat.biblioteca.ua.es\/discovery\/search?tab=34CVA_BibVal&amp;search_scope=DiscoveryNetwork&amp;vid=34CVA_UA:VU1&amp;offset=0\"><br \/>\n<img title=\"\" src=\"https:\/\/biblioteca.umh.es\/files\/2021\/05\/ua.gif\" alt=\"\"><br \/>\n<\/a><\/td>\n<td align=\"center\" valign=\"middle\" width=\"20%\" height=\"30px\"><a class=\"ventananueva\" title=\"cat\u00e1logo de la biblioteca de la UJI\" href=\"https:\/\/cataleg.uji.es\/discovery\/search?tab=34UJI_DN_VU1&amp;search_scope=34UJI_DN&amp;vid=34CVA_UJI:VU1&amp;lang=ca&amp;offset=0\" target=\"_blank\" rel=\"noopener ventananueva noreferrer\"><br \/>\n<img title=\"\" src=\"https:\/\/biblioteca.ua.es\/es\/imagenes\/jaume-i.gif\" alt=\"\"><br \/>\n<\/a><\/td>\n<td align=\"center\" valign=\"middle\" width=\"20%\" height=\"30px\"><a class=\"ventananueva\" href=\"https:\/\/dama.umh.es\/discovery\/search?vid=34CVA_UMH:VU1\" target=\"_blank\" rel=\"noopener ventananueva noreferrer\"><br \/>\n<img title=\"\" src=\"https:\/\/biblioteca.umh.es\/files\/2021\/05\/logo-umh-nuevo.gif\" alt=\"\"><br \/>\n<\/a><\/td>\n<\/tr>\n<\/tbody>\n<\/table>\n<p>&nbsp;<\/p>\n<h2>Relacionats&#8230;<\/h2>\n<ul>\n<li><a href=\"https:\/\/biblioteca.umh.es\/ca\/prestamo\/\">Pr\u00e9stec a domicili<\/a><\/li>\n<li><a href=\"https:\/\/biblioteca.umh.es\/ca\/prestamo-2\/prestamo-de-portatiles\/\">Pr\u00e9stec de port\u00e0tils<\/a> (per a estudiants UMH)<\/li>\n<li><a href=\"https:\/\/biblioteca.umh.es\/ca\/servicios-al-investigador\/prestamo-interbibliotecario\/\">Pr\u00e9stec interbibliotecari<\/a><\/li>\n<li><a href=\"http:\/\/biblioteca.umh.es\/servicios-2\/prestamo-2\/prestamo-intercampus\/\">Pr\u00e9stec intercampus<\/a><\/li>\n<li><a href=\"http:\/\/biblioteca.umh.es\/servicios-2\/prestamo-2\/prestamo-e-book\/\">Pr\u00e9stec e-book<\/a><\/li>\n<li><a href=\"https:\/\/biblioteca.umh.es\/ca\/prestamo-2\/prestamo-a-alumni\/\">Pr\u00e9stec alumni<\/a> (antiguos alumnos UMH)<\/li>\n<\/ul>\n<p style=\"text-align: center\">&nbsp;<\/p>\n<p>&nbsp;<\/p>","protected":false},"excerpt":{"rendered":"<p>El passat 11 de maig de 2021, els rectors de les cinc universitats p\u00fabliques valencianes signaren un conveni per a la constituci\u00f3 del consorci de les cinc biblioteques institucionals valencianes, denominat BUVAL.&nbsp; Aquest consorci permet compartir pr\u00e9stec de fons bibliogr\u00e0fics, formaci\u00f3, recursos i serveis. El pr\u00e9stec BUVAL posa a la disposici\u00f3 del Personal Docent Investigador, [&#8230;]<\/p>\n","protected":false},"author":3622,"featured_media":0,"parent":2168,"menu_order":3,"comment_status":"closed","ping_status":"closed","template":"","meta":{"ngg_post_thumbnail":0,"_links_to":"","_links_to_target":""},"_links":{"self":[{"href":"https:\/\/biblioteca.umh.es\/ca\/wp-json\/wp\/v2\/pages\/5756"}],"collection":[{"href":"https:\/\/biblioteca.umh.es\/ca\/wp-json\/wp\/v2\/pages"}],"about":[{"href":"https:\/\/biblioteca.umh.es\/ca\/wp-json\/wp\/v2\/types\/page"}],"author":[{"embeddable":true,"href":"https:\/\/biblioteca.umh.es\/ca\/wp-json\/wp\/v2\/users\/3622"}],"replies":[{"embeddable":true,"href":"https:\/\/biblioteca.umh.es\/ca\/wp-json\/wp\/v2\/comments?post=5756"}],"version-history":[{"count":0,"href":"https:\/\/biblioteca.umh.es\/ca\/wp-json\/wp\/v2\/pages\/5756\/revisions"}],"up":[{"embeddable":true,"href":"https:\/\/biblioteca.umh.es\/ca\/wp-json\/wp\/v2\/pages\/2168"}],"wp:attachment":[{"href":"https:\/\/biblioteca.umh.es\/ca\/wp-json\/wp\/v2\/media?parent=5756"}],"curies":[{"name":"wp","href":"https:\/\/api.w.org\/{rel}","templated":true}]}}