{"id":532,"date":"2014-03-13T13:55:48","date_gmt":"2014-03-13T12:55:48","guid":{"rendered":"http:\/\/biblioteca.umh.es\/?page_id=532"},"modified":"2022-06-02T17:58:05","modified_gmt":"2022-06-02T15:58:05","slug":"bases-de-datos-con-acceso-gratuito-en-internet","status":"publish","type":"page","link":"https:\/\/biblioteca.umh.es\/ca\/recursos-e\/bases-de-datos-con-acceso-gratuito-en-internet\/","title":{"rendered":"Altres bases de dades (acc\u00e9s lliure)"},"content":{"rendered":"<p><strong>&nbsp;Nombre&nbsp; &nbsp; &nbsp; &nbsp; &nbsp; &nbsp; &nbsp; &nbsp; &nbsp; &nbsp; <\/strong>&nbsp; &nbsp; &nbsp; &nbsp; &nbsp; &nbsp; &nbsp; &nbsp; &nbsp; &nbsp; &nbsp; &nbsp; &nbsp; &nbsp; &nbsp; &nbsp; &nbsp; &nbsp; &nbsp; &nbsp;<strong>&nbsp; &nbsp; &nbsp; &nbsp;&nbsp;<\/strong>&nbsp; &nbsp; &nbsp; &nbsp; &nbsp; &nbsp; &nbsp; &nbsp; &nbsp; &nbsp; &nbsp; &nbsp; &nbsp; &nbsp; &nbsp; &nbsp; &nbsp; &nbsp;<strong>Descripci\u00f3n<\/strong><\/p>\n<table border=\"0\" width=\"693\" cellspacing=\"0\" cellpadding=\"0\">\n<tbody>\n<tr>\n<td style=\"text-align: left\" width=\"267\" height=\"17\"><a href=\"http:\/\/badali.umh.es\/\">BADALI<\/a><\/td>\n<td style=\"text-align: center\" width=\"204\">&nbsp;<\/td>\n<td style=\"text-align: left\" width=\"222\">Base de dades dels aliments elaborada en la UMH, complementada amb una web de nutrici\u00f3<\/td>\n<\/tr>\n<tr>\n<td height=\"17\"><a href=\"http:\/\/www.cendocbogani.org\/frm\/Presentacion.aspx\">Cendocbogani<\/a><\/td>\n<td>&nbsp;<\/td>\n<td style=\"text-align: left\">Centre de Documentaci\u00f3 sobre Drogodepend\u00e8ncies i altres Trastorns addictius \u201cDr. Emilio Bogani Miquel\u201d<\/td>\n<\/tr>\n<tr>\n<td height=\"17\"><a href=\"https:\/\/www.cochranelibrary.com\/es\/home\">Cochrane library plus en espa\u00f1ol<\/a><\/td>\n<td>&nbsp;<\/td>\n<td style=\"text-align: left\">Base de dades amb la finalitat d\u00b4elaborar revisions sistem\u00e0tiques a partir d&#8217;assajos cl\u00ednics controlats, aix\u00ed com revisions de l&#8217;evid\u00e8ncia m\u00e9s fiable<\/td>\n<\/tr>\n<tr>\n<td height=\"17\"><a href=\"http:\/\/cordis.europa.eu\/home_es.html\">Cordis<\/a><\/td>\n<td>&nbsp;<\/td>\n<td style=\"text-align: left\">Servei d&#8217;Informaci\u00f3 Comunitari sobre Recerca i desenvolupament<\/td>\n<\/tr>\n<tr>\n<td height=\"17\"><a href=\"http:\/\/teledoc.urv.es\/cuidatge\/\">Cuidatge<\/a><\/td>\n<td>&nbsp;<\/td>\n<td>Refer\u00e8ncies bibliogr\u00e0fiques en Infermeria<\/td>\n<\/tr>\n<tr>\n<td height=\"17\"><a href=\"http:\/\/cuiden.fundacionindex.com\/cuiden\/\">Cuiden<\/a><\/td>\n<td>&nbsp;<\/td>\n<td>Base de dades bibliogr\u00e0fica de la Fundaci\u00f3 Index que inclou producci\u00f3 cient\u00edfica sobre cures de salut en l&#8217;espai cient\u00edfic Iberoameric\u00e0<\/td>\n<\/tr>\n<tr>\n<td height=\"17\"><a href=\"http:\/\/dialnet.unirioja.es\/\">DialNet<\/a><\/td>\n<td>&nbsp;<\/td>\n<td>Portal multidisciplinari de recursos en espanyol, amb especial cobertura en humanitats i ci\u00e8ncies socials<\/td>\n<\/tr>\n<tr>\n<td height=\"17\"><a href=\"http:\/\/www.elcastellano.org\/diccio.html\">Diccionaris especialitzats i glosaris<\/a><\/td>\n<td>&nbsp;<\/td>\n<td>Diccionaris especialitzats i glossaris en diversos idiomes<\/td>\n<\/tr>\n<tr>\n<td colspan=\"2\" height=\"17\"><a href=\"http:\/\/alfama.sim.ucm.es\/isishtm\/enfispo2.htm\">ENfispo, ENfermer\u00eda, FISioterapia y POdolog\u00eda<\/a><\/td>\n<td>&nbsp;<\/td>\n<\/tr>\n<tr>\n<td height=\"17\"><a href=\"https:\/\/www.etde.org\/etdeweb\/\">ETDE (Energy Technology Data Exchange)<\/a><\/td>\n<td>&nbsp;<\/td>\n<td>Base de dades de l&#8217;Ag\u00e8ncia Internacional de l&#8217;Energia<\/td>\n<\/tr>\n<tr>\n<td height=\"17\"><a href=\"http:\/\/europa.eu\/index_es.htm\">Europa<\/a><\/td>\n<td>&nbsp;<\/td>\n<td>Portal de la Uni\u00f3 Europea<\/td>\n<\/tr>\n<tr>\n<td height=\"17\"><a href=\"https:\/\/f1000research.com\/collections\">F1000 Posters<\/a><\/td>\n<td>&nbsp;<\/td>\n<td>Posters de congressos de biologia i medicina<\/td>\n<\/tr>\n<tr>\n<td height=\"17\"><a href=\"http:\/\/www.fao.org\/documents\/es\/\">FAO:Documentos<\/a><\/td>\n<td>&nbsp;<\/td>\n<td>Documents a text complet d&#8217;agricultura i alimentaci\u00f3<\/td>\n<\/tr>\n<tr>\n<td colspan=\"2\" height=\"17\"><a href=\"https:\/\/sites.google.com\/site\/indealbruselas\/glosalim\">GlosAlim<\/a><\/td>\n<td>Glossari de termes utilitzats en dret alimentari de la UE<\/td>\n<\/tr>\n<tr>\n<td height=\"17\"><a href=\"http:\/\/www.fundacionlilly.com\/es\/actividades\/medes-medicina-en-espaniol\/index.aspx\">MEDES=Medicina es espa\u00f1ol<\/a><\/td>\n<td>&nbsp;<\/td>\n<td>Refer\u00e8ncies bibliogr\u00e0fiques publicades en una selecci\u00f3 de revistes espanyoles de medicina i farm\u00e0cia<\/td>\n<\/tr>\n<tr>\n<td height=\"17\"><a href=\"http:\/\/www.medibooks.es\/\">MediBooks<\/a><\/td>\n<td>&nbsp;<\/td>\n<td>Cercador de bibliografia m\u00e8dica espanyola<\/td>\n<\/tr>\n<tr>\n<td height=\"17\"><a href=\"http:\/\/www.ncbi.nlm.nih.gov\/pubmed\/\">PUBMED<\/a><\/td>\n<td>&nbsp;<\/td>\n<td>Compr\u00e9n m\u00e9s de 24 milions de cites de la literatura biom\u00e8dica de MEDLINE, revistes de ci\u00e8ncies biol\u00f2giques, i llibres en l\u00ednia. Les cites poden incloure vincles a contingut de text complet dels llocs web d&#8217;editors PubMed Central<\/td>\n<\/tr>\n<tr>\n<td height=\"17\"><a href=\"http:\/\/buscador.recolecta.fecyt.es\/\">Recolecta<\/a><\/td>\n<td>&nbsp;<\/td>\n<td>Iniciativa conjunta de Rebiun i FECyT&nbsp; amb l&#8217;objectiu de promoure la publicaci\u00f3 en acc\u00e9s obert dels treballs de recerca desenvolupats en les diferents institucions acad\u00e8miques espanyoles, facilitant el seu \u00fas i visibilitat alhora que proporciona eines que faciliten el desenvolupament de continguts en acc\u00e9s obert<\/td>\n<\/tr>\n<tr>\n<td height=\"17\"><a href=\"https:\/\/www.sietes.org\/#\/home\">Sietes<\/a><\/td>\n<td>&nbsp;<\/td>\n<td>Sistema d&#8217;Informaci\u00f3 Essencial en Terap\u00e8utica i Salut<\/td>\n<\/tr>\n<tr>\n<td height=\"17\"><a href=\"https:\/\/www.educacion.gob.es\/teseo\/irGestionarConsulta.do\">TESEO<\/a><\/td>\n<td>&nbsp;<\/td>\n<td>Tesis doctorals espanyoles<\/td>\n<\/tr>\n<tr>\n<td height=\"17\"><a href=\"https:\/\/www.vitis-vea.de\/En\/index.php\">Viticulture and enology abstracts<\/a><\/td>\n<td>&nbsp;<\/td>\n<td>Base de dades internacional sobre viticultura, enologia i camps relacionats<\/td>\n<\/tr>\n<\/tbody>\n<\/table>\n<p><\/p>","protected":false},"excerpt":{"rendered":"<p>&nbsp;Nombre&nbsp; &nbsp; &nbsp; &nbsp; &nbsp; &nbsp; &nbsp; &nbsp; &nbsp; &nbsp; &nbsp; &nbsp; &nbsp; &nbsp; &nbsp; &nbsp; &nbsp; &nbsp; &nbsp; &nbsp; &nbsp; &nbsp; &nbsp; &nbsp; &nbsp; &nbsp; &nbsp; &nbsp; &nbsp; &nbsp;&nbsp; &nbsp; &nbsp; &nbsp;&nbsp;&nbsp; &nbsp; &nbsp; &nbsp; &nbsp; &nbsp; &nbsp; &nbsp; &nbsp; &nbsp; &nbsp; &nbsp; &nbsp; &nbsp; &nbsp; &nbsp; &nbsp; &nbsp;Descripci\u00f3n<\/p>\n<p>BADALI<br \/>\n&nbsp;<br \/>\nBase de dades dels aliments elaborada [&#8230;]<\/p>\n","protected":false},"author":3622,"featured_media":0,"parent":2140,"menu_order":4,"comment_status":"closed","ping_status":"open","template":"","meta":{"ngg_post_thumbnail":0,"_links_to":"","_links_to_target":""},"_links":{"self":[{"href":"https:\/\/biblioteca.umh.es\/ca\/wp-json\/wp\/v2\/pages\/532"}],"collection":[{"href":"https:\/\/biblioteca.umh.es\/ca\/wp-json\/wp\/v2\/pages"}],"about":[{"href":"https:\/\/biblioteca.umh.es\/ca\/wp-json\/wp\/v2\/types\/page"}],"author":[{"embeddable":true,"href":"https:\/\/biblioteca.umh.es\/ca\/wp-json\/wp\/v2\/users\/3622"}],"replies":[{"embeddable":true,"href":"https:\/\/biblioteca.umh.es\/ca\/wp-json\/wp\/v2\/comments?post=532"}],"version-history":[{"count":0,"href":"https:\/\/biblioteca.umh.es\/ca\/wp-json\/wp\/v2\/pages\/532\/revisions"}],"up":[{"embeddable":true,"href":"https:\/\/biblioteca.umh.es\/ca\/wp-json\/wp\/v2\/pages\/2140"}],"wp:attachment":[{"href":"https:\/\/biblioteca.umh.es\/ca\/wp-json\/wp\/v2\/media?parent=532"}],"curies":[{"name":"wp","href":"https:\/\/api.w.org\/{rel}","templated":true}]}}