{"id":521,"date":"2014-03-12T17:39:01","date_gmt":"2014-03-12T16:39:01","guid":{"rendered":"http:\/\/biblioteca.umh.es\/?page_id=521"},"modified":"2023-01-23T16:18:58","modified_gmt":"2023-01-23T15:18:58","slug":"prestamo-e-book","status":"publish","type":"page","link":"https:\/\/biblioteca.umh.es\/ca\/servicios\/prestamo-2\/prestamo-e-book\/","title":{"rendered":"Pr\u00e9stec e-book"},"content":{"rendered":"<p><\/p>\n<p style=\"text-align: justify\">Porta&#8217;t el teu pr\u00e9stec de llibre en format electr\u00f2nic a casa d&#8217;una forma r\u00e0pida i senzilla amb una clara visualitzaci\u00f3 en pdf. El gran avantatge \u00e9s que no has de connectar-te per acc\u00e9s remot a la p\u00e0gina de la UMH, ni visualitzar el llibre en format electr\u00f2nic en ordinadors que estiguen dins de la UMH. Una vegada fet el pr\u00e9stec del teu llibre electr\u00f2nic, pots visualitzar-lo en el teu PC. Des d&#8217;ac\u00ed pots accedir a cadascun dels llibres-e que la Biblioteca posa a la vostra disposici\u00f3, punxant en l&#8217;enlla\u00e7 corresponent.<\/p>\n<table class=\"tipo4\" style=\"margin-left: auto;margin-right: auto;width: 100%;border: hidden\" summary=\"piv\">\n<tbody>\n<tr>\n<td width=\"15%\"><img loading=\"lazy\" class=\"alignnone size-medium wp-image-10198\" src=\"https:\/\/biblioteca.umh.es\/files\/2022\/04\/ENI.jpg\" alt=\"\" width=\"300\" height=\"300\" srcset=\"https:\/\/biblioteca.umh.es\/files\/2022\/04\/ENI.jpg 520w, https:\/\/biblioteca.umh.es\/files\/2022\/04\/ENI-300x300.jpg 300w, https:\/\/biblioteca.umh.es\/files\/2022\/04\/ENI-150x150.jpg 150w\" sizes=\"(max-width: 300px) 100vw, 300px\" \/><\/td>\n<td style=\"text-align: left\" width=\"35%\"><a href=\"http:\/\/publicaciones.umh.es:8080\/login?url=https:\/\/www.eni-training.com\/cs\/umh\" target=\"_blank\" rel=\"noopener\">Biblioteca Online ENI<\/a>. Biblioteca en l\u00ednia especialitzada en llibres d&#8217;inform\u00e0tica.<\/td>\n<td width=\"15%\"><img loading=\"lazy\" class=\"alignnone size-medium wp-image-10511\" src=\"https:\/\/biblioteca.umh.es\/files\/2022\/04\/Life-Sciences_Psychology-300x300.png\" alt=\"\" width=\"300\" height=\"300\" srcset=\"https:\/\/biblioteca.umh.es\/files\/2022\/04\/Life-Sciences_Psychology-300x300.png 300w, https:\/\/biblioteca.umh.es\/files\/2022\/04\/Life-Sciences_Psychology-150x150.png 150w, https:\/\/biblioteca.umh.es\/files\/2022\/04\/Life-Sciences_Psychology.png 500w\" sizes=\"(max-width: 300px) 100vw, 300px\" \/><\/td>\n<td style=\"text-align: left\" width=\"35%\"><a href=\"http:\/\/publicaciones.umh.es:8080\/login?url=https:\/\/www.sciencedirect.com\/browse\/journals-and-books?contentType=BS&amp;accessType=subscribed\" target=\"_blank\" rel=\"noopener\">Book Series<\/a>. Life Sciences + Psichology. Enciclop\u00e8dies de ScienceDirect.<\/td>\n<\/tr>\n<\/tbody>\n<\/table>\n<table class=\"tipo4\" style=\"margin-left: auto;margin-right: auto;width: 100%;border: hidden\" summary=\"piv\">\n<tbody>\n<tr>\n<td width=\"15%\"><img loading=\"lazy\" class=\"alignnone size-medium wp-image-10505\" src=\"https:\/\/biblioteca.umh.es\/files\/2022\/04\/Clinical_C-300x300.png\" alt=\"\" width=\"300\" height=\"300\" srcset=\"https:\/\/biblioteca.umh.es\/files\/2022\/04\/Clinical_C-300x300.png 300w, https:\/\/biblioteca.umh.es\/files\/2022\/04\/Clinical_C-150x150.png 150w, https:\/\/biblioteca.umh.es\/files\/2022\/04\/Clinical_C.png 376w\" sizes=\"(max-width: 300px) 100vw, 300px\" \/><\/td>\n<td style=\"text-align: left\" width=\"35%\"><a href=\"https:\/\/www.clinicalkey.com\/student\" target=\"_blank\" rel=\"noopener\">ClinicalKey Student<\/a>. Plataforma interactiva amb acc\u00e9s a llibres, imatges i v\u00eddeos .<\/td>\n<td width=\"15%\"><img loading=\"lazy\" class=\"alignnone size-medium wp-image-10447\" src=\"https:\/\/biblioteca.umh.es\/files\/2022\/04\/Complete-300x225.png\" alt=\"\" width=\"300\" height=\"225\" srcset=\"https:\/\/biblioteca.umh.es\/files\/2022\/04\/Complete-300x225.png 300w, https:\/\/biblioteca.umh.es\/files\/2022\/04\/Complete-768x576.png 768w, https:\/\/biblioteca.umh.es\/files\/2022\/04\/Complete.png 1000w\" sizes=\"(max-width: 300px) 100vw, 300px\" \/><\/td>\n<td style=\"text-align: left\" width=\"35%\"><a href=\"https:\/\/store.3d4medical.com\/account\" target=\"_blank\" rel=\"noopener\">Complete Anatomy<\/a>. La plataforma d&#8217;anatomia 3D m\u00e9s avan\u00e7ada del m\u00f3n.<\/td>\n<\/tr>\n<\/tbody>\n<\/table>\n<table class=\"tipo4\" style=\"margin-left: auto;margin-right: auto;width: 100%;border: hidden\" summary=\"piv\">\n<tbody>\n<tr>\n<td width=\"15%\"><img loading=\"lazy\" class=\"alignnone size-full wp-image-10465\" src=\"https:\/\/biblioteca.umh.es\/files\/2022\/04\/DiccionarioTM.png\" alt=\"\" width=\"220\" height=\"156\"><\/td>\n<td style=\"text-align: left\" width=\"35%\"><a href=\"http:\/\/publicaciones.umh.es:8080\/login?url=http:\/\/dtme.ranm.es\" target=\"_blank\" rel=\"noopener\">DTM<\/a>. Diccionari de Termes M\u00e8dics de la Real Acad\u00e8mica Nacional de Medicina.<\/td>\n<td width=\"15%\"><img class=\"alignleft\" title=\"\" src=\"https:\/\/biblioteca.umh.es\/files\/2022\/03\/eLibro.jpg\" alt=\"\"><\/td>\n<td style=\"text-align: left\" width=\"35%\"><a href=\"https:\/\/elibro.net\/es\/lc\/bibliotecaumh\/inicio\" target=\"_blank\" rel=\"noopener\">eLibro<\/a>. Plataforma de llibres electr\u00f2nics en espanyol amb textos acad\u00e8mics d&#8217;editors l\u00edders.<\/td>\n<\/tr>\n<\/tbody>\n<\/table>\n<table class=\"tipo4\" style=\"margin-left: auto;margin-right: auto;width: 100%;border: hidden\" summary=\"piv\">\n<tbody>\n<tr>\n<td width=\"15%\"><img loading=\"lazy\" class=\"alignnone size-medium wp-image-10499\" src=\"https:\/\/biblioteca.umh.es\/files\/2022\/04\/EBS-300x300.png\" alt=\"\" width=\"300\" height=\"300\" srcset=\"https:\/\/biblioteca.umh.es\/files\/2022\/04\/EBS-300x300.png 300w, https:\/\/biblioteca.umh.es\/files\/2022\/04\/EBS-150x150.png 150w, https:\/\/biblioteca.umh.es\/files\/2022\/04\/EBS.png 500w\" sizes=\"(max-width: 300px) 100vw, 300px\" \/><\/td>\n<td style=\"text-align: left\" width=\"35%\"><a href=\"https:\/\/auth.elsevier.com\/ShibAuth\/institutionLogin?entityID=https%3A%2F%2Fwww.rediris.es%2Fsir%2Fumhidp&amp;appReturnURL=https%3A%2F%2Fwww.sciencedirect.com%2Fscience%2Fbookbshsrw%2Fall%2Fsubscribed\" target=\"_blank\" rel=\"noopener\">Elsevier ebook Collection<\/a>. Llibres electr\u00f2nics de Elsevier basats en el model EBS.<\/td>\n<td width=\"15%\"><img loading=\"lazy\" class=\"alignnone size-medium wp-image-10490\" src=\"https:\/\/biblioteca.umh.es\/files\/2022\/04\/Food-Science-Reference-Module-300x300.jpg\" alt=\"\" width=\"300\" height=\"300\" srcset=\"https:\/\/biblioteca.umh.es\/files\/2022\/04\/Food-Science-Reference-Module-300x300.jpg 300w, https:\/\/biblioteca.umh.es\/files\/2022\/04\/Food-Science-Reference-Module-150x150.jpg 150w, https:\/\/biblioteca.umh.es\/files\/2022\/04\/Food-Science-Reference-Module-768x768.jpg 768w, https:\/\/biblioteca.umh.es\/files\/2022\/04\/Food-Science-Reference-Module.jpg 800w\" sizes=\"(max-width: 300px) 100vw, 300px\" \/><\/td>\n<td style=\"text-align: left\" width=\"35%\"><a href=\"https:\/\/auth.elsevier.com\/ShibAuth\/institutionLogin?entityID=https%3A%2F%2Fwww.rediris.es%2Fsir%2Fumhidp&amp;appReturnURL=https%3A%2F%2Fwww.sciencedirect.com%2Fscience%2Freferenceworks%2F9780081005965\" target=\"_blank\" rel=\"noopener\">Elsevier Reference Collection in Food Science<\/a>. M\u00f2duls de Refer\u00e8ncia en Ci\u00e8ncies dels Aliments.<\/td>\n<\/tr>\n<\/tbody>\n<\/table>\n<table class=\"tipo4\" style=\"margin-left: auto;margin-right: auto;width: 100%;border: hidden\" summary=\"piv\">\n<tbody>\n<tr>\n<td width=\"15%\"><img class=\"alignright\" title=\"\" src=\"https:\/\/biblioteca.umh.es\/files\/2022\/03\/eureka.png\" alt=\"\"><\/td>\n<td style=\"text-align: left\" width=\"35%\"><a href=\"http:\/\/publicaciones.umh.es:8080\/login?url=http:\/\/www.medicapanamericana.com\/eureka\" target=\"_blank\" rel=\"noopener\">Eureka<\/a>. Plataforma d&#8217;Editorial M\u00e8dica Panamericana, especialitzada en Medicina i Ci\u00e8ncies de la Salut.<\/td>\n<td width=\"15%\"><img loading=\"lazy\" class=\"alignnone size-medium wp-image-10764\" src=\"https:\/\/biblioteca.umh.es\/files\/2022\/06\/Biblioteca-Virtual-Tirant-300x210.png\" alt=\"\" width=\"300\" height=\"210\" srcset=\"https:\/\/biblioteca.umh.es\/files\/2022\/06\/Biblioteca-Virtual-Tirant-300x210.png 300w, https:\/\/biblioteca.umh.es\/files\/2022\/06\/Biblioteca-Virtual-Tirant-768x538.png 768w, https:\/\/biblioteca.umh.es\/files\/2022\/06\/Biblioteca-Virtual-Tirant.png 1000w\" sizes=\"(max-width: 300px) 100vw, 300px\" \/><br \/>\n<a title=\"Orihuela EPSO\" href=\"http:\/\/publicaciones.umh.es:8080\/login?url=https:\/\/biblioteca.tirant.com\/cloudLibrary\/login\/login?username=MIGUELHERNANDEZ&amp;password=8V8dtY5\" target=\"_blank\" rel=\"noopener\"><img class=\"alignleft\" title=\"\" src=\"https:\/\/biblioteca.umh.es\/files\/2022\/03\/Tirant.png\" alt=\"\"><\/a><\/td>\n<td style=\"text-align: left\" width=\"35%\"><a href=\"http:\/\/publicaciones.umh.es:8080\/login?url=https:\/\/biblioteca.tirant.com\/cloudLibrary\/login\/login?username=MIGUELHERNANDEZ&amp;password=8V8dtY5\" target=\"_blank\" rel=\"noopener\">Biblioteca Virtual Tirant<\/a>. Especialitzada en Ci\u00e8ncies Jur\u00eddiques a m\u00e9s de Socials i Humanitats.<\/td>\n<\/tr>\n<\/tbody>\n<\/table>\n<table class=\"tipo4\" style=\"margin-left: auto;margin-right: auto;width: 100%;border: hidden\" summary=\"piv\">\n<tbody>\n<tr>\n<td width=\"15%\"><img loading=\"lazy\" class=\"alignnone size-medium wp-image-10502\" src=\"https:\/\/biblioteca.umh.es\/files\/2022\/04\/Harrison_S-300x300.png\" alt=\"\" width=\"300\" height=\"300\" srcset=\"https:\/\/biblioteca.umh.es\/files\/2022\/04\/Harrison_S-300x300.png 300w, https:\/\/biblioteca.umh.es\/files\/2022\/04\/Harrison_S-150x150.png 150w, https:\/\/biblioteca.umh.es\/files\/2022\/04\/Harrison_S.png 500w\" sizes=\"(max-width: 300px) 100vw, 300px\" \/><\/td>\n<td style=\"text-align: left\" width=\"35%\"><a href=\"http:\/\/publicaciones.umh.es:8080\/login?url=https:\/\/accessmedicina.mhmedical.com\/book.aspx?bookid=2461\" target=\"_blank\" rel=\"noopener\">Harrison Principios de Medicina Interna<\/a>. Text m\u00e9s acreditat i reconegut a nivell mundial sobre medicina interna.<\/td>\n<td style=\"text-align: justify\" width=\"15%\"><img class=\"alignleft\" title=\"\" src=\"https:\/\/biblioteca.umh.es\/files\/2022\/03\/Wiley-1.png\" alt=\"\"><\/td>\n<td style=\"text-align: left\" width=\"35%\"><a href=\"http:\/\/publicaciones.umh.es:8080\/login?url=http:\/\/olabout.wiley.com\/WileyCDA\/Section\/id-829662.html\" target=\"_blank\" rel=\"noopener\">Wiley Online Library<\/a>. Llibres-e &nbsp;escrits per cient\u00edfics prominents en ci\u00e8ncies, humanitats i ci\u00e8ncies socials.<\/td>\n<\/tr>\n<\/tbody>\n<\/table>\n<table class=\"tipo4\" style=\"margin-left: auto;margin-right: auto;width: 100%;border: hidden\" summary=\"piv\">\n<tbody>\n<tr>\n<td width=\"15%\"><img loading=\"lazy\" class=\"alignnone size-medium wp-image-10487\" src=\"https:\/\/biblioteca.umh.es\/files\/2022\/04\/Tirant_Nube-300x300.png\" alt=\"\" width=\"300\" height=\"300\" srcset=\"https:\/\/biblioteca.umh.es\/files\/2022\/04\/Tirant_Nube-300x300.png 300w, https:\/\/biblioteca.umh.es\/files\/2022\/04\/Tirant_Nube-150x150.png 150w, https:\/\/biblioteca.umh.es\/files\/2022\/04\/Tirant_Nube.png 500w\" sizes=\"(max-width: 300px) 100vw, 300px\" \/><\/td>\n<td style=\"text-align: left\" width=\"35%\"><a href=\"http:\/\/nubedelectura.umh.es\" target=\"_blank\" rel=\"noopener\">Nube de Lectura<\/a>. Plataforma que permet la consulta i el pr\u00e9stec de llibres electr\u00f2nics.<\/td>\n<td style=\"text-align: justify\" width=\"15%\"><img class=\"alignright\" title=\"\" src=\"https:\/\/biblioteca.umh.es\/files\/2022\/03\/Springer.png\" alt=\"\"><\/td>\n<td style=\"text-align: left\" width=\"35%\"><a href=\"http:\/\/publicaciones.umh.es:8080\/login?url=https:\/\/link-springer-com.publicaciones.umh.es\" target=\"_blank\" rel=\"noopener\">Springer e-books<\/a>. Portal multidisciplinari amb acc\u00e9s a llibres a text complet.<\/td>\n<\/tr>\n<\/tbody>\n<\/table>\n<table class=\"tipo4\" style=\"margin-left: auto;margin-right: auto;width: 100%;border: hidden\" summary=\"piv\">\n<tbody>\n<tr>\n<td width=\"15%\"><img loading=\"lazy\" class=\"alignnone size-medium wp-image-10514\" src=\"https:\/\/biblioteca.umh.es\/files\/2022\/04\/PRO_Ebook_Central-300x267.jpg\" alt=\"\" width=\"300\" height=\"267\" srcset=\"https:\/\/biblioteca.umh.es\/files\/2022\/04\/PRO_Ebook_Central-300x267.jpg 300w, https:\/\/biblioteca.umh.es\/files\/2022\/04\/PRO_Ebook_Central.jpg 450w\" sizes=\"(max-width: 300px) 100vw, 300px\" \/><\/td>\n<td style=\"text-align: left\" width=\"35%\">\n<table class=\"tipo4\" style=\"margin-left: auto;margin-right: auto;width: 100%;border: hidden\" summary=\"piv\">\n<tbody>\n<tr>\n<td style=\"text-align: left\" width=\"35%\"><a href=\"http:\/\/publicaciones.umh.es:8080\/login?url=http:\/\/site.ebrary.com\/lib\/bibliotecaumh\" target=\"_blank\" rel=\"noopener\">Ebook Central<\/a>. Plataforma amb acc\u00e9s a llibres i documents d&#8217;actualitat en espanyol i angl\u00e9s.<\/td>\n<\/tr>\n<\/tbody>\n<\/table>\n<\/td>\n<td style=\"text-align: justify\" width=\"15%\">&nbsp;<\/td>\n<td style=\"text-align: left\" width=\"35%\">&nbsp;<\/td>\n<\/tr>\n<\/tbody>\n<\/table>\n<h2>Relacionados&#8230;<\/h2>\n<ul>\n<li><a href=\"https:\/\/biblioteca.umh.es\/ca\/servicios\/prestamo\/\">Pr\u00e9stec a domicili<\/a><\/li>\n<li><a href=\"https:\/\/biblioteca.umh.es\/ca\/servicios-2\/prestamo-2\/prestamo-de-portatiles\/\">Pr\u00e9stec de port\u00e0tils<\/a> (per a estudiants UMH)<\/li>\n<li><a href=\"https:\/\/biblioteca.umh.es\/ca\/servicios-2\/prestamo-interbibliotecario\/\">Pr\u00e9stec interbibliotecari<\/a><\/li>\n<li><a href=\"http:\/\/biblioteca.umh.es\/ca\/servicios-2\/prestamo-2\/prestamo-intercampus\/\">Pr\u00e9stec intercampus<\/a><\/li>\n<li><a href=\"https:\/\/biblioteca.umh.es\/ca\/servicios-2\/prestamo-2\/prestamo-consorciado-valenciano-buval\/\">Pr\u00e9stec BUVAL<\/a> (Biblioteques Universit\u00e0ries Valencianes)<\/li>\n<li><a href=\"http:\/\/biblioteca.umh.es\/ca\/servicios-2\/prestamo-2\/prestamo-a-alumni\/\">Pr\u00e9stec alumni<\/a> (antics alumnes UMH)<\/li>\n<\/ul>\n<p><\/p>","protected":false},"excerpt":{"rendered":"<p>Porta&#8217;t el teu pr\u00e9stec de llibre en format electr\u00f2nic a casa d&#8217;una forma r\u00e0pida i senzilla amb una clara visualitzaci\u00f3 en pdf. El gran avantatge \u00e9s que no has de connectar-te per acc\u00e9s remot a la p\u00e0gina de la UMH, ni visualitzar el llibre en format electr\u00f2nic en ordinadors que estiguen dins de la UMH. [&#8230;]<\/p>\n","protected":false},"author":3622,"featured_media":0,"parent":2168,"menu_order":4,"comment_status":"closed","ping_status":"open","template":"","meta":{"ngg_post_thumbnail":0,"_links_to":"","_links_to_target":""},"_links":{"self":[{"href":"https:\/\/biblioteca.umh.es\/ca\/wp-json\/wp\/v2\/pages\/521"}],"collection":[{"href":"https:\/\/biblioteca.umh.es\/ca\/wp-json\/wp\/v2\/pages"}],"about":[{"href":"https:\/\/biblioteca.umh.es\/ca\/wp-json\/wp\/v2\/types\/page"}],"author":[{"embeddable":true,"href":"https:\/\/biblioteca.umh.es\/ca\/wp-json\/wp\/v2\/users\/3622"}],"replies":[{"embeddable":true,"href":"https:\/\/biblioteca.umh.es\/ca\/wp-json\/wp\/v2\/comments?post=521"}],"version-history":[{"count":0,"href":"https:\/\/biblioteca.umh.es\/ca\/wp-json\/wp\/v2\/pages\/521\/revisions"}],"up":[{"embeddable":true,"href":"https:\/\/biblioteca.umh.es\/ca\/wp-json\/wp\/v2\/pages\/2168"}],"wp:attachment":[{"href":"https:\/\/biblioteca.umh.es\/ca\/wp-json\/wp\/v2\/media?parent=521"}],"curies":[{"name":"wp","href":"https:\/\/api.w.org\/{rel}","templated":true}]}}