{"id":468,"date":"2013-06-28T13:33:36","date_gmt":"2013-06-28T11:33:36","guid":{"rendered":"http:\/\/biblioteca.umh.es\/?page_id=468"},"modified":"2022-06-01T17:07:53","modified_gmt":"2022-06-01T15:07:53","slug":"rediumh","status":"publish","type":"page","link":"https:\/\/biblioteca.umh.es\/ca\/biblioteca-digital\/rediumh\/","title":{"rendered":"Repositori digital RediUMH"},"content":{"rendered":"<p><span style=\"color: #000000\">Estimat usuari l\u00b4informem que des del 28 d&#8217;octubre de 2021 el nostre repositori RediUMH s&#8217;ha actualitzat a l&#8217;\u00faltima versi\u00f3 de dspace 6.3<\/span><\/p>\n<ul>\n<li><a href=\"http:\/\/dspace.umh.es\/\">RediUMH repositori<\/a><\/li>\n<li><a href=\"http:\/\/dspace.umh.es\/handle\/11000\/537\">Tesis Doctorales<\/a><\/li>\n<li><a href=\"http:\/\/dspace.umh.es\/handle\/11000\/1142\">Trabajo Fin de Grado<\/a><\/li>\n<li><a href=\"http:\/\/dspace.umh.es\/handle\/11000\/1144\">Trabajo Fin de Master<\/a><\/li>\n<\/ul>\n<iframe  style=\"display: block; margin: 0px auto;\"  id=\"_ytid_70818\"  width=\"480\" height=\"270\"  data-origwidth=\"480\" data-origheight=\"270\" src=\"https:\/\/www.youtube.com\/embed\/-oUxesFEVTs?enablejsapi=1&autoplay=0&cc_load_policy=0&cc_lang_pref=&iv_load_policy=1&loop=0&modestbranding=0&rel=1&fs=1&playsinline=0&autohide=2&theme=dark&color=red&controls=1&\" class=\"__youtube_prefs__  no-lazyload\" title=\"YouTube player\"  allow=\"accelerometer; autoplay; clipboard-write; encrypted-media; gyroscope; picture-in-picture\" allowfullscreen data-no-lazy=\"1\" data-skipgform_ajax_framebjll=\"\"><\/iframe>\n<p>&nbsp;<\/p>\n<p style=\"text-align: justify\"><strong>RediUMH<\/strong> \u00e9s un dip\u00f2sit digital de documents la finalitat dels quals \u00e9s recopilar, organitzar, difondre i preservar els documents digitals de car\u00e0cter cient\u00edfic, docent i institucional produ\u00efts per la nostra universitat.<\/p>\n<p style=\"text-align: justify\">En ell ja es dipositen tesi, treballs fi de carrera, objectes docents, articles i altres resultats de la recerca, dipositats per la Comunitat Universit\u00e0ria. Aix\u00ed, es podr\u00e0 accedir des d&#8217;ell a tot tipus de materials digitals, tant <em>preprints<\/em> com <em>papers<\/em> i <em>postprints<\/em>, comunicacions a congressos, materials i objectes docents, revistes editades per la UMH i una altra documentaci\u00f3 institucional generada per la mateixa.<\/p>\n<p style=\"text-align: justify\">Amb a\u00e7\u00f2 augmentem la visibilitat dels treballs produ\u00efts en la UMH, incrementant el seu impacte i assegurant la seua protecci\u00f3 contra plagis, aix\u00ed com la seua preservaci\u00f3. Gr\u00e0cies a la utilitzaci\u00f3 de protocols internacionals i del gestor dSpace, RediUMH est\u00e0 sent recol\u00b7lectat per eines com Recol\u00b7lecta, Google i altres similars.<\/p>\n<p style=\"text-align: justify\">Assessorament sobre Acc\u00e9s Obert, RediUMH i Propietat Intel\u00b7lectual:&nbsp;<a href=\"mailto:biblioteca.rediumh@umh.es\">biblioteca.rediumh@umh.es<\/a><\/p>\n<h2>Relacionats<\/h2>\n<ul>\n<li><a href=\"http:\/\/repositories.webometrics.info\">R\u00e0nquing Web of Repositories<\/a> (El millor directori\/r\u00e0nquing de repositoris en acc\u00e9s obert).<\/li>\n<\/ul>\n<p><\/p>","protected":false},"excerpt":{"rendered":"<p>Estimat usuari l\u00b4informem que des del 28 d&#8217;octubre de 2021 el nostre repositori RediUMH s&#8217;ha actualitzat a l&#8217;\u00faltima versi\u00f3 de dspace 6.3<\/p>\n<p>RediUMH repositori<br \/>\nTesis Doctorales<br \/>\nTrabajo Fin de Grado<br \/>\nTrabajo Fin de Master<\/p>\n<p>&nbsp;<br \/>\nRediUMH \u00e9s un dip\u00f2sit digital de documents la finalitat dels quals \u00e9s recopilar, organitzar, difondre i preservar els documents digitals de car\u00e0cter cient\u00edfic, docent i institucional [&#8230;]<\/p>\n","protected":false},"author":417,"featured_media":0,"parent":923,"menu_order":8,"comment_status":"closed","ping_status":"closed","template":"","meta":{"ngg_post_thumbnail":0,"_links_to":"","_links_to_target":""},"_links":{"self":[{"href":"https:\/\/biblioteca.umh.es\/ca\/wp-json\/wp\/v2\/pages\/468"}],"collection":[{"href":"https:\/\/biblioteca.umh.es\/ca\/wp-json\/wp\/v2\/pages"}],"about":[{"href":"https:\/\/biblioteca.umh.es\/ca\/wp-json\/wp\/v2\/types\/page"}],"author":[{"embeddable":true,"href":"https:\/\/biblioteca.umh.es\/ca\/wp-json\/wp\/v2\/users\/417"}],"replies":[{"embeddable":true,"href":"https:\/\/biblioteca.umh.es\/ca\/wp-json\/wp\/v2\/comments?post=468"}],"version-history":[{"count":0,"href":"https:\/\/biblioteca.umh.es\/ca\/wp-json\/wp\/v2\/pages\/468\/revisions"}],"up":[{"embeddable":true,"href":"https:\/\/biblioteca.umh.es\/ca\/wp-json\/wp\/v2\/pages\/923"}],"wp:attachment":[{"href":"https:\/\/biblioteca.umh.es\/ca\/wp-json\/wp\/v2\/media?parent=468"}],"curies":[{"name":"wp","href":"https:\/\/api.w.org\/{rel}","templated":true}]}}