{"id":360,"date":"2012-03-20T13:14:35","date_gmt":"2012-03-20T13:14:35","guid":{"rendered":"http:\/\/biblioteca.zeus.umh.es\/servicios\/"},"modified":"2024-11-26T15:20:59","modified_gmt":"2024-11-26T14:20:59","slug":"servicios-3","status":"publish","type":"page","link":"https:\/\/biblioteca.umh.es\/ca\/servicios\/servicios-3\/","title":{"rendered":"Servei de consultes i incid\u00e8ncies (PAS, PDI, alumnes, etc.)"},"content":{"rendered":"<p>&nbsp;<\/p>\n<table width=\"797\">\n<tbody>\n<tr>\n<td style=\"text-align: center\" width=\"552\"><strong>Serveis<\/strong><\/td>\n<td style=\"text-align: left\" width=\"245\"><strong>Correu electr\u00f2nic institucional&nbsp;<\/strong><\/td>\n<\/tr>\n<tr>\n<td>B\u00fastia de suggeriments<\/td>\n<td width=\"245\"><a href=\"mailto:bibliotecas@umh.es\">bibliotecas@umh.es<\/a><\/td>\n<\/tr>\n<tr>\n<td>Serveis per a subvenci\u00f3 d&#8217;articles OA<\/td>\n<td width=\"245\"><a href=\"mailto:bibliotecaat@umh.es\">bibliotecaat@umh.es<\/a><\/td>\n<\/tr>\n<tr>\n<td>Serveis a l&#8217;investigador: Consultes i assessorament, presentaci\u00f3 de sexennis, avaluacions d&#8217;investigaci\u00f3, etc<\/td>\n<td width=\"245\"><a href=\"mailto:biblio_inves@umh.es\">biblio_inves@umh.es<\/a><\/td>\n<\/tr>\n<tr>\n<td>Assessorament sobre Acc\u00e9s Obert, Repositori Institucional \u201cRediUMH\u201d i Propietat Intel\u00b7lectual: Dubtes, incid\u00e8ncies, consultes\u2026<\/td>\n<td width=\"245\"><a href=\"mailto:biblioteca.rediumh@umh.es\">biblioteca.rediumh@umh.es<\/a><\/td>\n<\/tr>\n<tr>\n<td>Editorial electr\u00f2nica de la UMH: Assessorament, consultes, incid\u00e8ncies, dubtes etc. sobre l&#8217;edici\u00f3 de llibre electr\u00f2nic en la UMH<\/td>\n<td width=\"245\"><a href=\"mailto:editorial@umh.es\">editorial@umh.es<\/a><\/td>\n<\/tr>\n<tr>\n<td>Gestor de Curr\u00edculum per a PDI i investigadors -Biblioteques EAITT.Enviament de curr\u00edculum a trav\u00e9s d&#8217;aplicaci\u00f3 inform\u00e0tica, per a validar en biblioteca i segons normativa<\/td>\n<td width=\"245\"><a href=\"mailto:biblio.eaitt@umh.es\">biblio.eaitt@umh.es<\/a><\/td>\n<\/tr>\n<tr>\n<td>Pr\u00e9stec Interbibliotecari: Assessorament, consultes, incid\u00e8ncies , dubtes\u2026<\/td>\n<td width=\"245\"><a href=\"mailto:spi@umh.es\">spi@umh.es<\/a><\/td>\n<\/tr>\n<tr>\n<td>Assessorament consultes i incid\u00e8ncies en revistes-e i bases de dades : Incid\u00e8ncies, problemes, consultes sobre tots els recursos electr\u00f2nics, incl\u00f2s el cercador Dama<\/td>\n<td><a href=\"mailto:biblioteca-e@umh.es\">biblioteca-e@umh.es<\/a><\/td>\n<\/tr>\n<tr>\n<td>Assessorament de com comprar a trav\u00e9s de DAMA la bibliografia recomanada i b\u00e0sica inclosa en guia docent.<\/td>\n<td width=\"245\"><a href=\"mailto:spi@umh.es\" target=\"_blank\" rel=\"noopener\">ambiblioteca@umh.es<\/a><\/td>\n<\/tr>\n<\/tbody>\n<\/table>\n<p>&nbsp;<\/p>","protected":false},"excerpt":{"rendered":"<p>&nbsp;<\/p>\n<p>Serveis<br \/>\nCorreu electr\u00f2nic institucional&nbsp;<\/p>\n<p>B\u00fastia de suggeriments<br \/>\nbibliotecas@umh.es<\/p>\n<p>Serveis per a subvenci\u00f3 d&#8217;articles OA<br \/>\nbibliotecaat@umh.es<\/p>\n<p>Serveis a l&#8217;investigador: Consultes i assessorament, presentaci\u00f3 de sexennis, avaluacions d&#8217;investigaci\u00f3, etc<br \/>\nbiblio_inves@umh.es<\/p>\n<p>Assessorament sobre Acc\u00e9s Obert, Repositori Institucional \u201cRediUMH\u201d i Propietat Intel\u00b7lectual: Dubtes, incid\u00e8ncies, consultes\u2026<br \/>\nbiblioteca.rediumh@umh.es<\/p>\n<p>Editorial electr\u00f2nica de la UMH: Assessorament, consultes, incid\u00e8ncies, dubtes etc. sobre l&#8217;edici\u00f3 de llibre electr\u00f2nic en la UMH<br \/>\neditorial@umh.es<\/p>\n<p>Gestor de Curr\u00edculum per a PDI [&#8230;]<\/p>\n","protected":false},"author":1,"featured_media":0,"parent":11286,"menu_order":8,"comment_status":"closed","ping_status":"open","template":"","meta":{"ngg_post_thumbnail":0,"_links_to":"","_links_to_target":""},"_links":{"self":[{"href":"https:\/\/biblioteca.umh.es\/ca\/wp-json\/wp\/v2\/pages\/360"}],"collection":[{"href":"https:\/\/biblioteca.umh.es\/ca\/wp-json\/wp\/v2\/pages"}],"about":[{"href":"https:\/\/biblioteca.umh.es\/ca\/wp-json\/wp\/v2\/types\/page"}],"author":[{"embeddable":true,"href":"https:\/\/biblioteca.umh.es\/ca\/wp-json\/wp\/v2\/users\/1"}],"replies":[{"embeddable":true,"href":"https:\/\/biblioteca.umh.es\/ca\/wp-json\/wp\/v2\/comments?post=360"}],"version-history":[{"count":0,"href":"https:\/\/biblioteca.umh.es\/ca\/wp-json\/wp\/v2\/pages\/360\/revisions"}],"up":[{"embeddable":true,"href":"https:\/\/biblioteca.umh.es\/ca\/wp-json\/wp\/v2\/pages\/11286"}],"wp:attachment":[{"href":"https:\/\/biblioteca.umh.es\/ca\/wp-json\/wp\/v2\/media?parent=360"}],"curies":[{"name":"wp","href":"https:\/\/api.w.org\/{rel}","templated":true}]}}