{"id":357,"date":"2012-03-20T12:29:20","date_gmt":"2012-03-20T12:29:20","guid":{"rendered":"http:\/\/biblioteca.zeus.umh.es\/presentacion\/"},"modified":"2023-02-13T15:50:16","modified_gmt":"2023-02-13T14:50:16","slug":"presentacion","status":"publish","type":"page","link":"https:\/\/biblioteca.umh.es\/ca\/presentacion\/","title":{"rendered":"La Teua Biblioteca"},"content":{"rendered":"<p><\/p>\n<p style=\"text-align: justify\">Les biblioteques de la Universitat Miguel Hern\u00e1ndez tenen una principal vocaci\u00f3 i ra\u00f3 de ser: el servei a la Comunitat Universit\u00e0ria. Per aix\u00f2, posen a la seua disposici\u00f3 els recursos i instruments documentals i d&#8217;informaci\u00f3 que necessiten per al desenvolupament de l&#8217;ensenyament, la doc\u00e8ncia o la investigaci\u00f3. Per a aix\u00f2, s&#8217;ha desenvolupat una organitzaci\u00f3 amb cinc punts de servei en els quatre Campus, integrats en una \u00fanica unitat administrativa.<\/p>\n<table class=\"tipo4\" style=\"margin-left: auto;margin-right: auto;width: 100%;border: hidden\" summary=\"piv\">\n<tbody>\n<tr>\n<td><a href=\"https:\/\/biblioteca.umh.es\/ca\/presentacion\/horarios\/\"><img loading=\"lazy\" class=\"alignnone\" src=\"https:\/\/biblioteca.umh.es\/files\/2022\/02\/Horaris_i.png\" alt=\"Horaris\" width=\"632\" height=\"511\"><\/a><\/td>\n<td><a href=\"https:\/\/biblioteca.umh.es\/ca\/presentacion\/directorio\/\"><img loading=\"lazy\" class=\"alignnone\" src=\"https:\/\/biblioteca.umh.es\/files\/2022\/02\/Directori_i.png\" alt=\"Directori\" width=\"638\" height=\"511\"><\/a><\/td>\n<td><a href=\"https:\/\/biblioteca.umh.es\/ca\/presentacion\/bibliotecas\/\"><img loading=\"lazy\" class=\"alignnone\" src=\"https:\/\/biblioteca.umh.es\/files\/2022\/02\/Biblioteques_i.png\" alt=\"Biblioteques\" width=\"635\" height=\"509\"><\/a><\/td>\n<td><a href=\"https:\/\/biblioteca.umh.es\/ca\/presentacion\/pregunta-a-la-biblioteca\/\"><img loading=\"lazy\" class=\"alignnone\" src=\"https:\/\/biblioteca.umh.es\/files\/2022\/02\/Pregunta_i.png\" alt=\"Pregunta a la Biblioteca\" width=\"635\" height=\"511\"><\/a><\/td>\n<\/tr>\n<\/tbody>\n<\/table>\n<table class=\"tipo4\" style=\"margin-left: auto;margin-right: auto;width: 100%;border: hidden\" summary=\"piv\">\n<tbody>\n<tr>\n<td><a href=\"https:\/\/biblioteca.umh.es\/ca\/presentacion\/objetivos-desarrollo-sostenible\/\"><img loading=\"lazy\" class=\"alignnone\" src=\"https:\/\/biblioteca.umh.es\/files\/2022\/02\/Desenv-Sost_i.png\" alt=\"Desenvolupament Sostenible\" width=\"638\" height=\"511\"><\/a><\/td>\n<td><a href=\"https:\/\/biblioteca.umh.es\/ca\/presentacion\/normativa\/\"><img loading=\"lazy\" class=\"alignnone\" src=\"https:\/\/biblioteca.umh.es\/files\/2022\/02\/Normativa-Prestec_i.png\" alt=\"Normativa de Pr\u00e9stec\" width=\"638\" height=\"511\"><\/a><\/td>\n<td><a href=\"https:\/\/biblioteca.umh.es\/ca\/presentacion\/carnet\/\"><img loading=\"lazy\" class=\"alignnone\" src=\"https:\/\/biblioteca.umh.es\/files\/2022\/02\/Targetes_i.png\" alt=\"Targetes universit\u00e0ries\" width=\"638\" height=\"511\"><\/a><\/td>\n<td><a href=\"https:\/\/biblioteca.umh.es\/ca\/presentacion\/carta-de-servicios\/\"><img loading=\"lazy\" class=\"alignnone\" src=\"https:\/\/biblioteca.umh.es\/files\/2022\/02\/Carta-de-Serveis_i.png\" alt=\"Carta de Serveis\" width=\"635\" height=\"511\"><\/a><\/td>\n<\/tr>\n<\/tbody>\n<\/table>\n<table class=\"tipo4\" style=\"margin-left: auto;margin-right: auto;width: 100%;border: hidden\" summary=\"piv\">\n<tbody>\n<tr>\n<td><a href=\"https:\/\/biblioteca.umh.es\/ca\/presentacion\/labibliotecainforma\/\"><img loading=\"lazy\" class=\"alignnone\" src=\"https:\/\/biblioteca.umh.es\/files\/2022\/02\/Biblioteca-Informa_i.png\" alt=\"La Biblioteca Informa\" width=\"638\" height=\"509\"><\/a><\/td>\n<td><a href=\"https:\/\/biblioteca.umh.es\/ca\/presentacion\/calidad-y-memorias\/\"><img loading=\"lazy\" class=\"alignnone\" src=\"https:\/\/biblioteca.umh.es\/files\/2022\/02\/Qualitat_i.png\" alt=\"Qualitat i Mem\u00f2ries\" width=\"638\" height=\"511\"><\/a><\/td>\n<td><a href=\"https:\/\/biblioteca.umh.es\/ca\/presentacion\/biblioguias\/\"><img loading=\"lazy\" class=\"alignnone\" src=\"https:\/\/biblioteca.umh.es\/files\/2022\/02\/Biblioguies_i.png\" alt=\"Biblioguies\" width=\"635\" height=\"511\"><\/a><\/td>\n<td><a href=\"https:\/\/biblioteca.umh.es\/ca\/presentacion\/convenios\/\"><img loading=\"lazy\" class=\"alignnone\" src=\"https:\/\/biblioteca.umh.es\/files\/2022\/02\/Convenis_i.png\" alt=\"Convenis\" width=\"636\" height=\"510\"><\/a><\/td>\n<\/tr>\n<\/tbody>\n<\/table>\n<p><\/p>","protected":false},"excerpt":{"rendered":"<p>Les biblioteques de la Universitat Miguel Hern\u00e1ndez tenen una principal vocaci\u00f3 i ra\u00f3 de ser: el servei a la Comunitat Universit\u00e0ria. Per aix\u00f2, posen a la seua disposici\u00f3 els recursos i instruments documentals i d&#8217;informaci\u00f3 que necessiten per al desenvolupament de l&#8217;ensenyament, la doc\u00e8ncia o la investigaci\u00f3. Per a aix\u00f2, s&#8217;ha desenvolupat una organitzaci\u00f3 amb [&#8230;]<\/p>\n","protected":false},"author":1,"featured_media":0,"parent":0,"menu_order":0,"comment_status":"closed","ping_status":"closed","template":"","meta":{"ngg_post_thumbnail":0,"_links_to":"","_links_to_target":""},"_links":{"self":[{"href":"https:\/\/biblioteca.umh.es\/ca\/wp-json\/wp\/v2\/pages\/357"}],"collection":[{"href":"https:\/\/biblioteca.umh.es\/ca\/wp-json\/wp\/v2\/pages"}],"about":[{"href":"https:\/\/biblioteca.umh.es\/ca\/wp-json\/wp\/v2\/types\/page"}],"author":[{"embeddable":true,"href":"https:\/\/biblioteca.umh.es\/ca\/wp-json\/wp\/v2\/users\/1"}],"replies":[{"embeddable":true,"href":"https:\/\/biblioteca.umh.es\/ca\/wp-json\/wp\/v2\/comments?post=357"}],"version-history":[{"count":0,"href":"https:\/\/biblioteca.umh.es\/ca\/wp-json\/wp\/v2\/pages\/357\/revisions"}],"wp:attachment":[{"href":"https:\/\/biblioteca.umh.es\/ca\/wp-json\/wp\/v2\/media?parent=357"}],"curies":[{"name":"wp","href":"https:\/\/api.w.org\/{rel}","templated":true}]}}