{"id":3431,"date":"2019-01-10T12:07:03","date_gmt":"2019-01-10T11:07:03","guid":{"rendered":"http:\/\/biblioteca.umh.es\/?page_id=3431"},"modified":"2024-01-23T16:48:04","modified_gmt":"2024-01-23T15:48:04","slug":"procedimiento-y-plazo-de-presentacion-de-solicitudes-de-evaluacion-de-la-actividad-investigadora-a-la-cneai-convocatoria-2018","status":"publish","type":"page","link":"https:\/\/biblioteca.umh.es\/ca\/servicios-al-investigador\/ayuda-al-investigador\/apoyo-al-investigador-1\/procedimiento-y-plazo-de-presentacion-de-solicitudes-de-evaluacion-de-la-actividad-investigadora-a-la-cneai-convocatoria-2018\/","title":{"rendered":"Convocat\u00f2ria sexennis 2023"},"content":{"rendered":"<p><\/p>\n<p style=\"text-align: justify\">Procediment i termini de presentaci\u00f3 de sol\u00b7licituds d&#8217;avaluaci\u00f3 de l&#8217;activitat investigadora a la CNEAI. Convocat\u00f2ria 2023: <a href=\"https:\/\/biblioteca.umh.es\/files\/2024\/01\/BOE-A-2023-26094.pdf\">Resoluci\u00f3n de 19 de diciembre de 2023, de la Secretar\u00eda General de Universidades, por la que se aprueba la convocatoria de evaluaci\u00f3n de la actividad investigadora (BOE, 22\/12\/2023).<\/a><\/p>\n<p>&nbsp;<\/p>","protected":false},"excerpt":{"rendered":"<p>Procediment i termini de presentaci\u00f3 de sol\u00b7licituds d&#8217;avaluaci\u00f3 de l&#8217;activitat investigadora a la CNEAI. Convocat\u00f2ria 2023: Resoluci\u00f3n de 19 de diciembre de 2023, de la Secretar\u00eda General de Universidades, por la que se aprueba la convocatoria de evaluaci\u00f3n de la actividad investigadora (BOE, 22\/12\/2023).<br \/>\n&nbsp;<\/p>\n","protected":false},"author":3622,"featured_media":0,"parent":3806,"menu_order":1,"comment_status":"closed","ping_status":"closed","template":"","meta":{"ngg_post_thumbnail":0,"_links_to":"","_links_to_target":""},"_links":{"self":[{"href":"https:\/\/biblioteca.umh.es\/ca\/wp-json\/wp\/v2\/pages\/3431"}],"collection":[{"href":"https:\/\/biblioteca.umh.es\/ca\/wp-json\/wp\/v2\/pages"}],"about":[{"href":"https:\/\/biblioteca.umh.es\/ca\/wp-json\/wp\/v2\/types\/page"}],"author":[{"embeddable":true,"href":"https:\/\/biblioteca.umh.es\/ca\/wp-json\/wp\/v2\/users\/3622"}],"replies":[{"embeddable":true,"href":"https:\/\/biblioteca.umh.es\/ca\/wp-json\/wp\/v2\/comments?post=3431"}],"version-history":[{"count":0,"href":"https:\/\/biblioteca.umh.es\/ca\/wp-json\/wp\/v2\/pages\/3431\/revisions"}],"up":[{"embeddable":true,"href":"https:\/\/biblioteca.umh.es\/ca\/wp-json\/wp\/v2\/pages\/3806"}],"wp:attachment":[{"href":"https:\/\/biblioteca.umh.es\/ca\/wp-json\/wp\/v2\/media?parent=3431"}],"curies":[{"name":"wp","href":"https:\/\/api.w.org\/{rel}","templated":true}]}}