{"id":3428,"date":"2019-01-10T11:37:53","date_gmt":"2019-01-10T10:37:53","guid":{"rendered":"http:\/\/biblioteca.umh.es\/?page_id=3428"},"modified":"2024-01-23T16:49:59","modified_gmt":"2024-01-23T15:49:59","slug":"criterios-especificos-para-cada-uno-de-los-campos-de-evaluacion-de-la-actividad-investigadora","status":"publish","type":"page","link":"https:\/\/biblioteca.umh.es\/ca\/servicios-al-investigador\/ayuda-al-investigador\/apoyo-al-investigador-1\/criterios-especificos-para-cada-uno-de-los-campos-de-evaluacion-de-la-actividad-investigadora\/","title":{"rendered":"Criteris sexennis 2023"},"content":{"rendered":"<p><\/p>\n<p style=\"text-align: justify\"><a href=\"https:\/\/biblioteca.umh.es\/files\/2024\/01\/BOE-A-2023-25537.pdf\">Resoluci\u00f3n de 5 de diciembre de 2023, de la Comisi\u00f3n Nacional Evaluadora de la Actividad Investigadora, por la que se publican los criterios para la evaluaci\u00f3n de la actividad investigadora (BOE 16\/12\/2023).<\/a>&nbsp;<\/p>\n<p>&nbsp;<\/p>","protected":false},"excerpt":{"rendered":"<p>Resoluci\u00f3n de 5 de diciembre de 2023, de la Comisi\u00f3n Nacional Evaluadora de la Actividad Investigadora, por la que se publican los criterios para la evaluaci\u00f3n de la actividad investigadora (BOE 16\/12\/2023).&nbsp;<br \/>\n&nbsp;<\/p>\n","protected":false},"author":3622,"featured_media":0,"parent":3806,"menu_order":2,"comment_status":"closed","ping_status":"closed","template":"","meta":{"ngg_post_thumbnail":0,"_links_to":"","_links_to_target":""},"_links":{"self":[{"href":"https:\/\/biblioteca.umh.es\/ca\/wp-json\/wp\/v2\/pages\/3428"}],"collection":[{"href":"https:\/\/biblioteca.umh.es\/ca\/wp-json\/wp\/v2\/pages"}],"about":[{"href":"https:\/\/biblioteca.umh.es\/ca\/wp-json\/wp\/v2\/types\/page"}],"author":[{"embeddable":true,"href":"https:\/\/biblioteca.umh.es\/ca\/wp-json\/wp\/v2\/users\/3622"}],"replies":[{"embeddable":true,"href":"https:\/\/biblioteca.umh.es\/ca\/wp-json\/wp\/v2\/comments?post=3428"}],"version-history":[{"count":0,"href":"https:\/\/biblioteca.umh.es\/ca\/wp-json\/wp\/v2\/pages\/3428\/revisions"}],"up":[{"embeddable":true,"href":"https:\/\/biblioteca.umh.es\/ca\/wp-json\/wp\/v2\/pages\/3806"}],"wp:attachment":[{"href":"https:\/\/biblioteca.umh.es\/ca\/wp-json\/wp\/v2\/media?parent=3428"}],"curies":[{"name":"wp","href":"https:\/\/api.w.org\/{rel}","templated":true}]}}