{"id":324,"date":"2012-04-03T09:50:46","date_gmt":"2012-04-03T09:50:46","guid":{"rendered":"http:\/\/biblioteca.zeus.umh.es\/?page_id=324"},"modified":"2026-03-20T15:19:08","modified_gmt":"2026-03-20T14:19:08","slug":"directorio","status":"publish","type":"page","link":"https:\/\/biblioteca.umh.es\/ca\/presentacion\/directorio\/","title":{"rendered":"Directori"},"content":{"rendered":"<p><\/p>\n<div id=\"directorio_324_839\">\n<p><span style=\"text-decoration: underline\"><strong>Direcci\u00f3 de Biblioteques<\/strong><\/span><\/p>\n<ul class=\"directorio\">\n<li><b>Cap de Servei<\/b>\n<ul class=\"directorio\">\n<li>RODRIGUEZ NAVARRO, ENCARNACION<br \/>\nE-mail: <a href=\"mailto:e.rodriguez@umh.es\">e.rodriguez@umh.es<\/a><br \/>\nExtensi\u00f3: 96 665 8786<\/li>\n<\/ul>\n<\/li>\n<li><b>Servicis Centrals<\/b>\n<ul class=\"directorio\">\n<li>S\u00c1NCHEZ ALCARAZ, JUAN DANIEL<br \/>\nE-mail: <a href=\"mailto:juan.sancheza@umh.es\">juan.sancheza@umh.es<\/a><br \/>\nExtensi\u00f3: 96 6658578<\/li>\n<li>VERDEJO RIOS, GINESA<br \/>\nE-mail: <a href=\"mailto:gverdejo@umh.es\">gverdejo@umh.es<\/a><br \/>\nExtensi\u00f3:&nbsp;<\/li>\n<\/ul>\n<\/li>\n<\/ul>\n<p><span style=\"text-decoration: underline\"><strong>Biblioteca Secci\u00f3 Campus d\u2019Altea<\/strong><\/span> <strong>&nbsp;(96 685 9101)<\/strong><\/p>\n<\/div>\n<div id=\"directorio_324_82\">\n<ul>\n<li><strong>Cap de Secci\u00f3. Campus d\u00b4 Altea &nbsp;<\/strong>\n<ul>\n<li>ROLDAN ROMERO, MARIA ASCENSION<br \/>\nE-mail: <a href=\"mailto:a.roldan@umh.es\">a.roldan@umh.es<\/a><br \/>\nExtensi\u00f3: 96 685 9103<\/li>\n<\/ul>\n<\/li>\n<\/ul>\n<ul class=\"directorio\">\n<li><b>Personal<\/b>\n<ul class=\"directorio\">\n<li>BERENGUER D\u00cdAZ, EVA MAR\u00cdA<br \/>\nE-mail: <a href=\"mailto:eberenguer@umh.es\">eberenguer@umh.es<\/a><br \/>\nExtensi\u00f3: 96 685 9101<\/li>\n<li>D\u00cdAZ CARRASCO, ADRI\u00c1N<br \/>\nE-mail: <a href=\"mailto:adrian.diazc@umh.es\">adrian.diazc@umh.es<\/a><br \/>\nExtensi\u00f3: 96 685 9101<\/li>\n<li>PEREZ SOLER, INMACULADA<br \/>\nE-mail: <a href=\"mailto:i.perez@umh.es\">i.perez@umh.es<\/a><br \/>\nExtensi\u00f3: 96 685 9101<\/li>\n<li>TERUEL GOMEZ, NURIA<br \/>\nE-mail: <a href=\"mailto:nteruel@umh.es\">nteruel@umh.es<\/a><br \/>\nExtensi\u00f3: 96 685 9101<\/li>\n<\/ul>\n<\/li>\n<\/ul>\n<p><span style=\"text-decoration: underline\"><strong>Biblioteca Secci\u00f3 Campus d\u2019Elx<\/strong><\/span> <strong>(96 665 8786)<\/strong><\/p>\n<ul>\n<li><strong>Cap de Secci\u00f3. Campus d\u00b4ElX<\/strong>\n<ul>\n<li>SANCHEZ CASTILLO, MARIA DE LA PAZ<br \/>\nE-mail: <a href=\"mailto:mp.sanchez@umh.es\">mp.sanchez@umh.es<\/a><br \/>\nExtensi\u00f3: 96 522 2183<\/li>\n<\/ul>\n<\/li>\n<\/ul>\n<ul class=\"directorio\">\n<li><b>Personal<\/b>\n<ul class=\"directorio\">\n<li>COTES CABRERA, BEGO\u00d1A<br \/>\nE-mail: <a href=\"mailto:bcotes@umh.es\">bcotes@umh.es<\/a><br \/>\nExtensi\u00f3: 96 665 8855<\/li>\n<li>COVES MEDINA, ANTONIA<br \/>\nE-mail: <a href=\"mailto:acoves@umh.es\">acoves@umh.es<\/a><br \/>\nExtensi\u00f3: 96 665 8304<\/li>\n<li>GAZQUEZ SANTOYO, ESTER<br \/>\nE-mail: <a href=\"mailto:egazquez@umh.es\">egazquez@umh.es<\/a><br \/>\nExtensi\u00f3: 96 6658301<\/li>\n<li>LOPEZ ROMERO, RAQUEL<br \/>\nE-mail: <a href=\"mailto:raquel.lopez@umh.es\">raquel.lopez@umh.es<\/a><br \/>\nExtensi\u00f3: 96 665 8788<\/li>\n<li>MARTINEZ CA\u00d1IZARES, SILVIA<br \/>\nE-mail: <a href=\"mailto:silvia.martinez@umh.es\">silvia.martinez@umh.es<\/a><br \/>\nExtensi\u00f3: 96 665 8558<\/li>\n<li>MIRA GUTIERREZ, ESTEFANIA<br \/>\nE-mail: <a href=\"mailto:emira@umh.es\">emira@umh.es<\/a><br \/>\nExtensi\u00f3: 96 665 8306<\/li>\n<li>P\u00c9REZ POMARES, SILVIA<br \/>\nE-mail: <a href=\"mailto:sperez@umh.es\">sperez@umh.es<\/a><br \/>\nExtensi\u00f3: 96 665 8302<\/li>\n<li>RAMON SORIA, FRANCISCA<br \/>\nE-mail: <a href=\"mailto:p.ramon@umh.es\">p.ramon@umh.es<\/a><br \/>\nExtensi\u00f3: 96 665 8555<\/li>\n<li>ROMERA ROMERO, ANTONIO<br \/>\nE-mail: <a href=\"mailto:aromera@umh.es\">aromera@umh.es<\/a><br \/>\nExtensi\u00f3: 96 665 8303<\/li>\n<li>RUIZ GARCIA, MARIA ASUNCION<br \/>\nE-mail: <a href=\"mailto:a.ruiz@umh.es\">a.ruiz@umh.es<\/a><br \/>\nExtensi\u00f3: 96 665 8305<\/li>\n<\/ul>\n<\/li>\n<\/ul>\n<\/div>\n<div id=\"directorio_324_80\">\n<p><span style=\"text-decoration: underline\"><strong>Biblioteca Secci\u00f3 Campus d\u2019Oriola<\/strong><\/span> <strong>(<\/strong><a href=\"mailto:bibilo.ori@umh.es\">bibilo.ori@umh.es<\/a><strong>; 648 891 308 )<\/strong><\/p>\n<ul>\n<li><strong>Cap de Secci\u00f3. Campus d\u00b4Oriola<\/strong>\n<ul>\n<li>MARTINEZ-PONS NAVARRO, DOLORES<br \/>\nE-mail: <a href=\"mailto:dolores.mpons@umh.es\">dolores.mpons@umh.es<\/a><br \/>\nExtensi\u00f3: 96 674 9749<\/li>\n<\/ul>\n<\/li>\n<\/ul>\n<ul class=\"directorio\">\n<li><strong>Biblioteca de Orihuela-EPSO (648 891 308)<\/strong><\/li>\n<li><strong>Biblioteca de Orihuela-Salesas (96 974 9822)<\/strong><\/li>\n<\/ul>\n<ul class=\"directorio\">\n<li><b>Personal<\/b>\n<ul class=\"directorio\">\n<li>CAMPILLO SANTAMAR\u00cdA, PABLO<br \/>\nE-mail: <a href=\"mailto:egalan@umh.es\">p.campillo@umh.es<\/a><br \/>\nExtensi\u00f3: 96 674 9672&nbsp;<\/li>\n<li>GAL\u00c1N SEMPERE, EVA MAR\u00cdA<br \/>\nE-mail: <a href=\"mailto:egalan@umh.es\">egalan@umh.es<\/a><br \/>\nExtensi\u00f3: 96 674 9822&nbsp;<\/li>\n<li>G\u00d3MEZ SERNA, AINOA<br \/>\nE-mail: <a href=\"mailto:l.sanchez@umh.es\">ainoa.gomez@umh.es<\/a><br \/>\nExtensi\u00f3: 96 674 9671<\/li>\n<li>HERN\u00c1NDEZ NAVARRO, JOS\u00c9 JAVIER<br \/>\nE-mail: <a href=\"mailto:jose.hernandezn@umh.es\">jose.hernandezn@umh.es<\/a><br \/>\nExtensi\u00f3: 96 674 9609&nbsp;<\/li>\n<li>NIETO ALBA, MAR\u00cdA JOS\u00c9<br \/>\nE-mail: <a href=\"mailto:maria.nietoa@umh.es\">maria.nietoa@umh.es<\/a><br \/>\nExtensi\u00f3: 96 674 9811<\/li>\n<li>PASTOR S\u00c1NCHEZ, MAR\u00cdA JESUS<br \/>\nE-mail: <a href=\"mailto:maria.pastor@umh.es\" target=\"_blank\" rel=\"noopener\">maria.pastors@umh.es<\/a><br \/>\nExtensi\u00f3: 96 674 9813<\/li>\n<li>P\u00c9REZ GONZ\u00c1LEZ, BLANCA PATRICIA<br \/>\nE-mail: <a href=\"mailto:blanca.perezg@umh.es\">blanca.perezg@umh.es<\/a><br \/>\nExtensi\u00f3: 96 674 9822<\/li>\n<li>SANCHEZ FERNANDEZ, LIDIA<br \/>\nE-mail: <a href=\"mailto:l.sanchez@umh.es\">l.sanchez@umh.es<\/a><br \/>\nExtensi\u00f3: 96 674 9748<\/li>\n<\/ul>\n<\/li>\n<\/ul>\n<\/div>\n<div id=\"directorio_324_7084\">\n<p><span style=\"text-decoration: underline\"><strong>Biblioteca Secci\u00f3 Campus de Sant Joan d\u2019Alacant<\/strong><\/span> <strong>&nbsp;(96 591 9500)<\/strong><\/p>\n<ul>\n<li><strong>Cap de Secci\u00f3. Campus de Sant Joan d\u00b4Alacant<\/strong>\n<ul>\n<li>SANCHEZ ARDILA, CARMEN<br \/>\nE-mail: <a href=\"mailto:carmen@umh.es\">carmen@umh.es<\/a><br \/>\nExtensi\u00f3: 96 591 9501<\/li>\n<\/ul>\n<\/li>\n<\/ul>\n<ul class=\"directorio\">\n<li><b>Personal<\/b>\n<ul class=\"directorio\">\n<li>CASTILLO ATIENZA, MARIA JOSE<br \/>\nE-mail: <a href=\"mailto:kastillo@umh.es\">kastillo@umh.es<\/a><br \/>\nExtensi\u00f3: 96 591 9502&nbsp;<\/li>\n<li>DE LA IGLESIA MOSQUERA, LIDIA MAR\u00cdA<br \/>\nE-mail: <a href=\"mailto:liglesia@umh.es\">liglesia@umh.es<\/a><br \/>\nExtensi\u00f3: 96 591 9586<\/li>\n<li>FERNANDEZ LLAMAS, MARIA FLORENCIA<br \/>\nE-mail: <a href=\"mailto:m.fernandez@umh.es\">m.fernandez@umh.es<\/a><br \/>\nExtensi\u00f3: 96 591 9585<\/li>\n<li>GARC\u00cdA G\u00d3MEZ, MAR\u00cdA ROSA<br \/>\nE-mail: <a href=\"mailto:m.ggomez@umh.es\">m.ggomez@umh.es<\/a><br \/>\nExtensi\u00f3: 96 591&nbsp; 9587<\/li>\n<li>MANCEBO PIQUERAS, TERESA<br \/>\nE-mail: <a href=\"mailto:tmancebo@umh.es\">tmancebo@umh.es<\/a><br \/>\nExtensi\u00f3: 96 591 9576<\/li>\n<li>RUIZ MARTINEZ, ANA MARIA<br \/>\nE-mail: <a href=\"mailto:am.ruiz@umh.es\">am.ruiz@umh.es<\/a><br \/>\nExtensi\u00f3: 96 591 9328<\/li>\n<li>VILLAR M\u00c1S, YOLANDA<br \/>\nE-mail: <a href=\"mailto:y.villar@umh.es\">y.villar@umh.es<\/a><br \/>\nExtensi\u00f3: 96 591 9235<\/li>\n<\/ul>\n<\/li>\n<\/ul>\n<\/div>\n<div id=\"directorio_324_7086\">\n<ul>\n<li style=\"list-style-type: none\">&nbsp;<\/li>\n<\/ul>\n<p>&nbsp;<\/p>\n<p>&nbsp;<\/p>\n<\/div>\n<p><\/p>","protected":false},"excerpt":{"rendered":"<p>Direcci\u00f3 de Biblioteques<\/p>\n<p>Cap de Servei<\/p>\n<p>RODRIGUEZ NAVARRO, ENCARNACION<br \/>\nE-mail: e.rodriguez@umh.es<br \/>\nExtensi\u00f3: 96 665 8786<\/p>\n<p>Servicis Centrals<\/p>\n<p>S\u00c1NCHEZ ALCARAZ, JUAN DANIEL<br \/>\nE-mail: juan.sancheza@umh.es<br \/>\nExtensi\u00f3: 96 6658578<br \/>\nVERDEJO RIOS, GINESA<br \/>\nE-mail: gverdejo@umh.es<br \/>\nExtensi\u00f3:&nbsp;<\/p>\n<p>Biblioteca Secci\u00f3 Campus d\u2019Altea &nbsp;(96 685 9101)<\/p>\n<p>Cap de Secci\u00f3. Campus d\u00b4 Altea &nbsp;<\/p>\n<p>ROLDAN ROMERO, MARIA ASCENSION<br \/>\nE-mail: a.roldan@umh.es<br \/>\nExtensi\u00f3: 96 685 9103<\/p>\n<p>Personal<\/p>\n<p>BERENGUER D\u00cdAZ, EVA MAR\u00cdA<br \/>\nE-mail: eberenguer@umh.es<br \/>\nExtensi\u00f3: 96 685 9101<br \/>\nD\u00cdAZ CARRASCO, ADRI\u00c1N<br \/>\nE-mail: adrian.diazc@umh.es<br \/>\nExtensi\u00f3: 96 685 9101<br \/>\nPEREZ SOLER, INMACULADA<br \/>\nE-mail: [&#8230;]<\/p>\n","protected":false},"author":417,"featured_media":0,"parent":357,"menu_order":2,"comment_status":"closed","ping_status":"closed","template":"","meta":{"ngg_post_thumbnail":0,"_links_to":"","_links_to_target":""},"_links":{"self":[{"href":"https:\/\/biblioteca.umh.es\/ca\/wp-json\/wp\/v2\/pages\/324"}],"collection":[{"href":"https:\/\/biblioteca.umh.es\/ca\/wp-json\/wp\/v2\/pages"}],"about":[{"href":"https:\/\/biblioteca.umh.es\/ca\/wp-json\/wp\/v2\/types\/page"}],"author":[{"embeddable":true,"href":"https:\/\/biblioteca.umh.es\/ca\/wp-json\/wp\/v2\/users\/417"}],"replies":[{"embeddable":true,"href":"https:\/\/biblioteca.umh.es\/ca\/wp-json\/wp\/v2\/comments?post=324"}],"version-history":[{"count":0,"href":"https:\/\/biblioteca.umh.es\/ca\/wp-json\/wp\/v2\/pages\/324\/revisions"}],"up":[{"embeddable":true,"href":"https:\/\/biblioteca.umh.es\/ca\/wp-json\/wp\/v2\/pages\/357"}],"wp:attachment":[{"href":"https:\/\/biblioteca.umh.es\/ca\/wp-json\/wp\/v2\/media?parent=324"}],"curies":[{"name":"wp","href":"https:\/\/api.w.org\/{rel}","templated":true}]}}