{"id":2627,"date":"2017-09-15T09:41:30","date_gmt":"2017-09-15T07:41:30","guid":{"rendered":"http:\/\/biblioteca.umh.es\/?page_id=2627"},"modified":"2026-03-04T15:14:44","modified_gmt":"2026-03-04T14:14:44","slug":"adquisiciones","status":"publish","type":"page","link":"https:\/\/biblioteca.umh.es\/ca\/servicios\/adquisiciones\/","title":{"rendered":"Adquisicions"},"content":{"rendered":"<p><a href=\"https:\/\/dama.umh.es\/discovery\/purchaseRequest?vid=34CVA_UMH:VU1\" target=\"_blank\" rel=\"noopener\">Sol\u00b7licitud compra llibres PDI-Bibliografia recomanada<\/a><\/p>\n<ul>\n<li><a href=\"https:\/\/biblioteca.umh.es\/files\/2024\/11\/Anexo-1.-Instrucciones-del-proceso-de-solicitud-de-compra-de-BB.RR_.-para-el-PDI.pdf\" target=\"_blank\" rel=\"noopener\">Instruccions del proc\u00e9s de sol\u00b7licitud de compra de Bibliografia Recomanada\/B\u00e0sica per al PDI<\/a><\/li>\n<li>Correu assessorament compres bibliografia recomanada i b\u00e0sica. <a href=\"mailto:ambiblioteca@umh.es\" target=\"_blank\" rel=\"noopener\">ambiblioteca@umh.es<\/a><\/li>\n<\/ul>\n<p><a href=\"https:\/\/biblioteca.umh.es\/ca\/servicios-al-investigador\/solicitud-revistas-y-bases-de-datos\/\">Sol\u00b7licitud de revistes y bases de dades<\/a><\/p>\n<p><a href=\"https:\/\/biblioteca.umh.es\/ca\/biblioteca-digital\/donaciones\/\">Donacions<\/a><\/p>\n<p style=\"text-align: justify\">Els <strong>suggeriments de compra<\/strong> es realitzaran mitjan\u00e7ant correu electr\u00f2nic a l&#8217;<a href=\"https:\/\/biblioteca.umh.es\/presentacion\/bibliotecas\/\" target=\"_blank\" rel=\"noopener\">email de la Biblioteca de Campus<\/a> corresponent al sol\u00b7licitant, on es valorar\u00e0 la proposta en funci\u00f3 del seu inter\u00e9s acad\u00e8mic, la seua adequaci\u00f3 a la col\u00b7lecci\u00f3 i la disponibilitat pressupost\u00e0ria, comunicant posteriorment a l&#8217;usuari la decisi\u00f3 adoptada.<\/p>\n<p><\/p>","protected":false},"excerpt":{"rendered":"<p>Sol\u00b7licitud compra llibres PDI-Bibliografia recomanada<\/p>\n<p>Instruccions del proc\u00e9s de sol\u00b7licitud de compra de Bibliografia Recomanada\/B\u00e0sica per al PDI<br \/>\nCorreu assessorament compres bibliografia recomanada i b\u00e0sica. ambiblioteca@umh.es<\/p>\n<p>Sol\u00b7licitud de revistes y bases de dades<br \/>\nDonacions<br \/>\nEls suggeriments de compra es realitzaran mitjan\u00e7ant correu electr\u00f2nic a l&#8217;email de la Biblioteca de Campus corresponent al sol\u00b7licitant, on es valorar\u00e0 la proposta en funci\u00f3 [&#8230;]<\/p>\n","protected":false},"author":3622,"featured_media":0,"parent":11286,"menu_order":1,"comment_status":"closed","ping_status":"closed","template":"","meta":{"ngg_post_thumbnail":0,"_links_to":"","_links_to_target":""},"_links":{"self":[{"href":"https:\/\/biblioteca.umh.es\/ca\/wp-json\/wp\/v2\/pages\/2627"}],"collection":[{"href":"https:\/\/biblioteca.umh.es\/ca\/wp-json\/wp\/v2\/pages"}],"about":[{"href":"https:\/\/biblioteca.umh.es\/ca\/wp-json\/wp\/v2\/types\/page"}],"author":[{"embeddable":true,"href":"https:\/\/biblioteca.umh.es\/ca\/wp-json\/wp\/v2\/users\/3622"}],"replies":[{"embeddable":true,"href":"https:\/\/biblioteca.umh.es\/ca\/wp-json\/wp\/v2\/comments?post=2627"}],"version-history":[{"count":0,"href":"https:\/\/biblioteca.umh.es\/ca\/wp-json\/wp\/v2\/pages\/2627\/revisions"}],"up":[{"embeddable":true,"href":"https:\/\/biblioteca.umh.es\/ca\/wp-json\/wp\/v2\/pages\/11286"}],"wp:attachment":[{"href":"https:\/\/biblioteca.umh.es\/ca\/wp-json\/wp\/v2\/media?parent=2627"}],"curies":[{"name":"wp","href":"https:\/\/api.w.org\/{rel}","templated":true}]}}