{"id":260,"date":"2011-01-31T11:12:20","date_gmt":"2011-01-31T09:12:20","guid":{"rendered":"http:\/\/biblioteca.zeus.umh.es\/?page_id=260"},"modified":"2026-02-13T12:47:14","modified_gmt":"2026-02-13T11:47:14","slug":"memorias","status":"publish","type":"page","link":"https:\/\/biblioteca.umh.es\/ca\/presentacion\/calidad-y-memorias\/memorias\/","title":{"rendered":"Mem\u00f2ries de la Biblioteca"},"content":{"rendered":"<p><\/p>\n<p style=\"text-align: justify\">La Biblioteca elabora una mem\u00f2ria breu que s&#8217;insereix en la Mem\u00f2ria Acad\u00e8mica de la Universitat, i que pot ser consultada en la web de la <a href=\"https:\/\/secretariageneral.umh.es\/\">Secretaria General<\/a>; per\u00f2 que ac\u00ed extraiem, amb la finalitat de facilitar el seu acc\u00e9s a tots aquells interessats en el nostre funcionament.<\/p>\n<p style=\"text-align: justify\">A m\u00e9s, pot consultar una s\u00e8rie m\u00e9s completa de les estad\u00edstiques de la biblioteca en la web de <a href=\"http:\/\/www.rebiun.org\/\">REBIUN<\/a>, a trav\u00e9s de la seua eina de <a href=\"https:\/\/rebiun.um.es\/rebiun\/admin\/ManageIndicatorsPage\">Consulta d&#8217;Estad\u00edstiques<\/a>.<\/p>\n<h2>Mem\u00f2ries de la Biblioteca<\/h2>\n<ul>\n<li><a href=\"https:\/\/biblioteca.umh.es\/files\/2011\/01\/2006-2007.pdf\">2006-2007<\/a><\/li>\n<li><a href=\"https:\/\/biblioteca.umh.es\/files\/2011\/01\/2007-2008.pdf\">2007-2008<\/a><\/li>\n<li><a href=\"https:\/\/biblioteca.umh.es\/files\/2011\/01\/2008-2009.pdf\">2008-2009<\/a><\/li>\n<li><a href=\"https:\/\/biblioteca.umh.es\/files\/2011\/01\/2009-2010.pdf\">2009-2010<\/a><\/li>\n<li><a href=\"https:\/\/biblioteca.umh.es\/files\/2011\/10\/2010-2011.pdf\">2010-2011<\/a><\/li>\n<li><a href=\"https:\/\/biblioteca.umh.es\/files\/2011\/01\/memoria-BIBLIOTECAS-2012.pdf\">2011-2012<\/a><\/li>\n<li><a href=\"https:\/\/biblioteca.umh.es\/files\/2011\/01\/2012-2013.pdf\">2012-2013<\/a><\/li>\n<li><a href=\"https:\/\/biblioteca.umh.es\/files\/2015\/02\/Memoria-2013.2014.docx\">2013-2014<\/a><\/li>\n<li><a href=\"https:\/\/biblioteca.umh.es\/files\/2016\/02\/2014-2015.pdf\">2014-2015<\/a><\/li>\n<li><a href=\"https:\/\/biblioteca.umh.es\/files\/2011\/01\/MEMORIA-2015.2016-BIBLIOTECAS.pdf\">2015-2016<\/a><\/li>\n<\/ul>\n<h2>&nbsp;<\/h2>\n<p><\/p>","protected":false},"excerpt":{"rendered":"<p>La Biblioteca elabora una mem\u00f2ria breu que s&#8217;insereix en la Mem\u00f2ria Acad\u00e8mica de la Universitat, i que pot ser consultada en la web de la Secretaria General; per\u00f2 que ac\u00ed extraiem, amb la finalitat de facilitar el seu acc\u00e9s a tots aquells interessats en el nostre funcionament.<br \/>\nA m\u00e9s, pot consultar una s\u00e8rie m\u00e9s completa de [&#8230;]<\/p>\n","protected":false},"author":417,"featured_media":0,"parent":8950,"menu_order":2,"comment_status":"closed","ping_status":"closed","template":"","meta":{"ngg_post_thumbnail":0,"_links_to":"","_links_to_target":""},"_links":{"self":[{"href":"https:\/\/biblioteca.umh.es\/ca\/wp-json\/wp\/v2\/pages\/260"}],"collection":[{"href":"https:\/\/biblioteca.umh.es\/ca\/wp-json\/wp\/v2\/pages"}],"about":[{"href":"https:\/\/biblioteca.umh.es\/ca\/wp-json\/wp\/v2\/types\/page"}],"author":[{"embeddable":true,"href":"https:\/\/biblioteca.umh.es\/ca\/wp-json\/wp\/v2\/users\/417"}],"replies":[{"embeddable":true,"href":"https:\/\/biblioteca.umh.es\/ca\/wp-json\/wp\/v2\/comments?post=260"}],"version-history":[{"count":0,"href":"https:\/\/biblioteca.umh.es\/ca\/wp-json\/wp\/v2\/pages\/260\/revisions"}],"up":[{"embeddable":true,"href":"https:\/\/biblioteca.umh.es\/ca\/wp-json\/wp\/v2\/pages\/8950"}],"wp:attachment":[{"href":"https:\/\/biblioteca.umh.es\/ca\/wp-json\/wp\/v2\/media?parent=260"}],"curies":[{"name":"wp","href":"https:\/\/api.w.org\/{rel}","templated":true}]}}