{"id":2576,"date":"2017-07-21T11:50:53","date_gmt":"2017-07-21T09:50:53","guid":{"rendered":"http:\/\/biblioteca.umh.es\/?page_id=2576"},"modified":"2023-01-18T15:51:24","modified_gmt":"2023-01-18T14:51:24","slug":"carnet","status":"publish","type":"page","link":"https:\/\/biblioteca.umh.es\/ca\/presentacion\/carnet\/","title":{"rendered":"Targetes"},"content":{"rendered":"<p><\/p>\n<p style=\"text-align: justify\">Per a fer \u00fas del servei de pr\u00e9stec, els nostres usuaris podran identificar-se per mitj\u00e0 dels seg\u00fcents documents oficials: DNI, Perm\u00eds de conduir o Passaport.&nbsp;A m\u00e9s, i en funci\u00f3 del grup d&#8217;usuari al qual pertanguen, podran presentar en el taulell de pr\u00e9stec de la biblioteca en la qual vagen a fer \u00fas del servei de pr\u00e9stec una de les seg\u00fcents targetes:<\/p>\n<table class=\"tipo4\" style=\"margin-left: auto;margin-right: auto;width: 100%;border: hidden\" summary=\"piv\">\n<tbody>\n<tr>\n<td><a title=\"TIU\" href=\"https:\/\/biblioteca.umh.es\/ca\/presentacion\/carnet\/tarjeta-inteligente-universitaria-tiu\/\"> <img title=\"\" src=\"https:\/\/biblioteca.umh.es\/files\/2021\/12\/Targeta_TIU.png\" alt=\"\"> <\/a><\/td>\n<td><a title=\"Extensa\" href=\"https:\/\/biblioteca.umh.es\/ca\/presentacion\/carnet\/usuarios-tarjeta-extensatarjeta-sollidaria\/\"> <img title=\"\" src=\"https:\/\/biblioteca.umh.es\/files\/2021\/12\/Targeta_ext.png\" alt=\"\"> <\/a><\/td>\n<td><a title=\"Solidaria\" href=\"https:\/\/biblioteca.umh.es\/ca\/presentacion\/carnet\/tarjeta-solidaria\/\"> <img title=\"\" src=\"https:\/\/biblioteca.umh.es\/files\/2021\/12\/Targeta_sol.png\" alt=\"\"> <\/a><\/td>\n<\/tr>\n<\/tbody>\n<\/table>\n<p><\/p>","protected":false},"excerpt":{"rendered":"<p>Per a fer \u00fas del servei de pr\u00e9stec, els nostres usuaris podran identificar-se per mitj\u00e0 dels seg\u00fcents documents oficials: DNI, Perm\u00eds de conduir o Passaport.&nbsp;A m\u00e9s, i en funci\u00f3 del grup d&#8217;usuari al qual pertanguen, podran presentar en el taulell de pr\u00e9stec de la biblioteca en la qual vagen a fer \u00fas del servei de [&#8230;]<\/p>\n","protected":false},"author":3622,"featured_media":0,"parent":357,"menu_order":7,"comment_status":"closed","ping_status":"closed","template":"","meta":{"ngg_post_thumbnail":0,"_links_to":"","_links_to_target":""},"_links":{"self":[{"href":"https:\/\/biblioteca.umh.es\/ca\/wp-json\/wp\/v2\/pages\/2576"}],"collection":[{"href":"https:\/\/biblioteca.umh.es\/ca\/wp-json\/wp\/v2\/pages"}],"about":[{"href":"https:\/\/biblioteca.umh.es\/ca\/wp-json\/wp\/v2\/types\/page"}],"author":[{"embeddable":true,"href":"https:\/\/biblioteca.umh.es\/ca\/wp-json\/wp\/v2\/users\/3622"}],"replies":[{"embeddable":true,"href":"https:\/\/biblioteca.umh.es\/ca\/wp-json\/wp\/v2\/comments?post=2576"}],"version-history":[{"count":0,"href":"https:\/\/biblioteca.umh.es\/ca\/wp-json\/wp\/v2\/pages\/2576\/revisions"}],"up":[{"embeddable":true,"href":"https:\/\/biblioteca.umh.es\/ca\/wp-json\/wp\/v2\/pages\/357"}],"wp:attachment":[{"href":"https:\/\/biblioteca.umh.es\/ca\/wp-json\/wp\/v2\/media?parent=2576"}],"curies":[{"name":"wp","href":"https:\/\/api.w.org\/{rel}","templated":true}]}}