{"id":233,"date":"2010-09-27T16:53:50","date_gmt":"2010-09-27T16:53:50","guid":{"rendered":"http:\/\/biblioteca.zeus.umh.es\/?page_id=233"},"modified":"2025-07-10T15:44:58","modified_gmt":"2025-07-10T13:44:58","slug":"horarios","status":"publish","type":"page","link":"https:\/\/biblioteca.umh.es\/ca\/presentacion\/horarios\/","title":{"rendered":"Horaris"},"content":{"rendered":"<p><\/p>\n<p style=\"text-align: left\"><span style=\"font-size: 1.5em\"><strong>Horari general d&#8217;obertura-dies lectius:<\/strong><\/span><\/p>\n<table style=\"height: 469px\" width=\"714\">\n<tbody>\n<tr>\n<td colspan=\"3\" width=\"633\">\n<p style=\"text-align: center\"><strong>Horari dies lectius&nbsp;<\/strong><\/p>\n<\/td>\n<\/tr>\n<tr>\n<td width=\"302\">\n<p style=\"text-align: center\"><strong>Biblioteca<\/strong><\/p>\n<\/td>\n<td width=\"151\">\n<p style=\"text-align: center\"><strong>Dilluns a Divendres<\/strong><\/p>\n<\/td>\n<td width=\"180\">\n<p style=\"text-align: center\"><strong>Dissabtes i Diumenges<\/strong><\/p>\n<\/td>\n<\/tr>\n<tr>\n<td width=\"302\">Biblioteca Campus Altea<\/td>\n<td width=\"151\">\n<p style=\"text-align: center\">8:30-20:30 h<\/p>\n<\/td>\n<td width=\"180\">\n<p style=\"text-align: center\"><strong>TANCAT<\/strong><\/p>\n<\/td>\n<\/tr>\n<tr>\n<td width=\"302\">Biblioteca Campus Elx<\/td>\n<td width=\"151\">\n<p style=\"text-align: center\">8:00-21:00 h<\/p>\n<\/td>\n<td width=\"180\">\n<p style=\"text-align: center\"><strong>TANCAT<\/strong><\/p>\n<\/td>\n<\/tr>\n<tr>\n<td width=\"302\">Biblioteca Campus Oriola-EPSO<\/td>\n<td width=\"151\">\n<p style=\"text-align: center\">8:30-20:30 h<\/p>\n<\/td>\n<td width=\"180\">\n<p style=\"text-align: center\"><strong>TANCAT<\/strong><\/p>\n<\/td>\n<\/tr>\n<tr>\n<td width=\"302\">Biblioteca Campus Oriola-Las Salesas<\/td>\n<td width=\"151\">\n<p style=\"text-align: center\">8:30-20:30 h<\/p>\n<\/td>\n<td width=\"180\">\n<p style=\"text-align: center\"><strong>TANCAT<\/strong><\/p>\n<\/td>\n<\/tr>\n<tr>\n<td width=\"302\">Biblioteca Campus Sant Joan d\u00b4Alacant<\/td>\n<td width=\"151\">\n<p style=\"text-align: center\">8:00-21:00 h<\/p>\n<\/td>\n<td width=\"180\">\n<p style=\"text-align: center\"><strong>TANCAT<\/strong><\/p>\n<\/td>\n<\/tr>\n<\/tbody>\n<\/table>\n<p><span style=\"font-size: 1.5em\"><br \/>\n<strong>Horari d\u00b4estiu:<\/strong><\/span><\/p>\n<p style=\"text-align: justify\">Durant els <strong>per\u00edodes no lectius i vacacionals<\/strong>, l&#8217;horari de les biblioteques de la UMH pot variar. La qual cosa es comunicar\u00e0 a trav\u00e9s d&#8217;aquesta p\u00e0gina en l&#8217;apartat de <em>La Biblioteca Informa<\/em>.&nbsp;<\/p>\n<table>\n<tbody>\n<tr>\n<td colspan=\"3\" width=\"566\">\n<p style=\"text-align: center\"><strong>Horario d\u00b4estiu<\/strong><\/p>\n<\/td>\n<\/tr>\n<tr>\n<td width=\"302\">\n<p style=\"text-align: center\"><strong>Biblioteca<\/strong><\/p>\n<\/td>\n<td style=\"text-align: center\" width=\"132\"><strong>Juliol de Dilluns a Divendres<\/strong><\/td>\n<td width=\"132\">\n<p style=\"text-align: center\"><strong>Agost<\/strong><\/p>\n<\/td>\n<\/tr>\n<tr>\n<td width=\"302\">Biblioteca Campus Altea<\/td>\n<td width=\"132\">\n<p style=\"text-align: center\">8:30-20:30 h<\/p>\n<\/td>\n<td width=\"132\">\n<p style=\"text-align: center\"><strong>TANCAT<\/strong><\/p>\n<\/td>\n<\/tr>\n<tr>\n<td width=\"302\">Biblioteca Campus Elx<\/td>\n<td width=\"132\">\n<p style=\"text-align: center\">8:00-20:30 h<\/p>\n<\/td>\n<td width=\"132\">\n<p style=\"text-align: center\"><strong>TANCAT<\/strong><\/p>\n<\/td>\n<\/tr>\n<tr>\n<td width=\"302\">Biblioteca Campus Oriola-EPSO<\/td>\n<td width=\"132\">\n<p style=\"text-align: center\">De l&#8217;1 al 13 de Juliol<\/p>\n<p style=\"text-align: center\"><strong>8:30-20:30 h<\/strong><\/p>\n<p style=\"text-align: center\">Del 14 al 31 de Juliol<\/p>\n<p style=\"text-align: center\"><strong>8:30-15:00 h<\/strong><\/p>\n<\/td>\n<td width=\"132\">\n<p style=\"text-align: center\"><strong>TANCAT<\/strong><\/p>\n<\/td>\n<\/tr>\n<tr>\n<td width=\"302\">Biblioteca Campus Oriola-Las Salesas<\/td>\n<td width=\"132\">\n<p style=\"text-align: center\">De l&#8217;1 al 13 de Juliol<\/p>\n<p style=\"text-align: center\"><strong>8:30-20:30 h<\/strong><\/p>\n<p style=\"text-align: center\">Del 14 al 31 de Juliol<\/p>\n<p style=\"text-align: center\"><strong>8:30-15:00 h<\/strong><\/p>\n<\/td>\n<td width=\"132\">\n<p style=\"text-align: center\"><strong>TANCAT<\/strong><\/p>\n<\/td>\n<\/tr>\n<tr>\n<td width=\"302\">Biblioteca Campus Sant Joan d\u00b4Alacant<\/td>\n<td width=\"132\">\n<p style=\"text-align: center\">8:00-20:30 h<\/p>\n<\/td>\n<td width=\"132\">\n<p style=\"text-align: center\"><b>TANCAT<\/b><\/p>\n<\/td>\n<\/tr>\n<\/tbody>\n<\/table>\n<p>&nbsp;<\/p>","protected":false},"excerpt":{"rendered":"<p>Horari general d&#8217;obertura-dies lectius:<\/p>\n<p>Horari dies lectius&nbsp;<\/p>\n<p>Biblioteca<\/p>\n<p>Dilluns a Divendres<\/p>\n<p>Dissabtes i Diumenges<\/p>\n<p>Biblioteca Campus Altea<\/p>\n<p>8:30-20:30 h<\/p>\n<p>TANCAT<\/p>\n<p>Biblioteca Campus Elx<\/p>\n<p>8:00-21:00 h<\/p>\n<p>TANCAT<\/p>\n<p>Biblioteca Campus Oriola-EPSO<\/p>\n<p>8:30-20:30 h<\/p>\n<p>TANCAT<\/p>\n<p>Biblioteca Campus Oriola-Las Salesas<\/p>\n<p>8:30-20:30 h<\/p>\n<p>TANCAT<\/p>\n<p>Biblioteca Campus Sant Joan d\u00b4Alacant<\/p>\n<p>8:00-21:00 h<\/p>\n<p>TANCAT<\/p>\n<p>Horari d\u00b4estiu:<br \/>\nDurant els per\u00edodes no lectius i vacacionals, l&#8217;horari de les biblioteques de la UMH pot variar. La qual cosa es comunicar\u00e0 a trav\u00e9s d&#8217;aquesta p\u00e0gina en l&#8217;apartat [&#8230;]<\/p>\n","protected":false},"author":417,"featured_media":0,"parent":357,"menu_order":1,"comment_status":"closed","ping_status":"closed","template":"","meta":{"ngg_post_thumbnail":0,"_links_to":"","_links_to_target":""},"_links":{"self":[{"href":"https:\/\/biblioteca.umh.es\/ca\/wp-json\/wp\/v2\/pages\/233"}],"collection":[{"href":"https:\/\/biblioteca.umh.es\/ca\/wp-json\/wp\/v2\/pages"}],"about":[{"href":"https:\/\/biblioteca.umh.es\/ca\/wp-json\/wp\/v2\/types\/page"}],"author":[{"embeddable":true,"href":"https:\/\/biblioteca.umh.es\/ca\/wp-json\/wp\/v2\/users\/417"}],"replies":[{"embeddable":true,"href":"https:\/\/biblioteca.umh.es\/ca\/wp-json\/wp\/v2\/comments?post=233"}],"version-history":[{"count":0,"href":"https:\/\/biblioteca.umh.es\/ca\/wp-json\/wp\/v2\/pages\/233\/revisions"}],"up":[{"embeddable":true,"href":"https:\/\/biblioteca.umh.es\/ca\/wp-json\/wp\/v2\/pages\/357"}],"wp:attachment":[{"href":"https:\/\/biblioteca.umh.es\/ca\/wp-json\/wp\/v2\/media?parent=233"}],"curies":[{"name":"wp","href":"https:\/\/api.w.org\/{rel}","templated":true}]}}