{"id":2199,"date":"2017-03-22T13:46:58","date_gmt":"2017-03-22T12:46:58","guid":{"rendered":"http:\/\/biblioteca.umh.es\/?page_id=2199"},"modified":"2023-01-25T13:18:11","modified_gmt":"2023-01-25T12:18:11","slug":"prestamo-a-alumni","status":"publish","type":"page","link":"https:\/\/biblioteca.umh.es\/ca\/servicios\/prestamo-2\/prestamo-a-alumni\/","title":{"rendered":"Pr\u00e9stec Alumni"},"content":{"rendered":"<p><\/p>\n<p style=\"text-align: justify\">Si vols aprofitar-te dels avantatges que ofereix ser <a href=\"https:\/\/alumni.umh.es\/ca\/\">alumni de la Universitat Miguel Hern\u00e1ndez d&#8217;Elx<\/a> quant a serveis i activitats, \u00e9s imprescindible que et registres i posteriorment t&#8217;identifiques en la base de dades per a aquest tipus d&#8217;usuari.<\/p>\n<p style=\"text-align: justify\">A la Biblioteca, com a usuari alumni, estar\u00e0s classificat dins del Grup 4 i podr\u00e0s portar-te en pr\u00e9stec dos documents durant un termini de set dies renovables. Tot aix\u00f2 es troba recollit en la <a href=\"https:\/\/biblioteca.umh.es\/files\/2009\/09\/NOT.-MODIFICACION-DEL-REGLAMENTO-DE-REGIMEN-INTERNO-DE-LA-BIBLIOTECA.pdf\">Normativa del Servei de Pr\u00e9stec<\/a>.<\/p>\n<h2>Relacionats&#8230;<\/h2>\n<ul>\n<li><a href=\"https:\/\/biblioteca.umh.es\/ca\/prestamo\/\">Pr\u00e9stec a domicili<\/a><\/li>\n<li><a href=\"https:\/\/biblioteca.umh.es\/ca\/prestamo-2\/prestamo-de-portatiles\/\">Pr\u00e9stec de port\u00e0tils<\/a> (per estudiants UMH)<\/li>\n<li><a href=\"https:\/\/biblioteca.umh.es\/ca\/servicios-al-investigador\/prestamo-interbibliotecario\/\">Pr\u00e9stec interbibliotecari<\/a><\/li>\n<li><a href=\"https:\/\/biblioteca.umh.es\/ca\/prestamo-2\/prestamo-intercampus\/\">Pr\u00e9stec intercampus<\/a><\/li>\n<li><a href=\"https:\/\/biblioteca.umh.es\/ca\/prestamo-2\/prestamo-consorciado-valenciano-buval\/\">Pr\u00e9stec BUVAL<\/a> (Bibliotecques Universit\u00e0ries Valencianes)<\/li>\n<li><a href=\"https:\/\/biblioteca.umh.es\/ca\/prestamo-2\/prestamo-e-book\/\">Pr\u00e9stec e-book<\/a><\/li>\n<\/ul>\n<p><\/p>","protected":false},"excerpt":{"rendered":"<p>Si vols aprofitar-te dels avantatges que ofereix ser alumni de la Universitat Miguel Hern\u00e1ndez d&#8217;Elx quant a serveis i activitats, \u00e9s imprescindible que et registres i posteriorment t&#8217;identifiques en la base de dades per a aquest tipus d&#8217;usuari.<br \/>\nA la Biblioteca, com a usuari alumni, estar\u00e0s classificat dins del Grup 4 i podr\u00e0s portar-te en pr\u00e9stec [&#8230;]<\/p>\n","protected":false},"author":3622,"featured_media":0,"parent":2168,"menu_order":4,"comment_status":"closed","ping_status":"closed","template":"","meta":{"ngg_post_thumbnail":0,"_links_to":"","_links_to_target":""},"_links":{"self":[{"href":"https:\/\/biblioteca.umh.es\/ca\/wp-json\/wp\/v2\/pages\/2199"}],"collection":[{"href":"https:\/\/biblioteca.umh.es\/ca\/wp-json\/wp\/v2\/pages"}],"about":[{"href":"https:\/\/biblioteca.umh.es\/ca\/wp-json\/wp\/v2\/types\/page"}],"author":[{"embeddable":true,"href":"https:\/\/biblioteca.umh.es\/ca\/wp-json\/wp\/v2\/users\/3622"}],"replies":[{"embeddable":true,"href":"https:\/\/biblioteca.umh.es\/ca\/wp-json\/wp\/v2\/comments?post=2199"}],"version-history":[{"count":0,"href":"https:\/\/biblioteca.umh.es\/ca\/wp-json\/wp\/v2\/pages\/2199\/revisions"}],"up":[{"embeddable":true,"href":"https:\/\/biblioteca.umh.es\/ca\/wp-json\/wp\/v2\/pages\/2168"}],"wp:attachment":[{"href":"https:\/\/biblioteca.umh.es\/ca\/wp-json\/wp\/v2\/media?parent=2199"}],"curies":[{"name":"wp","href":"https:\/\/api.w.org\/{rel}","templated":true}]}}