{"id":2044,"date":"2017-01-12T12:40:45","date_gmt":"2017-01-12T11:40:45","guid":{"rendered":"http:\/\/biblioteca.umh.es\/?page_id=2044"},"modified":"2023-05-22T19:55:00","modified_gmt":"2023-05-22T17:55:00","slug":"donaciones","status":"publish","type":"page","link":"https:\/\/biblioteca.umh.es\/ca\/servicios-al-investigador\/donaciones\/","title":{"rendered":"Donacions"},"content":{"rendered":"<p><strong>REQUISIT PER ACCEPTACI\u00d3 DE DONACIONS EN LA BIBLIOTECA DE LA UMH<\/strong><\/p>\n<p style=\"text-align: justify\">Perqu\u00e8 la biblioteca de la UMH puga acceptar \u201clots de donacions\u201d, m\u00e9s de tres exemplars, el donant pr\u00e8viament haur\u00e0 d&#8217;enviar al correu electr\u00f2nic <a href=\"mailto:e.rodriguez@umh.es\">e.rodriguez@umh.es<\/a> un llistat amb els t\u00edtols i anys d&#8217;edici\u00f3 que t\u00e9 inter\u00e8s per donar. En el cas de revistes haur\u00e0 d&#8217;aportar pr\u00e8viament un llistat amb els t\u00edtols de les revistes, els nombres i data de publicaci\u00f3.<\/p>\n<p style=\"text-align: justify\">La Biblioteca estudiar\u00e0 cada cas concret i en funci\u00f3 de l&#8217;inter\u00e8s del fons per aquesta, informar\u00e0 degudament al donant sobre l&#8217;acceptaci\u00f3 o no, total o parcial, de la donaci\u00f3.<\/p>\n<p><a href=\"https:\/\/biblioteca.umh.es\/files\/2018\/05\/logo-biblioteca.png\"><img loading=\"lazy\" class=\"alignleft wp-image-3149\" src=\"https:\/\/biblioteca.umh.es\/files\/2018\/05\/logo-biblioteca-300x153.png\" alt=\"\" width=\"186\" height=\"95\" srcset=\"https:\/\/biblioteca.umh.es\/files\/2018\/05\/logo-biblioteca-300x153.png 300w, https:\/\/biblioteca.umh.es\/files\/2018\/05\/logo-biblioteca.png 390w\" sizes=\"(max-width: 186px) 100vw, 186px\" \/><\/a><\/p>","protected":false},"excerpt":{"rendered":"<p>REQUISIT PER ACCEPTACI\u00d3 DE DONACIONS EN LA BIBLIOTECA DE LA UMH<br \/>\nPerqu\u00e8 la biblioteca de la UMH puga acceptar \u201clots de donacions\u201d, m\u00e9s de tres exemplars, el donant pr\u00e8viament haur\u00e0 d&#8217;enviar al correu electr\u00f2nic e.rodriguez@umh.es un llistat amb els t\u00edtols i anys d&#8217;edici\u00f3 que t\u00e9 inter\u00e8s per donar. En el cas de revistes haur\u00e0 d&#8217;aportar pr\u00e8viament [&#8230;]<\/p>\n","protected":false},"author":3622,"featured_media":0,"parent":827,"menu_order":12,"comment_status":"closed","ping_status":"closed","template":"","meta":{"ngg_post_thumbnail":0,"_links_to":"","_links_to_target":""},"_links":{"self":[{"href":"https:\/\/biblioteca.umh.es\/ca\/wp-json\/wp\/v2\/pages\/2044"}],"collection":[{"href":"https:\/\/biblioteca.umh.es\/ca\/wp-json\/wp\/v2\/pages"}],"about":[{"href":"https:\/\/biblioteca.umh.es\/ca\/wp-json\/wp\/v2\/types\/page"}],"author":[{"embeddable":true,"href":"https:\/\/biblioteca.umh.es\/ca\/wp-json\/wp\/v2\/users\/3622"}],"replies":[{"embeddable":true,"href":"https:\/\/biblioteca.umh.es\/ca\/wp-json\/wp\/v2\/comments?post=2044"}],"version-history":[{"count":0,"href":"https:\/\/biblioteca.umh.es\/ca\/wp-json\/wp\/v2\/pages\/2044\/revisions"}],"up":[{"embeddable":true,"href":"https:\/\/biblioteca.umh.es\/ca\/wp-json\/wp\/v2\/pages\/827"}],"wp:attachment":[{"href":"https:\/\/biblioteca.umh.es\/ca\/wp-json\/wp\/v2\/media?parent=2044"}],"curies":[{"name":"wp","href":"https:\/\/api.w.org\/{rel}","templated":true}]}}