{"id":187,"date":"2010-04-26T10:52:22","date_gmt":"2010-04-26T08:52:22","guid":{"rendered":"http:\/\/biblioteca.zeus.umh.es\/?page_id=187"},"modified":"2025-12-10T15:49:22","modified_gmt":"2025-12-10T14:49:22","slug":"reprografia-e-impresion-remota","status":"publish","type":"page","link":"https:\/\/biblioteca.umh.es\/ca\/servicios\/reprografia-e-impresion-remota\/","title":{"rendered":"Reprograf\u00eda i impressi\u00f3"},"content":{"rendered":"<p><\/p>\n<h3>Fotocopiadores:<\/h3>\n<p style=\"text-align: justify\">En totes les biblioteques existeixen m\u00e0quines fotocopiadores en r\u00e8gim d&#8217;autoservei que permeten la reproducci\u00f3 de documents. Per al seu \u00fas, pots adquirir una targeta moneder en els serveis de reprografia presents en tots els campus.<\/p>\n<h5><strong>Normes:<\/strong><\/h5>\n<p style=\"text-align: justify\">Tot usuari est\u00e0 subjecte a l&#8217;estricte compliment de la legislaci\u00f3 vigent en l&#8217;Estat Espanyol en mat\u00e8ria de Propietat Intel\u00b7lectual i Drets d&#8217;Autor. En l&#8217;essencial, aquest dret limita la c\u00f2pia, solament per a \u00fas personal i d&#8217;investigaci\u00f3 i a un nombre de p\u00e0gines que no poden excedir d&#8217;un article de revista o un 10% d&#8217;un llibre, equivalent a un cap\u00edtol.<\/p>\n<h3>Impressi\u00f3 des dels ordinadors de la biblioteca:<\/h3>\n<p style=\"text-align: justify\">A les Biblioteques d&#8217;Orihuela-EPSO i Elx s&#8217;ha implantat un sistema d&#8217;impressi\u00f3 en les fotocopiadores d&#8217;autoservici, amb les mateixes condicions d&#8217;\u00fas i preu que les fotoc\u00f2pies. La <strong>impressi\u00f3<\/strong> nom\u00e9s podr\u00e0 realitzar-se des dels <strong>ordinadors disponibles en la pr\u00f2pia biblioteca<\/strong>. No \u00e9s possible enviar documents per a imprimir des de dispositius externs.<\/p>\n<h3>Fotocopies d\u00b4art\u00edcles de revistes (Pr\u00e9stec Intercampus):<\/h3>\n<p>Mitjan\u00e7ant el <a href=\"https:\/\/biblioteca.umh.es\/prestamo-intercampus\/\">servei de Pr\u00e9stec Intercampus<\/a> es pot sol\u00b7licitar la c\u00f2pia d&#8217;articles de revista de publicacions conservades en altres biblioteques de la UMH.<\/p>\n<h3>Per saber m\u00e9s&#8230;<\/h3>\n<ul>\n<li><a href=\"https:\/\/www.culturaydeporte.gob.es\/cultura\/propiedadintelectual\/portada.html\">P\u00e0gina sobre Propietat Intel\u00b7lectual del Ministeri de Cultura<\/a><\/li>\n<\/ul>\n<p><\/p>","protected":false},"excerpt":{"rendered":"<p>Fotocopiadores:<br \/>\nEn totes les biblioteques existeixen m\u00e0quines fotocopiadores en r\u00e8gim d&#8217;autoservei que permeten la reproducci\u00f3 de documents. Per al seu \u00fas, pots adquirir una targeta moneder en els serveis de reprografia presents en tots els campus.<br \/>\nNormes:<br \/>\nTot usuari est\u00e0 subjecte a l&#8217;estricte compliment de la legislaci\u00f3 vigent en l&#8217;Estat Espanyol en mat\u00e8ria de Propietat Intel\u00b7lectual i Drets [&#8230;]<\/p>\n","protected":false},"author":417,"featured_media":0,"parent":11286,"menu_order":12,"comment_status":"open","ping_status":"open","template":"","meta":{"ngg_post_thumbnail":0,"_links_to":"","_links_to_target":""},"_links":{"self":[{"href":"https:\/\/biblioteca.umh.es\/ca\/wp-json\/wp\/v2\/pages\/187"}],"collection":[{"href":"https:\/\/biblioteca.umh.es\/ca\/wp-json\/wp\/v2\/pages"}],"about":[{"href":"https:\/\/biblioteca.umh.es\/ca\/wp-json\/wp\/v2\/types\/page"}],"author":[{"embeddable":true,"href":"https:\/\/biblioteca.umh.es\/ca\/wp-json\/wp\/v2\/users\/417"}],"replies":[{"embeddable":true,"href":"https:\/\/biblioteca.umh.es\/ca\/wp-json\/wp\/v2\/comments?post=187"}],"version-history":[{"count":0,"href":"https:\/\/biblioteca.umh.es\/ca\/wp-json\/wp\/v2\/pages\/187\/revisions"}],"up":[{"embeddable":true,"href":"https:\/\/biblioteca.umh.es\/ca\/wp-json\/wp\/v2\/pages\/11286"}],"wp:attachment":[{"href":"https:\/\/biblioteca.umh.es\/ca\/wp-json\/wp\/v2\/media?parent=187"}],"curies":[{"name":"wp","href":"https:\/\/api.w.org\/{rel}","templated":true}]}}