{"id":1869,"date":"2017-03-09T13:02:15","date_gmt":"2017-03-09T12:02:15","guid":{"rendered":"http:\/\/biblioteca.umh.es\/?page_id=1869"},"modified":"2023-09-14T19:49:22","modified_gmt":"2023-09-14T17:49:22","slug":"propiedad-intelectual-2","status":"publish","type":"page","link":"https:\/\/biblioteca.umh.es\/ca\/servicios-al-investigador\/propiedad-intelectual-2\/","title":{"rendered":"Propietat intel\u00b7lectual i drets d&#8217;autor"},"content":{"rendered":"<p><img loading=\"lazy\" class=\"alignleft wp-image-1871\" src=\"https:\/\/biblioteca.umh.es\/files\/2016\/11\/ilustraci\u00f3n-propintelectual300x300-300x200.jpg\" alt=\"ilustracion-propintelectual300x300\" width=\"192\" height=\"128\"><\/p>\n<p style=\"text-align: justify\">A conseq\u00fc\u00e8ncia del desenvolupament d&#8217;Internet i les tecnologies digitals, les biblioteques han evolucionat en els seus serveis, activitats, eines de treball i maneres de comunicar-se amb els usuaris. Per part seua, les universitats han implantat plataformes de doc\u00e8ncia virtual que complementen a la presencial i s&#8217;involucren en nous models de recursos educatius oberts.<\/p>\n<p style=\"text-align: justify\">A la investigaci\u00f3 finan\u00e7ada amb fons p\u00fablics se li exigeix proporcionar acc\u00e9s obert a les dades i els resultats d&#8217;investigaci\u00f3. En totes aquestes noves realitats de l&#8217;era digital hem de tindre en compte la normativa vigent sobre propietat intel\u00b7lectual. En aquesta p\u00e0gina web intentem resoldre els vostres dubtes sobre aquest tema.<\/p>\n<ul>\n<li><a href=\"https:\/\/biblioteca.umh.es\/ca\/servicios-al-investigador\/propiedad-intelectual-2\/legislacion-propiedad-intelectual\/\">Legislaci\u00f3 sobre Propietat Intel\u00b7lectual<\/a><\/li>\n<li><a href=\"https:\/\/biblioteca.umh.es\/ca\/servicios-al-investigador\/propiedad-intelectual-2\/preguntas-frecuentes\/\">Preguntes freq\u00fcents<\/a><\/li>\n<li><a href=\"https:\/\/biblioteca.umh.es\/ca\/servicios-al-investigador\/propiedad-intelectual-2\/propiedad-intelectual-y-derechos-de-autor\/\">Formulari de consulta<\/a><\/li>\n<li><a href=\"https:\/\/biblioteca.umh.es\/ca\/servicios-al-investigador\/propiedad-intelectual-2\/entidades-de-gestion-de-los-derechos-de-autor\/\">Entitats que gestionen els drets d\u00b4autor<\/a><\/li>\n<li><a href=\"https:\/\/biblioteca.umh.es\/servicios-al-investigador\/propiedad-intelectual-2\/proteccion-de-datos\/\">Protecci\u00f3 de dades<\/a><\/li>\n<li><a href=\"https:\/\/biblioteca.umh.es\/ca\/servicios-al-investigador\/propiedad-intelectual-2\/licencias-creative-commons\/\">Llic\u00e8ncies Creative Commons<\/a><\/li>\n<\/ul>\n<p>&nbsp;<\/p>\n<p>&nbsp;<\/p>\n<p>&nbsp;<\/p>","protected":false},"excerpt":{"rendered":"<p>A conseq\u00fc\u00e8ncia del desenvolupament d&#8217;Internet i les tecnologies digitals, les biblioteques han evolucionat en els seus serveis, activitats, eines de treball i maneres de comunicar-se amb els usuaris. Per part seua, les universitats han implantat plataformes de doc\u00e8ncia virtual que complementen a la presencial i s&#8217;involucren en nous models de recursos educatius oberts.<br \/>\nA la investigaci\u00f3 [&#8230;]<\/p>\n","protected":false},"author":3622,"featured_media":0,"parent":827,"menu_order":7,"comment_status":"closed","ping_status":"closed","template":"","meta":{"ngg_post_thumbnail":0,"_links_to":"","_links_to_target":""},"_links":{"self":[{"href":"https:\/\/biblioteca.umh.es\/ca\/wp-json\/wp\/v2\/pages\/1869"}],"collection":[{"href":"https:\/\/biblioteca.umh.es\/ca\/wp-json\/wp\/v2\/pages"}],"about":[{"href":"https:\/\/biblioteca.umh.es\/ca\/wp-json\/wp\/v2\/types\/page"}],"author":[{"embeddable":true,"href":"https:\/\/biblioteca.umh.es\/ca\/wp-json\/wp\/v2\/users\/3622"}],"replies":[{"embeddable":true,"href":"https:\/\/biblioteca.umh.es\/ca\/wp-json\/wp\/v2\/comments?post=1869"}],"version-history":[{"count":0,"href":"https:\/\/biblioteca.umh.es\/ca\/wp-json\/wp\/v2\/pages\/1869\/revisions"}],"up":[{"embeddable":true,"href":"https:\/\/biblioteca.umh.es\/ca\/wp-json\/wp\/v2\/pages\/827"}],"wp:attachment":[{"href":"https:\/\/biblioteca.umh.es\/ca\/wp-json\/wp\/v2\/media?parent=1869"}],"curies":[{"name":"wp","href":"https:\/\/api.w.org\/{rel}","templated":true}]}}