{"id":1840,"date":"2017-03-09T13:06:22","date_gmt":"2017-03-09T12:06:22","guid":{"rendered":"http:\/\/biblioteca.umh.es\/?page_id=1840"},"modified":"2023-05-18T16:36:18","modified_gmt":"2023-05-18T14:36:18","slug":"legislacion-propiedad-intelectual","status":"publish","type":"page","link":"https:\/\/biblioteca.umh.es\/ca\/servicios-al-investigador\/propiedad-intelectual-2\/legislacion-propiedad-intelectual\/","title":{"rendered":"Legislaci\u00f3 Propietat Intel\u00b7lectual"},"content":{"rendered":"<p><strong>Legislaci\u00f3 nacional e internacional<\/strong><\/p>\n<div class=\"grande caja-centrada\">\n<ul>\n<li>\n<h6><strong>Nacional:<\/strong><\/h6>\n<ul>\n<li style=\"text-align: justify\"><a href=\"http:\/\/www.boe.es\/buscar\/act.php?id=BOE-A-1996-8930\"><span style=\"color: #680e56\"><span style=\"color: #000000\">Real Decreto Legislativo 1\/1996, de 12 de abril, por el que se aprueba el texto refundido de la Ley de Propiedad Intelectual, regularizando, aclarando y armonizando las disposiciones legales vigentes sobre la materia<\/span><\/span><\/a><span style=\"color: #000000\"> (BOE 22 de abril de 1996) (\u00daltima modificaci\u00f3n: 5 de noviembre de 2014).<\/span><\/li>\n<li style=\"text-align: justify\"><span style=\"color: #000000\"><a style=\"color: #000000\" href=\"http:\/\/www.boe.es\/boe\/dias\/2010\/12\/31\/pdfs\/BOE-A-2010-20147.pdf\">Real Decreto 1791\/2010, de 30 de diciembre. Estatuto del estudiante universitario<\/a> (arts. 7, 8, 9, 10 y 27).<\/span><\/li>\n<li style=\"text-align: justify\"><span style=\"color: #000000\"><a style=\"color: #000000\" href=\"http:\/\/www.boe.es\/boe\/dias\/2003\/03\/28\/pdfs\/A12145-12153.pdf\">Real Decreto 281\/2003, de 7 de marzo por el que se aprueba el Reglamento del Registro General de la Propiedad Intelectual<\/a><\/span><\/li>\n<\/ul>\n<\/li>\n<\/ul>\n<p style=\"text-align: justify\">&nbsp;<\/p>\n<ul>\n<li>\n<h6><strong>&nbsp;Internacional:<\/strong><\/h6>\n<ul>\n<li style=\"text-align: justify\"><span style=\"color: #000000\"><a style=\"color: #000000\" href=\"https:\/\/www.wipo.int\/treaties\/es\/ip\/berne\/index.html\" target=\"_blank\" rel=\"noopener noreferrer\">Convenio de Berna de 9 de septiembre de 1886, para la protecci\u00f3n de las obras literarias y art\u00edsticas, revisado en Par\u00eds el 24 de julio de 1971<\/a><\/span><\/li>\n<li style=\"text-align: justify\"><span style=\"color: #000000\"><a style=\"color: #000000\" href=\"http:\/\/www.wipo.int\/treaties\/es\/text.jsp?file_id=295167\" target=\"_blank\" rel=\"noopener noreferrer\">Tratado de la OMPI sobre Derecho de Autor de 20 de diciembre de 1996 (WCT)<\/a><\/span><\/li>\n<li style=\"text-align: justify\"><span style=\"color: #000000\"><a style=\"color: #000000\" href=\"https:\/\/biblioteca.umh.es\/files\/2021\/10\/La_Comisi\u00f3n_Europea_propone_una_Directiva_para_reformar_el_copyright_en_la_UE._Presentada_el_14.09.2016.pdf\">La Comisi\u00f3n Europea propone una Directiva para reformar el copyright en la UE. Presentada el 14.09.2016.<\/a><\/span><\/li>\n<li style=\"text-align: justify\"><span style=\"color: #000000\"><a style=\"color: #000000\" href=\"http:\/\/www.europarl.europa.eu\/sides\/getDoc.do?pubRef=-\/\/EP\/\/TEXT+TA+P8-TA-2016-0009+0+DOC+XML+V0\/\/ES&amp;language=ES\"> Resoluci\u00f3n del Parlamento Europeo, de 19 de enero de 2016, sobre la iniciativa \u00abHacia un Acta del Mercado \u00danico Digital\u00bb<\/a><\/span><\/li>\n<li>\n<p class=\"title\" style=\"text-align: justify\"><span style=\"color: #000000\"><a style=\"color: #000000\" href=\"http:\/\/europa.eu\/rapid\/press-release_IP-15-6261_es.htm\">La Comisi\u00f3n da los primeros pasos para ampliar el acceso a contenidos en l\u00ednea y expone su visi\u00f3n de modernizar las normas sobre derechos de autor de la UE.(Comisi\u00f3n Europea &#8211; Comunicado de prensa)<\/a><\/span><\/p>\n<\/li>\n<\/ul>\n<\/li>\n<\/ul>\n<\/div>\n<p class=\"grande caja-centrada\">&nbsp;<\/p>\n<p><\/p>","protected":false},"excerpt":{"rendered":"<p>Legislaci\u00f3 nacional e internacional<\/p>\n<p>Nacional:<\/p>\n<p>Real Decreto Legislativo 1\/1996, de 12 de abril, por el que se aprueba el texto refundido de la Ley de Propiedad Intelectual, regularizando, aclarando y armonizando las disposiciones legales vigentes sobre la materia (BOE 22 de abril de 1996) (\u00daltima modificaci\u00f3n: 5 de noviembre de 2014).<br \/>\nReal Decreto 1791\/2010, de 30 de diciembre. [&#8230;]<\/p>\n","protected":false},"author":3622,"featured_media":0,"parent":1869,"menu_order":1,"comment_status":"closed","ping_status":"closed","template":"","meta":{"ngg_post_thumbnail":0,"_links_to":"","_links_to_target":""},"_links":{"self":[{"href":"https:\/\/biblioteca.umh.es\/ca\/wp-json\/wp\/v2\/pages\/1840"}],"collection":[{"href":"https:\/\/biblioteca.umh.es\/ca\/wp-json\/wp\/v2\/pages"}],"about":[{"href":"https:\/\/biblioteca.umh.es\/ca\/wp-json\/wp\/v2\/types\/page"}],"author":[{"embeddable":true,"href":"https:\/\/biblioteca.umh.es\/ca\/wp-json\/wp\/v2\/users\/3622"}],"replies":[{"embeddable":true,"href":"https:\/\/biblioteca.umh.es\/ca\/wp-json\/wp\/v2\/comments?post=1840"}],"version-history":[{"count":0,"href":"https:\/\/biblioteca.umh.es\/ca\/wp-json\/wp\/v2\/pages\/1840\/revisions"}],"up":[{"embeddable":true,"href":"https:\/\/biblioteca.umh.es\/ca\/wp-json\/wp\/v2\/pages\/1869"}],"wp:attachment":[{"href":"https:\/\/biblioteca.umh.es\/ca\/wp-json\/wp\/v2\/media?parent=1840"}],"curies":[{"name":"wp","href":"https:\/\/api.w.org\/{rel}","templated":true}]}}