{"id":1825,"date":"2017-03-09T13:09:25","date_gmt":"2017-03-09T12:09:25","guid":{"rendered":"http:\/\/biblioteca.umh.es\/?page_id=1825"},"modified":"2023-05-18T16:37:03","modified_gmt":"2023-05-18T14:37:03","slug":"propiedad-intelectual-y-derechos-de-autor","status":"publish","type":"page","link":"https:\/\/biblioteca.umh.es\/ca\/servicios-al-investigador\/propiedad-intelectual-2\/propiedad-intelectual-y-derechos-de-autor\/","title":{"rendered":"Formulari de consulta"},"content":{"rendered":"<div role=\"form\" class=\"wpcf7\" id=\"wpcf7-f1865-o1\" lang=\"es-ES\" dir=\"ltr\">\n<div class=\"screen-reader-response\"><p role=\"status\" aria-live=\"polite\" aria-atomic=\"true\"><\/p> <ul><\/ul><\/div>\n<form action=\"\/ca\/wp-json\/wp\/v2\/pages\/1825#wpcf7-f1865-o1\" method=\"post\" class=\"wpcf7-form init\" novalidate=\"novalidate\" data-status=\"init\">\n<div style=\"display: none;\">\n<input type=\"hidden\" name=\"_wpcf7\" value=\"1865\" \/>\n<input type=\"hidden\" name=\"_wpcf7_version\" value=\"5.5.2\" \/>\n<input type=\"hidden\" name=\"_wpcf7_locale\" value=\"es_ES\" \/>\n<input type=\"hidden\" name=\"_wpcf7_unit_tag\" value=\"wpcf7-f1865-o1\" \/>\n<input type=\"hidden\" name=\"_wpcf7_container_post\" value=\"0\" \/>\n<input type=\"hidden\" name=\"_wpcf7_posted_data_hash\" value=\"\" \/>\n<input type=\"hidden\" name=\"_wpcf7_recaptcha_response\" value=\"\" \/>\n<\/div>\n<table>\n<tr>\n<th colspan=\"2\">DATOS DEL SOLICITANTE:<\/th>\n<\/tr>\n<tr>\n<th colspan=\"2\">(*) Campos requeridos<\/th>\n<\/tr>\n<tr>\n<td>Nombre (*):<\/td>\n<td>\n\t<span class=\"wpcf7-form-control-wrap nombre\"><input type=\"text\" name=\"nombre\" value=\"\" size=\"40\" class=\"wpcf7-form-control wpcf7-text wpcf7-validates-as-required\" aria-required=\"true\" aria-invalid=\"false\" \/><\/span><\/td>\n<\/tr>\n<tr>\n<td>Apellidos (*):<\/td>\n<td>\n    <span class=\"wpcf7-form-control-wrap apellidos\"><input type=\"text\" name=\"apellidos\" value=\"\" size=\"40\" class=\"wpcf7-form-control wpcf7-text wpcf7-validates-as-required\" aria-required=\"true\" aria-invalid=\"false\" \/><\/span> <\/td>\n<\/tr>\n<tr>\n<td>N\u00ba de documento de identidad (*):<\/td>\n<td>\n    <span class=\"wpcf7-form-control-wrap dni\"><input type=\"text\" name=\"dni\" value=\"\" size=\"40\" class=\"wpcf7-form-control wpcf7-text wpcf7-validates-as-required\" aria-required=\"true\" aria-invalid=\"false\" \/><\/span> <\/td>\n<\/tr>\n<tr>\n<td>Tel\u00e9fono de contacto:<\/td>\n<td>\n    <span class=\"wpcf7-form-control-wrap tel-user\"><input type=\"tel\" name=\"tel-user\" value=\"\" size=\"40\" class=\"wpcf7-form-control wpcf7-text wpcf7-tel wpcf7-validates-as-tel\" aria-invalid=\"false\" \/><\/span> <\/td>\n<\/tr>\n<tr>\n<td>Tipo de usuario (*):<\/td>\n<td>\n\t<span class=\"wpcf7-form-control-wrap Tipodeusuario\"><select name=\"Tipodeusuario\" class=\"wpcf7-form-control wpcf7-select wpcf7-validates-as-required\" aria-required=\"true\" aria-invalid=\"false\"><option value=\"\">---<\/option><option value=\"Estudiante\">Estudiante<\/option><option value=\"Estudiante de Postgrado\">Estudiante de Postgrado<\/option><option value=\"Investigador\">Investigador<\/option><option value=\"PAS\">PAS<\/option><option value=\"PDI\">PDI<\/option><\/select><\/span><\/td>\n<\/tr>\n<tr>\n<td>Correo electr\u00f3nico (*):<\/td>\n<td>\n    <span class=\"wpcf7-form-control-wrap your-email\"><input type=\"email\" name=\"your-email\" value=\"\" size=\"40\" class=\"wpcf7-form-control wpcf7-text wpcf7-email wpcf7-validates-as-required wpcf7-validates-as-email\" aria-required=\"true\" aria-invalid=\"false\" \/><\/span> <\/td>\n<\/tr>\n<tr>\n<td>\u00bfSobre qu\u00e9 tema desea informaci\u00f3n? (*):<\/td>\n<td>\n    <span class=\"wpcf7-form-control-wrap Referencias\"><select name=\"Referencias\" class=\"wpcf7-form-control wpcf7-select wpcf7-validates-as-required\" aria-required=\"true\" aria-invalid=\"false\"><option value=\"\">---<\/option><option value=\"Derechos de Explotaci\u00f3n\">Derechos de Explotaci\u00f3n<\/option><option value=\"Edici\u00f3n y Publicaci\u00f3n\">Edici\u00f3n y Publicaci\u00f3n<\/option><option value=\"Usos en Bibliotecas\">Usos en Bibliotecas<\/option><option value=\"Obra Audiovisual\">Obra Audiovisual<\/option><option value=\"Licencias\">Licencias<\/option><option value=\"Otros\">Otros<\/option><\/select><\/span><\/td>\n<p><\/tR> <\/p>\n<tr>\n<td>Escriba aqu\u00ed su consulta (*):<\/td>\n<td>\n\t<span class=\"wpcf7-form-control-wrap consulta\"><textarea name=\"consulta\" cols=\"40\" rows=\"10\" class=\"wpcf7-form-control wpcf7-textarea wpcf7-validates-as-required\" aria-required=\"true\" aria-invalid=\"false\"><\/textarea><\/span><\/td>\n<\/tr>\n<tr colspan=\"2\">\n<td  colspan=\"2\">\n<span class=\"wpcf7-form-control-wrap recaptcha\" data-name=\"recaptcha\"><span data-sitekey=\"6LdoYCckAAAAAPgmKlpU5rIrxI6dbPh9xkctj6p2\" class=\"wpcf7-form-control g-recaptcha wpcf7-recaptcha\"><\/span>\r\n<noscript>\r\n\t<div class=\"grecaptcha-noscript\">\r\n\t\t<iframe src=\"https:\/\/www.google.com\/recaptcha\/api\/fallback?k=6LdoYCckAAAAAPgmKlpU5rIrxI6dbPh9xkctj6p2\" frameborder=\"0\" scrolling=\"no\" width=\"310\" height=\"430\">\r\n\t\t<\/iframe>\r\n\t\t<textarea name=\"g-recaptcha-response\" rows=\"3\" cols=\"40\" placeholder=\"reCaptcha Response Here\">\r\n\t\t<\/textarea>\r\n\t<\/div>\r\n<\/noscript>\r\n<\/span>\n<\/td>\n<\/tr>\n<tr>\n<td colspan=\"2\"><input type=\"submit\" value=\"Enviar formulario\" class=\"wpcf7-form-control has-spinner wpcf7-submit\" \/><\/td>\n<\/tr>\n<tr>\n<td colspan=\"2\">La Biblioteca se pondr\u00e1 en contacto a trav\u00e9s del correo electr\u00f3nico para confirmar la recepci\u00f3n de su consulta<\/td>\n<\/tr>\n<\/table>\n<div class=\"wpcf7-response-output\" aria-hidden=\"true\"><\/div><\/form><\/div>\n","protected":false},"excerpt":{"rendered":"<p>DATOS DEL SOLICITANTE:<\/p>\n<p>(*) Campos requeridos<\/p>\n<p>Nombre (*):<\/p>\n<p>Apellidos (*):<\/p>\n<p>N\u00ba de documento de identidad (*):<\/p>\n<p>Tel\u00e9fono de contacto:<\/p>\n<p>Tipo de usuario (*):<\/p>\n<p>\t&#8212;EstudianteEstudiante de PostgradoInvestigadorPASPDI<\/p>\n<p>Correo electr\u00f3nico (*):<\/p>\n<p>\u00bfSobre qu\u00e9 tema desea informaci\u00f3n? (*):<\/p>\n<p>    &#8212;Derechos de Explotaci\u00f3nEdici\u00f3n y Publicaci\u00f3nUsos [&#8230;]<\/p>\n","protected":false},"author":3622,"featured_media":0,"parent":1869,"menu_order":2,"comment_status":"closed","ping_status":"closed","template":"","meta":{"ngg_post_thumbnail":0,"_links_to":"","_links_to_target":""},"_links":{"self":[{"href":"https:\/\/biblioteca.umh.es\/ca\/wp-json\/wp\/v2\/pages\/1825"}],"collection":[{"href":"https:\/\/biblioteca.umh.es\/ca\/wp-json\/wp\/v2\/pages"}],"about":[{"href":"https:\/\/biblioteca.umh.es\/ca\/wp-json\/wp\/v2\/types\/page"}],"author":[{"embeddable":true,"href":"https:\/\/biblioteca.umh.es\/ca\/wp-json\/wp\/v2\/users\/3622"}],"replies":[{"embeddable":true,"href":"https:\/\/biblioteca.umh.es\/ca\/wp-json\/wp\/v2\/comments?post=1825"}],"version-history":[{"count":0,"href":"https:\/\/biblioteca.umh.es\/ca\/wp-json\/wp\/v2\/pages\/1825\/revisions"}],"up":[{"embeddable":true,"href":"https:\/\/biblioteca.umh.es\/ca\/wp-json\/wp\/v2\/pages\/1869"}],"wp:attachment":[{"href":"https:\/\/biblioteca.umh.es\/ca\/wp-json\/wp\/v2\/media?parent=1825"}],"curies":[{"name":"wp","href":"https:\/\/api.w.org\/{rel}","templated":true}]}}