{"id":16948,"date":"2025-12-04T16:28:27","date_gmt":"2025-12-04T15:28:27","guid":{"rendered":"https:\/\/biblioteca.umh.es\/?page_id=16948"},"modified":"2026-01-28T18:29:03","modified_gmt":"2026-01-28T17:29:03","slug":"sexenios-de-investigacion","status":"publish","type":"page","link":"https:\/\/biblioteca.umh.es\/ca\/servicios-al-investigador\/ayuda-al-investigador\/sexenios-de-investigacion\/","title":{"rendered":"Sexennis d&#8217;investigaci\u00f3"},"content":{"rendered":"<p><\/p>\n<p style=\"text-align: justify\"><img loading=\"lazy\" class=\"size-medium wp-image-3821 alignleft\" src=\"https:\/\/biblioteca.umh.es\/files\/2019\/05\/SEXENIOS1-300x188.jpg\" alt=\"\" width=\"300\" height=\"188\" srcset=\"https:\/\/biblioteca.umh.es\/files\/2019\/05\/SEXENIOS1-300x188.jpg 300w, https:\/\/biblioteca.umh.es\/files\/2019\/05\/SEXENIOS1-768x482.jpg 768w, https:\/\/biblioteca.umh.es\/files\/2019\/05\/SEXENIOS1.jpg 980w\" sizes=\"(max-width: 300px) 100vw, 300px\" \/>Els <strong>sexennis d&#8217;investigaci\u00f3<\/strong> s\u00f3n un reconeixement oficial que avalua la qualitat i l&#8217;impacte del treball investigador del personal docent i investigador. A trav\u00e9s de la Comissi\u00f3 Nacional Avaluadora de l&#8217;Activitat Investigadora (CNEAI) ANECA realitza l&#8217;avaluaci\u00f3 de les sol\u00b7licituds de trams d&#8217;investigaci\u00f3, analitzant les aportacions m\u00e9s rellevants de cada investigador per a determinar la seua contribuci\u00f3 a l&#8217;avan\u00e7 del coneixement en la seua \u00e0rea.<\/p>\n<p><strong><i>Convocat\u00f2ria<\/i><\/strong><\/p>\n<p>En esta convocat\u00f2ria s&#8217;establixen <strong>dos per\u00edodes distints de presentaci\u00f3<\/strong>:<\/p>\n<p><strong>Personal funcionari<\/strong>: del <strong>9 al 30 de gener<\/strong> de 2026.<\/p>\n<p><strong>Personal contractat<\/strong>: del <strong>9 de febrer al 2 de mar\u00e7<\/strong> de 2026.<\/p>\n<ul>\n<li><a href=\"https:\/\/biblioteca.umh.es\/files\/2025\/12\/Resolucion_criterios_CNEAI_10122025_BOE.pdf\" target=\"_blank\" rel=\"noopener\">Criterios para la evaluaci\u00f3n de la actividad investigadora. Sexenios de investigaci\u00f3n 2025.<\/a><strong><i>&nbsp;<\/i><\/strong><\/li>\n<li><a title=\"Ver convocatoria\" href=\"https:\/\/biblioteca.umh.es\/files\/2025\/12\/BAREMO_091225_web.pdf\" target=\"_blank\" rel=\"noopener\">Baremo de aplicaci\u00f3n en la evaluaci\u00f3n de la actividad investigadora. Sexenios de investigaci\u00f3n 2025.<\/a><\/li>\n<li><a href=\"https:\/\/www.aneca.es\/sexenios\" target=\"_blank\" rel=\"noopener\">Web ANECA &#8211; Sexenios<\/a><\/li>\n<li><a href=\"https:\/\/urldefense.com\/v3\/__https:\/youtu.be\/mOpVB7FyFWc__;!!D9dNQwwGXtA!WnJ_QWCirpmiEhhoElhMk7GZxVOkJ2_q9EF3_3avHHsh5x2-n31yqO7sIcmt6okzxs1Sja1pHp_PIdSdy5w5$\" target=\"_blank\" rel=\"noopener\">Implementaci\u00f3n pr\u00e1ctica de los principios y compromisos de CoARA en ANECA<\/a>.<\/li>\n<\/ul>\n<p>&nbsp;<\/p>\n<p><strong><i>Materials de suport elaborats per la Biblioteca<\/i><\/strong><\/p>\n<p style=\"text-align: justify\">Des de la biblioteca volem facilitar este proc\u00e9s oferint suport en la localitzaci\u00f3 de publicacions, la consulta de bases de dades, la verificaci\u00f3 d&#8217;indicadors d&#8217;impacte i l&#8217;\u00fas de ferramentes especialitzades. Ac\u00ed trobar\u00e0s guies, enlla\u00e7os \u00fatils i orientacions pr\u00e0ctiques pensades per a fer-te el cam\u00ed m\u00e9s senzill.<\/p>\n<ul>\n<li><a href=\"https:\/\/biblioteca.umh.es\/files\/2025\/12\/Ciencias-e-Ingenierias-Campos-0-1-2-3-4-5-6.pdf\" target=\"_blank\" rel=\"noopener\">Ciencias e Ingenier\u00edas, Campos (0-1-2-3-4-5-6)<\/a><\/li>\n<li><a href=\"https:\/\/biblioteca.umh.es\/files\/2025\/12\/Ciencias-Sociales-Campos-0-7-8-9-11.pdf\" target=\"_blank\" rel=\"noopener\">Ciencias Sociales, Campos (0-7-8-9-11)<\/a><\/li>\n<li><a href=\"https:\/\/biblioteca.umh.es\/files\/2025\/12\/Historia-y-Artes-Campo-10.pdf\" target=\"_blank\" rel=\"noopener\">Historia y Artes, Campo (10)<\/a><\/li>\n<li><a href=\"https:\/\/biblioteca.umh.es\/files\/2025\/12\/Localizacion-de-metricas-Biblioteca-Universidad-de-Oviedo.pdf\" target=\"_blank\" rel=\"noopener\">Localizaci\u00f3n de m\u00e9tricas. Biblioteca Universidad de Oviedo.<\/a><\/li>\n<\/ul>\n<p>&nbsp;<\/p>\n<p><strong><i>Exemples de narratives<\/i><\/strong><\/p>\n<p style=\"text-align: justify\">La bibliometria narrativa \u00e9s una ferramenta per a explicar amb detall i sentit les dades que mostren com s&#8217;ha dif\u00f3s i quin impacte ha tingut la investigaci\u00f3 realitzada en el per\u00edode avaluat. Seguint els principis de CoARA, la informaci\u00f3 subministrada haur\u00e0 de ser contextualitzada, multidimensional i subjecta a verificaci\u00f3 objectiva.&nbsp;<\/p>\n<ul>\n<li><a href=\"https:\/\/biblioteca.umh.es\/files\/2025\/12\/Ejemplos_de_bibliometria_narrativa_Sexenio_2023.pdf\" target=\"_blank\" rel=\"noopener\">Recopilaci\u00f3n de narrativas de varias universidades realizada por la Universidad de Murcia.<\/a><\/li>\n<li><a href=\"https:\/\/biblioteca.umh.es\/files\/2025\/12\/Ejemplos_de_narrativa_para_indicadores_bibliometricos_abril-Universidad-de-Oviedo.pdf\" target=\"_blank\" rel=\"noopener\">Ejemplos de narrativa para indicadores bibliom\u00e9tricos. Universidad de Oviedo.<\/a><\/li>\n<\/ul>\n<p>Exemples de defensa d&#8217;aportacions de la Universidad Complutense.<\/p>\n<ul>\n<li><a href=\"https:\/\/hdl.handle.net\/20.500.14352\/124032\" target=\"_blank\" rel=\"noopener\" data-saferedirecturl=\"https:\/\/www.google.com\/url?q=https:\/\/hdl.handle.net\/20.500.14352\/124032&amp;source=gmail&amp;ust=1764959237531000&amp;usg=AOvVaw1qdyuo4KITQG1mulSihR_P\">Defensas de aportaciones para sexenios: ejemplos del \u00e1rea de Ciencias de la Informaci\u00f3n (convocatoria 2024)<\/a><\/li>\n<li><a href=\"https:\/\/hdl.handle.net\/20.500.14352\/125677\" target=\"_blank\" rel=\"noopener\">Defensas de aportaciones para sexenios: ejemplos del \u00e1rea de Ciencias Pol\u00edticas (Convocatoria 2024)&nbsp;<\/a><\/li>\n<li><a href=\"https:\/\/hdl.handle.net\/20.500.14352\/115716\" target=\"_blank\" rel=\"noopener\" data-saferedirecturl=\"https:\/\/www.google.com\/url?q=https:\/\/hdl.handle.net\/20.500.14352\/115716&amp;source=gmail&amp;ust=1764959237531000&amp;usg=AOvVaw0vo4cfvB6mEnihvpBUP9ty\">Defensas de aportaciones para sexenios: ejemplos del \u00e1rea de Enfermer\u00eda, Fisioterapia y Podolog\u00eda (Convocatoria 2023)<\/a><\/li>\n<li><a href=\"https:\/\/digibug.ugr.es\/handle\/10481\/99416\" target=\"_blank\" rel=\"noopener\" data-saferedirecturl=\"https:\/\/www.google.com\/url?q=https:\/\/digibug.ugr.es\/handle\/10481\/99416&amp;source=gmail&amp;ust=1764959237531000&amp;usg=AOvVaw2ddq59bPFoJh6KVbBae8NJ\">Mi sexenio de investigaci\u00f3n: un modelo de defensa de cinco aportaciones con sus narrativas e indicadores.<\/a><\/li>\n<\/ul>\n<p>&nbsp;<\/p>\n<p><strong><i>Preguntes freq\u00fcents<\/i><\/strong><\/p>\n<div class=\"n_p_l_h_pa row\">\n<ul>\n<li><a href=\"https:\/\/biblioteca.umh.es\/servicios-al-investigador\/ayuda-al-investigador\/apoyo-al-investigador-1\/preguntas-frecuentes\/\" target=\"_blank\" rel=\"noopener\">Preguntas frecuentes<\/a><\/li>\n<li><a href=\"https:\/\/biblioteca.umh.es\/files\/2026\/01\/2025-sexenios-faq-maq2.pdf\" target=\"_blank\" rel=\"noopener\">Preguntas frecuentes ANECA &#8211; Sexenios 2025<\/a><\/li>\n<\/ul>\n<div>&nbsp;<\/div>\n<div>&nbsp;<\/div>\n<\/div>\n<p>&nbsp;<\/p>\n<p>&nbsp;<\/p>","protected":false},"excerpt":{"rendered":"<p>Els sexennis d&#8217;investigaci\u00f3 s\u00f3n un reconeixement oficial que avalua la qualitat i l&#8217;impacte del treball investigador del personal docent i investigador. A trav\u00e9s de la Comissi\u00f3 Nacional Avaluadora de l&#8217;Activitat Investigadora (CNEAI) ANECA realitza l&#8217;avaluaci\u00f3 de les sol\u00b7licituds de trams d&#8217;investigaci\u00f3, analitzant les aportacions m\u00e9s rellevants de cada investigador per a determinar la seua contribuci\u00f3 [&#8230;]<\/p>\n","protected":false},"author":6155,"featured_media":0,"parent":828,"menu_order":0,"comment_status":"closed","ping_status":"closed","template":"","meta":{"ngg_post_thumbnail":0,"_links_to":"","_links_to_target":""},"_links":{"self":[{"href":"https:\/\/biblioteca.umh.es\/ca\/wp-json\/wp\/v2\/pages\/16948"}],"collection":[{"href":"https:\/\/biblioteca.umh.es\/ca\/wp-json\/wp\/v2\/pages"}],"about":[{"href":"https:\/\/biblioteca.umh.es\/ca\/wp-json\/wp\/v2\/types\/page"}],"author":[{"embeddable":true,"href":"https:\/\/biblioteca.umh.es\/ca\/wp-json\/wp\/v2\/users\/6155"}],"replies":[{"embeddable":true,"href":"https:\/\/biblioteca.umh.es\/ca\/wp-json\/wp\/v2\/comments?post=16948"}],"version-history":[{"count":0,"href":"https:\/\/biblioteca.umh.es\/ca\/wp-json\/wp\/v2\/pages\/16948\/revisions"}],"up":[{"embeddable":true,"href":"https:\/\/biblioteca.umh.es\/ca\/wp-json\/wp\/v2\/pages\/828"}],"wp:attachment":[{"href":"https:\/\/biblioteca.umh.es\/ca\/wp-json\/wp\/v2\/media?parent=16948"}],"curies":[{"name":"wp","href":"https:\/\/api.w.org\/{rel}","templated":true}]}}