{"id":1670,"date":"2016-10-24T11:50:21","date_gmt":"2016-10-24T09:50:21","guid":{"rendered":"http:\/\/biblioteca.umh.es\/?page_id=1670"},"modified":"2026-01-28T20:48:30","modified_gmt":"2026-01-28T19:48:30","slug":"acceso-desde-fuera-de-la-universidad-a-los-productos-electronicos","status":"publish","type":"page","link":"https:\/\/biblioteca.umh.es\/ca\/busca-informacion\/acceso-desde-fuera-de-la-universidad-a-los-productos-electronicos\/","title":{"rendered":"Acc\u00e9s des de casa"},"content":{"rendered":"<p><\/p>\n<p style=\"text-align: justify\">Si desitja accedir a les revistes electr\u00f2niques o bases de dades des d&#8217;una xarxa externa a la UMH, t\u00e9 diverses vies:<\/p>\n<ul style=\"text-align: justify\">\n<li>Acc\u00e9s al cat\u00e0leg de revistes electr\u00f2niques subscrites per a alumnes no presencials, PDI i PAS, a trav\u00e9s del <em><strong><a href=\"http:\/\/publicaciones.umh.es:8080\/login?url=http:\/\/atoz.ebsco.com\/Titles\/4282\">Cerca per tema\/disciplina (abans proxy)<\/a><\/strong><\/em><\/li>\n<li>Acc\u00e9s a les Bases de dades, portals, llibres electr\u00f2nics, enciclop\u00e9dias i cercador Discovery UMH per a alumnes no presencials, PDI i PAS, a trav\u00e9s de &nbsp;<em><strong><a href=\"http:\/\/publicaciones.umh.es\">Cerca per bases de dades\/portal\/plataforma (abans proxy)<\/a><\/strong><\/em><\/li>\n<\/ul>\n<p style=\"text-align: justify\">En cas de dificultats amb el proxy, el seg\u00fcent portal de bases de dades <a href=\"https:\/\/www.accesowok.fecyt.es\/\">Web Of Knowledge<\/a> permet la identificaci\u00f3 per mitj\u00e0 de Sibboleth. Per a poder usar-les s&#8217;accedeix amb el seu enlla\u00e7 habitual (o amb el proporcionat en el llistat m\u00e9s a baix), se selecciona l&#8217;acc\u00e9s per mitj\u00e0 del Servei d&#8217;identitat RedIris, dins d&#8217;ell cercar la Universitat Miguel Hern\u00e1ndez i identificar-se amb l&#8217;usuari i contrasenya habitual (sense @umh.es o @alu.umh.es).<\/p>\n<h2 style=\"text-align: justify\">B\u00fastia per a Problemes d&#8217;acc\u00e9s a recursos-e<\/h2>\n<h3 style=\"text-align: justify\"><a href=\"mailto:biblioteca-e@umh.es\"><span style=\"color: #000000\">biblioteca-e@umh.es<\/span><\/a><\/h3>\n<p><\/p>","protected":false},"excerpt":{"rendered":"<p>Si desitja accedir a les revistes electr\u00f2niques o bases de dades des d&#8217;una xarxa externa a la UMH, t\u00e9 diverses vies:<\/p>\n<p>Acc\u00e9s al cat\u00e0leg de revistes electr\u00f2niques subscrites per a alumnes no presencials, PDI i PAS, a trav\u00e9s del Cerca per tema\/disciplina (abans proxy)<br \/>\nAcc\u00e9s a les Bases de dades, portals, llibres electr\u00f2nics, enciclop\u00e9dias i cercador Discovery [&#8230;]<\/p>\n","protected":false},"author":3622,"featured_media":0,"parent":11650,"menu_order":8,"comment_status":"closed","ping_status":"closed","template":"","meta":{"ngg_post_thumbnail":0,"_links_to":"","_links_to_target":""},"_links":{"self":[{"href":"https:\/\/biblioteca.umh.es\/ca\/wp-json\/wp\/v2\/pages\/1670"}],"collection":[{"href":"https:\/\/biblioteca.umh.es\/ca\/wp-json\/wp\/v2\/pages"}],"about":[{"href":"https:\/\/biblioteca.umh.es\/ca\/wp-json\/wp\/v2\/types\/page"}],"author":[{"embeddable":true,"href":"https:\/\/biblioteca.umh.es\/ca\/wp-json\/wp\/v2\/users\/3622"}],"replies":[{"embeddable":true,"href":"https:\/\/biblioteca.umh.es\/ca\/wp-json\/wp\/v2\/comments?post=1670"}],"version-history":[{"count":0,"href":"https:\/\/biblioteca.umh.es\/ca\/wp-json\/wp\/v2\/pages\/1670\/revisions"}],"up":[{"embeddable":true,"href":"https:\/\/biblioteca.umh.es\/ca\/wp-json\/wp\/v2\/pages\/11650"}],"wp:attachment":[{"href":"https:\/\/biblioteca.umh.es\/ca\/wp-json\/wp\/v2\/media?parent=1670"}],"curies":[{"name":"wp","href":"https:\/\/api.w.org\/{rel}","templated":true}]}}