{"id":14021,"date":"2023-09-14T19:44:19","date_gmt":"2023-09-14T17:44:19","guid":{"rendered":"https:\/\/biblioteca.umh.es\/?page_id=14021"},"modified":"2023-09-14T19:52:55","modified_gmt":"2023-09-14T17:52:55","slug":"licencias-creative-commons","status":"publish","type":"page","link":"https:\/\/biblioteca.umh.es\/ca\/servicios-al-investigador\/propiedad-intelectual-2\/licencias-creative-commons\/","title":{"rendered":"Llic\u00e8ncies Creative Commons"},"content":{"rendered":"<p><\/p>\n<p style=\"text-align: justify\">Les llic\u00e8ncies Creative Commons <img loading=\"lazy\" class=\"alignnone wp-image-14045\" src=\"https:\/\/biblioteca.umh.es\/files\/2023\/09\/cc.xlarge-150x150.png\" alt=\"\" width=\"25\" height=\"25\" srcset=\"https:\/\/biblioteca.umh.es\/files\/2023\/09\/cc.xlarge-150x150.png 150w, https:\/\/biblioteca.umh.es\/files\/2023\/09\/cc.xlarge-300x300.png 300w, https:\/\/biblioteca.umh.es\/files\/2023\/09\/cc.xlarge-768x768.png 768w, https:\/\/biblioteca.umh.es\/files\/2023\/09\/cc.xlarge.png 1024w\" sizes=\"(max-width: 25px) 100vw, 25px\" \/> possibiliten que altres persones copien i\/o compartisquen treballs originals, a m\u00e9s de permetre&#8217;ls crear obres derivades basades en ells.<\/p>\n<p style=\"text-align: justify\">Les llic\u00e8ncies Creative Commons consisteixen en un conjunt de quatre atributs, un d&#8217;ells <strong>fix<\/strong> (<strong>BY<\/strong>), mentre que altres tres (<strong>SA<\/strong>), (<strong>NC<\/strong>) i (<strong>ND<\/strong>) s\u00f3n <strong>variables<\/strong> i representen les condicions que estableixen els l\u00edmits per als usos permesos. Aquests elements es combinen per a crear les diferents llic\u00e8ncies i s&#8217;identifiquen mitjan\u00e7ant un conjunt espec\u00edfic de s\u00edmbols.<\/p>\n<table class=\"tipo4\" style=\"margin-left: auto;margin-right: auto;width: 100%;border: hidden\" summary=\"piv\">\n<tbody>\n<tr>\n<td style=\"text-align: center\"><img loading=\"lazy\" class=\"alignnone size-medium wp-image-14043\" src=\"https:\/\/biblioteca.umh.es\/files\/2023\/09\/by.xlarge-300x300.png\" alt=\"\" width=\"300\" height=\"300\" srcset=\"https:\/\/biblioteca.umh.es\/files\/2023\/09\/by.xlarge-300x300.png 300w, https:\/\/biblioteca.umh.es\/files\/2023\/09\/by.xlarge-150x150.png 150w, https:\/\/biblioteca.umh.es\/files\/2023\/09\/by.xlarge-768x768.png 768w, https:\/\/biblioteca.umh.es\/files\/2023\/09\/by.xlarge.png 1024w\" sizes=\"(max-width: 300px) 100vw, 300px\" \/><\/td>\n<td style=\"text-align: left\" valign=\"middle\" width=\"25%\"><strong>Reconeixement (BY)&nbsp; &nbsp;&nbsp;<\/strong><\/td>\n<td style=\"text-align: justify\" valign=\"top\" width=\"70%\">Requereix recon\u00e9ixer i donar cr\u00e8dit de l&#8217;autoria i referenciar de forma adequada&nbsp; l&#8217;obra original quan s&#8217;utilitze.<\/td>\n<\/tr>\n<\/tbody>\n<\/table>\n<table class=\"tipo4\" style=\"margin-left: auto;margin-right: auto;width: 100%;border: hidden\" summary=\"piv\">\n<tbody>\n<tr>\n<td><img loading=\"lazy\" class=\"alignnone size-medium wp-image-14039\" src=\"https:\/\/biblioteca.umh.es\/files\/2023\/09\/sa.xlarge-300x300.png\" alt=\"\" width=\"300\" height=\"300\" srcset=\"https:\/\/biblioteca.umh.es\/files\/2023\/09\/sa.xlarge-300x300.png 300w, https:\/\/biblioteca.umh.es\/files\/2023\/09\/sa.xlarge-150x150.png 150w, https:\/\/biblioteca.umh.es\/files\/2023\/09\/sa.xlarge-768x768.png 768w, https:\/\/biblioteca.umh.es\/files\/2023\/09\/sa.xlarge.png 1024w\" sizes=\"(max-width: 300px) 100vw, 300px\" \/><\/td>\n<td style=\"text-align: left\" valign=\"middle\" width=\"25%\"><strong>Compartir Igual (SA)&nbsp; &nbsp; &nbsp;<\/strong><\/td>\n<td style=\"text-align: justify\" valign=\"top\" width=\"70%\">Permet que es genere obra derivada mentre es difonga sota la mateixa llic\u00e8ncia Creative Commons que l&#8217;obra original.<\/td>\n<\/tr>\n<\/tbody>\n<\/table>\n<table class=\"tipo4\" style=\"margin-left: auto;margin-right: auto;width: 100%;border: hidden\" summary=\"piv\">\n<tbody>\n<tr>\n<td><img loading=\"lazy\" class=\"alignnone size-medium wp-image-14041\" src=\"https:\/\/biblioteca.umh.es\/files\/2023\/09\/nc-eu.xlarge-300x300.png\" alt=\"\" width=\"300\" height=\"300\" srcset=\"https:\/\/biblioteca.umh.es\/files\/2023\/09\/nc-eu.xlarge-300x300.png 300w, https:\/\/biblioteca.umh.es\/files\/2023\/09\/nc-eu.xlarge-150x150.png 150w, https:\/\/biblioteca.umh.es\/files\/2023\/09\/nc-eu.xlarge-768x768.png 768w, https:\/\/biblioteca.umh.es\/files\/2023\/09\/nc-eu.xlarge.png 1024w\" sizes=\"(max-width: 300px) 100vw, 300px\" \/><\/td>\n<td style=\"text-align: left\" valign=\"middle\" width=\"25%\"><strong>No Comercial (NC)&nbsp; &nbsp; &nbsp; &nbsp; &nbsp;<\/strong><\/td>\n<td style=\"text-align: justify\" valign=\"top\" width=\"70%\">Prohibeix que l&#8217;obra s&#8217;utilitze amb finalitats comercials directes o indirectes, l&#8217;explotaci\u00f3 de l&#8217;obra queda limitada a usos no comercials.<\/td>\n<\/tr>\n<\/tbody>\n<\/table>\n<table class=\"tipo4\" style=\"margin-left: auto;margin-right: auto;width: 100%;border: hidden\" summary=\"piv\">\n<tbody>\n<tr>\n<td><img loading=\"lazy\" class=\"alignnone size-medium wp-image-14037\" src=\"https:\/\/biblioteca.umh.es\/files\/2023\/09\/nd.xlarge-300x300.png\" alt=\"\" width=\"300\" height=\"300\" srcset=\"https:\/\/biblioteca.umh.es\/files\/2023\/09\/nd.xlarge-300x300.png 300w, https:\/\/biblioteca.umh.es\/files\/2023\/09\/nd.xlarge-150x150.png 150w, https:\/\/biblioteca.umh.es\/files\/2023\/09\/nd.xlarge-768x768.png 768w, https:\/\/biblioteca.umh.es\/files\/2023\/09\/nd.xlarge.png 1024w\" sizes=\"(max-width: 300px) 100vw, 300px\" \/><\/td>\n<td style=\"text-align: left\" valign=\"middle\" width=\"25%\"><strong>Sense Obres Derivades (ND)<\/strong><\/td>\n<td style=\"text-align: justify\" valign=\"top\" width=\"70%\">Transformar o crear a partir d&#8217;una obra original impedeix difondre el material modificat (per exemple, traduir una obra liter\u00e0ria).<\/td>\n<\/tr>\n<\/tbody>\n<\/table>\n<p style=\"text-align: justify\">&nbsp;<\/p>\n<p>Aquests atributs es poden combinar de sis maneres possibles i formen sis tipus de llic\u00e8ncies Creative Commons.<\/p>\n<table>\n<tbody>\n<tr>\n<td colspan=\"3\" width=\"800\">\n<p style=\"text-align: center\"><strong>Tipos de Licencias Creative Commons<\/strong><\/p>\n<\/td>\n<\/tr>\n<tr>\n<td style=\"text-align: left\" width=\"160\"><img loading=\"lazy\" class=\"alignnone wp-image-14025\" src=\"https:\/\/biblioteca.umh.es\/files\/2023\/09\/ccby.png\" alt=\"\" width=\"150\" height=\"52\" srcset=\"https:\/\/biblioteca.umh.es\/files\/2023\/09\/ccby.png 403w, https:\/\/biblioteca.umh.es\/files\/2023\/09\/ccby-300x105.png 300w\" sizes=\"(max-width: 150px) 100vw, 150px\" \/><\/td>\n<td width=\"153\">\n<p style=\"text-align: left\">&nbsp;Reconeixement<\/p>\n<\/td>\n<td width=\"487\">\n<p style=\"text-align: justify\">Aquesta llic\u00e8ncia autoritza qualsevol \u00fas de l&#8217;obra, fins i tot amb finalitats comercials, aix\u00ed com la creaci\u00f3 d&#8217;obres derivades. La distribuci\u00f3 d&#8217;aquestes obres est\u00e0 permesa, amb la condici\u00f3 que es reconega l&#8217;autoria i es referencie adequadament.<\/p>\n<\/td>\n<\/tr>\n<tr>\n<td width=\"160\"><img loading=\"lazy\" class=\"alignnone wp-image-14027\" src=\"https:\/\/biblioteca.umh.es\/files\/2023\/09\/by-nc.eu_-300x105.png\" alt=\"\" width=\"150\" height=\"52\" srcset=\"https:\/\/biblioteca.umh.es\/files\/2023\/09\/by-nc.eu_-300x105.png 300w, https:\/\/biblioteca.umh.es\/files\/2023\/09\/by-nc.eu_.png 403w\" sizes=\"(max-width: 150px) 100vw, 150px\" \/><\/td>\n<td width=\"153\">&nbsp;Reconeixement&nbsp; &nbsp; &nbsp;No Comercial<\/td>\n<td style=\"text-align: justify\" width=\"487\">Aquesta llic\u00e8ncia possibilita la creaci\u00f3 d&#8217;obres derivades, amb la restricci\u00f3 que no es permet el seu \u00fas amb finalitats comercials. Tampoc es pot utilitzar l&#8217;obra original amb finalitats&nbsp; comercials.<\/td>\n<\/tr>\n<tr>\n<td width=\"160\"><img loading=\"lazy\" class=\"alignnone wp-image-14033\" src=\"https:\/\/biblioteca.umh.es\/files\/2023\/09\/by-nc-nd.eu_-300x105.png\" alt=\"\" width=\"150\" height=\"52\" srcset=\"https:\/\/biblioteca.umh.es\/files\/2023\/09\/by-nc-nd.eu_-300x105.png 300w, https:\/\/biblioteca.umh.es\/files\/2023\/09\/by-nc-nd.eu_.png 403w\" sizes=\"(max-width: 150px) 100vw, 150px\" \/><\/td>\n<td width=\"153\">\n<p style=\"text-align: left\">&nbsp;Reconeixement&nbsp; &nbsp; &nbsp;No Comercial&nbsp; &nbsp; &nbsp; &nbsp; &nbsp;Sense Obres&nbsp; &nbsp;Derivades<\/p>\n<\/td>\n<td width=\"487\">\n<p style=\"text-align: justify\">Aquesta llic\u00e8ncia no permet un \u00fas comercial de l&#8217;obra original ni de les possibles obres derivades. La creaci\u00f3 d&#8217;una obra derivada, impedeix la distribuci\u00f3 d&#8217;aquesta.<\/p>\n<\/td>\n<\/tr>\n<tr>\n<td width=\"160\"><img loading=\"lazy\" class=\"alignnone wp-image-14035\" src=\"https:\/\/biblioteca.umh.es\/files\/2023\/09\/by-nc-sa.eu_-300x105.png\" alt=\"\" width=\"150\" height=\"52\" srcset=\"https:\/\/biblioteca.umh.es\/files\/2023\/09\/by-nc-sa.eu_-300x105.png 300w, https:\/\/biblioteca.umh.es\/files\/2023\/09\/by-nc-sa.eu_.png 403w\" sizes=\"(max-width: 150px) 100vw, 150px\" \/><\/td>\n<td width=\"153\">\n<p style=\"text-align: left\">&nbsp;Reconeixement&nbsp; &nbsp; &nbsp;No Comercial&nbsp; &nbsp; &nbsp; &nbsp; &nbsp;Compartir Igual<\/p>\n<\/td>\n<td style=\"text-align: justify\" width=\"487\">Aquesta llic\u00e8ncia no permet un \u00fas comercial de l&#8217;obra original ni de les possibles obres derivades. A m\u00e9s, la distribuci\u00f3 d&#8217;aquestes obres derivades s&#8217;ha de fer amb una llic\u00e8ncia igual a la que regula l&#8217;obra original.<\/td>\n<\/tr>\n<tr>\n<td width=\"160\"><img loading=\"lazy\" class=\"alignnone wp-image-14031\" src=\"https:\/\/biblioteca.umh.es\/files\/2023\/09\/by-sa-300x105.png\" alt=\"\" width=\"150\" height=\"52\" srcset=\"https:\/\/biblioteca.umh.es\/files\/2023\/09\/by-sa-300x105.png 300w, https:\/\/biblioteca.umh.es\/files\/2023\/09\/by-sa.png 403w\" sizes=\"(max-width: 150px) 100vw, 150px\" \/><\/td>\n<td width=\"153\">\n<p style=\"text-align: left\">&nbsp;Reconeixement&nbsp; &nbsp; &nbsp;Compartir Igual<\/p>\n<\/td>\n<td width=\"487\">\n<p style=\"text-align: justify\">Aquesta llic\u00e8ncia permet l&#8217;\u00fas comercial de l&#8217;obra i de les possibles obres derivades, per\u00f2 la distribuci\u00f3 d&#8217;aquestes s&#8217;ha de fer amb una llic\u00e8ncia igual a la que regula l&#8217;obra original.<\/p>\n<\/td>\n<\/tr>\n<tr>\n<td width=\"160\"><img loading=\"lazy\" class=\"alignnone wp-image-14029\" src=\"https:\/\/biblioteca.umh.es\/files\/2023\/09\/by-nd-300x105.png\" alt=\"\" width=\"150\" height=\"52\" srcset=\"https:\/\/biblioteca.umh.es\/files\/2023\/09\/by-nd-300x105.png 300w, https:\/\/biblioteca.umh.es\/files\/2023\/09\/by-nd.png 403w\" sizes=\"(max-width: 150px) 100vw, 150px\" \/><\/td>\n<td width=\"153\">\n<p style=\"text-align: left\">&nbsp;Reconocimiento&nbsp; &nbsp;Sense Obres&nbsp; &nbsp;Derivades&nbsp;<\/p>\n<\/td>\n<td width=\"487\">\n<p style=\"text-align: justify\">Aquesta llic\u00e8ncia permet l&#8217;\u00fas comercial de l&#8217;obra original, per\u00f2 no la difusi\u00f3 d&#8217;obres derivades, que seran d&#8217;\u00fas personal.<\/p>\n<\/td>\n<\/tr>\n<\/tbody>\n<\/table>\n<p><\/p>","protected":false},"excerpt":{"rendered":"<p>Les llic\u00e8ncies Creative Commons  possibiliten que altres persones copien i\/o compartisquen treballs originals, a m\u00e9s de permetre&#8217;ls crear obres derivades basades en ells.<br \/>\nLes llic\u00e8ncies Creative Commons consisteixen en un conjunt de quatre atributs, un d&#8217;ells fix (BY), mentre que altres tres (SA), (NC) i (ND) s\u00f3n variables i representen les condicions que estableixen els [&#8230;]<\/p>\n","protected":false},"author":6155,"featured_media":0,"parent":1869,"menu_order":6,"comment_status":"closed","ping_status":"closed","template":"","meta":{"ngg_post_thumbnail":0,"_links_to":"","_links_to_target":""},"_links":{"self":[{"href":"https:\/\/biblioteca.umh.es\/ca\/wp-json\/wp\/v2\/pages\/14021"}],"collection":[{"href":"https:\/\/biblioteca.umh.es\/ca\/wp-json\/wp\/v2\/pages"}],"about":[{"href":"https:\/\/biblioteca.umh.es\/ca\/wp-json\/wp\/v2\/types\/page"}],"author":[{"embeddable":true,"href":"https:\/\/biblioteca.umh.es\/ca\/wp-json\/wp\/v2\/users\/6155"}],"replies":[{"embeddable":true,"href":"https:\/\/biblioteca.umh.es\/ca\/wp-json\/wp\/v2\/comments?post=14021"}],"version-history":[{"count":0,"href":"https:\/\/biblioteca.umh.es\/ca\/wp-json\/wp\/v2\/pages\/14021\/revisions"}],"up":[{"embeddable":true,"href":"https:\/\/biblioteca.umh.es\/ca\/wp-json\/wp\/v2\/pages\/1869"}],"wp:attachment":[{"href":"https:\/\/biblioteca.umh.es\/ca\/wp-json\/wp\/v2\/media?parent=14021"}],"curies":[{"name":"wp","href":"https:\/\/api.w.org\/{rel}","templated":true}]}}