{"id":12925,"date":"2023-02-24T16:43:49","date_gmt":"2023-02-24T15:43:49","guid":{"rendered":"https:\/\/biblioteca.umh.es\/?page_id=12925"},"modified":"2025-05-07T14:24:11","modified_gmt":"2025-05-07T12:24:11","slug":"salas-de-trabajo","status":"publish","type":"page","link":"https:\/\/biblioteca.umh.es\/ca\/salas-de-trabajo\/","title":{"rendered":"Sales de treball en grup"},"content":{"rendered":"<p><\/p>\n<h5 style=\"text-align: justify\"><strong>Missi\u00f3:<\/strong><\/h5>\n<p style=\"text-align: justify\">Utilitzar els recursos de mitjans i infraestructures de la Biblioteca per a facilitar les tasques d&#8217;estudi i investigaci\u00f3, rendibilitzant les seues capacitats com a unitat gestora d&#8217;informaci\u00f3 i contribuir a l&#8217;adaptaci\u00f3 de la Comunitat Universit\u00e0ria al nou marc d&#8217;Educaci\u00f3 Superior.<\/p>\n<h5 style=\"text-align: justify\"><strong>Horari:<\/strong><\/h5>\n<p style=\"text-align: justify\">De 8.30h a 20.30h, excepte reduccions d&#8217;horari de la Biblioteca en per\u00edodes especials.&nbsp;L&#8217;\u00fas de les sales s&#8217;efectuar\u00e0 en intervals d&#8217;hora i mitja.<\/p>\n<h5 style=\"text-align: justify\"><strong>Localitzaci\u00f3 i caracter\u00edstiques:<\/strong><\/h5>\n<h6 style=\"text-align: justify\"><strong>Biblioteca Campus d\u00b4Elx:<\/strong><\/h6>\n<ul style=\"text-align: justify\">\n<li>5 sales de treball en grup (hemeroteca-segona planta biblioteca). Equipades amb taules de treball (6-17 llocs de lectura), pissarra (en dues d&#8217;elles) i punts de xarxa. La sala de treball 5 s&#8217;utilitzar\u00e0 en horari de mat\u00ed pel PDI com a seminari per a cursos o tutories. Disponible en horari de vesprada com a sala de treball.<\/li>\n<\/ul>\n<h6 style=\"text-align: justify\"><strong>&nbsp;<\/strong><strong>Biblioteca Campus d\u00b4Oriola\/EPSO:<\/strong><\/h6>\n<ul style=\"text-align: justify\">\n<li>1 sala multiusos, dotada de pissarra i ordinador de sobretaula, d&#8217;<strong>\u00fas preferent per a consulta d&#8217;obres<\/strong> de refer\u00e8ncia i treball amb documents exclosos del pr\u00e9stec domiciliari i\/o de reproducci\u00f3 (Revistes, Tesis, Treballs i Projectes Fi d&#8217;Estudis, etc.). Per a consulta d&#8217;este tipus de documents pot requerir-se que s&#8217;entre nom\u00e9s amb paper i bol\u00edgraf, deixant m\u00f2bils i motxilles en les taquilles disponibles per a pr\u00e9stec.<\/li>\n<li>Aix\u00ed mateix, es podr\u00e0 reservar amb car\u00e0cter prioritari per a realitzaci\u00f3 d&#8217;activitats com a tutories, ex\u00e0mens orals, classes amb xicotets grups o amb documents dels descrits en el par\u00e0graf anterior, aix\u00ed com altres activitats similars que per les seues caracter\u00edstiques no poden dur-se a terme a les Sales de Lectura de la Biblioteca.<\/li>\n<li><strong>Quan no estiga reservada<\/strong> per als usos descrits anteriorment, <strong>podr\u00e0 ser usada com a sala de treball en grup<\/strong>, per a grups de m\u00e9s de 3 persones, sense estar permesa la reserva anticipada i durant un per\u00edode no prorrogable d&#8217;hora i mitja.<\/li>\n<\/ul>\n<h6 style=\"text-align: justify\"><strong>&nbsp;<\/strong><strong>Biblioteca Campus d\u00b4Altea:<\/strong><\/h6>\n<ul style=\"text-align: justify\">\n<li>1 sala de treball en grup (planta baixa, access des d\u00b4hall). Equipada amb taula de treball (8 llocs de lectura), pissarra, suro amb accessoris per a ancoratge de material fotogr\u00e0fic o paper, ordinador amb acc\u00e9s a internet, lector DVD i pantalla Smart TV.<\/li>\n<\/ul>\n<ul>\n<li style=\"list-style-type: none\"><em>Disponibilitat d&#8217;equips i dispositius inform\u00e0tics de suport al treball:<\/em><\/li>\n<\/ul>\n<ul style=\"text-align: justify\">\n<li style=\"list-style-type: none\">\n<ul>\n<li>Equip d&#8217;esc\u00e0ner disponible en sala, planta baixa de la biblioteca (formats A4 i A3).&nbsp;<\/li>\n<li>M\u00e0quina d&#8217;enquadernaci\u00f3 i plastificaci\u00f3 (els materials haur\u00e0 d&#8217;aportar-los l&#8217;usuari\/a).<\/li>\n<li>Dispositius inform\u00e0tics disponibles per a pr\u00e9stec: USB&#8217;s, auriculars i ratolins.<\/li>\n<li>5 port\u00e0tils disponibles per a pr\u00e9stec.<\/li>\n<\/ul>\n<\/li>\n<\/ul>\n<h6 style=\"text-align: justify\"><strong>Biblioteca Campus de Sant Joan d\u00b4Alacant:<\/strong><\/h6>\n<ul style=\"text-align: justify\">\n<li>1 sala de treball en grup (segonda planta de la biblioteca de Ci\u00e8ncies de la Salut). Equipada amb taula de treball (4 llocs de lectura), punt de xarxa, panell de suro.<\/li>\n<\/ul>\n<ul style=\"text-align: justify\">\n<li>1 sala d\u00b4investigadors (segona planta de la biblioteca de Ci\u00e8ncies de la Salut). Equipada amb taula de treball (4 llocs de lectura) i fotocopiadora.<\/li>\n<\/ul>\n<p style=\"text-align: justify\"><strong>&nbsp;<\/strong><\/p>\n<h5 style=\"text-align: justify\"><strong>Normes d\u00b4\u00fas de les sales:<\/strong><\/h5>\n<ul style=\"text-align: justify\">\n<li style=\"text-align: justify\">El seu \u00fas est\u00e0 restringit a membres de la comunitat universit\u00e0ria. Aquest \u00fas ha de respondre a tasques col\u00b7lectives d&#8217;estudi o investigaci\u00f3, directament relacionades amb l&#8217;activitat acad\u00e8mica de la UMH.<\/li>\n<li style=\"text-align: justify\">Per a utilitzar les sales \u00e9s necessari fer la reserva personalment, a trav\u00e9s del tel\u00e8fon o en defecte d&#8217;aix\u00f2 en els taulells de la biblioteca corresponent, on se&#8217;ls informar\u00e0 sobre la disponibilitat per a aqueix dia\/hora.<\/li>\n<li style=\"text-align: justify\">Es podr\u00e0 realitzar una reserva per usuari i dia, durant la mateixa jornada o amb un dia d&#8217;antelaci\u00f3, excepte per al personal docent i el doctorand, per als quals s&#8217;amplia aquest termini.<\/li>\n<li style=\"text-align: justify\">Si una vegada efectuada la reserva d&#8217;una sala, es decideix no fer \u00fas d&#8217;aquesta, es recomana anul\u00b7lar-la, comunicant-ho a la biblioteca per tel\u00e8fon perqu\u00e8 la sala quede lliure i puga ser reservada per altres usuaris.<\/li>\n<li style=\"text-align: justify\">S&#8217;estableix un per\u00edode de 15 minuts per a mantindre els drets reserva de les sales. &nbsp;Si transcorregut aquest termini el grup no fa \u00fas de la sala, donar\u00e0 lloc a la p\u00e8rdua dels drets de reserva.<\/li>\n<li style=\"text-align: justify\">Si les sales es troben buides (b\u00e9 perqu\u00e8 no hagen sigut reservades, perqu\u00e8 s&#8217;haja produ\u00eft una anul\u00b7laci\u00f3 de la reserva o perqu\u00e8 hagen passat els 15 minuts de cortesia), podran dirigir-se al taulell de pr\u00e9stec de la biblioteca per a efectuar la reserva en aqueix moment.<\/li>\n<li style=\"text-align: justify\">Les sales de treball estan subjectes a la normativa de l&#8217;\u00fas de la biblioteca, que es pot consultar <a href=\"http:\/\/universite.umh.es\/boumh\/docs\/3509_REGLAMENTO%20BIBLIOTECA.pdf\">ac\u00ed.<\/a><\/li>\n<\/ul>\n<p style=\"text-align: justify\"><strong>IMPORTANT:<\/strong> Si abans d&#8217;ocupar una sala de treball els usuaris troben algun desperfecte, han de comunicar-lo al personal de la biblioteca, ja que els responsables de les sales s\u00f3n els propis usuaris.<\/p>\n<p><\/p>","protected":false},"excerpt":{"rendered":"<p>Missi\u00f3:<br \/>\nUtilitzar els recursos de mitjans i infraestructures de la Biblioteca per a facilitar les tasques d&#8217;estudi i investigaci\u00f3, rendibilitzant les seues capacitats com a unitat gestora d&#8217;informaci\u00f3 i contribuir a l&#8217;adaptaci\u00f3 de la Comunitat Universit\u00e0ria al nou marc d&#8217;Educaci\u00f3 Superior.<br \/>\nHorari:<br \/>\nDe 8.30h a 20.30h, excepte reduccions d&#8217;horari de la Biblioteca en per\u00edodes especials.&nbsp;L&#8217;\u00fas de les sales [&#8230;]<\/p>\n","protected":false},"author":3644,"featured_media":0,"parent":0,"menu_order":0,"comment_status":"closed","ping_status":"closed","template":"","meta":{"ngg_post_thumbnail":0,"_links_to":"","_links_to_target":""},"_links":{"self":[{"href":"https:\/\/biblioteca.umh.es\/ca\/wp-json\/wp\/v2\/pages\/12925"}],"collection":[{"href":"https:\/\/biblioteca.umh.es\/ca\/wp-json\/wp\/v2\/pages"}],"about":[{"href":"https:\/\/biblioteca.umh.es\/ca\/wp-json\/wp\/v2\/types\/page"}],"author":[{"embeddable":true,"href":"https:\/\/biblioteca.umh.es\/ca\/wp-json\/wp\/v2\/users\/3644"}],"replies":[{"embeddable":true,"href":"https:\/\/biblioteca.umh.es\/ca\/wp-json\/wp\/v2\/comments?post=12925"}],"version-history":[{"count":0,"href":"https:\/\/biblioteca.umh.es\/ca\/wp-json\/wp\/v2\/pages\/12925\/revisions"}],"wp:attachment":[{"href":"https:\/\/biblioteca.umh.es\/ca\/wp-json\/wp\/v2\/media?parent=12925"}],"curies":[{"name":"wp","href":"https:\/\/api.w.org\/{rel}","templated":true}]}}