{"id":12861,"date":"2023-02-22T15:20:36","date_gmt":"2023-02-22T14:20:36","guid":{"rendered":"https:\/\/biblioteca.umh.es\/?page_id=12861"},"modified":"2025-12-03T15:31:32","modified_gmt":"2025-12-03T14:31:32","slug":"gestores-bibliograficos-3","status":"publish","type":"page","link":"https:\/\/biblioteca.umh.es\/ca\/servicios-al-investigador\/gestores-bibliograficos-3\/","title":{"rendered":"Gestors Bibliogr\u00e0fics"},"content":{"rendered":"<p><\/p>\n<p style=\"text-align: justify\">Un <strong>gestor bibliogr\u00e0fic<\/strong> \u00e9s una eina que permet crear una base de dades de refer\u00e8ncies bibliogr\u00e0fiques per a la utilitzaci\u00f3 personal. La Biblioteca de la UMH proporciona acc\u00e9s als seg\u00fcents gestors bibliogr\u00e0fics:\u200b<\/p>\n<table style=\"height: 563px\" border=\"1\" width=\"648\" cellspacing=\"10\" cellpadding=\"10\">\n<tbody>\n<tr>\n<td valign=\"middle\" width=\"192\">\n<p align=\"center\"><b>Nom \/ Acc\u00e9s<\/b><\/p>\n<\/td>\n<td valign=\"middle\" width=\"192\">\n<p align=\"center\"><b>Descripci\u00f3<\/b><\/p>\n<\/td>\n<td valign=\"middle\" width=\"192\">\n<p align=\"center\"><b>Guies d&#8217;\u00fas<\/b><\/p>\n<\/td>\n<\/tr>\n<tr>\n<td valign=\"middle\" width=\"192\"><a href=\"http:\/\/www.accesowok.fecyt.es\/endnoteweb\/\" target=\"_blank\" rel=\"noopener\"><img loading=\"lazy\" class=\"alignnone size-medium wp-image-12864\" src=\"https:\/\/biblioteca.umh.es\/files\/2023\/02\/EndNote-300x54.png\" alt=\"\" width=\"300\" height=\"54\" srcset=\"https:\/\/biblioteca.umh.es\/files\/2023\/02\/EndNote-300x54.png 300w, https:\/\/biblioteca.umh.es\/files\/2023\/02\/EndNote.png 532w\" sizes=\"(max-width: 300px) 100vw, 300px\" \/><\/a><\/td>\n<td style=\"text-align: left\" valign=\"middle\" width=\"192\">\n<p style=\"text-align: justify\"><a href=\"http:\/\/www.accesowok.fecyt.es\/endnoteweb\/\" target=\"_blank\" rel=\"noopener\">EndNote En l\u00ednia<\/a> \u00e9s un recurs al qual la <strong>Biblioteca<\/strong> t\u00e9 acc\u00e9s a trav\u00e9s de la Base de dades <strong>Web of Science<\/strong>.<\/p>\n<p style=\"text-align: justify\">Permet buscar, organitzar compartir i inserir les cites i refer\u00e8ncies bibliogr\u00e0fiques en treballs acad\u00e8mics.&nbsp;<\/p>\n<\/td>\n<td valign=\"middle\" width=\"192\"><a href=\"https:\/\/biblioteca.umh.es\/files\/2023\/02\/GestionEndNote.pdf\" target=\"_blank\" rel=\"noopener\">Gestionar la meua&nbsp; bibliografia amb EndNote en l\u00ednia.<\/a><\/p>\n<p><a href=\"https:\/\/clarivate.libguides.com\/endnote_training\/home\" target=\"_blank\" rel=\"noopener\">EndNote LibGuide<\/a><\/td>\n<\/tr>\n<tr>\n<td valign=\"middle\" width=\"192\"><a href=\"https:\/\/refworks.proquest.com\/\" target=\"_blank\" rel=\"noopener\"><img loading=\"lazy\" class=\"size-medium wp-image-12867 aligncenter\" src=\"https:\/\/biblioteca.umh.es\/files\/2023\/02\/RefWorks2-300x69.png\" alt=\"\" width=\"300\" height=\"69\" srcset=\"https:\/\/biblioteca.umh.es\/files\/2023\/02\/RefWorks2-300x69.png 300w, https:\/\/biblioteca.umh.es\/files\/2023\/02\/RefWorks2.png 567w\" sizes=\"(max-width: 300px) 100vw, 300px\" \/><\/a><\/td>\n<td valign=\"middle\" width=\"192\">\n<p style=\"text-align: left\" align=\"center\"><a href=\"https:\/\/www.refworks.com\/Refworks\/\" target=\"_blank\" rel=\"noopener\">Legacy Refworks (Fins al 30 de Juny de 2023)<\/a><\/p>\n<p style=\"text-align: left\" align=\"center\"><a href=\"https:\/\/refworks.proquest.com\/\" target=\"_blank\" rel=\"noopener\">RefWorks<\/a><\/p>\n<p style=\"text-align: justify\" align=\"center\">Gestor de refer\u00e8ncies de <strong>ProQuest<\/strong> allotjat en la web. Li permet importar refer\u00e8ncies des de bases de dades en l\u00ednia i altres fonts.&nbsp;<\/p>\n<\/td>\n<td valign=\"middle\" width=\"192\"><a href=\"https:\/\/youtu.be\/e9QF7Yuxu3Y\" target=\"_blank\" rel=\"noopener\">Com accedir a RefWorks<\/a>*<\/p>\n<p><a href=\"https:\/\/youtu.be\/J5905oxj02U\" target=\"_blank\" rel=\"noopener\">Introducci\u00f3 a RefWorks<\/a>*<\/p>\n<p><a href=\"https:\/\/youtu.be\/iU0dfTYyzBQ\" target=\"_blank\" rel=\"noopener\">RefWorks funcionalitats b\u00e0siques<\/a>*<\/p>\n<p style=\"text-align: left\">*en angl\u00e9s amb subt\u00edtols en castell\u00e0.<\/p>\n<\/td>\n<\/tr>\n<tr>\n<td valign=\"middle\" width=\"192\"><a href=\"https:\/\/www.mendeley.com\/\" target=\"_blank\" rel=\"noopener\"><img loading=\"lazy\" class=\"size-medium wp-image-12879 aligncenter\" src=\"https:\/\/biblioteca.umh.es\/files\/2023\/02\/mendeleylogo-300x188.png\" alt=\"\" width=\"300\" height=\"188\" srcset=\"https:\/\/biblioteca.umh.es\/files\/2023\/02\/mendeleylogo-300x188.png 300w, https:\/\/biblioteca.umh.es\/files\/2023\/02\/mendeleylogo.png 400w\" sizes=\"(max-width: 300px) 100vw, 300px\" \/><\/a><\/td>\n<td style=\"text-align: justify\" valign=\"middle\" width=\"192\">La Biblioteca posa a la disposici\u00f3 dels usuaris de la UMH la versi\u00f3 institucional de <a href=\"https:\/\/www.mendeley.com\/\" target=\"_blank\" rel=\"noopener\">Mendeley<\/a>, un gestor de refer\u00e8ncies i una xarxa social acad\u00e8mica.&nbsp;<\/td>\n<td valign=\"middle\" width=\"192\"><a href=\"https:\/\/www.mendeley.com\/guides\" target=\"_blank\" rel=\"noopener\">Mendeley Help Guides<\/a><\/p>\n<p><a href=\"https:\/\/elsevier.libguides.com\/Mendeley\" target=\"_blank\" rel=\"noopener\">Mendeley LibGuides<\/a><\/td>\n<\/tr>\n<tr>\n<td valign=\"middle\" width=\"192\">\n<h1 align=\"center\"><a href=\"https:\/\/www.zotero.org\/\" target=\"_blank\" rel=\"noopener\"><img loading=\"lazy\" class=\"size-medium wp-image-12876 aligncenter\" src=\"https:\/\/biblioteca.umh.es\/files\/2023\/02\/Zotero-300x89.png\" alt=\"\" width=\"300\" height=\"89\" srcset=\"https:\/\/biblioteca.umh.es\/files\/2023\/02\/Zotero-300x89.png 300w, https:\/\/biblioteca.umh.es\/files\/2023\/02\/Zotero-1024x304.png 1024w, https:\/\/biblioteca.umh.es\/files\/2023\/02\/Zotero-768x228.png 768w, https:\/\/biblioteca.umh.es\/files\/2023\/02\/Zotero.png 1200w\" sizes=\"(max-width: 300px) 100vw, 300px\" \/><\/a><\/h1>\n<\/td>\n<td style=\"text-align: left\" valign=\"middle\" width=\"192\"><a href=\"https:\/\/www.zotero.org\/\" target=\"_blank\" rel=\"noopener\">Zotero<\/a>, gestor <strong>grat\u00fcit<\/strong>&nbsp;de Firefox.<\/td>\n<td valign=\"middle\" width=\"192\">\n<p style=\"text-align: left\"><a href=\"https:\/\/www.zotero.org\/support\/\" target=\"_blank\" rel=\"noopener\">Guia d&#8217;\u00fas, tutorials i documentaci\u00f3.<\/a><\/p>\n<\/td>\n<\/tr>\n<\/tbody>\n<\/table>\n<p style=\"text-align: justify\">&nbsp;<\/p>\n<p><\/p>","protected":false},"excerpt":{"rendered":"<p>Un gestor bibliogr\u00e0fic \u00e9s una eina que permet crear una base de dades de refer\u00e8ncies bibliogr\u00e0fiques per a la utilitzaci\u00f3 personal. La Biblioteca de la UMH proporciona acc\u00e9s als seg\u00fcents gestors bibliogr\u00e0fics:\u200b<\/p>\n<p>Nom \/ Acc\u00e9s<\/p>\n<p>Descripci\u00f3<\/p>\n<p>Guies d&#8217;\u00fas<\/p>\n<p>EndNote En l\u00ednia \u00e9s un recurs al qual la Biblioteca t\u00e9 acc\u00e9s a trav\u00e9s de la Base de dades Web of [&#8230;]<\/p>\n","protected":false},"author":6155,"featured_media":0,"parent":827,"menu_order":3,"comment_status":"closed","ping_status":"closed","template":"","meta":{"ngg_post_thumbnail":0,"_links_to":"","_links_to_target":""},"_links":{"self":[{"href":"https:\/\/biblioteca.umh.es\/ca\/wp-json\/wp\/v2\/pages\/12861"}],"collection":[{"href":"https:\/\/biblioteca.umh.es\/ca\/wp-json\/wp\/v2\/pages"}],"about":[{"href":"https:\/\/biblioteca.umh.es\/ca\/wp-json\/wp\/v2\/types\/page"}],"author":[{"embeddable":true,"href":"https:\/\/biblioteca.umh.es\/ca\/wp-json\/wp\/v2\/users\/6155"}],"replies":[{"embeddable":true,"href":"https:\/\/biblioteca.umh.es\/ca\/wp-json\/wp\/v2\/comments?post=12861"}],"version-history":[{"count":0,"href":"https:\/\/biblioteca.umh.es\/ca\/wp-json\/wp\/v2\/pages\/12861\/revisions"}],"up":[{"embeddable":true,"href":"https:\/\/biblioteca.umh.es\/ca\/wp-json\/wp\/v2\/pages\/827"}],"wp:attachment":[{"href":"https:\/\/biblioteca.umh.es\/ca\/wp-json\/wp\/v2\/media?parent=12861"}],"curies":[{"name":"wp","href":"https:\/\/api.w.org\/{rel}","templated":true}]}}