{"id":1281,"date":"2016-05-19T12:40:48","date_gmt":"2016-05-19T10:40:48","guid":{"rendered":"http:\/\/biblioteca.umh.es\/?page_id=1281"},"modified":"2023-01-27T17:33:53","modified_gmt":"2023-01-27T16:33:53","slug":"guia-doi","status":"publish","type":"page","link":"https:\/\/biblioteca.umh.es\/ca\/servicios-al-investigador\/ciencia-abierta\/guia-doi\/","title":{"rendered":"Preguntes m\u00e9s freq\u00fcents DOI"},"content":{"rendered":"<p><\/p>\n<p style=\"text-align: justify\"><strong>QU\u00c8 \u00c9S EL DOI:<\/strong><\/p>\n<p style=\"text-align: justify\">DOI (Digital Object Identifier) \u00e9s un identificador \u00fanic i permanent per a les publicacions electr\u00f2niques. Proporciona informaci\u00f3 sobre la descripci\u00f3 dels objectes digitals (revistes, articles, \u2026) i la seua localitzaci\u00f3 en internet, mitjan\u00e7ant metadades (autor, t\u00edtol, dades de la publicaci\u00f3,\u2026), utilitzant el sistema <a href=\"https:\/\/www.handle.net\/\">handle<\/a> de codi obert, desenvolupat pel <a href=\"http:\/\/www.cnri.reston.va.us\/\">CNRI<\/a> estatunidenc.<\/p>\n<p style=\"text-align: justify\"><strong>PER A QU\u00c8 SERVEIX\/S&#8217;USA EL DOI:<\/strong><\/p>\n<p style=\"text-align: justify\">El DOI s&#8217;assigna a publicacions cient\u00edfiques, principalment en el format de revista electr\u00f2nica i als articles publicats en elles. En el cas dels articles \u201cin press\u201d (aquells articles disponibles des de plataformes de revistes cient\u00edfiques en l\u00ednia per\u00f2 no inclosos encara en un volum), el DOI serveix com a refer\u00e8ncia de l&#8217;article.<\/p>\n<p style=\"text-align: justify\">Tamb\u00e9 es pot utilitzar per a: llibres, cap\u00edtols de llibres, actes, comunicacions de congressos, programari, v\u00eddeos, etc.<\/p>\n<p style=\"text-align: justify\">Serveix per a:<\/p>\n<p style=\"text-align: justify\">Buscar i localitzar un recurs documental en la xarxa (generalment a text complet, encara que pot comptar amb restriccions d&#8217;acc\u00e9s, depenent del perfil de l&#8217;usuari i les condicions de publicaci\u00f3).<br \/>\nCitar recursos cient\u00edfics electr\u00f2nics.<br \/>\nPublicar documents cient\u00edfics.<br \/>\nCompartir informaci\u00f3, navegant per diferents articles o publicacions de manera transparent.<\/p>\n<p style=\"text-align: justify\"><strong>ON ES TROBA EL DOI:<\/strong><\/p>\n<p style=\"text-align: justify\"><strong>Documents:<\/strong><\/p>\n<p style=\"text-align: justify\">Per a localitzar un document a partir del seu nombre DOI, \u00e9s suficient amb escriure&#8217;l en la barra de qualsevol navegador web (p.e. htpp:\/\/dx.doi.org\/10.21134\/22553568.2016.12.oa).<\/p>\n<p style=\"text-align: justify\">Tamb\u00e9 podem, des de la versi\u00f3 electr\u00f2nica d&#8217;un document, clicar sobre els enlla\u00e7os de bibliografia amb el format &lt; htpp:\/\/dx.doi.org\/10.21134\/22553568.2016.12.oa &gt;<\/p>\n<p style=\"text-align: justify\"><strong>Cerca de n\u00fameros DOI:<\/strong><\/p>\n<p style=\"text-align: justify\">Per a buscar el DOI d&#8217;un article, es pot utilitzar el seg\u00fcent <a href=\"http:\/\/www.crossref.org\/guestquery\/\">formulari<\/a>.<\/p>\n<p style=\"text-align: justify\"><strong>QUI ASSIGNA EL DOI:<\/strong><\/p>\n<p style=\"text-align: justify\">La Universitat, els editors de les publicacions electr\u00f2niques o els gestors dels serveis especialitzats per a investigadors i cient\u00edfics, han de sol\u00b7licitar el n\u00famero DOI a les Ag\u00e8ncies de Registre acreditades. La Universitat Miguel Hern\u00e1ndez d&#8217;Elx treballa actualment amb l&#8217;ag\u00e8ncia CrossRef.<\/p>\n<p style=\"text-align: justify\">En la UMH, el Servei de Biblioteques s&#8217;encarrega de gestionar i tramitar els DOI, rebent les sol\u00b7licituds en el compte de correu: <a href=\"mailto:biblioteca.rediumh@umh.es\">biblioteca.rediumh@umh.es<\/a>&nbsp;<\/p>\n<p style=\"text-align: justify\"><strong>COST DEL DOI:<\/strong><\/p>\n<p style=\"text-align: justify\">L&#8217;assignaci\u00f3 del DOI \u00e9s gratu\u00efta, sol\u00b7licitant-ho a trav\u00e9s del Servei de Biblioteques de la UMH. No obstant aix\u00f2, com a editor, quan es decideix usar el DOI, per a gaudir de tots els seus avantatges, s&#8217;ha de complir amb una s\u00e8rie d&#8217;obligacions dirigides a fomentar i facilitar l&#8217;\u00fas del DOI:<\/p>\n<ul>\n<li style=\"text-align: justify\">El DOI del document sempre ha de mostrar-se en forma d&#8217;enlla\u00e7 URL (per exemple: htpp:\/\/dx.doi.org\/10.21134\/22553568.2016.12.oa) i ser enlazable.<\/li>\n<li style=\"text-align: justify\">Qualsevol canvi que tinga el document registrat (canvi de servidor, correcci\u00f3 de metadades&#8230;) ha de ser actualitzat en un directori centralitzat.<\/li>\n<li style=\"text-align: justify\">\u00c9s obligat utilitzar el DOI en les cites bibliogr\u00e0fiques dels articles i publicacions de la Universitat. Exemple de cita bibliogr\u00e0fica: Lara, A. de. (2012).&nbsp; Open Access. UMHSapiens. Divulgaci\u00f3 cient\u00edfica, 12, 21-23. Recuperat de: &lt; htpp:\/\/dx.doi.org\/10.21134\/22553568.2016.12.oa &gt;<\/li>\n<\/ul>\n<p><\/p>","protected":false},"excerpt":{"rendered":"<p>QU\u00c8 \u00c9S EL DOI:<br \/>\nDOI (Digital Object Identifier) \u00e9s un identificador \u00fanic i permanent per a les publicacions electr\u00f2niques. Proporciona informaci\u00f3 sobre la descripci\u00f3 dels objectes digitals (revistes, articles, \u2026) i la seua localitzaci\u00f3 en internet, mitjan\u00e7ant metadades (autor, t\u00edtol, dades de la publicaci\u00f3,\u2026), utilitzant el sistema handle de codi obert, desenvolupat pel CNRI estatunidenc.<br \/>\nPER A [&#8230;]<\/p>\n","protected":false},"author":3622,"featured_media":0,"parent":11372,"menu_order":3,"comment_status":"closed","ping_status":"open","template":"","meta":{"ngg_post_thumbnail":0,"_links_to":"","_links_to_target":""},"_links":{"self":[{"href":"https:\/\/biblioteca.umh.es\/ca\/wp-json\/wp\/v2\/pages\/1281"}],"collection":[{"href":"https:\/\/biblioteca.umh.es\/ca\/wp-json\/wp\/v2\/pages"}],"about":[{"href":"https:\/\/biblioteca.umh.es\/ca\/wp-json\/wp\/v2\/types\/page"}],"author":[{"embeddable":true,"href":"https:\/\/biblioteca.umh.es\/ca\/wp-json\/wp\/v2\/users\/3622"}],"replies":[{"embeddable":true,"href":"https:\/\/biblioteca.umh.es\/ca\/wp-json\/wp\/v2\/comments?post=1281"}],"version-history":[{"count":0,"href":"https:\/\/biblioteca.umh.es\/ca\/wp-json\/wp\/v2\/pages\/1281\/revisions"}],"up":[{"embeddable":true,"href":"https:\/\/biblioteca.umh.es\/ca\/wp-json\/wp\/v2\/pages\/11372"}],"wp:attachment":[{"href":"https:\/\/biblioteca.umh.es\/ca\/wp-json\/wp\/v2\/media?parent=1281"}],"curies":[{"name":"wp","href":"https:\/\/api.w.org\/{rel}","templated":true}]}}