{"id":11893,"date":"2022-10-25T22:42:57","date_gmt":"2022-10-25T20:42:57","guid":{"rendered":"https:\/\/biblioteca.umh.es\/?page_id=11893"},"modified":"2026-02-24T19:11:36","modified_gmt":"2026-02-24T18:11:36","slug":"club-de-lectura","status":"publish","type":"page","link":"https:\/\/biblioteca.umh.es\/ca\/servicios\/club-de-lectura\/","title":{"rendered":"Club de lectura"},"content":{"rendered":"<p><\/p>\n<p style=\"text-align: justify\">El <strong>Club de Lectura<\/strong> \u00e9s un nou servei creat per la <strong>Biblioteca<\/strong> i l&#8217;<strong>Oficina de Lleng\u00fces UMH<\/strong>, on un grup de persones es reuniran peri\u00f2dicament per a comentar un llibre que pr\u00e8viament s&#8217;haja llegit, alternant les lectures i les trobades en valenci\u00e0 i castell\u00e0.<\/p>\n<p style=\"text-align: justify\">En les reunions es parlar\u00e0 i comentar\u00e0 sobre el llibre en q\u00fcesti\u00f3 i l&#8217;impacte que ha tingut en el lector: tem\u00e0tica, estil, acci\u00f3, personatges i, per descomptat, sentiments o reflexions evocats pel text.&nbsp;<\/p>\n<p style=\"text-align: justify\"><strong>Objetius:<\/strong><\/p>\n<ul style=\"text-align: justify\">\n<li>Fomentar l&#8217;h\u00e0bit lector.<\/li>\n<li>Ser punt de trobada per a compartir l&#8217;experi\u00e8ncia lectora entre els seus membres.<\/li>\n<li>Llegir llibres desconeguts pel lector.<\/li>\n<li>Assegurar lectures interessants.<\/li>\n<li>Aprendre a llegir millor.<\/li>\n<li>Motivaci\u00f3.<\/li>\n<li>Diferents lectures del mateix llibre.<\/li>\n<li>Con\u00e9ixer persones afins.<\/li>\n<\/ul>\n<p style=\"text-align: justify\"><strong>Missi\u00f3:<\/strong><\/p>\n<p style=\"text-align: justify\">L&#8217;objectiu principal del club de lectura no \u00e9s l&#8217;an\u00e0lisi exhaustiva de l&#8217;obra liter\u00e0ria sin\u00f3 incrementar el plaer de la lectura en compartir-lo amb uns altres. A m\u00e9s, es tracta de:<\/p>\n<ul>\n<li style=\"text-align: justify\">Potenciar l&#8217;acte de llegir en unir la dimensi\u00f3 privada i \u00edntima amb la dimensi\u00f3 p\u00fablica que implica l&#8217;escolta, discussi\u00f3 i comparaci\u00f3 d&#8217;altres sensibilitats i punts de vista.<\/li>\n<li style=\"text-align: justify\">Servir de suport i est\u00edmul per a llegir obres i autors variats, representatius de diverses tend\u00e8ncies art\u00edstiques i intel\u00b7lectuals, cl\u00e0ssiques i contempor\u00e0nies.<\/li>\n<li style=\"text-align: justify\">Compartir el llegit amb persones de diferents nivells educatius, diferents edats, diversos posicionaments est\u00e8tics i vitals, etc.<\/li>\n<li style=\"text-align: justify\">Comprendre l&#8217;obra liter\u00e0ria en el context de la seua creaci\u00f3; \u00e9s a dir, saber qu\u00e8 opinen d&#8217;ella l&#8217;autor, l&#8217;editor, el cr\u00edtic literari, etc.<\/li>\n<\/ul>\n<p style=\"text-align: justify\"><strong>Pautes:<\/strong><\/p>\n<p style=\"text-align: justify\">Per a participar en un club de lectura cal tindre en compte les seg\u00fcents pautes o recomanacions:<\/p>\n<ul>\n<li style=\"text-align: justify\">No cal llegir en veu alta en les reunions.<\/li>\n<li style=\"text-align: justify\">No \u00e9s obligat intervindre en els debats de lectura.<\/li>\n<li style=\"text-align: justify\">No \u00e9s necessari que cada lector adquirisca el llibre, ja que la Universitat a trav\u00e9s del servei de biblioteca i cultura comprar\u00e0 les obres.<\/li>\n<li style=\"text-align: justify\">No cal pagar cap quota per pert\u00e0nyer al club de lectura.<\/li>\n<li style=\"text-align: justify\">Es pot assistir a les reunions encara que no haja donat temps a llegir el llibre.<\/li>\n<li style=\"text-align: justify\">No \u00e9s obligatori per estar apuntat\/a vindre a totes les sessions mensuals.<\/li>\n<li style=\"text-align: justify\">Es poden realitzar activitats complement\u00e0ries de manera alternativa.<\/li>\n<\/ul>\n<p style=\"text-align: justify\"><strong>Places oferides:<br \/>\n<\/strong><\/p>\n<p style=\"text-align: justify\">S&#8217;ofereixen 25 places de les quals un 80% \u00e9s per a universitaris i el 20% restant per a persones alienes a la Universitat Miguel Hern\u00e1ndez d&#8217;Elx.<\/p>\n<p><strong>Dies:<\/strong><\/p>\n<p>* <strong>30 de setembre<\/strong>&nbsp; 17:30h &#8220;<strong>Ensayo sobre la ceguera<\/strong>&#8221; de Jos\u00e9 Saramago.<\/p>\n<p>* <strong>28 d&#8217;octubre<\/strong>&nbsp; 17:30h &#8220;<strong>Aquest tros de vida<\/strong>&#8221; d&#8217;Estel Sol\u00e9.<\/p>\n<p>* <strong>25 de novembre<\/strong>&nbsp; 17:30h &#8220;<strong>Oposici\u00f3n<\/strong>&#8221; de Sara Mesa.<\/p>\n<p>* <strong>16 de desembre<\/strong>&nbsp; 17:30h &#8220;<strong>Negr\u00edn no cremava esgl\u00e9sies<\/strong>&#8221; de Jos\u00e9 Antonio Quesada.<\/p>\n<p>* <strong>27 <\/strong><strong>de gener<\/strong>&nbsp; 17:30h &#8220;<strong>Almas silenciosas<\/strong>&#8221; d&#8217;Ann Cleeves.<a href=\"https:\/\/biblioteca.umh.es\/files\/2026\/02\/Club-de-Lectura-Marzo-2026.png\"><img loading=\"lazy\" class=\"size-medium wp-image-17318 alignright\" src=\"https:\/\/biblioteca.umh.es\/files\/2026\/02\/Club-de-Lectura-Marzo-2026-300x300.png\" alt=\"\" width=\"300\" height=\"300\" srcset=\"https:\/\/biblioteca.umh.es\/files\/2026\/02\/Club-de-Lectura-Marzo-2026-300x300.png 300w, https:\/\/biblioteca.umh.es\/files\/2026\/02\/Club-de-Lectura-Marzo-2026-1024x1024.png 1024w, https:\/\/biblioteca.umh.es\/files\/2026\/02\/Club-de-Lectura-Marzo-2026-150x150.png 150w, https:\/\/biblioteca.umh.es\/files\/2026\/02\/Club-de-Lectura-Marzo-2026-768x768.png 768w, https:\/\/biblioteca.umh.es\/files\/2026\/02\/Club-de-Lectura-Marzo-2026.png 1080w\" sizes=\"(max-width: 300px) 100vw, 300px\" \/><\/a><\/p>\n<p>* <strong>24 de febrer<\/strong>&nbsp; 17:30h &#8220;<strong>La intrusa<\/strong>&#8221; de Irene Pujadas.<\/p>\n<p>* <strong>24 de mar\u00e7<\/strong>&nbsp; 17:30h &#8220;<strong>Los surcos del azar<\/strong>&#8221; de Paco Roca.<\/p>\n<p>* <strong>28 d&#8217;abril<\/strong>&nbsp; 17:30h &#8220;<strong>L&#8217;hora violeta<\/strong>&#8221; de Montserrat Roig.<\/p>\n<p>* <strong>26 de maig<\/strong>&nbsp; 17:30h &#8220;<strong>Vozdevieja<\/strong>&#8221; d&#8217;Elisa Victoria.<\/p>\n<p>* <strong>30 de juny<\/strong>&nbsp; 17:30h &#8220;<strong>Aqu\u00ed baix<\/strong>&#8221; de Laia Vi\u00f1as.<\/p>\n<p><strong>Horari i lloc del club de lectura:<\/strong><\/p>\n<p style=\"text-align: justify\">Ens reunirem l&#8217;\u00faltim dimarts de mes a la Biblioteca de la UMH situada en l\u2019Edifici Altabix a les 17:30 h, alternant llibres i lectura en Valenci\u00e0 i Castell\u00e0.<\/p>\n<p style=\"text-align: justify\"><strong>Com accedir al llibre en pr\u00e9stec:<\/strong><\/p>\n<p style=\"text-align: justify\">Podeu reservar el vostre exemplar del club de lectura a trav\u00e9s del cat\u00e0leg de les Biblioteques UMH en el&nbsp;<a href=\"https:\/\/dama.umh.es\/discovery\/fulldisplay?docid=alma991001496955806331&amp;context=L&amp;vid=34CVA_UMH:VU1&amp;lang=es&amp;search_scope=MyInst_and_CI&amp;adaptor=Local%20Search%20Engine&amp;tab=Everything&amp;query=any,contains,los%20surcos%20del%20azar%20paco%20roca&amp;offset=0\" target=\"_blank\" rel=\"noopener\">seg\u00fcent enlla\u00e7<\/a>, pr\u00e8via identificaci\u00f3 amb vostre ANEU de la UMH.<\/p>\n<p style=\"text-align: justify\"><strong>Com apuntar-se:<\/strong><\/p>\n<p style=\"text-align: justify\">Simplement enviant-nos un correu a <a href=\"mailto:lectura@umh.es\">lectura@umh.es<\/a>, mostrant-nos el teu inter\u00e9s i amb les teues dades, nom, cognoms.<\/p>\n<p style=\"text-align: justify\">&nbsp;<\/p>\n<p><\/p>","protected":false},"excerpt":{"rendered":"<p>El Club de Lectura \u00e9s un nou servei creat per la Biblioteca i l&#8217;Oficina de Lleng\u00fces UMH, on un grup de persones es reuniran peri\u00f2dicament per a comentar un llibre que pr\u00e8viament s&#8217;haja llegit, alternant les lectures i les trobades en valenci\u00e0 i castell\u00e0.<br \/>\nEn les reunions es parlar\u00e0 i comentar\u00e0 sobre el llibre en q\u00fcesti\u00f3 [&#8230;]<\/p>\n","protected":false},"author":3622,"featured_media":0,"parent":11286,"menu_order":9,"comment_status":"closed","ping_status":"closed","template":"","meta":{"ngg_post_thumbnail":0,"_links_to":"","_links_to_target":""},"_links":{"self":[{"href":"https:\/\/biblioteca.umh.es\/ca\/wp-json\/wp\/v2\/pages\/11893"}],"collection":[{"href":"https:\/\/biblioteca.umh.es\/ca\/wp-json\/wp\/v2\/pages"}],"about":[{"href":"https:\/\/biblioteca.umh.es\/ca\/wp-json\/wp\/v2\/types\/page"}],"author":[{"embeddable":true,"href":"https:\/\/biblioteca.umh.es\/ca\/wp-json\/wp\/v2\/users\/3622"}],"replies":[{"embeddable":true,"href":"https:\/\/biblioteca.umh.es\/ca\/wp-json\/wp\/v2\/comments?post=11893"}],"version-history":[{"count":0,"href":"https:\/\/biblioteca.umh.es\/ca\/wp-json\/wp\/v2\/pages\/11893\/revisions"}],"up":[{"embeddable":true,"href":"https:\/\/biblioteca.umh.es\/ca\/wp-json\/wp\/v2\/pages\/11286"}],"wp:attachment":[{"href":"https:\/\/biblioteca.umh.es\/ca\/wp-json\/wp\/v2\/media?parent=11893"}],"curies":[{"name":"wp","href":"https:\/\/api.w.org\/{rel}","templated":true}]}}