{"id":118,"date":"2009-09-17T11:19:18","date_gmt":"2009-09-17T11:19:18","guid":{"rendered":"http:\/\/biblioteca.zeus.umh.es\/?page_id=47"},"modified":"2023-01-23T17:21:05","modified_gmt":"2023-01-23T16:21:05","slug":"prestamo","status":"publish","type":"page","link":"https:\/\/biblioteca.umh.es\/ca\/prestamo\/","title":{"rendered":"Pr\u00e9stec a domicili"},"content":{"rendered":"<p><\/p>\n<p style=\"text-align: justify\">El servei de pr\u00e9stec a domicili permet als membres de la Comunitat Universit\u00e0ria emportar-se en pr\u00e9stec fora dels recintes de la biblioteca llibres i altres documents, per a la seua consulta i estudi. Per a la seua regulaci\u00f3, el Reglament de la Biblioteca inclou un annex normatiu sobre la <a href=\"https:\/\/biblioteca.umh.es\/files\/2009\/09\/NOT.-MODIFICACION-DEL-REGLAMENTO-DE-REGIMEN-INTERNO-DE-LA-BIBLIOTECA.pdf\">Normativa del Servei de Pr\u00e9stec<\/a>, on s&#8217;estableixen la classificaci\u00f3 de documents, usuaris i extensi\u00f3 temporal del pr\u00e9stec.<\/p>\n<p style=\"text-align: justify\">Amb el reglament es procura facilitar l&#8217;\u00fas dels fons documentals fora de les instal\u00b7lacions de la Biblioteca i en horaris en els quals aquesta no est\u00e0 oberta al p\u00fablic, permetent als usuaris disposar d&#8217;un cert nombre de documents durant un temps determinat, sempre que estiguen disponibles i es complisquen els requisits necessaris. Aix\u00ed mateix, es pret\u00e9n assegurar la disponibilitat i la conservaci\u00f3 dels fons documentals, amb les majors garanties possibles.<\/p>\n<p style=\"text-align: justify\">El pr\u00e9stec dels fons bibliogr\u00e0fics i documentals que pertanyen a la UMH podr\u00e0 realitzar-se des de qualsevol dels punts de servei bibliotecari, independentment de la ubicaci\u00f3 del document i de l&#8217;usuari. De la mateixa manera, la devoluci\u00f3 dels documents prestats, podr\u00e0 realitzar-se en qualsevol de les biblioteques de la UMH. No obstant aix\u00f2, el pr\u00e9stec de materials entre biblioteques situades en diferents seus, o Pr\u00e9stec Intercampus, no podr\u00e0 ser efectiu amb car\u00e0cter immediat, perqu\u00e8 estar\u00e0 subjecte al transport dels mateixos entre els dos centres.<\/p>\n<p style=\"text-align: justify\">Per a renovar els pr\u00e9stecs des del <a href=\"http:\/\/dama.umh.es\">cat\u00e0leg DAMA<\/a> has d&#8217;identificar-te com a usuari UMH, accedir a <strong>La meua fitxa d&#8217;usuari\/ pestanya de pr\u00e9stecs<\/strong> i, a continuaci\u00f3, clicar a renovar els pr\u00e9stecs pendents.<\/p>\n<p style=\"text-align: justify\">Com a resum de la normativa, s&#8217;estableixen els seg\u00fcents per\u00edodes m\u00e0xims de pr\u00e9stec, <strong>renovables si no existeixen reserves<\/strong>, segons el tipus de document:<\/p>\n<table border=\"0\" summary=\"Pr\u00e9stamo\">\n<thead>\n<tr>\n<th>Perfil d\u00b4usuari<\/th>\n<th>Documents<\/th>\n<th style=\"text-align: center\">Periode<\/th>\n<\/tr>\n<\/thead>\n<tbody>\n<tr>\n<td>PDI, PI, Caps de Servei&#8230;<\/td>\n<td style=\"text-align: center\">50<\/td>\n<td>\n<ul>\n<li>Curt: 15 dies<\/li>\n<li>Llarg: 1 mes<\/li>\n<li>Preferent: 5 anys<\/li>\n<\/ul>\n<\/td>\n<\/tr>\n<tr>\n<td>PDI (temps parcial), PAS&#8230;<\/td>\n<td style=\"text-align: center\">15<\/td>\n<td>\n<ul>\n<li>Curt: 15 dies<\/li>\n<li>Llarg: 1 mes<\/li>\n<li>Preferent: 5 anys<\/li>\n<\/ul>\n<\/td>\n<\/tr>\n<tr>\n<td>Estudiants, becaris&#8230;<\/td>\n<td style=\"text-align: center\">5<\/td>\n<td>\n<ul>\n<li>Curt: 2 dies<\/li>\n<li>Llarg: 7 dies<\/li>\n<\/ul>\n<\/td>\n<\/tr>\n<tr>\n<td>Estudiants de t\u00edtols no<br \/>\noficials o de centres<br \/>\nassociats, Convidats&#8230;<\/td>\n<td style=\"text-align: center\">2<\/td>\n<td>\n<ul>\n<li>Curt: 2 dies<\/li>\n<li>Llarg: 7 dies<\/li>\n<\/ul>\n<\/td>\n<\/tr>\n<\/tbody>\n<\/table>\n<h2>&nbsp;<\/h2>\n<h2>Per a saber m\u00e9s&#8230;<\/h2>\n<ul>\n<li><a href=\"https:\/\/biblioteca.umh.es\/files\/2012\/02\/modificacion-del-reglamento-de-regimen-interno-de-la-biblioteca.pdf\">Normativa del Servei de Pr\u00e9stec<\/a><\/li>\n<\/ul>\n<h2>Relacionats&#8230;<\/h2>\n<ul>\n<li><a href=\"https:\/\/biblioteca.umh.es\/ca\/prestamo-2\/prestamo-de-portatiles\/\">Pr\u00e9stec de port\u00e0tils<\/a> (per estudiants UMH)<\/li>\n<li><a href=\"https:\/\/biblioteca.umh.es\/ca\/servicios-al-investigador\/prestamo-interbibliotecario\/\">Pr\u00e9stec interbibliotecari<\/a><\/li>\n<li><a href=\"https:\/\/biblioteca.umh.es\/ca\/prestamo-2\/prestamo-intercampus\/\">Pr\u00e9stec intercampus<\/a><\/li>\n<li><a href=\"https:\/\/biblioteca.umh.es\/servicios-2\/prestamo-2\/prestamo-consorciado-valenciano-buval\/\">Pr\u00e9stec BUVAL<\/a> (Bibliotecques Universit\u00e0ries Valencianes)<\/li>\n<li><a href=\"https:\/\/biblioteca.umh.es\/ca\/prestamo-2\/prestamo-e-book\/\">Pr\u00e9stec e-book<\/a><\/li>\n<li><a href=\"https:\/\/biblioteca.umh.es\/ca\/prestamo-2\/prestamo-a-alumni\/\">Pr\u00e9stec alumni<\/a> (antics alumnes UMH)<\/li>\n<\/ul>\n<p><\/p>","protected":false},"excerpt":{"rendered":"<p>El servei de pr\u00e9stec a domicili permet als membres de la Comunitat Universit\u00e0ria emportar-se en pr\u00e9stec fora dels recintes de la biblioteca llibres i altres documents, per a la seua consulta i estudi. Per a la seua regulaci\u00f3, el Reglament de la Biblioteca inclou un annex normatiu sobre la Normativa del Servei de Pr\u00e9stec, on [&#8230;]<\/p>\n","protected":false},"author":1,"featured_media":0,"parent":0,"menu_order":1,"comment_status":"closed","ping_status":"closed","template":"","meta":{"ngg_post_thumbnail":0,"_links_to":"","_links_to_target":""},"_links":{"self":[{"href":"https:\/\/biblioteca.umh.es\/ca\/wp-json\/wp\/v2\/pages\/118"}],"collection":[{"href":"https:\/\/biblioteca.umh.es\/ca\/wp-json\/wp\/v2\/pages"}],"about":[{"href":"https:\/\/biblioteca.umh.es\/ca\/wp-json\/wp\/v2\/types\/page"}],"author":[{"embeddable":true,"href":"https:\/\/biblioteca.umh.es\/ca\/wp-json\/wp\/v2\/users\/1"}],"replies":[{"embeddable":true,"href":"https:\/\/biblioteca.umh.es\/ca\/wp-json\/wp\/v2\/comments?post=118"}],"version-history":[{"count":0,"href":"https:\/\/biblioteca.umh.es\/ca\/wp-json\/wp\/v2\/pages\/118\/revisions"}],"wp:attachment":[{"href":"https:\/\/biblioteca.umh.es\/ca\/wp-json\/wp\/v2\/media?parent=118"}],"curies":[{"name":"wp","href":"https:\/\/api.w.org\/{rel}","templated":true}]}}